{"id":9069,"date":"2025-04-08T09:40:37","date_gmt":"2025-04-08T07:40:37","guid":{"rendered":"http:\/\/agora-eoi.xtec.cat\/eoiviladecans\/?page_id=9069"},"modified":"2025-05-05T10:40:35","modified_gmt":"2025-05-05T08:40:35","slug":"cursos-especials","status":"publish","type":"page","link":"https:\/\/agora-eoi.xtec.cat\/eoiviladecans\/estudis\/cursos-especials\/","title":{"rendered":"Cursos especials"},"content":{"rendered":"<p><span style=\"color: #ffffff;\"><strong>Oferta cursos especials estiu 2025<\/strong><\/span><\/p>\n<p><span style=\"color: #ffffff;\"><em><strong>1. Angl\u00e8s A1, A2, B1, B2.1 i B2.2<\/strong><\/em><\/span><br \/>\n<span style=\"color: #ffffff;\">Curs presencial de 60 hores de durada. Del 01\/07\/2025 al 21\/07\/2025.<\/span><\/p>\n<p><span style=\"color: #ffffff;\">Edat m\u00ednima dels participants: 16 anys durant l&#8217;any 2025.<\/span><\/p>\n<p><span style=\"color: #ffffff;\">Preu: 295\u20ac<\/span><\/p>\n<p><span style=\"color: #ffffff;\"><em><strong>2. Franc\u00e8s A1 i A2.\u00a0<\/strong><\/em><\/span><br \/>\n<span style=\"color: #ffffff;\">Curs presencial de 60 hores de durada. Del 01\/07\/2025 al 21\/07\/2025.<\/span><\/p>\n<p><span style=\"color: #ffffff;\">Edat m\u00ednima dels participants: 14 anys durant l&#8217;any 2025.<\/span><\/p>\n<p><span style=\"color: #ffffff;\">Preu: 295\u20ac<\/span><\/p>\n<p><span style=\"color: #ffffff;\"><em><strong>3. Alemany A1 i A2.\u00a0<\/strong><\/em><\/span><\/p>\n<p><span style=\"color: #ffffff;\">Curs presencial de 60 hores de durada. Del 01\/07\/2025 al 21\/07\/2025.<\/span><\/p>\n<p><span style=\"color: #ffffff;\">Edat m\u00ednima dels participants: 14 anys durant l&#8217;any 2025.<\/span><\/p>\n<p><span style=\"color: #ffffff;\">Preu: 295\u20ac<\/span><\/p>\n<p><span style=\"color: #ffffff;\"><em><strong>4. Japon\u00e8s A1 i A2.<\/strong><\/em><\/span><\/p>\n<p><span style=\"color: #ffffff;\">*Cal un nombre m\u00ednim de 12 alumnes per curs.<\/span><br \/>\n<span style=\"color: #ffffff;\">** Aquesta oferta est\u00e0 subjecta a possibles canvis d&#8217;\u00faltima hora per necessitats del servei.<\/span><br \/>\n<span style=\"color: #ffffff;\">*** Nom\u00e9s es retornar\u00e0 l&#8217;import de la matr\u00edcula en cas que l&#8217;escola cancel\u00b7li el curs.<\/span><\/p>\n<p><span style=\"color: #ffffff;\"><a style=\"color: #ffffff;\" href=\"https:\/\/agora-eoi.xtec.cat\/eoiviladecans\/wp-content\/uploads\/usu2253\/2025\/04\/DIPTIC_ESTIU_2025_Viladecans.pdf\" target=\"_blank\" rel=\"noopener\"><strong>Consulta el d\u00edptic informatiu.<\/strong><\/a><\/span><\/p>\n","protected":false},"excerpt":{"rendered":"<p>Oferta cursos especials estiu 2025<br \/>\n1. Angl\u00e8s A1, A2, B1, B2.1 i B2.2<br \/>\nCurs presencial de 60 hores de durada. Del 01\/07\/2025 al 21\/07\/2025.<br \/>\nEdat m\u00ednima dels participants: 16 anys durant l&#8217;any 2025.<br \/>\nPreu: 295\u20ac<br \/>\n2. Franc\u00e8s A1 i A2.\u00a0<br \/>\nCurs presencial de 60 hores de durada. Del 01\/07\/2025 al 21\/07\/2025.<br \/>\nEdat&hellip;  <a href=\"https:\/\/agora-eoi.xtec.cat\/eoiviladecans\/estudis\/cursos-especials\/\" title=\"Read Cursos especials\">Llegeix m\u00e9s\u00bb<\/a><\/p>\n","protected":false},"author":1,"featured_media":0,"parent":8149,"menu_order":0,"comment_status":"closed","ping_status":"closed","template":"page-templates\/side-menu.php","meta":{"_bbp_topic_count":0,"_bbp_reply_count":0,"_bbp_total_topic_count":0,"_bbp_total_reply_count":0,"_bbp_voice_count":0,"_bbp_anonymous_reply_count":0,"_bbp_topic_count_hidden":0,"_bbp_reply_count_hidden":0,"_bbp_forum_subforum_count":0,"footnotes":""},"class_list":["post-9069","page","type-page","status-publish","hentry"],"post_mailing_queue_ids":[],"_links":{"self":[{"href":"https:\/\/agora-eoi.xtec.cat\/eoiviladecans\/wp-json\/wp\/v2\/pages\/9069","targetHints":{"allow":["GET"]}}],"collection":[{"href":"https:\/\/agora-eoi.xtec.cat\/eoiviladecans\/wp-json\/wp\/v2\/pages"}],"about":[{"href":"https:\/\/agora-eoi.xtec.cat\/eoiviladecans\/wp-json\/wp\/v2\/types\/page"}],"author":[{"embeddable":true,"href":"https:\/\/agora-eoi.xtec.cat\/eoiviladecans\/wp-json\/wp\/v2\/users\/1"}],"replies":[{"embeddable":true,"href":"https:\/\/agora-eoi.xtec.cat\/eoiviladecans\/wp-json\/wp\/v2\/comments?post=9069"}],"version-history":[{"count":6,"href":"https:\/\/agora-eoi.xtec.cat\/eoiviladecans\/wp-json\/wp\/v2\/pages\/9069\/revisions"}],"predecessor-version":[{"id":10899,"href":"https:\/\/agora-eoi.xtec.cat\/eoiviladecans\/wp-json\/wp\/v2\/pages\/9069\/revisions\/10899"}],"up":[{"embeddable":true,"href":"https:\/\/agora-eoi.xtec.cat\/eoiviladecans\/wp-json\/wp\/v2\/pages\/8149"}],"wp:attachment":[{"href":"https:\/\/agora-eoi.xtec.cat\/eoiviladecans\/wp-json\/wp\/v2\/media?parent=9069"}],"curies":[{"name":"wp","href":"https:\/\/api.w.org\/{rel}","templated":true}]}}