{"id":8979,"date":"2017-07-20T13:29:34","date_gmt":"2017-07-20T11:29:34","guid":{"rendered":"http:\/\/agora-eoi.xtec.cat\/eoiviladecans\/?page_id=8979"},"modified":"2023-03-07T12:21:25","modified_gmt":"2023-03-07T11:21:25","slug":"pla-de-qualitat-pqimc","status":"publish","type":"page","link":"https:\/\/agora-eoi.xtec.cat\/eoiviladecans\/qualitat\/pla-de-qualitat-pqimc\/","title":{"rendered":"Projecte de Qualitat (PQiMC)"},"content":{"rendered":"<div class=\"entry\">\n<p>Des del curs 2010-11 l\u2019EOI de Viladecans participa en el Projecte de Qualitat i Millora Cont\u00ednua (PQiMC) del Departament d\u2019Ensenyament.<\/p>\n<p><strong>Pol\u00edtica de Qualitat de l\u2019EOI de Viladecans.<\/strong><\/p>\n<p>L\u2019equip directiu del centre es compromet a assegurar-se que la pol\u00edtica de qualitat sigui adequada a la finalitat del centre, i sigui revisada per a la seva adequaci\u00f3.<\/p>\n<\/div>\n<p>Aquesta pol\u00edtica de qualitat es concreta de la seg\u00fcent manera:<\/p>\n<p>La direcci\u00f3 de l\u2019Escola Oficial d\u2019Idiomes de Viladecans considera la qualitat un factor essencial per l\u2019\u00e8xit del centre i ent\u00e9n que cada membre ha de ser responsable de la funci\u00f3 que realitza. Aix\u00ed mateix considera imprescindible tenir una pol\u00edtica de qualitat en revisi\u00f3 permanent per assegurar-ne l\u2019adequaci\u00f3.<\/p>\n<p>La Pol\u00edtica de Qualitat de l\u2019EOI de Viladecans persegueix:<\/p>\n<ol>\n<li>Complir la nostra missi\u00f3 de capacitaci\u00f3 de l\u2019alumnat per a l\u2019\u00fas dels idiomes fora de les etapes ordin\u00e0ries del sistema educatiu en una escola com a entorn educatiu de conviv\u00e8ncia al servei de la comunitat, que afavoreix la cohesi\u00f3 social, treballant l\u2019educaci\u00f3 intercultural, l\u2019impuls de les tecnologies de la comunicaci\u00f3 i l\u2019aprenentatge (TAC) i entenent l\u2019avaluaci\u00f3 de l\u2019alumnat com un sistema continu i participatiu que fomenti el desenvolupament de les estrat\u00e8gies d\u2019aprenentatge necess\u00e0ries perqu\u00e8 els estudiants esdevinguin aut\u00f2noms i responsables del seu proc\u00e9s d\u2019adquisici\u00f3 d\u2019altres lleng\u00fces.<\/li>\n<li>Fer de l\u2019escola un entorn de treball saludable de qualitat amb cura de les persones especialment en l\u2019\u00e0mbit afectiu.<\/li>\n<li>Ser una escola referent a la comarca per tenir un funcionament basat en l\u2019efic\u00e0cia i l\u2019efici\u00e8ncia, per l\u2019oferta de cursos oficials i especials.<\/li>\n<li>Innovar potenciant la cultura de la qualitat i la millora cont\u00ednua en tots els \u00e0mbits d\u2019actuaci\u00f3 del centre.<\/li>\n<li>Avaluar els resultats en base a fets i dades objectives que ens permetin millorar cont\u00ednuament les activitats i serveis que es presten a la comunitat i garantir la confian\u00e7a i la satisfacci\u00f3 dels grups d\u2019inter\u00e8s intentant complir les seves expectatives ara i en el futur.<\/li>\n<\/ol>\n<p>\u00c9s responsabilitat de tot el personal de l\u2019Escola Oficial d\u2019Idiomes de Viladecans el comprom\u00eds amb la millora cont\u00ednua, el sistema de qualitat i els seus usuaris.<\/p>\n<p>L\u2019abast de la pol\u00edtica de qualitat de l\u2019EOI de Viladecans \u00e9s la formaci\u00f3, impartici\u00f3 i acreditaci\u00f3 de formaci\u00f3 reglada en idiomes i la gesti\u00f3 i impartici\u00f3 de formaci\u00f3 no reglada en idiomes.<\/p>\n<p>Queden exclosos d\u2019aquesta pol\u00edtica de qualitat <strong>el disseny i desenvolupament dels serveis<\/strong>, ja que l\u2019EOI de Viladecans no realitza el disseny dels curr\u00edculums, <strong>la preservaci\u00f3 del servei<\/strong> ja que l\u2019ensenyament aprenentatge t\u00e9 com a caracter\u00edstica pr\u00f2pia que es consumeix en el moment de la seva creaci\u00f3 i <strong>els recursos de seguiment i mesura<\/strong> ja que les accions formatives es mesuren a trav\u00e9s dels indicadors.<\/p>\n<p>&nbsp;<\/p>\n","protected":false},"excerpt":{"rendered":"<p>Des del curs 2010-11 l\u2019EOI de Viladecans participa en el Projecte de Qualitat i Millora Cont\u00ednua (PQiMC) del Departament d\u2019Ensenyament.<br \/>\nPol\u00edtica de Qualitat de l\u2019EOI de Viladecans.<br \/>\nL\u2019equip directiu del centre es compromet a assegurar-se que la pol\u00edtica de qualitat sigui adequada a la finalitat del centre,&hellip;  <a href=\"https:\/\/agora-eoi.xtec.cat\/eoiviladecans\/qualitat\/pla-de-qualitat-pqimc\/\" title=\"Read Projecte de Qualitat (PQiMC)\">Llegeix m\u00e9s\u00bb<\/a><\/p>\n","protected":false},"author":1,"featured_media":0,"parent":8983,"menu_order":1,"comment_status":"closed","ping_status":"closed","template":"page-templates\/side-menu.php","meta":{"_bbp_topic_count":0,"_bbp_reply_count":0,"_bbp_total_topic_count":0,"_bbp_total_reply_count":0,"_bbp_voice_count":0,"_bbp_anonymous_reply_count":0,"_bbp_topic_count_hidden":0,"_bbp_reply_count_hidden":0,"_bbp_forum_subforum_count":0,"footnotes":""},"class_list":["post-8979","page","type-page","status-publish","hentry"],"post_mailing_queue_ids":[],"_links":{"self":[{"href":"https:\/\/agora-eoi.xtec.cat\/eoiviladecans\/wp-json\/wp\/v2\/pages\/8979","targetHints":{"allow":["GET"]}}],"collection":[{"href":"https:\/\/agora-eoi.xtec.cat\/eoiviladecans\/wp-json\/wp\/v2\/pages"}],"about":[{"href":"https:\/\/agora-eoi.xtec.cat\/eoiviladecans\/wp-json\/wp\/v2\/types\/page"}],"author":[{"embeddable":true,"href":"https:\/\/agora-eoi.xtec.cat\/eoiviladecans\/wp-json\/wp\/v2\/users\/1"}],"replies":[{"embeddable":true,"href":"https:\/\/agora-eoi.xtec.cat\/eoiviladecans\/wp-json\/wp\/v2\/comments?post=8979"}],"version-history":[{"count":3,"href":"https:\/\/agora-eoi.xtec.cat\/eoiviladecans\/wp-json\/wp\/v2\/pages\/8979\/revisions"}],"predecessor-version":[{"id":10409,"href":"https:\/\/agora-eoi.xtec.cat\/eoiviladecans\/wp-json\/wp\/v2\/pages\/8979\/revisions\/10409"}],"up":[{"embeddable":true,"href":"https:\/\/agora-eoi.xtec.cat\/eoiviladecans\/wp-json\/wp\/v2\/pages\/8983"}],"wp:attachment":[{"href":"https:\/\/agora-eoi.xtec.cat\/eoiviladecans\/wp-json\/wp\/v2\/media?parent=8979"}],"curies":[{"name":"wp","href":"https:\/\/api.w.org\/{rel}","templated":true}]}}