{"id":8926,"date":"2017-07-19T13:30:16","date_gmt":"2017-07-19T11:30:16","guid":{"rendered":"http:\/\/agora-eoi.xtec.cat\/eoiviladecans\/?page_id=8926"},"modified":"2018-07-16T13:32:20","modified_gmt":"2018-07-16T11:32:20","slug":"associacio-dalumnes","status":"publish","type":"page","link":"https:\/\/agora-eoi.xtec.cat\/eoiviladecans\/alumnat\/associacio-dalumnes\/","title":{"rendered":"Associaci\u00f3 d&#8217;alumnes"},"content":{"rendered":"<p><a href=\"http:\/\/www.aaeoiv.viladecans.ppe.entitats.diba.cat\/\" target=\"_blank\" rel=\"noopener noreferrer\">Enlla\u00e7 a la p\u00e0gina web de l&#8217;Associaci\u00f3 d&#8217;alumnes i exalumnes de l&#8217;EOI de Viladecans<\/a><\/p>\n","protected":false},"excerpt":{"rendered":"<p><a href=\"http:\/\/www.aaeoiv.viladecans.ppe.entitats.diba.cat\/\" target=\"_blank\" rel=\"noopener noreferrer\">Enlla\u00e7 a la p\u00e0gina web de l&#8217;Associaci\u00f3 d&#8217;alumnes i exalumnes de l&#8217;EOI de Viladecans<\/a><\/p>\n","protected":false},"author":1,"featured_media":0,"parent":8411,"menu_order":60,"comment_status":"closed","ping_status":"closed","template":"page-templates\/side-menu.php","meta":{"_bbp_topic_count":0,"_bbp_reply_count":0,"_bbp_total_topic_count":0,"_bbp_total_reply_count":0,"_bbp_voice_count":0,"_bbp_anonymous_reply_count":0,"_bbp_topic_count_hidden":0,"_bbp_reply_count_hidden":0,"_bbp_forum_subforum_count":0,"footnotes":""},"class_list":["post-8926","page","type-page","status-publish","hentry"],"post_mailing_queue_ids":[],"_links":{"self":[{"href":"https:\/\/agora-eoi.xtec.cat\/eoiviladecans\/wp-json\/wp\/v2\/pages\/8926","targetHints":{"allow":["GET"]}}],"collection":[{"href":"https:\/\/agora-eoi.xtec.cat\/eoiviladecans\/wp-json\/wp\/v2\/pages"}],"about":[{"href":"https:\/\/agora-eoi.xtec.cat\/eoiviladecans\/wp-json\/wp\/v2\/types\/page"}],"author":[{"embeddable":true,"href":"https:\/\/agora-eoi.xtec.cat\/eoiviladecans\/wp-json\/wp\/v2\/users\/1"}],"replies":[{"embeddable":true,"href":"https:\/\/agora-eoi.xtec.cat\/eoiviladecans\/wp-json\/wp\/v2\/comments?post=8926"}],"version-history":[{"count":1,"href":"https:\/\/agora-eoi.xtec.cat\/eoiviladecans\/wp-json\/wp\/v2\/pages\/8926\/revisions"}],"predecessor-version":[{"id":8927,"href":"https:\/\/agora-eoi.xtec.cat\/eoiviladecans\/wp-json\/wp\/v2\/pages\/8926\/revisions\/8927"}],"up":[{"embeddable":true,"href":"https:\/\/agora-eoi.xtec.cat\/eoiviladecans\/wp-json\/wp\/v2\/pages\/8411"}],"wp:attachment":[{"href":"https:\/\/agora-eoi.xtec.cat\/eoiviladecans\/wp-json\/wp\/v2\/media?parent=8926"}],"curies":[{"name":"wp","href":"https:\/\/api.w.org\/{rel}","templated":true}]}}