{"id":8920,"date":"2017-07-19T13:17:39","date_gmt":"2017-07-19T11:17:39","guid":{"rendered":"http:\/\/agora-eoi.xtec.cat\/eoiviladecans\/?page_id=8920"},"modified":"2026-05-13T10:58:39","modified_gmt":"2026-05-13T08:58:39","slug":"modalitats-daprenentatge","status":"publish","type":"page","link":"https:\/\/agora-eoi.xtec.cat\/eoiviladecans\/estudis\/modalitats-daprenentatge\/","title":{"rendered":"Modalitats d&#8217;aprenentatge"},"content":{"rendered":"<p class=\"title\"><strong>Modalitats d\u2019aprenentatge<\/strong><\/p>\n<div class=\"entry\">\n<p><strong>1. Ensenyaments reglats<\/strong><\/p>\n<p>1.1 Estudis en modalitat presencial anual (Angl\u00e8s i Franc\u00e8s).<\/p>\n<p>S\u00f3n cursos anuals d\u2019una mitjana de 4.5 hores setmanals (blocs horaris de dues hores i quinze minuts) amb la seg\u00fcent distribuci\u00f3 en funci\u00f3 de <a title=\"Oferta Educativa\" href=\"http:\/\/agora-eoi.xtec.cat\/eoiviladecans\/lescola\/oferta-educativa\/\" target=\"_blank\" rel=\"noopener noreferrer\">l\u2019oferta educativa<\/a>.<\/p>\n<ul>\n<li>grups A: dilluns i dimecres i divendres espec\u00edfics<\/li>\n<li>grups B: dimarts i dijous i divendres espec\u00edfics<\/li>\n<\/ul>\n<div>Cada curs t\u00e9 una durada m\u00ednima de 130 hores de doc\u00e8ncia directa.<\/div>\n<p>Aquests cursos es distribuixen en quatre nivells:<\/p>\n<p><strong>Nivell B\u00e0sic-A2<\/strong><\/p>\n<p>Corresponent als dos primers cursos i \u00e9s equivalent al nivell A2 del Marc Europeu Com\u00fa de Refer\u00e8ncia. L\u2019alumnat que superi amb avaluaci\u00f3 positiva el\u00a0<strong>segon curs de nivell b\u00e0sic<\/strong>\u00a0obt\u00e9 el Certificat de Nivell B\u00e0sic de l\u2019idioma corresponent.<\/p>\n<p><strong>Nivell Intermedi-B1<\/strong><\/p>\n<p>Equival al nivell B1 del Marc Europeu Com\u00fa de Refer\u00e8ncia. Per a l\u2019obtenci\u00f3 del <strong>certificat de nivell intermedi (B1)<\/strong>\u00a0\u00e9s necessari superar una prova espec\u00edfica de certificaci\u00f3 al final del nivell (<a title=\"Mostra de la prova\" href=\"http:\/\/www20.gencat.cat\/portal\/site\/ensenyament\/menuitem.a735c8413184c341c65d3082b0c0e1a0\/?vgnextoid=c654015740578310VgnVCM2000009b0c1e0aRCRD&amp;vgnextchannel=c654015740578310VgnVCM2000009b0c1e0aRCRD&amp;vgnextfmt=default\" target=\"_blank\" rel=\"noopener noreferrer\">certificat nivell intermedi-B1<\/a>).<\/p>\n<p><strong>Nivell Avan\u00e7at-B2<\/strong><\/p>\n<p>Equival al nivell B2 del Marc Europeu Com\u00fa de Refer\u00e8ncia. Per a l\u2019obtenci\u00f3 del <strong>certificat de nivell intermedi (B2)<\/strong>\u00a0\u00e9s necessari superar una prova espec\u00edfica de certificaci\u00f3 al final del nivell (<a title=\"Mostra de la prova\" href=\"http:\/\/www20.gencat.cat\/portal\/site\/ensenyament\/menuitem.a735c8413184c341c65d3082b0c0e1a0\/?vgnextoid=c654015740578310VgnVCM2000009b0c1e0aRCRD&amp;vgnextchannel=c654015740578310VgnVCM2000009b0c1e0aRCRD&amp;vgnextfmt=default\" target=\"_blank\" rel=\"noopener noreferrer\">certificat nivell intermedi-B2<\/a>).<\/p>\n<p>El certificat de nivell intermedi B2 l\u2019expedeix el Departament d\u2019Educaci\u00f3 i Formaci\u00f3 Professional, previ el pagament de taxes d\u2019expedici\u00f3, per la qual cosa cal <a href=\"https:\/\/tramits.gencat.cat\/ca\/tramits\/tramits-temes\/titols-academics-no-universitaris?category=742b7874-a82c-11e3-a972-000c29052e2c\" target=\"_blank\" rel=\"noopener\">realitzar la gesti\u00f3 fent servir el tramitador gen\u00e8ric<\/a>.<\/p>\n<p><strong>Nivell C1 (Angl\u00e8s)<\/strong><\/p>\n<p>El nivell C1 t\u00e9 com a refer\u00e8ncia les compet\u00e8ncies pr\u00f2pies del <strong>nivell C1 del Consell d\u2019Europa<\/strong>, segons es\u00a0 defineix\u00a0 aquest\u00a0 nivell\u00a0 en\u00a0 el Marc\u00a0 Europeu\u00a0 Com\u00fa\u00a0 de\u00a0 Refer\u00e8ncia,\u00a0 i\u00a0 t\u00e9\u00a0 com\u00a0 a\u00a0 finalitat\u00a0 capacitar l\u2019alumnat\u00a0 per\u00a0 utilitzar\u00a0 l\u2019idioma\u00a0 amb\u00a0 flexibilitat,\u00a0 efic\u00e0cia\u00a0 i\u00a0 precisi\u00f3\u00a0 en\u00a0 tot\u00a0 tipus\u00a0 de\u00a0 situacions,\u00a0 en\u00a0 els \u00e0mbits personal, p\u00fablic, acad\u00e8mic i professional, que requereixin comprendre i processar textos orals i escrits\u00a0 extensos\u00a0 i\u00a0 complexos,\u00a0 en\u00a0 diverses\u00a0 varietats\u00a0 est\u00e0ndard\u00a0 de\u00a0 la\u00a0 llengua,\u00a0 amb\u00a0 un\u00a0 repertori d\u2019estructures\u00a0 i\u00a0 de\u00a0 l\u00e8xic\u00a0 ampli\u00a0 i\u00a0 que\u00a0 tractin\u00a0 sobre\u00a0 temes\u00a0 tant\u00a0 abstractes\u00a0 com\u00a0 concrets\u00a0 encara\u00a0 que l\u2019alumne no hi estigui familiaritzat.<\/p>\n<p>Per a l\u2019obtenci\u00f3 del t\u00edtol corresponent al curs d\u2019actualitzaci\u00f3 i especialitzaci\u00f3 de nivell C1 \u00e9s necessari superar una <a href=\"http:\/\/ensenyament.gencat.cat\/ca\/serveis-tramits\/proves\/proves-lliures-obtencio-titols\/convocat-ordinaria-idiomes\/mostres-proves\/angles\/\" target=\"_blank\" rel=\"noopener noreferrer\">prova espec\u00edfica<\/a> de certificaci\u00f3 al final del nivel. Un cop superada la prova, cal fer la sol\u00b7licitud i pagament dels drets <a href=\"https:\/\/tramits.gencat.cat\/ca\/tramits\/tramits-temes\/titols-academics-no-universitaris?category=742b7874-a82c-11e3-a972-000c29052e2c\" target=\"_blank\" rel=\"noopener\">fent servir el tramitador gen\u00e8ric<\/a>.<\/p>\n<p><strong>Nivell C2 (Angl\u00e8s)<\/strong><\/p>\n<p>El nivell C2 t\u00e9 com a refer\u00e8ncia les compet\u00e8ncies pr\u00f2pies del <strong>nivell C2 del Consell d\u2019Europa<\/strong>, segons es\u00a0 defineix\u00a0 aquest\u00a0 nivell\u00a0 en\u00a0 el Marc\u00a0 Europeu\u00a0 Com\u00fa\u00a0 de\u00a0 Refer\u00e8ncia. Podeu consultar <a href=\"https:\/\/agora-eoi.xtec.cat\/eoiviladecans\/wp-content\/uploads\/usu2253\/2024\/07\/Full-informatiu_alummat_C2-2024_2025-1.pdf\" target=\"_blank\" rel=\"noopener\">aqu\u00ed<\/a> la informaci\u00f3 sobre aquests estudis.<\/p>\n<p>Per a l\u2019obtenci\u00f3 del t\u00edtol corresponent al\u00a0 nivell C2 \u00e9s necessari superar una <a href=\"http:\/\/ensenyament.gencat.cat\/ca\/serveis-tramits\/proves\/proves-lliures-obtencio-titols\/convocat-ordinaria-idiomes\/mostres-proves\/angles\/\" target=\"_blank\" rel=\"noopener noreferrer\">prova espec\u00edfica<\/a> de certificaci\u00f3 al final del nivel. Un cop superada la prova, cal fer la sol\u00b7licitud i pagament dels drets <a href=\"https:\/\/tramits.gencat.cat\/ca\/tramits\/tramits-temes\/titols-academics-no-universitaris?category=742b7874-a82c-11e3-a972-000c29052e2c\" target=\"_blank\" rel=\"noopener\">fent servir el tramitador gen\u00e8ric<\/a>.<\/p>\n<p>1.2 Estudis en modalitat semipresencial anual.<\/p>\n<p>Alguns cursos es poden oferir en modalitat semipresencial. En aquesta modalitat l&#8217;alumnat assisteix de manera presencial a una sessi\u00f3 per setmana i ha de realitzar un treball aut\u00f2nom fora de l&#8217;aula abans de la sessi\u00f3 setmanal presencial.<\/p>\n<p>Podeu consultar a l&#8217;<a href=\"https:\/\/agora-eoi.xtec.cat\/eoiviladecans\/lescola\/oferta-educativa\/\" target=\"_blank\" rel=\"noopener\">oferta educativa<\/a> de cada curs acad\u00e8mic els cursos que s&#8217;ofereixen en aquesta modalitat.<\/p>\n<p>1.3 Estudis en modalitat flexibilitzada quadrimestral (Alemany).<\/p>\n<p>El Departament d\u2019Educaci\u00f3 i Formaci\u00f3 Professional fa una nova proposta de m\u00f2duls quadrimestrals (de setembre a gener, i de febrer a maig) amb una durada de 65 hores per quadrimestre.<\/p>\n<p><strong>A l\u2019EOI de Viladecans s\u2019oferir\u00e0 la flexibilitzaci\u00f3 del nivell b\u00e0sic A2 (primer i segon curs), del nivell intermedi B1 (tercer) i del nivell intermedi B2 (quart i cinqu\u00e8).<\/strong><\/p>\n<p><strong>Com seran els cursos?<\/strong><br \/>\nIgual que els extensius, per\u00f2 dividits en dos m\u00f2duls (per exemple, A1A i A1B).<\/p>\n<p><strong>Quina durada tindran?<\/strong><br \/>\nAproximadament 65 hores per m\u00f2dul<\/p>\n<p><strong>Quin programa s\u2019impartir\u00e0?<\/strong><br \/>\nEl mateix dels cursos extensius, per\u00f2 nom\u00e9s es far\u00e0 la meitat del programa.<\/p>\n<p><strong>Quin \u00e9s el preu?<\/strong><br \/>\nLa meitat dels cursos extensius. L\u2019import de la quota de material ser\u00e0 de 15 \u20ac per curs. En cas de continuar de febrer a maig, es tornar\u00e0 a fer efectiu l\u2019import esmentat.<\/p>\n<p><strong>Com s\u2019ha de fer la preinscripci\u00f3 i matr\u00edcula?<\/strong><br \/>\nDe \u00a0manera telem\u00e0tica seguint les instruccions que es troben publicades a la \u00a0web de l\u2019escola. La matr\u00edcula es correspondr\u00e0 amb un quadrimestre i no amb dos.<\/p>\n<p><strong>Quins avantatges t\u00e9 aquesta modalitat?<\/strong><\/p>\n<p>\u2013 Flexibilitzar i optimitzar el curr\u00edculum.<\/p>\n<p>\u2013 Repetir el m\u00f2dul A o B sense haver de repetir tot el curs.<\/p>\n<p>\u2013 Matricular-se d\u2019un bloc A o B a principi de curs o al segon quadrimestre.<\/p>\n<p>\u2013 Optar a les certificacions de nivell A2, B1 i B2 dos cops a l\u2019any.<\/p>\n<div class=\"basic_text_peq col-xs-12\">\n<div class=\"pd-15x link-dotted\" data-crawling=\"principal-body\">\n<p><strong>Normativa<\/strong><\/p>\n<p>La Llei Org\u00e0nica\u00a02\/2006, de\u00a03 de maig, d\u2019Educaci\u00f3 en el seu article 59.1 estableix que els ensenyaments del nivell B\u00e0sic tindran les caracter\u00edstiques i l&#8217;organitzaci\u00f3 que les administracions educatives determinin.<\/p>\n<p>El Reial Decret 1041\/2017, de 22 de desembre, estableix el curr\u00edculum b\u00e0sic dels nivells Intermedi B1, Intermedi B2, Avan\u00e7at C1 i Avan\u00e7at C2 dels ensenyaments d&#8217;idiomes de r\u00e8gim especial regulats per la Llei Org\u00e0nica 2\/2006, de 3 de maig, d&#8217;educaci\u00f3.<\/p>\n<p>Els curr\u00edculums dels nivells Intermedi B1 i Intermedi B2 es poden trobar al <a title=\"DECRET 45\/2022, de 15 de mar\u00e7\" href=\"https:\/\/dogc.gencat.cat\/ca\/document-del-dogc\/?documentId=923138\" target=\"_blank\" rel=\"noopener\">DECRET 45\/2022, de 15 de mar\u00e7<\/a>, pel qual s&#8217;estableix l&#8217;ordenaci\u00f3 dels ensenyaments d&#8217;idiomes de r\u00e8gim especial i el curr\u00edculum del nivell Intermedi de diversos idiomes.<\/p>\n<p>Els curr\u00edculums dels nivells B\u00e0sic i Avan\u00e7at es poden trobar al\u00a0<a title=\"https:\/\/dogc.gencat.cat\/ca\/document-del-dogc\/?documentId=940619\" href=\"https:\/\/dogc.gencat.cat\/ca\/document-del-dogc\/?documentId=940619\" target=\"_blank\" rel=\"noopener noreferrer\" data-saferedirecturl=\"https:\/\/www.google.com\/url?q=https:\/\/dogc.gencat.cat\/ca\/document-del-dogc\/?documentId%3D940619&amp;source=gmail&amp;ust=1666684254503000&amp;usg=AOvVaw2B3lpF2qUku3nrE3kwFQ3X\">DECRET 243\/2022, de 18 d&#8217;octubre<\/a>,\u00a0pel qual s&#8217;estableixen els curr\u00edculums del nivell\u00a0B\u00e0sic (A2) i del nivell Avan\u00e7at (C1 i C2)\u00a0de diversos idiomes.<\/p>\n<p>Tant el curr\u00edculum LOE com el curr\u00edculum LOMCE segueixen les recomanacions del Consell d\u2019Europa tal com es concreten en el Marc Europeu Com\u00fa de Refer\u00e8ncia per a les Lleng\u00fces.<\/p>\n<\/div>\n<\/div>\n<p>1.3 Altres modalitats<\/p>\n<p>El Departament d\u2019Ensenyament ofereix tamb\u00e9 al llarg de cada curs acad\u00e8mic la possibilitat d\u2019obtenir els certificats intermedi i avan\u00e7at en modalitat\u00a0lliure\u00a0i de la mateixa manera\u00a0<a title=\"IOC Idiomes\" href=\"https:\/\/ioc.xtec.cat\/educacio\/estudis\/eoi-ioc\/\" target=\"_blank\" rel=\"noopener noreferrer\">l\u2019IOC Idiomes<\/a>\u00a0ofereix estudis de l\u2019oferta educativa de les EOI en modalitat online.<\/p>\n<p><strong>2. Cursos Especials<\/strong><\/p>\n<p><strong>&#8211; Cursos d\u2019estiu<\/strong><\/p>\n<p>Durant el mes de juliol, l\u2019EOI de Viladecans ofereix cursos intensius\u00a0 de diferents idiomes i nivells en funci\u00f3 de la demanda existent.<\/p>\n<p>El contingut d\u2019aquests cursos es\u00a0 basa en el curriculum oficial de les EOI, per\u00f2 donat que la seva durada \u00e9s inferior a la d\u2019un curs oficial d\u2019ensenyaments reglats, no s\u00f3n equivalents a aquests \u00faltims ni donen cap tipus de prioritat per accedir a l\u2019escola com a alumne oficial.<\/p>\n<p>Consulteu\u00a0<a title=\"Web escola\" href=\"http:\/\/www.eoiviladecans.com\/\" target=\"_blank\" rel=\"noopener noreferrer\">la web de l\u2019escola\u00a0<\/a>per informa-vos sobre la propera oferta d\u2019aquests cursos.<\/p>\n<p><strong>&#8211; Cursos monogr\u00e0fics<\/strong><\/p>\n<p>Alguns departaments de l\u2019EOI de Viladecans organitzen tamb\u00e9 cursos monogr\u00e0fics durant el primer i el segon quadrimestre de cada curs acad\u00e8mic. Aquests cursos estan adre\u00e7ats a aquells que vulguin aprofundir en el coneixement de la llengua, en alguna destre\u00e7a en especial, continguts culturals o llenguatge especialitzat.<\/p>\n<p>Consulteu\u00a0<a title=\"Web escola\" href=\"http:\/\/www.eoiviladecans.com\/\" target=\"_blank\" rel=\"noopener noreferrer\">la web de l\u2019escola\u00a0<\/a>per informa-vos sobre la propera oferta d\u2019aquests cursos.<\/p>\n<\/div>\n","protected":false},"excerpt":{"rendered":"<p>Modalitats d\u2019aprenentatge<\/p>\n<p>1. Ensenyaments reglats<br \/>\n1.1 Estudis en modalitat presencial anual (Angl\u00e8s i Franc\u00e8s).<br \/>\nS\u00f3n cursos anuals d\u2019una mitjana de 4.5 hores setmanals (blocs horaris de dues hores i quinze minuts) amb la seg\u00fcent distribuci\u00f3 en funci\u00f3 de <a title=\"Oferta Educativa\" href=\"http:\/\/agora-eoi.xtec.cat\/eoiviladecans\/lescola\/oferta-educativa\/\" target=\"_blank\" rel=\"noopener noreferrer\">l\u2019oferta educativa<\/a>.<\/p>\n<ul>\n<li>grups A: dilluns&hellip;  <a href=\"https:\/\/agora-eoi.xtec.cat\/eoiviladecans\/estudis\/modalitats-daprenentatge\/\" title=\"Read Modalitats d&#8217;aprenentatge\">Llegeix m\u00e9s\u00bb<\/a><br \/>\n","protected":false},"author":1,"featured_media":0,"parent":8149,"menu_order":1,"comment_status":"closed","ping_status":"closed","template":"page-templates\/side-menu.php","meta":{"_bbp_topic_count":0,"_bbp_reply_count":0,"_bbp_total_topic_count":0,"_bbp_total_reply_count":0,"_bbp_voice_count":0,"_bbp_anonymous_reply_count":0,"_bbp_topic_count_hidden":0,"_bbp_reply_count_hidden":0,"_bbp_forum_subforum_count":0,"footnotes":""},"class_list":["post-8920","page","type-page","status-publish","hentry"],"post_mailing_queue_ids":[],"_links":{"self":[{"href":"https:\/\/agora-eoi.xtec.cat\/eoiviladecans\/wp-json\/wp\/v2\/pages\/8920","targetHints":{"allow":["GET"]}}],"collection":[{"href":"https:\/\/agora-eoi.xtec.cat\/eoiviladecans\/wp-json\/wp\/v2\/pages"}],"about":[{"href":"https:\/\/agora-eoi.xtec.cat\/eoiviladecans\/wp-json\/wp\/v2\/types\/page"}],"author":[{"embeddable":true,"href":"https:\/\/agora-eoi.xtec.cat\/eoiviladecans\/wp-json\/wp\/v2\/users\/1"}],"replies":[{"embeddable":true,"href":"https:\/\/agora-eoi.xtec.cat\/eoiviladecans\/wp-json\/wp\/v2\/comments?post=8920"}],"version-history":[{"count":7,"href":"https:\/\/agora-eoi.xtec.cat\/eoiviladecans\/wp-json\/wp\/v2\/pages\/8920\/revisions"}],"predecessor-version":[{"id":11113,"href":"https:\/\/agora-eoi.xtec.cat\/eoiviladecans\/wp-json\/wp\/v2\/pages\/8920\/revisions\/11113"}],"up":[{"embeddable":true,"href":"https:\/\/agora-eoi.xtec.cat\/eoiviladecans\/wp-json\/wp\/v2\/pages\/8149"}],"wp:attachment":[{"href":"https:\/\/agora-eoi.xtec.cat\/eoiviladecans\/wp-json\/wp\/v2\/media?parent=8920"}],"curies":[{"name":"wp","href":"https:\/\/api.w.org\/{rel}","templated":true}]}}