{"id":8908,"date":"2017-07-19T13:04:43","date_gmt":"2017-07-19T11:04:43","guid":{"rendered":"http:\/\/agora-eoi.xtec.cat\/eoiviladecans\/?page_id=8908"},"modified":"2025-07-26T09:12:12","modified_gmt":"2025-07-26T07:12:12","slug":"preguntes-mes-frequents","status":"publish","type":"page","link":"https:\/\/agora-eoi.xtec.cat\/eoiviladecans\/gestions-administratives\/preguntes-mes-frequents\/","title":{"rendered":"Preguntes m\u00e9s freq\u00fcents"},"content":{"rendered":"<p><strong>Si s\u00f3c alumne oficial del curs anterior, tinc l\u2019horari assegurat per aquest curs?<\/strong><\/p>\n<div class=\"entry\">\n<p>Els alumnes del curs immediatament anterior (aprovats, suspesos, no presentats i ren\u00fancies) tenen reserva de pla\u00e7a per\u00f2 no se\u2019ls garanteix un horari determinat. Us recomanem per tant que feu la matr\u00edcula telem\u00e0tica durant el mes de juliol o b\u00e9 vingueu a matricular-vos presencialment, els dies indicats, durant el mes de setembre, el m\u00e9s aviat possible, el dia corresponent, per poder triar horari.<\/p>\n<p><strong>Si s\u00f3c alumne oficial del curs anterior i vaig suspendre, puc fer el test de nivell per veure si puc passar de curs?<\/strong><\/p>\n<p>No. Els alumnes que han estat alumnes oficials de qualsevol EOI durant el curs immediatament anterior al qual es volen preinscriure queden exclosos de l\u2019acc\u00e9s per test d\u2019anivellament. Si un cop formalitzada la matr\u00edcula es demostr\u00e9s que aquests alumnes han amagat aquesta informaci\u00f3 en el moment de fer la preinscripci\u00f3, se\u2019ls anul\u00b7laria la matr\u00edcula.<\/p>\n<p><strong>Si he susp\u00e8s, tinc pla\u00e7a reservada per l\u2019any seg\u00fcent? \/ Si he fet ren\u00fancia de matr\u00edcula, tinc pla\u00e7a reservada per al curs seg\u00fcent?<\/strong><\/p>\n<p>S\u00ed, tens pla\u00e7a reservada (no horari) al mateix nivell com a antic alumne i cal que et matriculis en les dates indicades. Si est\u00e0s repetint per segona vegada cal que abans de matricular-te consultis la\u00a0<a title=\"Normativa\" href=\"http:\/\/agora-eoi.xtec.cat\/eoiviladecans\/gestions-administratives\/normativa\/\" target=\"_blank\" rel=\"noopener noreferrer\">normativa<\/a>\u00a0si cal que demanis convocat\u00f2ria addicional. Si no et matricules en les dates que s\u2019indiquen entenem que renuncies a la reserva i oferim la pla\u00e7a als alumnes procedents de preinscripci\u00f3.<\/p>\n<p><strong>Qu\u00e8 passa si no he fet l\u2019examen?<\/strong><\/p>\n<p>Res. Tens reserva de pla\u00e7a per al curs seg\u00fcent igualment, et matricules com a antic alumne a tots els efectes el dia indicat per als No Presentats.<\/p>\n<p><strong>Quantes vegades es pot repetir cada curs?<\/strong><\/p>\n<p>Dins de cada nivell \u2014b\u00e0sic, intermedi, avan\u00e7at i C1\u2014, l\u2019alumnat t\u00e9 dret a romandre matriculat en el r\u00e8gim d\u2019ensenyament oficial, modalitat presencial, durant un m\u00e0xim de cursos acad\u00e8mics equivalents al doble dels cursos de qu\u00e8 consta el nivell per a l\u2019idioma corresponent. L\u2019alumne\/a que cursa per tercera vegada el primer curs del nivell b\u00e0sic o que cursa per tercera vegada el primer curs del nivell avan\u00e7at i no el supera, no pot tornar a cursar aquest curs una altra vegada. L\u2019alumne\/a que accedeix directament a segon curs del nivell b\u00e0sic o a segon curs del nivell avan\u00e7at, el pot cursar un m\u00e0xim de dues vegades.<br \/>\nPer poder fer un curs m\u00e9s vegades que les previstes a la\u00a0<a title=\"Normativa\" href=\"http:\/\/agora-eoi.xtec.cat\/eoiviladecans\/gestions-administratives\/normativa\/\" target=\"_blank\" rel=\"noopener noreferrer\">normativa<\/a>\u00a0caldr\u00e0 demanar una convocat\u00f2ria addicional. Tingueu en compte per\u00f2 que si renuncieu a la matr\u00edcula dins el termini previst, no compta com a convocat\u00f2ria exhaurida.<\/p>\n<p><strong>Qu\u00e8 \u00e9s una convocat\u00f2ria addicional?<\/strong><\/p>\n<p>En casos excepcionals a valorar per la direcci\u00f3 de l\u2019escola, i sempre que no representi fer el mateix curs per quarta vegada, la direcci\u00f3 podr\u00e0 autoritzar la repetici\u00f3 o perman\u00e8ncia d\u2019un curs m\u00e9s en r\u00e8gim oficial presencial a l\u2019alumnat que ho sol\u00b7liciti a trav\u00e9s d\u2019una\u00a0<a title=\"Mateix idioma i nivell\" href=\"http:\/\/agora-eoi.xtec.cat\/eoiviladecans\/wp-content\/uploads\/usu2253\/2017\/07\/Inst\u00e0ncia.pdf\" target=\"_blank\" rel=\"noopener noreferrer\">inst\u00e0ncia<\/a>\u00a0quan ja hagi superat el nombre m\u00e0xim de cursos de perman\u00e8ncia autoritzats amb car\u00e0cter general per al nivell corresponent. Els alumnes que obtenen la convocat\u00f2ria addicional es matriculen el dia de places vacants.<\/p>\n<p><strong>Vaig aprovar un examen de Certificat per lliure durant el curs passat, tinc pla\u00e7a reservada per aquest curs per matricular-me a quart?<\/strong><\/p>\n<p>No.\u00a0 Els alumnes lliures han de passar pel proc\u00e9s de preinscripci\u00f3, sorteig i matriculaci\u00f3 per esdevenir alumnes oficials el curs seg\u00fcent. Tamb\u00e9 pots realitzar una matr\u00edcula d&#8217;actualitzaci\u00f3 per tornar a cursar els estudis corresponents al certificat que vas obtenir, o inferiors.<\/p>\n<p><strong>Puc fer preinscripci\u00f3 a m\u00e9s d\u2019un idioma?<\/strong><\/p>\n<p>S\u00ed. Es pot fer una preinscripci\u00f3 a un m\u00e0xim de dos idiomes i dues EOI.<\/p>\n<p><strong>Quina edat m\u00ednima haig de tenir per poder-me preinscriure?<\/strong><\/p>\n<p>Per accedir als ensenyaments d\u2019idiomes en les escoles oficials \u00e9s requisit imprescindible tenir 16 anys complerts abans del 31 de desembre de l\u2019any en qu\u00e8 es comencin els estudis. Tamb\u00e9 hi poden accedir els m\u00e9s grans de 14 anys, per seguir els ensenyaments d\u2019un idioma diferent del cursat en l\u2019educaci\u00f3 secund\u00e0ria obligat\u00f2ria.<\/p>\n<p><strong>Puc fer la preinscripci\u00f3 per a una altra persona?<\/strong><\/p>\n<p>S\u00ed,\u00a0 per\u00f2 necessitar\u00e0s el seu DNI, Passaport, Carnet de conduir o Targeta de resid\u00e8ncia.<\/p>\n<p><strong>No puc venir el dia de la matr\u00edcula, em pot matricular una altra persona?<\/strong><\/p>\n<p>S\u00ed,\u00a0 si porta tota la documentaci\u00f3 necess\u00e0ria per fer-ho.<\/p>\n<p><strong>He fet tard, se m\u2019ha passat la preinscripci\u00f3 i la matr\u00edcula, hi ha encara alguna possibilitat de matricular-me?<\/strong><\/p>\n<p>S\u00ed. El dia de l\u2019adjudicaci\u00f3 de les que hagin quedat sense cobrir un cop tancat tot el proc\u00e9s i\u00a0 d\u2019acord amb els criteris de prioritat que es publiquin a la web del centre.<\/p>\n<p><strong>Vaig aprovar 1r fa molts anys, puc fer test d\u2019anivellament per passar a 3r?<\/strong><\/p>\n<p>S\u00ed.<\/p>\n<p><strong>Cal estudiar per fer el test d\u2019anivellament?<\/strong><\/p>\n<p>No perqu\u00e8 no \u00e9s un examen per a aprovar o suspendre i no \u00e9s un prova de valor acad\u00e8mic. \u00c9s simplement un prova diagn\u00f2stica del nivell que una persona t\u00e9 en un moment donat d\u2019un idioma.<\/p>\n<p><strong>L\u2019assist\u00e8ncia a classe \u00e9s obligat\u00f2ria?<\/strong><\/p>\n<p>S\u00ed. Els alumnes que no venen a classe estan ocupant una pla\u00e7a que potser alg\u00fa s\u00ed que hagu\u00e9s aprofitat plenament venint a classe.<\/p>\n<p><strong>Puc matricular-me a un grup que no em va b\u00e9 per horari i venir a un altre horari?<\/strong><\/p>\n<p>No. Els canvis de grup no es poden autoconcedir, s\u2019ha de demanar per escrit a la direcci\u00f3. No recomanem aquesta opci\u00f3 perqu\u00e8 si no es concedeix el canvi de grup, a m\u00e9s d\u2019haver pagat uns serveis dels quals no et beneficiar\u00e0s, est\u00e0s ocupant una pla\u00e7a que potser alg\u00fa s\u00ed que hagu\u00e9s aprofitat plenament venint a classe.<\/p>\n<p><strong>Puc presentar-me a l\u2019examen si no he assistit a classe?<\/strong><\/p>\n<p>S\u00ed, per\u00f2 t\u2019ho jugar\u00e0s tot en una sola prova, en la qual haur\u00e0s d\u2019obtenir com a m\u00ednim un 65% per aprovar.<\/p>\n<p><strong>Si s\u00f3c alumne antic puc accedir a un altre idioma sense passar per preinscripci\u00f3 i sorteig?<\/strong><\/p>\n<p>No. Caldr\u00e0 passar per sorteig perqu\u00e8 l\u2019oficialitat en un idioma no d\u00f3na l\u2019oficialitat en un altre.<\/p>\n<p><strong>Quan podem saber els horaris i llibres que necessitarem el curs vinent?<\/strong><\/p>\n<p>Durant el mes de juliol. Ho podeu consultar a la nostra web i\/o als taulers d\u2019anuncis de l\u2019escola.<\/p>\n<p><strong>Els t\u00edtols d\u2019altres institucions es convaliden amb els de l\u2019EOI?<\/strong><\/p>\n<p>No. Cap t\u00edtol pot substituir els certificats expedits per les EOI. De tota manera, hi ha una taula d\u2019equival\u00e8ncies per poder preinscriure\u2019t directament a un nivell sense haver de fer el test d\u2019anivellament.<\/p>\n<p><strong>Si estic matriculat\/da en una EOI com alumne\/a oficial, puc presentar-me per lliure per obtenir algun dels certificats del mateix idioma?<\/strong><\/p>\n<p>No. La matr\u00edcula oficial \u00e9s incompatible amb la matr\u00edcula lliure del mateix idioma.<\/p>\n<p>El fet de matricular-se a una convocat\u00f2ria lliure sent alumne oficial implica la baixa autom\u00e0tica com a alumne\/a oficial.<\/p>\n<p><strong>Si s\u00f3c alumne\/a oficial i el curs seg\u00fcent no em vull matricular perdr\u00e9 la reserva de pla\u00e7a per d\u2019aqu\u00ed a dos cursos?<\/strong><\/p>\n<p>S\u00ed.<\/p>\n<p><strong>Puc fer preinscripci\u00f3 del mateix idioma a m\u00e9s d\u2019una EOI?<\/strong><\/p>\n<p>S\u00ed, a trav\u00e9s del web de preinscripci\u00f3 telem\u00e0tica a les EOI de Catalunya es pot fer preinscripcions de dos idiomes i per a cadascun es pot escollir dues opcions de centre.<\/p>\n<p><strong>Si estic estudiant al IOC Idiomes puc passar-me a classes presencials a l\u2019EOI de Viladecans?<\/strong><\/p>\n<p>Per accedir a l\u2019escola com a alumnes presencials has de fer preinscripci\u00f3 (presentant Certificaci\u00f3 acad\u00e8mica del IOC Idiomes) i anar a sorteig. Si obtens pla\u00e7a passes a ser alumne oficial amb tots els drets.<\/p>\n<p><strong>He estat alumne d\u2019una altra EOI i he aprovat el curs. Em puc matricular a l\u2019EOI de Viladecans per continuar els meus estudis encara que faci anys que el vaig aprovar?<\/strong><\/p>\n<p>Com a antic alumne\/a t&#8217;has de matricular a la teva EOI durant el mes de juliol i demanar un trasllat a l&#8217;EOI de Viladecans en els dies indicats. Tamb\u00e9 pots demanar el trasllat un cop iniciat el curs, al mes de setembre.<\/p>\n<p><strong>Com se sol\u00b7licita un trasllat d\u2019expedient?<\/strong><\/p>\n<p>Es pot fer des de l\u2019EOI de Viladecans, omplint un formulari i enviant-lo a l\u2019escola d\u2019origen perqu\u00e8 facin efectiu el trasllat.<\/p>\n<p><strong>Qu\u00e8 \u00e9s una matricula viva?<\/strong><\/p>\n<p>Si despr\u00e9s de formalitzar la matr\u00edcula en un centre, un alumne demana poder continuar el curs en un altre centre, el trasllat s\u2019anomena trasllat de matr\u00edcula viva.<\/p>\n<p><strong>Com es pot sol\u00b7licitar un trasllat de matr\u00edcula viva?<\/strong><\/p>\n<p>Es fa al centre de destinaci\u00f3 i sempre queda condicionat a la disponibilitat de places del centre de destinaci\u00f3. El termini m\u00e0xim per sol\u00b7licitar-ho \u00e9s el darrer dia lectiu del m\u00e9s de febrer. El trasllat de matr\u00edcula viva no d\u00f3na lloc al pagament de taxes si \u00e9s fa entre centres de Catalunya.<\/p>\n<p><strong>Tinc aprovat el Certificat Elemental\/Certificat Nivell Intermedi per lliure, com puc esdevenir alumne oficial de Nivell Avan\u00e7at?<\/strong><\/p>\n<p>Has de fer preinscripci\u00f3 a quart o optar pel test d\u2019anivellament, cas que consideris que potser podries fer cinqu\u00e8 directament.<\/p>\n<p><strong>Fa molts anys vaig aprovar un nivell de l\u2019EOI per\u00f2 m\u2019agradaria repetir-lo perqu\u00e8 no me\u2019n recordo de res, puc fer-ho?<\/strong><\/p>\n<p>S\u00ed, pots fer una matr\u00edcula d&#8217;actualitzaci\u00f3 un cop s&#8217;hagi tancat el proc\u00e9s de matr\u00edcula ordinari. En cas que hagi quedat alguna vacant, podr\u00e0s tornar a realitzar el curs que ja vas aprovar, per\u00f2 no podr\u00e0s realitzar l&#8217;examen final i la teva qualificaci\u00f3 ser\u00e0 No Qualificat, sense afectar la qualificaci\u00f3 que vas obtenir quan vas fer el curs per primera vegada. La matr\u00edcula d&#8217;actualitzaci\u00f3 la pots fer tantes vegades com vulguis.<\/p>\n<\/div>\n","protected":false},"excerpt":{"rendered":"<p>Si s\u00f3c alumne oficial del curs anterior, tinc l\u2019horari assegurat per aquest curs?<\/p>\n<p>Els alumnes del curs immediatament anterior (aprovats, suspesos, no presentats i ren\u00fancies) tenen reserva de pla\u00e7a per\u00f2 no se\u2019ls garanteix un horari determinat. Us recomanem per tant que feu la matr\u00edcula telem\u00e0tica durant&hellip;  <a href=\"https:\/\/agora-eoi.xtec.cat\/eoiviladecans\/gestions-administratives\/preguntes-mes-frequents\/\" title=\"Read Preguntes m\u00e9s freq\u00fcents\">Llegeix m\u00e9s\u00bb<\/a><\/p>\n","protected":false},"author":1,"featured_media":0,"parent":8358,"menu_order":3,"comment_status":"closed","ping_status":"closed","template":"page-templates\/side-menu.php","meta":{"_bbp_topic_count":0,"_bbp_reply_count":0,"_bbp_total_topic_count":0,"_bbp_total_reply_count":0,"_bbp_voice_count":0,"_bbp_anonymous_reply_count":0,"_bbp_topic_count_hidden":0,"_bbp_reply_count_hidden":0,"_bbp_forum_subforum_count":0,"footnotes":""},"class_list":["post-8908","page","type-page","status-publish","hentry"],"post_mailing_queue_ids":[],"_links":{"self":[{"href":"https:\/\/agora-eoi.xtec.cat\/eoiviladecans\/wp-json\/wp\/v2\/pages\/8908","targetHints":{"allow":["GET"]}}],"collection":[{"href":"https:\/\/agora-eoi.xtec.cat\/eoiviladecans\/wp-json\/wp\/v2\/pages"}],"about":[{"href":"https:\/\/agora-eoi.xtec.cat\/eoiviladecans\/wp-json\/wp\/v2\/types\/page"}],"author":[{"embeddable":true,"href":"https:\/\/agora-eoi.xtec.cat\/eoiviladecans\/wp-json\/wp\/v2\/users\/1"}],"replies":[{"embeddable":true,"href":"https:\/\/agora-eoi.xtec.cat\/eoiviladecans\/wp-json\/wp\/v2\/comments?post=8908"}],"version-history":[{"count":5,"href":"https:\/\/agora-eoi.xtec.cat\/eoiviladecans\/wp-json\/wp\/v2\/pages\/8908\/revisions"}],"predecessor-version":[{"id":10969,"href":"https:\/\/agora-eoi.xtec.cat\/eoiviladecans\/wp-json\/wp\/v2\/pages\/8908\/revisions\/10969"}],"up":[{"embeddable":true,"href":"https:\/\/agora-eoi.xtec.cat\/eoiviladecans\/wp-json\/wp\/v2\/pages\/8358"}],"wp:attachment":[{"href":"https:\/\/agora-eoi.xtec.cat\/eoiviladecans\/wp-json\/wp\/v2\/media?parent=8908"}],"curies":[{"name":"wp","href":"https:\/\/api.w.org\/{rel}","templated":true}]}}