{"id":8906,"date":"2017-07-19T12:59:06","date_gmt":"2017-07-19T10:59:06","guid":{"rendered":"http:\/\/agora-eoi.xtec.cat\/eoiviladecans\/?page_id=8906"},"modified":"2017-07-20T18:25:25","modified_gmt":"2017-07-20T16:25:25","slug":"normativa","status":"publish","type":"page","link":"https:\/\/agora-eoi.xtec.cat\/eoiviladecans\/gestions-administratives\/normativa\/","title":{"rendered":"Normativa"},"content":{"rendered":"<p><strong>Ren\u00fancia<\/strong><\/p>\n<div class=\"entry\">\n<p>L\u2019alumne oficial podr\u00e0 presentar al director de l\u2019escola la ren\u00fancia a la matriculaci\u00f3 en un idioma en un termini que acabar\u00e0 el dia 31 d\u2019octubre per als cursos extensius i el 30 de novembre per als intensius i el 26 d&#8217;octubre per als flexibilitzats del primer<br \/>\nquadrimestre, i el 28 de febrer per als cursos del segon quadrimestre. Aquesta ren\u00fancia no suposar\u00e0 el c\u00f2mput del curs a efectes de repetici\u00f3, ni el dret al retorn de cap taxa. Amb posterioritat al termini de ren\u00fancia establert, si un alumne oficial abandona, el curs es computar\u00e0 a efectes de repetici\u00f3 i l\u2019alumne tindr\u00e0, a tots els efectes, la consideraci\u00f3 de \u201cNo presentat\u201d en la qualificaci\u00f3 final.<\/p>\n<p><em>D\u2019aquestes ren\u00fancies, l\u2019alumne en podr\u00e0 fer nom\u00e9s una per curs.<br \/>\n<\/em><\/p>\n<p>Utilitzeu el seg\u00fcent\u00a0<a href=\"http:\/\/agora-eoi.xtec.cat\/eoiviladecans\/wp-content\/uploads\/usu2253\/2017\/07\/Ren\u00fancia_matr\u00edcula.pdf\" target=\"_blank\" rel=\"noopener noreferrer\">formulari\u00a0<\/a>de sol\u00b7licitud de ren\u00fancia<\/p>\n<p><strong>Perman\u00e8ncia en els estudis<\/strong><\/p>\n<p>Dins de cada nivell \u2013b\u00e0sic, intermedi, avan\u00e7at i C1\u2013, l\u2019alumnat t\u00e9 dret a romandre matriculat en el r\u00e8gim d\u2019ensenyament oficial, modalitat presencial, durant un m\u00e0xim de cursos acad\u00e8mics equivalents al doble dels ordenats per al nivell per a l\u2019idioma corresponent.<\/p>\n<p>En els cursos flexibilitzats, l\u2019alumne t\u00e9 dret a romandre matriculat en el r\u00e8gim d\u2019ensenyament oficial un m\u00e0xim de dos cursos A i de dos cursos B. En casos excepcionals, que ha de valorar el director de l\u2019escola, podr\u00e0 autoritzar la repetici\u00f3 o perman\u00e8ncia d\u2019un \u00fanic curs A o B m\u00e9s en r\u00e8gim oficial flexibilitzat per nivell (b\u00e0sic o intermedi).<\/p>\n<p><strong>Convocat\u00f2ria addicional<\/strong><\/p>\n<p>En casos excepcionals, la direcci\u00f3 de\u00a0 l\u2019escola podr\u00e0 autoritzar la repetici\u00f3 o perman\u00e8ncia d\u2019un curs m\u00e9s en r\u00e8gim oficial presencial a l\u2019alumnat que ho sol\u2022liciti quan ja hagi superat el nombre m\u00e0xim de cursos autoritzats amb car\u00e0cter general.<br \/>\nEs podr\u00e0 concedir una \u00fanica convocat\u00f2ria addicional per nivell.<\/p>\n<p><a href=\"http:\/\/agora-eoi.xtec.cat\/eoiviladecans\/wp-content\/uploads\/usu2253\/2017\/07\/Sol\u00b7licitud_convocat\u00f2ria_addicional.pdf\" target=\"_blank\" rel=\"noopener noreferrer\">Sol.licitud convocat\u00f2ria addicional<\/a><\/p>\n<p><strong>Assist\u00e8ncia\u00a0 a classe i\/o retards<\/strong><\/p>\n<p>L\u2019assist\u00e8ncia a classe es obligat\u00f2ria.\u00a0 Els alumnes que hagin d\u2019arribar en retard de forma puntual o sistem\u00e0tica hauran de demanar perm\u00eds al professor i justificar el retard, amb antelaci\u00f3 sempre que sigui possible.<br \/>\nEls departaments de l\u2019escola organitzen al llarg del curs diverses activitats culturals dins i\/o fora de l\u2019escola, b\u00e9 de manera coordinada entre els dos departaments o b\u00e9 espec\u00edfiques d\u2019un dels dos departaments. Es recorda a l\u2019alumnat que l\u2019assist\u00e8ncia a aquestes activitats \u00e9s igualment obligat\u00f2ria i que en cas de no assistir-hi es comptabilitzar\u00e0 com una abs\u00e8ncia no justificada.<\/p>\n<p><strong>Menors<\/strong><\/p>\n<p>Els estudiants menors de 18 anys han de presentar una justificaci\u00f3, signada pels pares o tutors, de les faltes d\u2019assist\u00e8ncia. En cas de saber que es faltar\u00e0 amb anterioritat cal portar el justificant abans. El professor\/a informar\u00e0 els adults responsables immediatament quan es produeixi un retard o una falta d\u2019assist\u00e8ncia no justificada. Aix\u00ed mateix durant la primera setmana de classe els alumnes menors d\u2019edat hauran de retornar als seus professors el document \u201cAutoritzaci\u00f3\u00a0 Horari Menors\u201d degudament signat.<\/p>\n<p><a href=\"http:\/\/agora-eoi.xtec.cat\/eoiviladecans\/wp-content\/uploads\/usu2253\/2017\/07\/Justificant_abs\u00e8ncies_retards_menors.pdf\" target=\"_blank\" rel=\"noopener noreferrer\">Document justificatiu abs\u00e8ncies menors d\u2019edat<\/a><\/p>\n<p><strong>Canvi d\u2019horari i permutes<br \/>\n<\/strong><br \/>\nEls alumnes que vulguin canviar el seu horari presentaran una sol\u2022licitud durant el mes d\u2019octubre. Hauran de justificar la necessitat de canvi. En cas de canvis d\u2019horari justificats durant el curs es presentar\u00e0 una sol\u2022licitud\u00a0 a secretaria que comunicar\u00e0 a l\u2019estudiant l\u2019acceptaci\u00f3 del canvi quan hi hagi vacants a l\u2019horari sol\u2022licitat.<\/p>\n<p><a title=\"Sol\u00b7licitud canvi d'horari\" href=\"http:\/\/agora-eoi.xtec.cat\/eoiviladecans\/wp-content\/uploads\/usu2253\/2017\/07\/Sol\u00b7licitud_canvi_horari.pdf\" target=\"_blank\" rel=\"noopener noreferrer\">Sol\u00b7licitud canvi d\u2019horari<\/a><\/p>\n<p>Es facilitar\u00e0 l\u2019organitzaci\u00f3 de les permutes mitjan\u00e7ant un tauler d\u2019anuncis. Si els alumnes interessats troben alg\u00fa amb qui fer la permuta d\u2019horari, hauran de presentar la documentaci\u00f3 dels implicats (DNI original o fotoc\u00f2pia) a la secretaria de l\u2019escola. El termini per efectuar les permutes ser\u00e0 el 31 d\u2019octubre.<\/p>\n<p><a title=\"Aceptaci\u00f3_p\u00e8rmuta\" href=\"http:\/\/agora-eoi.xtec.cat\/eoiviladecans\/wp-content\/uploads\/usu2253\/2017\/07\/Acceptaci\u00f3_permuta.pdf\" target=\"_blank\" rel=\"noopener noreferrer\">Acceptaci\u00f3 permuta<\/a><\/p>\n<p><strong>Trasllat de l\u2019alumne\/a durant el curs<\/strong><\/p>\n<p>Si despr\u00e9s de formalitzar la matr\u00edcula en un centre un alumne demana poder continuar el curs en un altre centre, el trasllat s\u2019anomena trasllat de matr\u00edcula viva. El termini per efectuar trasllats de matr\u00edcula viva finalitzar\u00e0 l\u2019\u00faltim dia lectiu de mes de febrer.<\/p>\n<p>El termini per efectuar trasllats finalitzar\u00e0 el 28 de febrer per als cursos anuals i el 30 de novembre per als cursos flexibilitzats del primer quadrimestre i el 22 de mar\u00e7 per als cursos flexibilitzats del segon quadrimestre.<br \/>\nLa sol\u00b7licitud de matr\u00edcula es far\u00e0 al centre de destinaci\u00f3 mitjan\u00e7ant el model Sol\u00b7licitud de trasllat d\u2019expedient i quedar\u00e0 condicionada a la disponibilitat de places en aquest centre. La documentaci\u00f3 que caldr\u00e0 aportar ser\u00e0 el full de pagament de la matr\u00edcula efectuada en el centre d\u2019origen. En el moment de produir-se una vacant, l\u2019EOI de destinaci\u00f3 ho comunicar\u00e0 al sol.licitant. L\u2019EOI de destinaci\u00f3 tramitar\u00e0 d\u2019ofici el trasllat d\u2019expedient de l\u2019alumne\/a. En cas de no haver-hi vacants en l\u2019EOI de destinaci\u00f3, s\u2019obrir\u00e0 una llista d\u2019espera on els sol\u00b7licitants han de poder indicar els grups i horaris desitjats.<\/p>\n<p><a href=\"http:\/\/agora-eoi.xtec.cat\/eoiviladecans\/wp-content\/uploads\/usu2253\/2017\/07\/Sol_trasllat_expedient.pdf\" target=\"_blank\" rel=\"noopener noreferrer\">Formulari de sol\u00b7licitud de trasllat d\u2019expedient.<\/a><\/p>\n<\/div>\n","protected":false},"excerpt":{"rendered":"<p>Ren\u00fancia<\/p>\n<p>L\u2019alumne oficial podr\u00e0 presentar al director de l\u2019escola la ren\u00fancia a la matriculaci\u00f3 en un idioma en un termini que acabar\u00e0 el dia 31 d\u2019octubre per als cursos extensius i el 30 de novembre per als intensius i el 26 d&#8217;octubre per als flexibilitzats del&hellip;  <a href=\"https:\/\/agora-eoi.xtec.cat\/eoiviladecans\/gestions-administratives\/normativa\/\" title=\"Read Normativa\">Llegeix m\u00e9s\u00bb<\/a><\/p>\n","protected":false},"author":1,"featured_media":0,"parent":8358,"menu_order":2,"comment_status":"closed","ping_status":"closed","template":"page-templates\/side-menu.php","meta":{"_bbp_topic_count":0,"_bbp_reply_count":0,"_bbp_total_topic_count":0,"_bbp_total_reply_count":0,"_bbp_voice_count":0,"_bbp_anonymous_reply_count":0,"_bbp_topic_count_hidden":0,"_bbp_reply_count_hidden":0,"_bbp_forum_subforum_count":0,"footnotes":""},"class_list":["post-8906","page","type-page","status-publish","hentry"],"post_mailing_queue_ids":[],"_links":{"self":[{"href":"https:\/\/agora-eoi.xtec.cat\/eoiviladecans\/wp-json\/wp\/v2\/pages\/8906","targetHints":{"allow":["GET"]}}],"collection":[{"href":"https:\/\/agora-eoi.xtec.cat\/eoiviladecans\/wp-json\/wp\/v2\/pages"}],"about":[{"href":"https:\/\/agora-eoi.xtec.cat\/eoiviladecans\/wp-json\/wp\/v2\/types\/page"}],"author":[{"embeddable":true,"href":"https:\/\/agora-eoi.xtec.cat\/eoiviladecans\/wp-json\/wp\/v2\/users\/1"}],"replies":[{"embeddable":true,"href":"https:\/\/agora-eoi.xtec.cat\/eoiviladecans\/wp-json\/wp\/v2\/comments?post=8906"}],"version-history":[{"count":3,"href":"https:\/\/agora-eoi.xtec.cat\/eoiviladecans\/wp-json\/wp\/v2\/pages\/8906\/revisions"}],"predecessor-version":[{"id":9040,"href":"https:\/\/agora-eoi.xtec.cat\/eoiviladecans\/wp-json\/wp\/v2\/pages\/8906\/revisions\/9040"}],"up":[{"embeddable":true,"href":"https:\/\/agora-eoi.xtec.cat\/eoiviladecans\/wp-json\/wp\/v2\/pages\/8358"}],"wp:attachment":[{"href":"https:\/\/agora-eoi.xtec.cat\/eoiviladecans\/wp-json\/wp\/v2\/media?parent=8906"}],"curies":[{"name":"wp","href":"https:\/\/api.w.org\/{rel}","templated":true}]}}