{"id":8890,"date":"2023-06-26T09:00:17","date_gmt":"2023-06-26T07:00:17","guid":{"rendered":"http:\/\/agora-eoi.xtec.cat\/eoiviladecans\/?page_id=8890"},"modified":"2026-02-11T12:18:19","modified_gmt":"2026-02-11T11:18:19","slug":"oferta-educativa","status":"publish","type":"page","link":"https:\/\/agora-eoi.xtec.cat\/eoiviladecans\/lescola\/oferta-educativa\/","title":{"rendered":"Oferta educativa"},"content":{"rendered":"<h2>Curs 2025-26<\/h2>\n<p><strong>Als espais de l&#8217;EOI a Viladecans pots obtenir tots els certificats oficials d&#8217;angl\u00e8s: A2, B1, B2, C1 i C2, alemany A2, B1 i B2, franc\u00e8s A2, B1 i B2 i al <a href=\"https:\/\/www.google.com\/maps\/place\/Instituto+P%C3%BAblico+Marianao\/@41.3493794,2.0230565,15z\/data=!4m5!3m4!1s0x0:0x58d4d335637bcc86!8m2!3d41.3493787!4d2.0230893\" target=\"_blank\" rel=\"noopener\">CPD a Sant Boi de Llobregat<\/a> els certificats d&#8217;angl\u00e8s A2, B1 i B2<br \/>\n<\/strong><\/p>\n<p><strong>Angl\u00e8s<\/strong>: A2, B1, B2.1, B2.2 i C1, C2.1 i C2.2 (Certificats A2, B1, B2, C1 i C2)<\/p>\n<p><strong>Franc\u00e8s<\/strong>: A1, A2, B1, B2.1 i B2.2. (Certificats A2, B1 i B2)<\/p>\n<p><strong>Alemany<\/strong>: A1.A, A1.B, A2.A, A2.B, B1.A, B1.B, B2.1.A, B2.1.B, B2.2.A i B2.2.B (modalitat flexibilitzada). (Certificats A2, B1 i B2)<\/p>\n<p><strong>Distribuci\u00f3 de grups i horaris per al curs 2025-26<\/strong><\/p>\n<p><strong>ANGL\u00c8S &#8211; Oferta als espais de l&#8217;EOI de Viladecans a Viladecans<br \/>\n<\/strong><\/p>\n<p><span style=\"color: #000000;\"><strong>A2: En superar aquest curs s&#8217;obt\u00e9 el certificat oficial de nivell A2<\/strong><\/span><\/p>\n<p><span style=\"color: #000000;\">ANA2-DL16:30: Dilluns \/ dimecres de 16:30 a 18:45 hores. <strong>Marina Nigi<\/strong>. Aula 3<\/span><br \/>\n<span style=\"color: #000000;\">ANA2-DL18:45: Dilluns \/ dimecres de 18:45 a 21:00 hores. <strong>Marina Nigi<\/strong>. Aula 3<\/span><\/p>\n<p><span style=\"color: #000000;\"><strong>B1: En superar aquest curs s&#8217;obt\u00e9 el certificat oficial de nivell B1<\/strong><\/span><\/p>\n<p><span style=\"color: #000000;\">ANB1-DT16:30: Dimarts \/ dijous de 16:30 a 18:45 hores <strong>Francisco Redondo<\/strong>. Aula 3<\/span><br \/>\n<span style=\"color: #000000;\">ANB1-DT18:45: Dimarts \/ dijous de 18:45 a 21:00 hores <strong>Francisco Redondo<\/strong>. Aula 3<\/span><\/p>\n<p><span style=\"color: #ffffff;\"><strong><span style=\"color: #000000;\">B2.1<\/span><\/strong><\/span><\/p>\n<p><span style=\"color: #000000;\">ANB2.1-DT 16:30: Dimarts \/ dijous de 16:30 a 18:45 hores. <strong>Rafael Mont\u00f3n<\/strong>. Aula audiovisuals.\u00a0<\/span><br \/>\n<span style=\"color: #000000;\">ANB2.1-DL 16:30: Dilluns \/ dimecres de 16:30 a 18:45 hores. <strong>Nuria Gallardo.\u00a0<\/strong>Aula 5<br \/>\nANB2.1-DL 18:45: Dilluns \/ dimecres de 18:45 a 21:00 hores. <strong>Nuria Gallardo.\u00a0<\/strong>Aula 5<br \/>\n<\/span><\/p>\n<p><span style=\"color: #000000;\"><strong><span style=\"color: #000000;\">B2.2: En superar aquest curs s&#8217;obt\u00e9 el certificat oficial de nivell B2<\/span><\/strong><\/span><\/p>\n<p><span style=\"color: #000000;\">ANB2.2- DT16:30: Dimarts \/ dijous de 16:30 a 18:45 hores. <strong>Nuria Gallardo.\u00a0<\/strong>Aula 5<br \/>\nANB2.2 -DT 18:45: Dimarts \/ dijous de 18:45 a 21:00 hores. <strong>Nuria Gallardo.\u00a0<\/strong>Aula 5<\/span><br \/>\n<span style=\"color: #000000;\">ANB2.2-DL18:45: Dilluns \/ dimecres de 18:45 a 21:00 hores <strong>Rosaura Gonz\u00e1lez<\/strong> Aula 2 <span style=\"color: #0000ff;\">*<strong>Curs semipresencial. La sessi\u00f3 presencial es far\u00e0 en dimecres, excepte la primera setmana de classe que hi haur\u00e0 sessi\u00f3 presencial tant dilluns com dimecres.\u00a0<\/strong><\/span><\/span><\/p>\n<p><span style=\"color: #000000;\"><strong>C1<\/strong>: <strong>En superar aquest curs s&#8217;obt\u00e9 el certificat oficial de nivell C1<\/strong><\/span><\/p>\n<p><span style=\"color: #ffffff;\"><span style=\"color: #000000;\">ANC1-DL 16:30: Dilluns \/ dimecres de 16:30 a 18:45 hores. <strong>Raquel Mu\u00f1oz<\/strong>. Aula 1<\/span><br \/>\n<span style=\"color: #000000;\">ANC1-DL 18:45: Dilluns \/ dimecres de 18:45 a 21:00 hores <strong>Rodrigo Alonso<\/strong> Aula 1<\/span><span style=\"color: #0000ff;\">\u00a0*<strong>Curs semipresencial. <span style=\"color: #0000ff;\">La sessi\u00f3 presencial es far\u00e0 en dimecres, excepte la primera setmana de classe que hi haur\u00e0 sessi\u00f3 presencial tant dilluns com dimecres.\u00a0<\/span><\/strong><\/span><\/span><\/p>\n<p><span style=\"color: #000000;\"><strong>C2.1<\/strong><\/span><\/p>\n<p><span style=\"color: #000000;\">ANC2.1-DT 18:45: Dimarts \/ dijous de 18:45 a 21:00 hores.<strong> Marina Checa<\/strong>. Aula 1. <span style=\"color: #0000ff;\">*<strong>Curs semipresencial. La sessi\u00f3 presencial es far\u00e0 en dijous, excepte la primera setmana de classe que hi haur\u00e0 sessi\u00f3 presencial tant dimarts com dijous.\u00a0<\/strong><\/span><\/span><\/p>\n<p><span style=\"color: #000000;\"><strong>C2.2: En superar aquest curs s&#8217;obt\u00e9 el certificat oficial de nivell C2<\/strong><\/span><\/p>\n<p><span style=\"color: #000000;\">ANC2.1-DT 18:45: Dimarts \/ dijous de 18:45 a 21:00 hores. <strong>Rafael Mont\u00f3n<\/strong>. Aula audiovisuals. <span style=\"color: #0000ff;\">*<strong>Curs semipresencial. La sessi\u00f3 presencial es far\u00e0 en dijous, excepte la primera setmana de classe que hi haur\u00e0 sessi\u00f3 presencial tant dimarts com dijous.\u00a0<\/strong><\/span><\/span><\/p>\n<p><span style=\"color: #000000;\">* Els cursos <span style=\"color: #0000ff;\"><strong>semipresencials<\/strong><\/span> t<\/span>enen la mateixa c\u00e0rrega lectiva total que la resta de cursos (130 h). Es fa una \u00fanica sessi\u00f3 presencial a la setmana (2 hores i 15 minuts), m\u00e9s un enc\u00e0rrec de feina setmanal\u00a0 (de 2 hores i 15 minuts m\u00e9s). L&#8217;enc\u00e0rrec de feina que complementa la sessi\u00f3 presencial consisteix en un seguit d&#8217;activitats telem\u00e0tiques programades i tutoritzades que l&#8217;alumnat <span style=\"color: #0000ff;\"><strong>haur\u00e0 de realitzar de manera obligat\u00f2ria<\/strong><\/span> per complementar les activitats fetes presencialment. <span style=\"color: #0000ff;\"><strong>Les hores no presencials no es faran\u00a0per videoconfer\u00e8ncia<\/strong><\/span> sin\u00f3 que consten d&#8217;activitats\u00a0 guiades pel professorat que l&#8217;alumnat far\u00e0 de manera aut\u00f2noma i que cal tenir fetes abans de la seg\u00fcent sessi\u00f3 presencial.<\/p>\n<p><strong>ANGL\u00c8S &#8211; Oferta al Centre P\u00fablic Delegat (CPD de Sant Boi de Llobregat) als espais de l&#8217;Institut Marianao.<\/strong><\/p>\n<p><strong>B1: En superar aquest curs s&#8217;obt\u00e9 el certificat oficial de nivell B1<\/strong><\/p>\n<p>ANB1-DL 16:30: Dilluns\/dimecres de 16:30 a 18:45 hores. <span style=\"color: #000000;\"><strong>Marina Checa<\/strong>. Aula 3<\/span><br \/>\nANB1-DL 18:45: Dilluns \/ dimecres 18:45 a 21:00 hores. <span style=\"color: #000000;\"><strong>Marina Checa<\/strong>. Aula 3<\/span><\/p>\n<p><strong>B2.1<\/strong><\/p>\n<p>ANB2.1-DL 16:30: Dimarts \/ dijous de 16:30 a 18:45 hores. <strong><span style=\"color: #000000;\">Marina Nigi<\/span><\/strong>. Aula 3<br \/>\nANB2.1-DL 18:45: Dimarts \/ dijous 18:45 a 21:00 hores.<strong> <span style=\"color: #000000;\">Marina Nigi<\/span>. <\/strong>Aula 3<\/p>\n<p><strong>B2.2<\/strong><\/p>\n<p>ANB2.2-DT 16:30: Dimarts \/ dijous de 16:30 a 18:45 hores. <span style=\"color: #ffffff;\"><span style=\"color: #000000;\"><strong>Raquel Mu\u00f1oz<\/strong>. Aula 4<\/span><\/span><br \/>\nANB2.2-DT 18:45: Dimarts \/ dijous de 18:45 a 21:00 hores. <span style=\"color: #ffffff;\"><span style=\"color: #000000;\"><strong>Raquel Mu\u00f1oz<\/strong>. Aula 4<\/span><\/span><\/p>\n<p><strong>FRANC\u00c8S<br \/>\n<\/strong><br \/>\n<strong>A1<br \/>\n<\/strong><\/p>\n<p>FRA1-DL 16.30: Dilluns \/ dimecres de 16:30 a 18:45 hores. <strong>Aitor Jim\u00e9nez<\/strong> <a href=\"https:\/\/agora.xtec.cat\/iesdesales\/linstitut\/on-som\/\" target=\"_blank\" rel=\"noopener\">Institut de Sales de Viladecans\u00a0\u00a0<\/a><br \/>\nFRA1-DL 18:45: Dilluns \/ dimecres de 18:45 a 21:00 hores. <strong>Aitor Jim\u00e9nez<\/strong>\u00a0<a href=\"https:\/\/agora.xtec.cat\/iesdesales\/linstitut\/on-som\/\" target=\"_blank\" rel=\"noopener\">Institut de Sales de Viladecans\u00a0<\/a><\/p>\n<p><strong>A2 <\/strong><strong>En superar aquest curs s&#8217;obt\u00e9 el certificat oficial de nivell A2<br \/>\n<\/strong><\/p>\n<p>FRA2-DL 16:30: Dilluns \/ dimecres de 16:30 a 18:45 hores. <strong>Silvina Cassarino<\/strong>\u00a0Aula 3<br \/>\nFRA2-DL 18:45: Dilluns \/ dimecres de 18:45 a 21:00 hores. <strong>Silvina Cassarino<\/strong><strong>.\u00a0<\/strong> Aula 3<\/p>\n<p><strong>B1: En superar aquest curs s&#8217;obt\u00e9 el certificat oficial de nivell B1<br \/>\n<\/strong><br \/>\nFRB1-DT 18.45: Dimarts \/ dijous de 18:45 a 21:00 hores <strong>Silvina Cassarino<\/strong><strong>\u00a0<\/strong>Aula 0<\/p>\n<p><strong>B2.1<br \/>\n<\/strong><\/p>\n<p>FRB2.1-DT 16:30\u00a0 Dimarts \/ dijous de 16:30 a 18:45 hores <strong>Silvina Cassarino<\/strong><strong>\u00a0<\/strong>Aula 0<\/p>\n<p><strong>B2.2: En superar aquest curs s&#8217;obt\u00e9 el certificat oficial de nivell B2<br \/>\n<\/strong><\/p>\n<p>FRB2.2-DT 18:45: Dimarts \/ dijous de 18:45 a 21:00 hores <strong>Aitor Jim\u00e9nez<\/strong><strong>\u00a0<\/strong>Aula 2<\/p>\n<p><strong>ALEMANY<\/strong><\/p>\n<p><strong><a name=\"2n Quadrimestre\"><\/a>2n Quadrimestre<br \/>\n<\/strong><\/p>\n<p><span style=\"color: #000000;\"><strong>A1.A<\/strong><\/span><\/p>\n<p><span style=\"color: #000000;\">AL A1.1 DL 18:45: Dilluns \/ dimecres de 18:45 a 21:00 hores. <strong>Susana Litr\u00e1n<\/strong><strong>\u00a0<\/strong>Aula 0<\/span><\/p>\n<p><span style=\"color: #000000;\"><strong>A1.B<\/strong><\/span><\/p>\n<p><span style=\"color: #000000;\">ALA1B-DT 16:30: Dimarts \/ dijous de 16:30 a 18:45 hores. <strong>Susana Litr\u00e1n<\/strong> <a style=\"color: #000000;\" title=\"Mapa Ins Miramar Viladecans\" href=\"https:\/\/www.google.com\/maps\/place\/Centre+de+Formaci%C3%B3+d'Adults+Edelia+Hern%C3%A1ndez+de+Viladecans\/@41.30973,2.01388,15z\/data=!4m2!3m1!1s0x0:0xb6b29fb03f07e750?sa=X&amp;ved=2ahUKEwivweHAx57dAhWSbFAKHf8hBQIQ_BIwCnoECAoQCw\" target=\"_blank\" rel=\"noopener noreferrer\">(Aquest grup far\u00e0 les classes al CFA Ed\u00e8lia Hern\u00e1ndez.)<\/a><\/span><br \/>\n<span style=\"color: #000000;\">ALA1B-DT 18:45: Dimarts \/ dijous de 18:45 a 21:00 hores. <strong>Susana Litr\u00e1n<\/strong> <a style=\"color: #000000;\" title=\"Mapa Ins Miramar Viladecans\" href=\"https:\/\/www.google.com\/maps\/place\/Centre+de+Formaci%C3%B3+d'Adults+Edelia+Hern%C3%A1ndez+de+Viladecans\/@41.30973,2.01388,15z\/data=!4m2!3m1!1s0x0:0xb6b29fb03f07e750?sa=X&amp;ved=2ahUKEwivweHAx57dAhWSbFAKHf8hBQIQ_BIwCnoECAoQCw\" target=\"_blank\" rel=\"noopener noreferrer\">(Aquest grup far\u00e0 les classes al CFA Ed\u00e8lia Hern\u00e1ndez<\/a><a style=\"color: #000000;\" title=\"Mapa Ins Miramar Viladecans\" href=\"https:\/\/www.google.com\/maps\/place\/Centre+de+Formaci%C3%B3+d'Adults+Edelia+Hern%C3%A1ndez+de+Viladecans\/@41.30973,2.01388,15z\/data=!4m2!3m1!1s0x0:0xb6b29fb03f07e750?sa=X&amp;ved=2ahUKEwivweHAx57dAhWSbFAKHf8hBQIQ_BIwCnoECAoQCw\" target=\"_blank\" rel=\"noopener noreferrer\">. )<\/a><\/span><\/p>\n<p><span style=\"color: #000000;\"><strong>A2.A<br \/>\n<\/strong><\/span><\/p>\n<p><span style=\"color: #000000;\">ALA2A-DL: 18:45: Dilluns \/ dimecres de 18:45 a 21:000 hores. <strong>Estefania Rodr\u00edguez<\/strong><strong>\u00a0<\/strong>Aula 6<\/span><\/p>\n<p><span style=\"color: #000000;\"><strong>A2.B: En superar aquest curs s&#8217;obt\u00e9 el certificat oficial de nivell A2<\/strong><\/span><\/p>\n<p><span style=\"color: #000000;\">ALA2B-DT 18:45: Dimarts \/ dijous de 16:30 a 18:45 hores. <strong>Gustavo Garc\u00eda<\/strong><strong>\u00a0<\/strong>Aula 4<\/span><\/p>\n<p><span style=\"color: #000000;\"><strong>B1.A<\/strong><\/span><\/p>\n<p><span style=\"color: #000000;\">ALB1A-DT 16:30: Dimarts \/ dijous de 16:30 a 18:45 hores.. <strong>Estefania Rodr\u00edguez<\/strong><strong>\u00a0<\/strong>Aula 6<\/span><\/p>\n<p><span style=\"color: #000000;\"><strong>B1.B: En superar aquest curs s&#8217;obt\u00e9 el certificat oficial de nivell B1<\/strong><\/span><\/p>\n<p><span style=\"color: #000000;\">ALB1B-DT 18:45: Dimarts \/ dijous de 18:45 a 21:00 hores. <strong>Estefania Rodr\u00edguez<\/strong><strong>\u00a0<\/strong>Aula 6<\/span><\/p>\n<p><span style=\"color: #000000;\"><strong>B2.1.A<br \/>\n<\/strong><\/span><\/p>\n<p><span style=\"color: #000000;\">ALB21A-DL 16:30: Dilluns \/ dimecres de 16:30 a 18:45 hores. <strong>Susana Litr\u00e1n<\/strong> Aula 0<\/span><\/p>\n<p><span style=\"color: #000000;\"><strong>B2.1.B<\/strong><\/span><\/p>\n<p><span style=\"color: #000000;\">ALB2.1B-DT 18:45: Dimarts \/ dijous de 18:45 a 21:00 hores. <strong>Gustavo Garc\u00eda<\/strong><strong>\u00a0<\/strong>Aula 4<\/span><\/p>\n<p><span style=\"color: #000000;\"><strong>B2.2.A<br \/>\n<\/strong><\/span><\/p>\n<p><span style=\"color: #000000;\">ALB2.2A-DL 18:45: Dilluns \/ dimecres de 18:45 a 21:00 hores. <strong>Gustavo Garc\u00eda<\/strong><strong>\u00a0<\/strong>Aula 4<\/span><\/p>\n<p><span style=\"color: #000000;\"><strong>B2.2.B:\u00a0 En superar aquest curs s&#8217;obt\u00e9 el certificat oficial de nivell B2<br \/>\n<\/strong><\/span><\/p>\n<p><span style=\"color: #000000;\">ALB2.2B-DL 16:30: Dilluns \/ dimecres de 16:30 a 18:45 hores. <strong>Gustavo Garc\u00eda<\/strong><strong>\u00a0<\/strong>Aula 4<\/span><\/p>\n","protected":false},"excerpt":{"rendered":"<p>Curs 2025-26<br \/>\nAls espais de l&#8217;EOI a Viladecans pots obtenir tots els certificats oficials d&#8217;angl\u00e8s: A2, B1, B2, C1 i C2, alemany A2, B1 i B2, franc\u00e8s A2, B1 i B2 i al <a href=\"https:\/\/www.google.com\/maps\/place\/Instituto+P%C3%BAblico+Marianao\/@41.3493794,2.0230565,15z\/data=!4m5!3m4!1s0x0:0x58d4d335637bcc86!8m2!3d41.3493787!4d2.0230893\" target=\"_blank\" rel=\"noopener\">CPD a Sant Boi de Llobregat<\/a> els certificats d&#8217;angl\u00e8s A2,&hellip;  <a href=\"https:\/\/agora-eoi.xtec.cat\/eoiviladecans\/lescola\/oferta-educativa\/\" title=\"Read Oferta educativa\">Llegeix m\u00e9s\u00bb<\/a><\/p>\n","protected":false},"author":1,"featured_media":0,"parent":806,"menu_order":3,"comment_status":"closed","ping_status":"closed","template":"page-templates\/side-menu.php","meta":{"_bbp_topic_count":0,"_bbp_reply_count":0,"_bbp_total_topic_count":0,"_bbp_total_reply_count":0,"_bbp_voice_count":0,"_bbp_anonymous_reply_count":0,"_bbp_topic_count_hidden":0,"_bbp_reply_count_hidden":0,"_bbp_forum_subforum_count":0,"footnotes":""},"class_list":["post-8890","page","type-page","status-publish","hentry"],"post_mailing_queue_ids":[],"_links":{"self":[{"href":"https:\/\/agora-eoi.xtec.cat\/eoiviladecans\/wp-json\/wp\/v2\/pages\/8890","targetHints":{"allow":["GET"]}}],"collection":[{"href":"https:\/\/agora-eoi.xtec.cat\/eoiviladecans\/wp-json\/wp\/v2\/pages"}],"about":[{"href":"https:\/\/agora-eoi.xtec.cat\/eoiviladecans\/wp-json\/wp\/v2\/types\/page"}],"author":[{"embeddable":true,"href":"https:\/\/agora-eoi.xtec.cat\/eoiviladecans\/wp-json\/wp\/v2\/users\/1"}],"replies":[{"embeddable":true,"href":"https:\/\/agora-eoi.xtec.cat\/eoiviladecans\/wp-json\/wp\/v2\/comments?post=8890"}],"version-history":[{"count":6,"href":"https:\/\/agora-eoi.xtec.cat\/eoiviladecans\/wp-json\/wp\/v2\/pages\/8890\/revisions"}],"predecessor-version":[{"id":11056,"href":"https:\/\/agora-eoi.xtec.cat\/eoiviladecans\/wp-json\/wp\/v2\/pages\/8890\/revisions\/11056"}],"up":[{"embeddable":true,"href":"https:\/\/agora-eoi.xtec.cat\/eoiviladecans\/wp-json\/wp\/v2\/pages\/806"}],"wp:attachment":[{"href":"https:\/\/agora-eoi.xtec.cat\/eoiviladecans\/wp-json\/wp\/v2\/media?parent=8890"}],"curies":[{"name":"wp","href":"https:\/\/api.w.org\/{rel}","templated":true}]}}