{"id":8887,"date":"2017-07-19T12:27:56","date_gmt":"2017-07-19T10:27:56","guid":{"rendered":"http:\/\/agora-eoi.xtec.cat\/eoiviladecans\/?page_id=8887"},"modified":"2018-09-04T08:47:30","modified_gmt":"2018-09-04T06:47:30","slug":"que-es-una-eoi","status":"publish","type":"page","link":"https:\/\/agora-eoi.xtec.cat\/eoiviladecans\/lescola\/que-es-una-eoi\/","title":{"rendered":"Qu\u00e8 \u00e9s una EOI"},"content":{"rendered":"<p><strong>Qu\u00e8 \u00e9s una EOI<\/strong><br \/>\nLes Escoles Oficials d\u2019Idiomes s\u00f3n centres p\u00fablics d\u2019ensenyament d\u2019idiomes moderns a nivell no universitari, en r\u00e8gim oficial -presencial o a dist\u00e0ncia, Institut Obert de Catalunya (IOC-Idiomes)<\/p>\n<p>Marc legal<\/p>\n<p>Els ensenyaments de les EOI a Catalunya s\u2019inscriuen en el marc legal administratiu establert en els seg\u00fcents documents:<\/p>\n<p>Llei org\u00e0nica 2\/2006, de 3 de maig<br \/>\nLlei 12\/2009, de 10 de juliol (DOGC n\u00fam. 5422, de 16.07.2009)<br \/>\nDecret 4\/2009, de 13 de gener, pel qual s\u2019estableix l\u2019ordenaci\u00f3 curricular del primer nivell dels ensenyaments d\u2019idiomes. (DOGC n\u00fam. 5297, de 15.01.2009)<br \/>\nResoluci\u00f3 per la qual es donen instruccions per a l\u2019organitzaci\u00f3 i funcionament de les Escoles Oficials d\u2019Idiomes.<br \/>\nPla d\u2019estudis<\/p>\n<p>Els ensenyaments especialitzats d\u2019idiomes a les Escoles Oficials d\u2019Idiomes s\u2019imparteixen en 5 cursos d\u2019una durada de 130 hores cadascun, distribu\u00efts en 3 nivells:<\/p>\n<p>Nivell B\u00e0sic (A2), amb una durada de 2 cursos<br \/>\nNivell Intermedi (B1), amb una durada d\u2019un curs<br \/>\nNivel Intermedi (B2), amb una durada de 2 cursos<br \/>\nNivell Avan\u00e7at (C1), amb una durada d\u2019un curs<br \/>\nEls nivells b\u00e0sic, intermedi i avan\u00e7at dels ensenyaments d\u2019idiomes tenen com a refer\u00e8ncia les compet\u00e8ncies pr\u00f2pies dels nivells A2, B1, B2 i C1, respectivament, del Consell d\u2019Europa, segons es deineixen aquests nivells en el Marc Europeu Com\u00fa de Refer\u00e8ncia per a les Lleng\u00fces.<\/p>\n<p>La finalitat d\u2019aquests ensenyaments d\u2019idiomes \u00e9s la capacitaci\u00f3 de l\u2019alumnat<br \/>\nper al seu \u00fas adequat, fora de les etapes ordin\u00e0ries del sistema educatiu.<\/p>\n<p>Aquests ensenyaments estan destinats al foment del pluriling\u00fcisme en la<br \/>\nsocietat catalana, prioritzant les necessitats dels ciutadans i de les ciutadanes, en la seva vida adulta, tant pel que fa a l\u2019adquisici\u00f3 o perfeccionament del coneixement d\u2019idiomes com a la certificaci\u00f3 dels seus nivells de compet\u00e8ncia en l\u2019\u00fas d\u2019aquests idiomes.<\/p>\n<p>Per assolir aquesta finalitat, a les EOI es treballa per tal que l\u2019alumnat:<\/p>\n<p>Adquereixi les habilitats b\u00e0siques receptives i productives, tant del llenguatge oral com de l\u2019escrit.<br \/>\nDesenvolupi estrat\u00e8gies comunicatives en diferents \u00e0rees de comunicaci\u00f3<br \/>\nDesenvolupi estrat\u00e8gies per a l\u2019aprenentatge aut\u00f2nom i continu de lleng\u00fces, que puguin facilitar l\u2019\u00fas de l\u2019idioma en l\u2019exercici d\u2019activitats professionals i en altres \u00e0mbits de la cultura o d\u2019inter\u00e8s personal<br \/>\nDesenvolupi actituds positives envers la diversitat ling\u00fc\u00edstica i el pluralisme cultural del m\u00f3n actual.<br \/>\nTitulaci\u00f3<\/p>\n<p>Les escoles oficials d\u2019idiomes gestionen i administren les proves per obtenir tres certificats oficials:<\/p>\n<p>el certificat de nivell b\u00e0sic (A2), en assolir els objectius del nivell b\u00e0sic<br \/>\nel certificat de nivell intermedi (B1 i B2), en assolir els objectius del nivell intermedi<br \/>\nel certificat de nivell avan\u00e7at (C1), en assolir els objectius del nivell avan\u00e7at<br \/>\nLes proves de certificaci\u00f3 consten de quatre\/cinc parts, que garanteixen una avaluaci\u00f3 completa dels diferents aspectes de la compet\u00e8ncia comunicativa de cada candidat o candidata:<\/p>\n<p>comprensi\u00f3 oral<br \/>\ncomprensi\u00f3 escrita<br \/>\n\u00fas de la llengua (aquesta part no apareix a la prova de cerificat avan\u00e7at C1)<br \/>\nexpressi\u00f3 i interacci\u00f3 escrita<br \/>\nexpressi\u00f3 i interacci\u00f3 oral<br \/>\nAmbd\u00f3s poden obtenir-se en r\u00e8gim lliure d\u2019acord amb les convocat\u00f2ries que estableixi el Departament d\u2019Ensenyament.<\/p>\n<p>Horaris<\/p>\n<p>A les Escoles Oficials d\u2019Idiomes, hi ha diverses modalitats d\u2019horari per estudiar les diferents lleng\u00fces:<\/p>\n<p>Diari: classes di\u00e0ries de dilluns a divendres, d\u2019una hora.<br \/>\nAltern: classes en dies alterns, de 2 hores i 15 minuts i divendres espec\u00edfics.<br \/>\nFlexibilitzat: organitzat per quadrimestres i amb cada curs dividit en dos blocs, A i B.<br \/>\nIntensiu: classes di\u00e0ries de dilluns a divendres, de 2 hores de duraci\u00f3.<br \/>\nNo totes les EOI ofereixen totes les modalitats d\u2019horari.<\/p>\n<p>A m\u00e9s de les classes d\u2019idiomes, els alumnes poden trobar en el conjunt de les diferents EOI aquests serveis:<\/p>\n<p>Laboratoris d\u2019idiomes<br \/>\nSales de v\u00eddeo<br \/>\nAntena parab\u00f2lica<br \/>\nSala de lectura<br \/>\nBiblioteca<br \/>\nSala de cinema i sala d\u2019actes<br \/>\nCentre d\u2019autoaprenentatge<br \/>\nGrups de conversa<br \/>\nCursos monogr\u00e0fics<br \/>\nCursos intensius de juliol<br \/>\nNo totes les EOI ofereixen tots aquests serveis.<\/p>\n<p>EOI de Catalunya<\/p>\n<p>En aquesta <a href=\"http:\/\/queestudiar.gencat.cat\/ca\/estudis\/idiomes\/\">p\u00e0gina web<\/a> trobareu informaci\u00f3 relativa a les EOI de Catalunya i altres informacions d\u2019inter\u00e8s.<\/p>\n","protected":false},"excerpt":{"rendered":"<p>Qu\u00e8 \u00e9s una EOI<br \/>\nLes Escoles Oficials d\u2019Idiomes s\u00f3n centres p\u00fablics d\u2019ensenyament d\u2019idiomes moderns a nivell no universitari, en r\u00e8gim oficial -presencial o a dist\u00e0ncia, Institut Obert de Catalunya (IOC-Idiomes)<br \/>\nMarc legal<br \/>\nEls ensenyaments de les EOI a Catalunya s\u2019inscriuen en el marc legal administratiu establert en els&hellip;  <a href=\"https:\/\/agora-eoi.xtec.cat\/eoiviladecans\/lescola\/que-es-una-eoi\/\" title=\"Read Qu\u00e8 \u00e9s una EOI\">Llegeix m\u00e9s\u00bb<\/a><\/p>\n","protected":false},"author":1,"featured_media":0,"parent":806,"menu_order":1,"comment_status":"closed","ping_status":"closed","template":"page-templates\/side-menu.php","meta":{"_bbp_topic_count":0,"_bbp_reply_count":0,"_bbp_total_topic_count":0,"_bbp_total_reply_count":0,"_bbp_voice_count":0,"_bbp_anonymous_reply_count":0,"_bbp_topic_count_hidden":0,"_bbp_reply_count_hidden":0,"_bbp_forum_subforum_count":0,"footnotes":""},"class_list":["post-8887","page","type-page","status-publish","hentry"],"post_mailing_queue_ids":[],"_links":{"self":[{"href":"https:\/\/agora-eoi.xtec.cat\/eoiviladecans\/wp-json\/wp\/v2\/pages\/8887","targetHints":{"allow":["GET"]}}],"collection":[{"href":"https:\/\/agora-eoi.xtec.cat\/eoiviladecans\/wp-json\/wp\/v2\/pages"}],"about":[{"href":"https:\/\/agora-eoi.xtec.cat\/eoiviladecans\/wp-json\/wp\/v2\/types\/page"}],"author":[{"embeddable":true,"href":"https:\/\/agora-eoi.xtec.cat\/eoiviladecans\/wp-json\/wp\/v2\/users\/1"}],"replies":[{"embeddable":true,"href":"https:\/\/agora-eoi.xtec.cat\/eoiviladecans\/wp-json\/wp\/v2\/comments?post=8887"}],"version-history":[{"count":3,"href":"https:\/\/agora-eoi.xtec.cat\/eoiviladecans\/wp-json\/wp\/v2\/pages\/8887\/revisions"}],"predecessor-version":[{"id":9270,"href":"https:\/\/agora-eoi.xtec.cat\/eoiviladecans\/wp-json\/wp\/v2\/pages\/8887\/revisions\/9270"}],"up":[{"embeddable":true,"href":"https:\/\/agora-eoi.xtec.cat\/eoiviladecans\/wp-json\/wp\/v2\/pages\/806"}],"wp:attachment":[{"href":"https:\/\/agora-eoi.xtec.cat\/eoiviladecans\/wp-json\/wp\/v2\/media?parent=8887"}],"curies":[{"name":"wp","href":"https:\/\/api.w.org\/{rel}","templated":true}]}}