{"id":8432,"date":"2016-06-14T15:36:36","date_gmt":"2016-06-14T14:36:36","guid":{"rendered":"http:\/\/agora-eoi.xtec.cat\/eoiviladecans\/?page_id=8432"},"modified":"2018-07-16T13:32:02","modified_gmt":"2018-07-16T11:32:02","slug":"activitats-culturals","status":"publish","type":"page","link":"https:\/\/agora-eoi.xtec.cat\/eoiviladecans\/alumnat\/activitats-culturals\/","title":{"rendered":"Activitats culturals"},"content":{"rendered":"<p>Els departaments did\u00e0ctics organitzen amb regularitat activitats culturals i de la mateixa manera hi ha activitats culturals de tota l&#8217;escola. L&#8217;assist\u00e8ncia a aquestes activitats \u00e9s obligat\u00f2ria i els continguts impartits en les mateixes pot ser tamb\u00e9 objecte d&#8217;avaluaci\u00f3.<\/p>\n<p><a href=\"http:\/\/agora-eoi.xtec.cat\/eoiviladecans\/wp-content\/uploads\/usu2253\/2016\/03\/1apsc932015.jpg\" rel=\"attachment wp-att-8066\"><img loading=\"lazy\" decoding=\"async\" class=\"wp-image-8066 aligncenter\" src=\"http:\/\/agora-eoi.xtec.cat\/eoiviladecans\/wp-content\/uploads\/usu2253\/2016\/03\/1apsc932015.jpg\" alt=\"1apsc932015\" width=\"397\" height=\"297\" srcset=\"https:\/\/agora-eoi.xtec.cat\/eoiviladecans\/wp-content\/uploads\/usu2253\/2016\/03\/1apsc932015.jpg 600w, https:\/\/agora-eoi.xtec.cat\/eoiviladecans\/wp-content\/uploads\/usu2253\/2016\/03\/1apsc932015-300x224.jpg 300w, https:\/\/agora-eoi.xtec.cat\/eoiviladecans\/wp-content\/uploads\/usu2253\/2016\/03\/1apsc932015-200x150.jpg 200w\" sizes=\"auto, (max-width: 397px) 100vw, 397px\" \/><\/a><\/p>\n<p>&nbsp;<\/p>\n","protected":false},"excerpt":{"rendered":"<p>Els departaments did\u00e0ctics organitzen amb regularitat activitats culturals i de la mateixa manera hi ha activitats culturals de tota l&#8217;escola. L&#8217;assist\u00e8ncia a aquestes activitats \u00e9s obligat\u00f2ria i els continguts impartits en les mateixes pot ser tamb\u00e9 objecte d&#8217;avaluaci\u00f3.<br \/>\n<a href=\"http:\/\/agora-eoi.xtec.cat\/eoiviladecans\/wp-content\/uploads\/usu2253\/2016\/03\/1apsc932015.jpg\" rel=\"attachment wp-att-8066\"><\/a><br \/>\n&nbsp;<\/p>\n","protected":false},"author":1,"featured_media":0,"parent":8411,"menu_order":50,"comment_status":"closed","ping_status":"closed","template":"page-templates\/side-menu.php","meta":{"_bbp_topic_count":0,"_bbp_reply_count":0,"_bbp_total_topic_count":0,"_bbp_total_reply_count":0,"_bbp_voice_count":0,"_bbp_anonymous_reply_count":0,"_bbp_topic_count_hidden":0,"_bbp_reply_count_hidden":0,"_bbp_forum_subforum_count":0,"footnotes":""},"class_list":["post-8432","page","type-page","status-publish","hentry"],"post_mailing_queue_ids":[],"_links":{"self":[{"href":"https:\/\/agora-eoi.xtec.cat\/eoiviladecans\/wp-json\/wp\/v2\/pages\/8432","targetHints":{"allow":["GET"]}}],"collection":[{"href":"https:\/\/agora-eoi.xtec.cat\/eoiviladecans\/wp-json\/wp\/v2\/pages"}],"about":[{"href":"https:\/\/agora-eoi.xtec.cat\/eoiviladecans\/wp-json\/wp\/v2\/types\/page"}],"author":[{"embeddable":true,"href":"https:\/\/agora-eoi.xtec.cat\/eoiviladecans\/wp-json\/wp\/v2\/users\/1"}],"replies":[{"embeddable":true,"href":"https:\/\/agora-eoi.xtec.cat\/eoiviladecans\/wp-json\/wp\/v2\/comments?post=8432"}],"version-history":[{"count":3,"href":"https:\/\/agora-eoi.xtec.cat\/eoiviladecans\/wp-json\/wp\/v2\/pages\/8432\/revisions"}],"predecessor-version":[{"id":8988,"href":"https:\/\/agora-eoi.xtec.cat\/eoiviladecans\/wp-json\/wp\/v2\/pages\/8432\/revisions\/8988"}],"up":[{"embeddable":true,"href":"https:\/\/agora-eoi.xtec.cat\/eoiviladecans\/wp-json\/wp\/v2\/pages\/8411"}],"wp:attachment":[{"href":"https:\/\/agora-eoi.xtec.cat\/eoiviladecans\/wp-json\/wp\/v2\/media?parent=8432"}],"curies":[{"name":"wp","href":"https:\/\/api.w.org\/{rel}","templated":true}]}}