{"id":8377,"date":"2016-06-13T13:50:10","date_gmt":"2016-06-13T12:50:10","guid":{"rendered":"http:\/\/agora-eoi.xtec.cat\/eoiviladecans\/?page_id=8377"},"modified":"2026-05-12T13:44:55","modified_gmt":"2026-05-12T11:44:55","slug":"expedicio-de-titols","status":"publish","type":"page","link":"https:\/\/agora-eoi.xtec.cat\/eoiviladecans\/gestions-administratives\/expedicio-de-titols\/","title":{"rendered":"Expedici\u00f3 de t\u00edtols"},"content":{"rendered":"<p><strong>Nivells b\u00e0sic i intermedi B1<br \/>\n<\/strong><\/p>\n<p>L\u2019alumnat que hagi superat el nivell A2 o A2B obt\u00e9 el Certificat de nivell b\u00e0sic.<br \/>\nL\u2019alumnat oficial de B1 o B1B o els candidats o candidates lliures que hagin superat les proves corresponents obtenen el Certificat de nivell intermedi B1.<\/p>\n<p><strong>Procediment:<\/strong><\/p>\n<ul>\n<li>L\u2019escola expedeix els certificats de manera autom\u00e0tica sense que calgui sol\u00b7licitud pr\u00e8via ni pagament de taxes.<\/li>\n<li>Es pot recollir personalment a partir \u00a0d&#8217;octubre a la secretaria del centre presentant el DNI, passaport o NIE de la persona interessada.<\/li>\n<\/ul>\n<p><strong>Nivells intermedi B2, avan\u00e7at C1 i avan\u00e7at C2<\/strong><\/p>\n<ul>\n<li>L\u2019alumnat oficial de B2.2, B2B o els candidats o candidates lliures que hagin superat les proves corresponents obtenen el Certificat de nivell intermedi B2.<\/li>\n<li>L\u2019alumnat que superi la prova de C1 i C2.2 obt\u00e9 el certificat de nivell avan\u00e7at C1 i C2 respectivament.<\/li>\n<\/ul>\n<p><strong>Procediment:<\/strong><br \/>\nEls Certificats dels nivells intermedi B2 i avan\u00e7at C1 i C2 els expedeix el Departament d\u2019Educaci\u00f3 i Foramci\u00f3 Professional pr\u00e8via sol\u00b7licitud i abonament de les taxes corresponents.<\/p>\n<p>Cal realitzar la sol\u00b7licitud del t\u00edtol corresponent <a href=\"https:\/\/tramits.gencat.cat\/ca\/tramits\/tramits-temes\/titols-academics-no-universitaris?category=742b7874-a82c-11e3-a972-000c29052e2c\" target=\"_blank\" rel=\"noopener\">mitjan\u00e7ant el tramitador gen\u00e8ric<\/a> i fer arribar el resguard del pagament corresponent al centre<\/p>\n<p>En el moment que l\u2019escola rebi el t\u00edtol, s\u2019avisa per correu electr\u00f2nic als interessats.<br \/>\nEls t\u00edtols s\u2019han de recollir personalment a la secretaria del centre presentant el DNI, NIE o passaport i el resguard de pagament de les taxes. En cas d&#8217;autoritzar la recollida a una altra persona, cal que aquesta porti el DNI, NIE o passaport del sol\u00b7licitant i una autoritzaci\u00f3 degudament signada.<\/p>\n<p><strong>TIPUS DE TAXES<\/strong> (Certificats de nivell intermedi B2 i avan\u00e7at C1 \u2013 2019\/2020<\/p>\n<ul>\n<li>Ordin\u00e0ria: 74,95 \u20ac<\/li>\n<li>Fam\u00edlies nombroses generals o monoparentals: 37,50 \u20ac<\/li>\n<li>Fam\u00edlies nombroses de categoria especial: Exempts<\/li>\n<li>Discapacitat igual o superior al 33%: Exempts<\/li>\n<\/ul>\n","protected":false},"excerpt":{"rendered":"<p>Nivells b\u00e0sic i intermedi B1<\/p>\n<p>L\u2019alumnat que hagi superat el nivell A2 o A2B obt\u00e9 el Certificat de nivell b\u00e0sic.<br \/>\nL\u2019alumnat oficial de B1 o B1B o els candidats o candidates lliures que hagin superat les proves corresponents obtenen el Certificat de nivell intermedi B1.<br \/>\nProcediment:<\/p>\n<ul>\n<li>L\u2019escola expedeix els&hellip;  <a href=\"https:\/\/agora-eoi.xtec.cat\/eoiviladecans\/gestions-administratives\/expedicio-de-titols\/\" title=\"Read Expedici\u00f3 de t\u00edtols\">Llegeix m\u00e9s\u00bb<\/a><br \/>\n","protected":false},"author":1,"featured_media":0,"parent":8358,"menu_order":80,"comment_status":"closed","ping_status":"closed","template":"page-templates\/side-menu.php","meta":{"_bbp_topic_count":0,"_bbp_reply_count":0,"_bbp_total_topic_count":0,"_bbp_total_reply_count":0,"_bbp_voice_count":0,"_bbp_anonymous_reply_count":0,"_bbp_topic_count_hidden":0,"_bbp_reply_count_hidden":0,"_bbp_forum_subforum_count":0,"footnotes":""},"class_list":["post-8377","page","type-page","status-publish","hentry"],"post_mailing_queue_ids":[],"_links":{"self":[{"href":"https:\/\/agora-eoi.xtec.cat\/eoiviladecans\/wp-json\/wp\/v2\/pages\/8377","targetHints":{"allow":["GET"]}}],"collection":[{"href":"https:\/\/agora-eoi.xtec.cat\/eoiviladecans\/wp-json\/wp\/v2\/pages"}],"about":[{"href":"https:\/\/agora-eoi.xtec.cat\/eoiviladecans\/wp-json\/wp\/v2\/types\/page"}],"author":[{"embeddable":true,"href":"https:\/\/agora-eoi.xtec.cat\/eoiviladecans\/wp-json\/wp\/v2\/users\/1"}],"replies":[{"embeddable":true,"href":"https:\/\/agora-eoi.xtec.cat\/eoiviladecans\/wp-json\/wp\/v2\/comments?post=8377"}],"version-history":[{"count":6,"href":"https:\/\/agora-eoi.xtec.cat\/eoiviladecans\/wp-json\/wp\/v2\/pages\/8377\/revisions"}],"predecessor-version":[{"id":11103,"href":"https:\/\/agora-eoi.xtec.cat\/eoiviladecans\/wp-json\/wp\/v2\/pages\/8377\/revisions\/11103"}],"up":[{"embeddable":true,"href":"https:\/\/agora-eoi.xtec.cat\/eoiviladecans\/wp-json\/wp\/v2\/pages\/8358"}],"wp:attachment":[{"href":"https:\/\/agora-eoi.xtec.cat\/eoiviladecans\/wp-json\/wp\/v2\/media?parent=8377"}],"curies":[{"name":"wp","href":"https:\/\/api.w.org\/{rel}","templated":true}]}}