{"id":8366,"date":"2016-06-13T13:27:59","date_gmt":"2016-06-13T12:27:59","guid":{"rendered":"http:\/\/agora-eoi.xtec.cat\/eoiviladecans\/?page_id=8366"},"modified":"2023-10-28T11:27:19","modified_gmt":"2023-10-28T09:27:19","slug":"atencio-al-public","status":"publish","type":"page","link":"https:\/\/agora-eoi.xtec.cat\/eoiviladecans\/gestions-administratives\/atencio-al-public\/","title":{"rendered":"Atenci\u00f3 al p\u00fablic"},"content":{"rendered":"<p><strong>Secretaria<\/strong><\/p>\n<div class=\"entry\">\n<p>Dilluns de 15:30 a 18:45<br \/>\nDe dimarts a dimecres de 9:30 a 13:30 i de 15:30 a 18:45<\/p>\n<p>Dijous de 10:000 a 13:30 i de 15:30 a 18:45<\/p>\n<p>Divendres de 9:30 a 13:00<\/p>\n<p><strong>Consergeria<\/strong><\/p>\n<p>De dimarts, dimecres i divendres de 9:30 a 13:30<\/p>\n<p>De dilluns a dijous de 15:30 a 21:00<\/p>\n<p>* Durant el mes de juliol l\u2019horari d\u2019atenci\u00f3 al p\u00fablic ser\u00e0 de 9:30 a 13:30.<\/p>\n<\/div>\n<p>&nbsp;<\/p>\n","protected":false},"excerpt":{"rendered":"<p>Secretaria<\/p>\n<p>Dilluns de 15:30 a 18:45<br \/>\nDe dimarts a dimecres de 9:30 a 13:30 i de 15:30 a 18:45<br \/>\nDijous de 10:000 a 13:30 i de 15:30 a 18:45<br \/>\nDivendres de 9:30 a 13:00<br \/>\nConsergeria<br \/>\nDe dimarts, dimecres i divendres de 9:30 a 13:30<br \/>\nDe dilluns a dijous de 15:30 a 21:00<br \/>\n*&hellip;  <a href=\"https:\/\/agora-eoi.xtec.cat\/eoiviladecans\/gestions-administratives\/atencio-al-public\/\" title=\"Read Atenci\u00f3 al p\u00fablic\">Llegeix m\u00e9s\u00bb<\/a><\/p>\n","protected":false},"author":1,"featured_media":0,"parent":8358,"menu_order":1,"comment_status":"closed","ping_status":"closed","template":"page-templates\/side-menu.php","meta":{"_bbp_topic_count":0,"_bbp_reply_count":0,"_bbp_total_topic_count":0,"_bbp_total_reply_count":0,"_bbp_voice_count":0,"_bbp_anonymous_reply_count":0,"_bbp_topic_count_hidden":0,"_bbp_reply_count_hidden":0,"_bbp_forum_subforum_count":0,"footnotes":""},"class_list":["post-8366","page","type-page","status-publish","hentry"],"post_mailing_queue_ids":[],"_links":{"self":[{"href":"https:\/\/agora-eoi.xtec.cat\/eoiviladecans\/wp-json\/wp\/v2\/pages\/8366","targetHints":{"allow":["GET"]}}],"collection":[{"href":"https:\/\/agora-eoi.xtec.cat\/eoiviladecans\/wp-json\/wp\/v2\/pages"}],"about":[{"href":"https:\/\/agora-eoi.xtec.cat\/eoiviladecans\/wp-json\/wp\/v2\/types\/page"}],"author":[{"embeddable":true,"href":"https:\/\/agora-eoi.xtec.cat\/eoiviladecans\/wp-json\/wp\/v2\/users\/1"}],"replies":[{"embeddable":true,"href":"https:\/\/agora-eoi.xtec.cat\/eoiviladecans\/wp-json\/wp\/v2\/comments?post=8366"}],"version-history":[{"count":6,"href":"https:\/\/agora-eoi.xtec.cat\/eoiviladecans\/wp-json\/wp\/v2\/pages\/8366\/revisions"}],"predecessor-version":[{"id":10604,"href":"https:\/\/agora-eoi.xtec.cat\/eoiviladecans\/wp-json\/wp\/v2\/pages\/8366\/revisions\/10604"}],"up":[{"embeddable":true,"href":"https:\/\/agora-eoi.xtec.cat\/eoiviladecans\/wp-json\/wp\/v2\/pages\/8358"}],"wp:attachment":[{"href":"https:\/\/agora-eoi.xtec.cat\/eoiviladecans\/wp-json\/wp\/v2\/media?parent=8366"}],"curies":[{"name":"wp","href":"https:\/\/api.w.org\/{rel}","templated":true}]}}