{"id":8185,"date":"2016-06-09T14:29:49","date_gmt":"2016-06-09T13:29:49","guid":{"rendered":"http:\/\/agora-eoi.xtec.cat\/eoiviladecans\/?page_id=8185"},"modified":"2025-09-02T13:47:17","modified_gmt":"2025-09-02T11:47:17","slug":"alemany","status":"publish","type":"page","link":"https:\/\/agora-eoi.xtec.cat\/eoiviladecans\/estudis\/alemany\/","title":{"rendered":"Alemany"},"content":{"rendered":"<h3 class=\"title\">Departament d\u2019alemany<\/h3>\n<p><strong>Professorat departament d\u2019alemany<\/strong><\/p>\n<p>Cap de Departament: Estefania Rodr\u00edguez<br \/>\nGustavo Garc\u00eda:<br \/>\nSusana Litr\u00e1n<\/p>\n<p><strong>Horari d\u2019atenci\u00f3 alumnes<\/strong><br \/>\nEstefania Rodr\u00edguez: dimecres 15:30-16:30<br \/>\nGustavo Garc\u00eda:<br \/>\nSusana Litr\u00e1n: dimecres 15:30-16:30<\/p>\n<p>&nbsp;<\/p>\n<div class=\"entry\">\n<p>El Departament d\u2019Educaci\u00f3 i Formaci\u00f3 Professional fa una nova proposta de m\u00f2duls quadrimestrals (de setembre a gener, i de febrer a maig) amb una durada aproximada de 70 hores per curs.<\/p>\n<p>A l\u2019EOI de Viladecans s\u2019oferir\u00e0 la flexibilitzaci\u00f3 dels nivell b\u00e0sic (A1 i A2) i intermedi (B1 i B2).<\/p>\n<p><strong>Com seran els cursos?<\/strong><br \/>\nIgual que els extensius, per\u00f2 dividits en dos m\u00f2duls (per exemple, A1.a i A1.b).<\/p>\n<p><strong>Quina durada tindran?<\/strong><br \/>\nAproximadament 70 hores per m\u00f2dul<\/p>\n<p><strong>Quin programa s\u2019impartir\u00e0?<\/strong><br \/>\nEl mateix dels cursos extensius, per\u00f2 nom\u00e9s es far\u00e0 la meitat del programa.<\/p>\n<p><strong>Quin \u00e9s el preu?<\/strong><br \/>\nLa meitat dels cursos extensius. L\u2019import de la quota de material ser\u00e0 de 15 \u20ac per curs. En cas de continuar de febrer a maig, es tornar\u00e0 a fer efectiu l\u2019import esmentat.<\/p>\n<p><strong>Com s\u2019ha de fer la preinscripci\u00f3 i matr\u00edcula?<\/strong><br \/>\nDe \u00a0manera telem\u00e0tica seguint les instruccions que es troben publicades a la \u00a0web de l\u2019escola. La matr\u00edcula es correspondr\u00e0 amb un quadrimestre i no amb dos.<\/p>\n<p><strong>Quins avantatges t\u00e9 aquesta modalitat?<\/strong><\/p>\n<p>\u2013 Flexibilitzar i optimitzar el curr\u00edculum.<\/p>\n<p>\u2013 Repetir el m\u00f2dul A o B sense haver de repetir tot el curs.<\/p>\n<p>\u2013 Matricular-se d\u2019un bloc A o B a principi de curs o al segon quadrimestre.<\/p>\n<p>Consulteu la web de l\u2019escola per mantenir-vos informats.<\/p>\n<p>* En cas de dubte adreceu-vos a la secretaria de l\u2019EOI de Viladecans amb la certificaci\u00f3 dels estudis previs realitzats.<\/p>\n<p><a title=\"Cursos flexibilitzats\" href=\"http:\/\/queestudiar.gencat.cat\/ca\/preinscripcio\/estudis\/idiomes\/cursos-flexibilitzats\/\" target=\"_blank\" rel=\"noopener noreferrer\">Informaci\u00f3 sobre aquests cursos a la web del Departament d\u2019Educacio. <\/a><\/p>\n<p><a href=\"https:\/\/agora-eoi.xtec.cat\/eoiviladecans\/estudis\/alemany\/llibres-departament-alemany\/\" target=\"_blank\" rel=\"noopener noreferrer\">Llibres de text i lectures<\/a><br \/>\n<a href=\"http:\/\/ensenyament.gencat.cat\/ca\/serveis-tramits\/proves\/proves-lliures-obtencio-titols\/convocat-ordinaria-idiomes\/mostres-proves\/alemany\/\" target=\"_blank\" rel=\"noopener noreferrer\">Mostres de les proves<\/a><\/p>\n<\/div>\n","protected":false},"excerpt":{"rendered":"<p>Departament d\u2019alemany<br \/>\nProfessorat departament d\u2019alemany<br \/>\nCap de Departament: Estefania Rodr\u00edguez<br \/>\nGustavo Garc\u00eda:<br \/>\nSusana Litr\u00e1n<br \/>\nHorari d\u2019atenci\u00f3 alumnes<br \/>\nEstefania Rodr\u00edguez: dimecres 15:30-16:30<br \/>\nGustavo Garc\u00eda:<br \/>\nSusana Litr\u00e1n: dimecres 15:30-16:30<br \/>\n&nbsp;<\/p>\n<p>El Departament d\u2019Educaci\u00f3 i Formaci\u00f3 Professional fa una nova proposta de m\u00f2duls quadrimestrals (de setembre a gener, i de febrer a maig) amb una durada aproximada de&hellip;  <a href=\"https:\/\/agora-eoi.xtec.cat\/eoiviladecans\/estudis\/alemany\/\" title=\"Read Alemany\">Llegeix m\u00e9s\u00bb<\/a><\/p>\n","protected":false},"author":1,"featured_media":0,"parent":8149,"menu_order":30,"comment_status":"closed","ping_status":"closed","template":"page-templates\/side-menu.php","meta":{"_bbp_topic_count":0,"_bbp_reply_count":0,"_bbp_total_topic_count":0,"_bbp_total_reply_count":0,"_bbp_voice_count":0,"_bbp_anonymous_reply_count":0,"_bbp_topic_count_hidden":0,"_bbp_reply_count_hidden":0,"_bbp_forum_subforum_count":0,"footnotes":""},"class_list":["post-8185","page","type-page","status-publish","hentry"],"post_mailing_queue_ids":[],"_links":{"self":[{"href":"https:\/\/agora-eoi.xtec.cat\/eoiviladecans\/wp-json\/wp\/v2\/pages\/8185","targetHints":{"allow":["GET"]}}],"collection":[{"href":"https:\/\/agora-eoi.xtec.cat\/eoiviladecans\/wp-json\/wp\/v2\/pages"}],"about":[{"href":"https:\/\/agora-eoi.xtec.cat\/eoiviladecans\/wp-json\/wp\/v2\/types\/page"}],"author":[{"embeddable":true,"href":"https:\/\/agora-eoi.xtec.cat\/eoiviladecans\/wp-json\/wp\/v2\/users\/1"}],"replies":[{"embeddable":true,"href":"https:\/\/agora-eoi.xtec.cat\/eoiviladecans\/wp-json\/wp\/v2\/comments?post=8185"}],"version-history":[{"count":7,"href":"https:\/\/agora-eoi.xtec.cat\/eoiviladecans\/wp-json\/wp\/v2\/pages\/8185\/revisions"}],"predecessor-version":[{"id":10971,"href":"https:\/\/agora-eoi.xtec.cat\/eoiviladecans\/wp-json\/wp\/v2\/pages\/8185\/revisions\/10971"}],"up":[{"embeddable":true,"href":"https:\/\/agora-eoi.xtec.cat\/eoiviladecans\/wp-json\/wp\/v2\/pages\/8149"}],"wp:attachment":[{"href":"https:\/\/agora-eoi.xtec.cat\/eoiviladecans\/wp-json\/wp\/v2\/media?parent=8185"}],"curies":[{"name":"wp","href":"https:\/\/api.w.org\/{rel}","templated":true}]}}