{"id":608,"date":"2015-11-27T10:04:51","date_gmt":"2015-11-27T09:04:51","guid":{"rendered":"http:\/\/agora-eoi.xtec.cat\/eoiviladecans\/?page_id=608"},"modified":"2023-11-06T17:59:56","modified_gmt":"2023-11-06T16:59:56","slug":"horaris","status":"publish","type":"page","link":"https:\/\/agora-eoi.xtec.cat\/eoiviladecans\/lescola\/horaris\/","title":{"rendered":"Horaris"},"content":{"rendered":"<p><strong>Secretaria<\/strong><\/p>\n<div class=\"entry\">\n<p>Dilluns de 15:30 a 18:45<br \/>\nDe dimarts a dimecres de 9:30 a 13:30 i de 15:30 a 18:45<\/p>\n<p>Dijous de 10:000 a 13:30 i de 15:30 a 18:45<\/p>\n<p>Divendres de 9:30 a 13:00<\/p>\n<p><strong>Consergeria<\/strong><\/p>\n<p>De dimarts, dimecres i divendres de 9:30 a 13:30<\/p>\n<p>De dilluns a dijous de 15:30 a 21:00<\/p>\n<p>* Durant el mes de juliol l\u2019horari d\u2019atenci\u00f3 al p\u00fablic ser\u00e0 de 9:30 a 13:30.<\/p>\n<\/div>\n<p>L&#8217;escola romandr\u00e0 tancat al p\u00fablic, a part dels per\u00edodes de vacances escolars, dies de lliure disposici\u00f3 i dels dies de festes laborals oficials a Catalunya.<\/p>\n<p><strong>Biblioteca<\/strong><\/p>\n<p>De dimarts a divendres de 9:30 a 13:30<br \/>\nDe dilluns a dijous de 15:30 a 21:00<\/p>\n<p>Servei de pr\u00e9stec: de dilluns a dijous de 15:30 a 20:30<\/p>\n","protected":false},"excerpt":{"rendered":"<p>Secretaria<\/p>\n<p>Dilluns de 15:30 a 18:45<br \/>\nDe dimarts a dimecres de 9:30 a 13:30 i de 15:30 a 18:45<br \/>\nDijous de 10:000 a 13:30 i de 15:30 a 18:45<br \/>\nDivendres de 9:30 a 13:00<br \/>\nConsergeria<br \/>\nDe dimarts, dimecres i divendres de 9:30 a 13:30<br \/>\nDe dilluns a dijous de 15:30 a 21:00<br \/>\n*&hellip;  <a href=\"https:\/\/agora-eoi.xtec.cat\/eoiviladecans\/lescola\/horaris\/\" title=\"Read Horaris\">Llegeix m\u00e9s\u00bb<\/a><\/p>\n","protected":false},"author":1,"featured_media":0,"parent":806,"menu_order":30,"comment_status":"closed","ping_status":"closed","template":"page-templates\/side-menu.php","meta":{"_bbp_topic_count":0,"_bbp_reply_count":0,"_bbp_total_topic_count":0,"_bbp_total_reply_count":0,"_bbp_voice_count":0,"_bbp_anonymous_reply_count":0,"_bbp_topic_count_hidden":0,"_bbp_reply_count_hidden":0,"_bbp_forum_subforum_count":0,"footnotes":""},"class_list":["post-608","page","type-page","status-publish","hentry"],"post_mailing_queue_ids":[],"_links":{"self":[{"href":"https:\/\/agora-eoi.xtec.cat\/eoiviladecans\/wp-json\/wp\/v2\/pages\/608","targetHints":{"allow":["GET"]}}],"collection":[{"href":"https:\/\/agora-eoi.xtec.cat\/eoiviladecans\/wp-json\/wp\/v2\/pages"}],"about":[{"href":"https:\/\/agora-eoi.xtec.cat\/eoiviladecans\/wp-json\/wp\/v2\/types\/page"}],"author":[{"embeddable":true,"href":"https:\/\/agora-eoi.xtec.cat\/eoiviladecans\/wp-json\/wp\/v2\/users\/1"}],"replies":[{"embeddable":true,"href":"https:\/\/agora-eoi.xtec.cat\/eoiviladecans\/wp-json\/wp\/v2\/comments?post=608"}],"version-history":[{"count":4,"href":"https:\/\/agora-eoi.xtec.cat\/eoiviladecans\/wp-json\/wp\/v2\/pages\/608\/revisions"}],"predecessor-version":[{"id":10612,"href":"https:\/\/agora-eoi.xtec.cat\/eoiviladecans\/wp-json\/wp\/v2\/pages\/608\/revisions\/10612"}],"up":[{"embeddable":true,"href":"https:\/\/agora-eoi.xtec.cat\/eoiviladecans\/wp-json\/wp\/v2\/pages\/806"}],"wp:attachment":[{"href":"https:\/\/agora-eoi.xtec.cat\/eoiviladecans\/wp-json\/wp\/v2\/media?parent=608"}],"curies":[{"name":"wp","href":"https:\/\/api.w.org\/{rel}","templated":true}]}}