{"id":10359,"date":"2022-11-14T17:02:44","date_gmt":"2022-11-14T16:02:44","guid":{"rendered":"https:\/\/agora-eoi.xtec.cat\/eoiviladecans\/?page_id=10359"},"modified":"2025-10-13T17:20:43","modified_gmt":"2025-10-13T15:20:43","slug":"projecte-erasmus","status":"publish","type":"page","link":"https:\/\/agora-eoi.xtec.cat\/eoiviladecans\/projecte-erasmus\/","title":{"rendered":"Projecte Erasmus+"},"content":{"rendered":"<p>L&#8217;EOI de Viladecans participa en projectes Erasmus+<\/p>\n<p>&nbsp;<\/p>\n<table width=\"1050\">\n<tbody>\n<tr>\n<td bgcolor=\"yellowgreen\" width=\"88\"><strong>DATA<\/strong><\/td>\n<td bgcolor=\"yellowgreen\" width=\"100\"><strong>MODALITAT DE PROJECTE<\/strong><\/td>\n<td bgcolor=\"yellowgreen\" width=\"180\"><strong>NOM DEL PROJECTE<\/strong><\/td>\n<td bgcolor=\"yellowgreen\" width=\"266\"><strong>OBJECTIUS<\/strong><\/td>\n<td bgcolor=\"yellowgreen\" width=\"254\"><strong>FORMACIONS<\/strong><\/td>\n<td bgcolor=\"yellowgreen\" width=\"162\"><strong>SOCIS COL\u00b7LABORADORS<\/strong><\/td>\n<\/tr>\n<tr>\n<td width=\"88\">2022-2023<\/td>\n<td width=\"100\">Erasmus+ KA-122 ADU<\/p>\n<p>&nbsp;<\/td>\n<td width=\"180\">* Aprender a ense\u00f1ar, ense\u00f1ar a aprender. Los idiomas mueven Europa.<\/td>\n<td width=\"266\">1.Ampliar y profundizar nuestros conocimientos sobre la destreza de mediaci\u00f3n ling\u00fc\u00edstica.<\/p>\n<p>&nbsp;<\/p>\n<p>2.Mejorar los conocimientos y el uso de las nuevas tecnolog\u00edas en el aula.<\/p>\n<p>&nbsp;<\/p>\n<p>3.Mejorar la fiabilidad de las pruebas de evaluaci\u00f3n.<\/td>\n<td width=\"254\">&nbsp;<\/p>\n<p>Finl\u00e0ndia: <a href=\"https:\/\/www.teacheracademy.eu\/course\/finnish-education-model\/\">Introduction to the Finnish Education Model<\/a><\/p>\n<p>&nbsp;<\/p>\n<p>&nbsp;<\/p>\n<p>Alemanya: <a href=\"https:\/\/www.studytravel.es\/cursos-de-aleman-para-profesores-en-lindau-dialoge\">Language &amp; Methodology.<\/a><\/p>\n<p>&nbsp;<\/p>\n<p>&nbsp;<\/p>\n<p>It\u00e0lia: <a href=\"https:\/\/www.teacheracademy.eu\/course\/best-digital-tools-for-language-teachers\/\">The Best Digital Tools for Language Teachers<\/a><\/p>\n<p>&nbsp;<\/td>\n<td width=\"162\"><\/td>\n<\/tr>\n<tr>\n<td width=\"88\">2025-2027<\/td>\n<td width=\"100\">Erasmus+ KA-122 ADU<\/p>\n<p>&nbsp;<\/td>\n<td width=\"180\">* <em>IA para todos: Empoderamiento del Aprendizaje de Lenguas para Adultos.\u00a0<\/em><\/td>\n<td width=\"266\">1.Promover la inclusi\u00f3n del alumnado NESE en el aprendizaje de lenguas extranjeras para adultos y a la vez favorecer el sentimiento de pertenencia europea de toda la comunidad<br \/>\neducativa.&nbsp;<\/p>\n<p>2.Promover la integraci\u00f3n de la inteligencia artificial para mejorar la metodolog\u00eda en la ense\u00f1anza-aprendizaje de lenguas extranjeras en nuestro centro.<\/td>\n<td width=\"254\">&nbsp;<\/p>\n<p>&nbsp;<\/td>\n<td width=\"162\"><\/td>\n<\/tr>\n<\/tbody>\n<\/table>\n<p><a href=\"https:\/\/sites.google.com\/eoiviladecans.cat\/erasmus-eoiviladecans-2022-23\/home#h.3f4tphhd9pn8\" target=\"_blank\" rel=\"noopener\"><strong>Descripcions de les mobilitats.<\/strong><\/a><\/p>\n<p>* Los\u00a0 proyectos indicados en la tabla de arriba est\u00e1n cofinanciados por la Uni\u00f3n Europea. Las opiniones y puntos de vista expresados en esta p\u00e1gina web s\u00f3lo comprometen a sus autores,\u00a0 Escola Oficial d&#8217;Idiomes de Viladecans, y no reflejan necesariamente los de la Uni\u00f3n Europea ni los del <a href=\"http:\/\/sepie.es\/\" target=\"_blank\" rel=\"noopener\">Servicio Espa\u00f1ol para la Internacionalizaci\u00f3n de la Educaci\u00f3n (SEPIE)<\/a>. Ni la Uni\u00f3n Europea ni la<a href=\"http:\/\/sepie.es\/\" target=\"_blank\" rel=\"noopener\"> Agencia Nacional SEPIE<\/a> pueden ser considerados responsables de ellos.<\/p>\n","protected":false},"excerpt":{"rendered":"<p>L&#8217;EOI de Viladecans participa en projectes Erasmus+<br \/>\n&nbsp;<\/p>\n<p>DATA<br \/>\nMODALITAT DE PROJECTE<br \/>\nNOM DEL PROJECTE<br \/>\nOBJECTIUS<br \/>\nFORMACIONS<br \/>\nSOCIS COL\u00b7LABORADORS<\/p>\n<p>2022-2023<br \/>\nErasmus+ KA-122 ADU<br \/>\n&nbsp;<br \/>\n* Aprender a ense\u00f1ar, ense\u00f1ar a aprender. Los idiomas mueven Europa.<br \/>\n1.Ampliar y profundizar nuestros conocimientos sobre la destreza de mediaci\u00f3n ling\u00fc\u00edstica.<br \/>\n&nbsp;<br \/>\n2.Mejorar los conocimientos y el uso de las nuevas tecnolog\u00edas en el&hellip;  <a href=\"https:\/\/agora-eoi.xtec.cat\/eoiviladecans\/projecte-erasmus\/\" title=\"Read Projecte Erasmus+\">Llegeix m\u00e9s\u00bb<\/a><\/p>\n","protected":false},"author":1,"featured_media":0,"parent":0,"menu_order":0,"comment_status":"closed","ping_status":"closed","template":"page-templates\/side-menu.php","meta":{"_bbp_topic_count":0,"_bbp_reply_count":0,"_bbp_total_topic_count":0,"_bbp_total_reply_count":0,"_bbp_voice_count":0,"_bbp_anonymous_reply_count":0,"_bbp_topic_count_hidden":0,"_bbp_reply_count_hidden":0,"_bbp_forum_subforum_count":0,"footnotes":""},"class_list":["post-10359","page","type-page","status-publish","hentry"],"post_mailing_queue_ids":[],"_links":{"self":[{"href":"https:\/\/agora-eoi.xtec.cat\/eoiviladecans\/wp-json\/wp\/v2\/pages\/10359","targetHints":{"allow":["GET"]}}],"collection":[{"href":"https:\/\/agora-eoi.xtec.cat\/eoiviladecans\/wp-json\/wp\/v2\/pages"}],"about":[{"href":"https:\/\/agora-eoi.xtec.cat\/eoiviladecans\/wp-json\/wp\/v2\/types\/page"}],"author":[{"embeddable":true,"href":"https:\/\/agora-eoi.xtec.cat\/eoiviladecans\/wp-json\/wp\/v2\/users\/1"}],"replies":[{"embeddable":true,"href":"https:\/\/agora-eoi.xtec.cat\/eoiviladecans\/wp-json\/wp\/v2\/comments?post=10359"}],"version-history":[{"count":6,"href":"https:\/\/agora-eoi.xtec.cat\/eoiviladecans\/wp-json\/wp\/v2\/pages\/10359\/revisions"}],"predecessor-version":[{"id":11007,"href":"https:\/\/agora-eoi.xtec.cat\/eoiviladecans\/wp-json\/wp\/v2\/pages\/10359\/revisions\/11007"}],"wp:attachment":[{"href":"https:\/\/agora-eoi.xtec.cat\/eoiviladecans\/wp-json\/wp\/v2\/media?parent=10359"}],"curies":[{"name":"wp","href":"https:\/\/api.w.org\/{rel}","templated":true}]}}