{"id":10324,"date":"2022-09-13T13:10:37","date_gmt":"2022-09-13T11:10:37","guid":{"rendered":"https:\/\/agora-eoi.xtec.cat\/eoiviladecans\/?page_id=10324"},"modified":"2022-09-13T13:16:32","modified_gmt":"2022-09-13T11:16:32","slug":"convalidacions-eso-i-batxillerat","status":"publish","type":"page","link":"https:\/\/agora-eoi.xtec.cat\/eoiviladecans\/gestions-administratives\/convalidacions-eso-i-batxillerat\/","title":{"rendered":"Convalidacions ESO i Batxillerat"},"content":{"rendered":"<p><strong>Convalidacions ESO<\/strong><\/p>\n<p>A l&#8217;educaci\u00f3 secund\u00e0ria, l&#8217;alumnat que cursa una segona llengua estrangera en una escola oficial d&#8217;idiomes, que no s&#8217;ofereix en el centre educatiu, pot sol\u00b7licitar-ne el reconeixement. En aquest cas, l&#8217;alumne o alumna ha d&#8217;acreditar que est\u00e0 matriculat en una EOI i ha de comunicar, si es dona el cas, l&#8217;abandonament d&#8217;aquests estudis.<br \/>\nEl tr\u00e0mit que han de fer les fam\u00edlies dels alumnes \u00e9s el seg\u00fcent:<\/p>\n<p>1. <strong>Sol\u00b7licitar al centre de secund\u00e0ria el reconeixement dels estudis com a mat\u00e8ria optativa de segona llengua estrangera. Aquesta sol\u00b7licitud cal fer-la cada any.<\/strong><br \/>\n2. <strong>Adjuntar el comprovant de matr\u00edcula.<\/strong><br \/>\n3. <strong>Presentar al centre, a final de curs, un certificat de superaci\u00f3 dels estudis expedit per l&#8217;EOI.<\/strong><\/p>\n<p>El reconeixement est\u00e0 condicionat a la valoraci\u00f3 favorable del seguiment de l&#8217;alumne o alumna. At\u00e8s que totes aquestes possibilitats es fonamenten en el fet de simultaniejar estudis ordinaris, la sol\u00b7licitud s&#8217;ha de renovar cada curs. El reconeixement de la formaci\u00f3 en cursos posteriors queda supeditada a l&#8217;acreditaci\u00f3 de la superaci\u00f3 del curs previ.<\/p>\n<p><strong>Convalidacions batxillerat<\/strong><\/p>\n<p>Els alumnes que cursen el batxillerat i, al mateix temps, una segona llengua estrangera en una escola oficial d\u2019idiomes (EOI) poden sol\u00b7licitar, a cada curs, la convalidaci\u00f3 de la darrera franja de quatre hores de cada curs que es completa amb una mat\u00e8ria de modalitat, pr\u00f2pia o aliena, o b\u00e9 amb dues mat\u00e8ries espec\u00edfiques, si es dona alguna de les condicions seg\u00fcents:<\/p>\n<ol>\n<li><strong>Es cursa a l\u2019EOI amb el nivell B2 o superior una segona llengua estrangera que <\/strong><strong>ofereix el centre.<\/strong><\/li>\n<li><strong>Es cursa a l\u2019EOI una llengua estrangera que no ofereix el centre.<\/strong><\/li>\n<\/ol>\n<p>La sol\u00b7licitud de convalidaci\u00f3 la presenta l\u2019alumne el primer mes de classe, juntament amb una c\u00f2pia de la matr\u00edcula a l\u2019EOI. El centre ho comunica a la Direcci\u00f3 General de Curr\u00edculum i Personalitzaci\u00f3 i el Batxillerat abans del 31 d\u2019octubre del curs escolar corresponent.<br \/>\nLa convalidaci\u00f3 est\u00e0 condicionada a la superaci\u00f3 del curs a l\u2019EOI, que cal documentar amb un certificat del nivell assolit expedit per la secretaria de l\u2019EOI.<\/p>\n","protected":false},"excerpt":{"rendered":"<p>Convalidacions ESO<br \/>\nA l&#8217;educaci\u00f3 secund\u00e0ria, l&#8217;alumnat que cursa una segona llengua estrangera en una escola oficial d&#8217;idiomes, que no s&#8217;ofereix en el centre educatiu, pot sol\u00b7licitar-ne el reconeixement. En aquest cas, l&#8217;alumne o alumna ha d&#8217;acreditar que est\u00e0 matriculat en una EOI i ha de comunicar,&hellip;  <a href=\"https:\/\/agora-eoi.xtec.cat\/eoiviladecans\/gestions-administratives\/convalidacions-eso-i-batxillerat\/\" title=\"Read Convalidacions ESO i Batxillerat\">Llegeix m\u00e9s\u00bb<\/a><\/p>\n","protected":false},"author":1,"featured_media":0,"parent":8358,"menu_order":0,"comment_status":"closed","ping_status":"closed","template":"","meta":{"_bbp_topic_count":0,"_bbp_reply_count":0,"_bbp_total_topic_count":0,"_bbp_total_reply_count":0,"_bbp_voice_count":0,"_bbp_anonymous_reply_count":0,"_bbp_topic_count_hidden":0,"_bbp_reply_count_hidden":0,"_bbp_forum_subforum_count":0,"footnotes":""},"class_list":["post-10324","page","type-page","status-publish","hentry"],"post_mailing_queue_ids":[],"_links":{"self":[{"href":"https:\/\/agora-eoi.xtec.cat\/eoiviladecans\/wp-json\/wp\/v2\/pages\/10324","targetHints":{"allow":["GET"]}}],"collection":[{"href":"https:\/\/agora-eoi.xtec.cat\/eoiviladecans\/wp-json\/wp\/v2\/pages"}],"about":[{"href":"https:\/\/agora-eoi.xtec.cat\/eoiviladecans\/wp-json\/wp\/v2\/types\/page"}],"author":[{"embeddable":true,"href":"https:\/\/agora-eoi.xtec.cat\/eoiviladecans\/wp-json\/wp\/v2\/users\/1"}],"replies":[{"embeddable":true,"href":"https:\/\/agora-eoi.xtec.cat\/eoiviladecans\/wp-json\/wp\/v2\/comments?post=10324"}],"version-history":[{"count":2,"href":"https:\/\/agora-eoi.xtec.cat\/eoiviladecans\/wp-json\/wp\/v2\/pages\/10324\/revisions"}],"predecessor-version":[{"id":10327,"href":"https:\/\/agora-eoi.xtec.cat\/eoiviladecans\/wp-json\/wp\/v2\/pages\/10324\/revisions\/10327"}],"up":[{"embeddable":true,"href":"https:\/\/agora-eoi.xtec.cat\/eoiviladecans\/wp-json\/wp\/v2\/pages\/8358"}],"wp:attachment":[{"href":"https:\/\/agora-eoi.xtec.cat\/eoiviladecans\/wp-json\/wp\/v2\/media?parent=10324"}],"curies":[{"name":"wp","href":"https:\/\/api.w.org\/{rel}","templated":true}]}}