{"id":10014,"date":"2021-06-23T10:36:57","date_gmt":"2021-06-23T08:36:57","guid":{"rendered":"https:\/\/agora-eoi.xtec.cat\/eoiviladecans\/?page_id=10014"},"modified":"2025-12-17T12:43:07","modified_gmt":"2025-12-17T11:43:07","slug":"taxes-i-pagaments","status":"publish","type":"page","link":"https:\/\/agora-eoi.xtec.cat\/eoiviladecans\/gestions-administratives\/taxes-i-pagaments\/","title":{"rendered":"Taxes i pagaments"},"content":{"rendered":"<p><strong>Taxes i preus p\u00fablics cursos oficials<\/strong><\/p>\n<p><a href=\"https:\/\/educacio.gencat.cat\/ca\/departament\/normativa\/taxes-preus-publics\/\" target=\"_blank\" rel=\"noopener\"><strong>Normativa i informaci\u00f3 general<\/strong><\/a><\/p>\n<p><strong>Preus p\u00fablics de matr\u00edcula (A1, A2, C1 i C2.1) cursos anuals (angl\u00e8s i franc\u00e8s)<\/strong><\/p>\n<table style=\"width: 449px;\" width=\"560\">\n<tbody>\n<tr>\n<td style=\"width: 164.75px;\"><\/td>\n<td style=\"width: 154.703px;\"><strong>Preu matr\u00edcula ordin\u00e0ria<\/strong><\/td>\n<td style=\"width: 119.547px;\"><strong>Bonificaci\u00f3 50%<\/strong><\/td>\n<\/tr>\n<tr class=\"alt-table-row\">\n<td style=\"width: 164.75px;\"><strong>Primera matr\u00edcula<\/strong><\/td>\n<td style=\"width: 154.703px;\">305,00\u20ac<\/td>\n<td style=\"width: 119.547px;\">152,50\u20ac<\/td>\n<\/tr>\n<tr>\n<td style=\"width: 164.75px;\"><strong>Segona matr\u00edcula<\/strong><\/td>\n<td style=\"width: 154.703px;\">396,50\u20ac<\/td>\n<td style=\"width: 119.547px;\">198,25\u20ac<\/td>\n<\/tr>\n<tr class=\"alt-table-row\">\n<td style=\"width: 164.75px;\"><strong>Tercera matr\u00edcula<\/strong><\/td>\n<td style=\"width: 154.703px;\">549,00\u20ac<\/td>\n<td style=\"width: 119.547px;\">274,50\u20ac<\/td>\n<\/tr>\n<\/tbody>\n<\/table>\n<p><strong>Taxes de matr\u00edcula (B1, B2.1 i B2.2) cursos anuals (angl\u00e8s i franc\u00e8s)<\/strong><\/p>\n<table>\n<tbody>\n<tr>\n<td style=\"width: 172px;\"><\/td>\n<td style=\"width: 146px;\"><strong>Preu matr\u00edcula ordin\u00e0ria<\/strong><\/td>\n<td style=\"width: 127px;\"><strong>Bonificaci\u00f3 50%<\/strong><\/td>\n<\/tr>\n<tr class=\"alt-table-row\">\n<td style=\"width: 172px;\"><strong>Primera matr\u00edcula<\/strong><\/td>\n<td style=\"width: 146px;\">327,60\u20ac<\/td>\n<td style=\"width: 127px;\">163,80\u20ac<\/td>\n<\/tr>\n<tr>\n<td style=\"width: 172px;\"><strong>Segona matr\u00edcula<\/strong><\/td>\n<td style=\"width: 146px;\">425,90\u20ac<\/td>\n<td style=\"width: 127px;\">212,95\u20ac<\/td>\n<\/tr>\n<tr class=\"alt-table-row\">\n<td style=\"width: 172px;\"><strong>Tercera matr\u00edcula<\/strong><\/td>\n<td style=\"width: 146px;\">589,70\u20ac<\/td>\n<td style=\"width: 127px;\">294,85\u20ac<\/td>\n<\/tr>\n<\/tbody>\n<\/table>\n<p><strong>Preus p\u00fablics de matr\u00edcula matr\u00edcula (A1.A, A1.B, A2.A. A2.B cursos flexibilitzats (alemany)<\/strong><\/p>\n<table>\n<tbody>\n<tr>\n<td style=\"width: 172px;\"><\/td>\n<td style=\"width: 146px;\"><strong>Preu matr\u00edcula ordin\u00e0ria<\/strong><\/td>\n<td style=\"width: 127px;\"><strong>Bonificaci\u00f3 50%<\/strong><\/td>\n<\/tr>\n<tr class=\"alt-table-row\">\n<td style=\"width: 172px;\"><strong>Primera matr\u00edcula<\/strong><\/td>\n<td style=\"width: 146px;\">152,50\u20ac<\/td>\n<td style=\"width: 127px;\">76,25\u20ac<\/td>\n<\/tr>\n<tr>\n<td style=\"width: 172px;\"><strong>Segona matr\u00edcula<\/strong><\/td>\n<td style=\"width: 146px;\">198,25\u20ac<\/td>\n<td style=\"width: 127px;\">99,13\u20ac<\/td>\n<\/tr>\n<tr class=\"alt-table-row\">\n<td style=\"width: 172px;\"><strong>Tercera matr\u00edcula<\/strong><\/td>\n<td style=\"width: 146px;\">274,50\u20ac<\/td>\n<td style=\"width: 127px;\">137,25\u20ac<\/td>\n<\/tr>\n<\/tbody>\n<\/table>\n<p><strong>Taxes de matr\u00edcula matr\u00edcula (B1.A, B1.2, B2.A i B2.B cursos flexibilitzats (alemany)<\/strong><\/p>\n<table>\n<tbody>\n<tr>\n<td style=\"width: 172px;\"><\/td>\n<td style=\"width: 146px;\"><strong>Preu matr\u00edcula ordin\u00e0ria<\/strong><\/td>\n<td style=\"width: 127px;\"><strong>Bonificaci\u00f3 50%<\/strong><\/td>\n<\/tr>\n<tr class=\"alt-table-row\">\n<td style=\"width: 172px;\"><strong>Primera matr\u00edcula<\/strong><\/td>\n<td style=\"width: 146px;\">163,80\u20ac<\/td>\n<td style=\"width: 127px;\">81,90\u20ac<\/td>\n<\/tr>\n<tr>\n<td style=\"width: 172px;\"><strong>Segona matr\u00edcula<\/strong><\/td>\n<td style=\"width: 146px;\">212,95\u20ac<\/td>\n<td style=\"width: 127px;\">106,48\u20ac<\/td>\n<\/tr>\n<tr class=\"alt-table-row\">\n<td style=\"width: 172px;\"><strong>Tercera matr\u00edcula<\/strong><\/td>\n<td style=\"width: 146px;\">294.85\u20ac<\/td>\n<td style=\"width: 127px;\">147,42\u20ac<\/td>\n<\/tr>\n<\/tbody>\n<\/table>\n<p>En el pagament de l\u2019import de totes les taxes i els preus p\u00fablics s\u2019estableixen les \u00a0<a href=\"https:\/\/educacio.gencat.cat\/ca\/departament\/normativa\/taxes-preus-publics\/exempcions-bonificacions\/\" target=\"_blank\" rel=\"noopener\"><strong>bonificacions i exempcions generals<\/strong><\/a>\u00a0seg\u00fcents:<\/p>\n<p><strong>Bonificaci\u00f3 del 50%<\/strong> de l\u2019import per a:<\/p>\n<ul>\n<li>membres de fam\u00edlia nombrosa de categoria general i<\/li>\n<li>membres de fam\u00edlies monoparentals<\/li>\n<\/ul>\n<p><strong>Exempci\u00f3 del 100%<\/strong> del pagament per a:<\/p>\n<ul>\n<li>membres de fam\u00edlia nombrosa de categoria especial<\/li>\n<li>v\u00edctimes del terrorisme (i els seus c\u00f2njuges i els seus fills i filles)<\/li>\n<li>persones amb discapacitat igual o superior al 33% i<\/li>\n<li>infants o adolescents en acolliment familiar<\/li>\n<\/ul>\n<p><a href=\"http:\/\/educacio.gencat.cat\/ca\/departament\/normativa\/taxes-preus-publics\/taxes\/\"><strong>Exempcions addicionals<\/strong><\/a>\u00a0al pagament de les taxes (cursos B1, B2.1 i B2.2)<\/p>\n<ul>\n<li>persones subjectes a mesures privatives de llibertat,<\/li>\n<li>membres de fam\u00edlies que perceben la renda m\u00ednima d&#8217;inserci\u00f3 o la renda activa d&#8217;inserci\u00f3,<\/li>\n<li>v\u00edctimes de viol\u00e8ncia de g\u00e8nere,<\/li>\n<li>alumnes que tinguin concedida una beca per a estudis d&#8217;idiomes per part de l&#8217;Administraci\u00f3 p\u00fablica competent en la mat\u00e8ria. Si un alumne es matricula de dos o m\u00e9s idiomes, l&#8217;exempci\u00f3 nom\u00e9s abasta l&#8217;idioma per al qual s&#8217;ha concedit la beca. L&#8217;exempci\u00f3 nom\u00e9s es concedir\u00e0 per al mateix curs acad\u00e8mic per al qual s&#8217;ha concedit la beca.\u00a0A l&#8217;efecte de formalitzaci\u00f3 de la matr\u00edcula oficial, l&#8217;alumne ha d&#8217;abonar la taxa si encara no t\u00e9 concedida la beca. Un cop se li notifiqui la concessi\u00f3 de la beca, podr\u00e0 demanar la devoluci\u00f3 de l&#8217;import de la taxa mitjan\u00e7at el procediment de devoluci\u00f3 d&#8217;ingressos indeguts,<\/li>\n<li>alumnes que en el curs acad\u00e8mic immediatament anterior han obtingut matr\u00edcula d&#8217;honor en el batxillerat o el Premi Extraordinari de Batxillerat (resten exempts de la taxa corresponent a la primera matr\u00edcula),<\/li>\n<li>menors tutelats o extutelats menors de 21 anys d&#8217;edat (la condici\u00f3 de persona tutelada o extutelada s&#8217;acredita per mitj\u00e0 del certificat em\u00e8s per la Direcci\u00f3 General d&#8217;Atenci\u00f3 a la Inf\u00e0ncia i la Adolesc\u00e8ncia o l&#8217;\u00f2rgan equivalent d&#8217;altres comunitats aut\u00f2nomes).<\/li>\n<\/ul>\n<p><a href=\"http:\/\/educacio.gencat.cat\/ca\/departament\/normativa\/taxes-preus-publics\/preu-public\/\"><strong>Bonificacions i exempcions addicionals<\/strong><\/a>\u00a0al pagament dels preus p\u00fablics (cursos A1, A2, C1, C2.1 i C2.2)<\/p>\n<ul>\n<li>Els alumnes que tinguin concedida una beca o ajut a l&#8217;estudi en aquests mateixos ensenyaments per part de l&#8217;administraci\u00f3 p\u00fablica competent en la mat\u00e8ria, gaudiran d&#8217;una bonificaci\u00f3 del 50% de l&#8217;import del preu p\u00fablic corresponent, pr\u00e8via acreditaci\u00f3 documental. La bonificaci\u00f3 nom\u00e9s es concedir\u00e0 pel mateix curs acad\u00e8mic pel qual s&#8217;ha concedit la beca.<br \/>\nEn aquests casos, a l&#8217;efecte de formalitzaci\u00f3 de la matr\u00edcula, si l&#8217;alumne no t\u00e9 concedida encara la beca ha d&#8217;abonar l&#8217;import del preu p\u00fablic corresponent. Un cop se li notifiqui la concessi\u00f3 de la beca, podr\u00e0 demanar la devoluci\u00f3 de l&#8217;import, davant de la direcci\u00f3 que els retornar\u00e0 el 50% de l&#8217;import del preu p\u00fablic pagat.<\/li>\n<li>Els alumnes dels centres sostinguts amb fons p\u00fablics, que es matriculen d&#8217;una segona llengua estrangera en una escola oficial d&#8217;idiomes, diferent a la llengua estrangera obligat\u00f2ria del curr\u00edculum que estudien en el centre educatiu, tenen una bonificaci\u00f3 del 50% del preu p\u00fablic.<\/li>\n<li>Els alumnes matriculats en una escola oficial d&#8217;idiomes que cursen una llengua estrangera i volen estudiar una segona llengua estrangera en la mateixa o una altra escola oficial d&#8217;idiomes, tenen una bonificaci\u00f3 del 50% del preu p\u00fablic en una de les lleng\u00fces que es matriculin.<\/li>\n<li>Els alumnes matriculats en una escola oficial d&#8217;idiomes, que cursen una llengua estrangera en el nivell de 5\u00e8 (intermedi B2), que es matriculin en una nova llengua estrangera el curs immediatament posterior, tenen una bonificaci\u00f3 del 50% del preu p\u00fablic de la matr\u00edcula de la nova llengua.<\/li>\n<\/ul>\n<p>Acumulaci\u00f3 de bonificacions:<\/p>\n<p>La concurr\u00e8ncia en una mateixa persona de les condicions que donen dret a dues o m\u00e9s bonificacions iguals o superiors al 50%, comportar\u00e0 l&#8217;acumulaci\u00f3 d&#8217;aquestes bonificacions.<\/p>\n<p>S&#8217;estableix l&#8217;<strong>exempci\u00f3<\/strong>\u00a0del pagament per a les\u00a0persones seg\u00fcents:<\/p>\n<ul>\n<li>persones que tinguin una discapacitat acreditada igual o superior al 33%, els seus c\u00f2njuges i els seus fills o filles que en depenguin econ\u00f2micament.<\/li>\n<li>persones subjectes a mesures privatives de llibertat,<\/li>\n<li>persones membres d&#8217;unitats familiars que percebin la renda m\u00ednima d&#8217;inserci\u00f3, la renda activa d&#8217;inserci\u00f3 o la renda garantida de ciutadania,<\/li>\n<li>aturats de llarga durada que perceben un subsidi equivalent a una renda m\u00ednima d&#8217;inserci\u00f3 o la renda activa d&#8217;inserci\u00f3\u00a0o la renda garantida de ciutadania,<\/li>\n<li>v\u00edctimes de viol\u00e8ncia de g\u00e8nere,<\/li>\n<li>persones menors tutelades o persones extutelades menors de 21 anys d&#8217;edat. La condici\u00f3 de persona tutelada o extutelada s&#8217;acredita mitjan\u00e7ant el certificat em\u00e8s per la Direcci\u00f3 General d&#8217;Atenci\u00f3 a la Inf\u00e0ncia i l&#8217;Adolesc\u00e8ncia o \u00f2rgan equivalent d&#8217;altres comunitats aut\u00f2nomes.<\/li>\n<\/ul>\n<p>Exempcions espec\u00edfiques:<\/p>\n<ul>\n<li>persones que en el curs acad\u00e8mic immediatament anterior hagin obtingut matr\u00edcula d&#8217;honor en el batxillerat o el premi extraordinari de batxillerat,<\/li>\n<li>persones guanyadores\u00a0del Premi Extraordinari dels ensenyaments de Formaci\u00f3 professional, dels ensenyaments professionals d&#8217;Arts Pl\u00e0stiques i Disseny, dels ensenyaments professionals de M\u00fasica o dels ensenyaments professionals de Dansa, en els termes previstos a la normativa que els estableixi, tenen dret a l&#8217;exempci\u00f3 de l&#8217;import del preu en concepte de matr\u00edcula i serveis, per un sol cop, a triar entre la matr\u00edcula en el nivell B\u00e0sic, el nivell C1 o el nivell C2.<\/li>\n<\/ul>\n<p><strong>Taxes per a la inscripci\u00f3 a les proves lliures dels certificats d&#8217;idiomes.\u00a0<\/strong><\/p>\n<p>Certificat de nivell intermedi B1: 78,40\u20ac<br \/>\nCertificat de nivell intermedi B2: 78,40\u20ac<br \/>\nCertificat de nivell avan\u00e7at C1: 96,65\u20ac<br \/>\nCertificat de nivell avan\u00e7at C2: 96,65\u20ac<\/p>\n<p><strong><a href=\"http:\/\/educacio.gencat.cat\/ca\/tramits\/tramits-temes\/7708-proves-idiomes-EOI?moda=1\">Bonificacions i exempcions<\/a><\/strong><\/p>\n<p><strong>Taxes per a l&#8217;expedici\u00f3 de t\u00edtols acad\u00e8mics<\/strong><\/p>\n<p>Certificat de nivell intermedi B2: 78\u20ac<br \/>\nCertificats de nivell avan\u00e7at C1 i C2: 78\u20ac<\/p>\n","protected":false},"excerpt":{"rendered":"<p>Taxes i preus p\u00fablics cursos oficials<br \/>\n<a href=\"https:\/\/educacio.gencat.cat\/ca\/departament\/normativa\/taxes-preus-publics\/\" target=\"_blank\" rel=\"noopener\">Normativa i informaci\u00f3 general<\/a><br \/>\nPreus p\u00fablics de matr\u00edcula (A1, A2, C1 i C2.1) cursos anuals (angl\u00e8s i franc\u00e8s)<\/p>\n<p>Preu matr\u00edcula ordin\u00e0ria<br \/>\nBonificaci\u00f3 50%<\/p>\n<p>Primera matr\u00edcula<br \/>\n305,00\u20ac<br \/>\n152,50\u20ac<\/p>\n<p>Segona matr\u00edcula<br \/>\n396,50\u20ac<br \/>\n198,25\u20ac<\/p>\n<p>Tercera matr\u00edcula<br \/>\n549,00\u20ac<br \/>\n274,50\u20ac<\/p>\n<p>Taxes de matr\u00edcula (B1, B2.1 i B2.2) cursos anuals (angl\u00e8s i franc\u00e8s)<\/p>\n<p>Preu matr\u00edcula ordin\u00e0ria<br \/>\nBonificaci\u00f3 50%<\/p>\n<p>Primera&hellip;  <a href=\"https:\/\/agora-eoi.xtec.cat\/eoiviladecans\/gestions-administratives\/taxes-i-pagaments\/\" title=\"Read Taxes i pagaments\">Llegeix m\u00e9s\u00bb<\/a><\/p>\n","protected":false},"author":1,"featured_media":0,"parent":8358,"menu_order":0,"comment_status":"closed","ping_status":"closed","template":"","meta":{"_bbp_topic_count":0,"_bbp_reply_count":0,"_bbp_total_topic_count":0,"_bbp_total_reply_count":0,"_bbp_voice_count":0,"_bbp_anonymous_reply_count":0,"_bbp_topic_count_hidden":0,"_bbp_reply_count_hidden":0,"_bbp_forum_subforum_count":0,"footnotes":""},"class_list":["post-10014","page","type-page","status-publish","hentry"],"post_mailing_queue_ids":[],"_links":{"self":[{"href":"https:\/\/agora-eoi.xtec.cat\/eoiviladecans\/wp-json\/wp\/v2\/pages\/10014","targetHints":{"allow":["GET"]}}],"collection":[{"href":"https:\/\/agora-eoi.xtec.cat\/eoiviladecans\/wp-json\/wp\/v2\/pages"}],"about":[{"href":"https:\/\/agora-eoi.xtec.cat\/eoiviladecans\/wp-json\/wp\/v2\/types\/page"}],"author":[{"embeddable":true,"href":"https:\/\/agora-eoi.xtec.cat\/eoiviladecans\/wp-json\/wp\/v2\/users\/1"}],"replies":[{"embeddable":true,"href":"https:\/\/agora-eoi.xtec.cat\/eoiviladecans\/wp-json\/wp\/v2\/comments?post=10014"}],"version-history":[{"count":4,"href":"https:\/\/agora-eoi.xtec.cat\/eoiviladecans\/wp-json\/wp\/v2\/pages\/10014\/revisions"}],"predecessor-version":[{"id":11023,"href":"https:\/\/agora-eoi.xtec.cat\/eoiviladecans\/wp-json\/wp\/v2\/pages\/10014\/revisions\/11023"}],"up":[{"embeddable":true,"href":"https:\/\/agora-eoi.xtec.cat\/eoiviladecans\/wp-json\/wp\/v2\/pages\/8358"}],"wp:attachment":[{"href":"https:\/\/agora-eoi.xtec.cat\/eoiviladecans\/wp-json\/wp\/v2\/media?parent=10014"}],"curies":[{"name":"wp","href":"https:\/\/api.w.org\/{rel}","templated":true}]}}