{"id":9910,"date":"2023-03-06T12:43:39","date_gmt":"2023-03-06T11:43:39","guid":{"rendered":"https:\/\/agora-eoi.xtec.cat\/eoivalls\/?page_id=9910"},"modified":"2023-03-06T12:47:49","modified_gmt":"2023-03-06T11:47:49","slug":"treballar-en-una-eoi","status":"publish","type":"page","link":"https:\/\/agora-eoi.xtec.cat\/eoivalls\/treballar-en-una-eoi\/","title":{"rendered":"Treballar en una EOI"},"content":{"rendered":"<p>En aquest\u00a0<strong><a href=\"https:\/\/aplicacions.gestioeducativa.gencat.cat\/pls\/apex\/f?p=2011914:28\" target=\"_blank\" rel=\"noopener\">enlla\u00e7\u00a0<\/a><\/strong>hi trobar\u00e0s les\u00a0<strong>titulacions<\/strong>\u00a0que permeten impartir els ensenyaments d\u2019idiomes a les ESCOLES OFICIALS D\u2019IDIOMES DE CATALUNYA.<\/p>\n<p>Per ocupar llocs de treball en escoles oficials d\u2019idiomes, les persones interessades han de superar una\u00a0<strong>prova de capacitaci\u00f3<\/strong> que certifiqui la seva idone\u00eftat. Trobareu m\u00e9s informaci\u00f3 <strong><a href=\"https:\/\/educacio.gencat.cat\/ca\/serveis-tramits\/borsa-docents\/borsa-curs\/proves-capacitacio-especialitat\/escoles-oficials-didiomes\/\" target=\"_blank\" rel=\"noopener\">aqu\u00ed<\/a><\/strong>.<\/p>\n<p>Per a m\u00e9s informaci\u00f3, us podeu adre\u00e7ar al servei de personal docent del Servei Territorial de Tarragona:<strong>\u00a0<a href=\"mailto:s_personal_tgn.educacio@gencat.cat\">s_personal_tgn.educacio@gencat.cat<\/a><\/strong><\/p>\n<p>Altres informacions del vostre inter\u00e9s: <strong><a href=\"https:\/\/educacio.gencat.cat\/ca\/serveis-tramits\/borsa-docents\">Borsa de treball de personal docent<\/a><\/strong><\/p>\n","protected":false},"excerpt":{"rendered":"<p>En aquest\u00a0<a href=\"https:\/\/aplicacions.gestioeducativa.gencat.cat\/pls\/apex\/f?p=2011914:28\" target=\"_blank\" rel=\"noopener\">enlla\u00e7\u00a0<\/a>hi trobar\u00e0s les\u00a0titulacions\u00a0que permeten impartir els ensenyaments d\u2019idiomes a les ESCOLES OFICIALS D\u2019IDIOMES DE CATALUNYA.<br \/>\nPer ocupar llocs de treball en escoles oficials d\u2019idiomes, les persones interessades han de superar una\u00a0prova de capacitaci\u00f3 que certifiqui la seva idone\u00eftat. Trobareu m\u00e9s informaci\u00f3 <a&hellip;  <a href=\"https:\/\/agora-eoi.xtec.cat\/eoivalls\/treballar-en-una-eoi\/\" title=\"Read Treballar en una EOI\">Llegeix m\u00e9s\u00bb<\/a><\/p>\n","protected":false},"author":1,"featured_media":0,"parent":0,"menu_order":0,"comment_status":"closed","ping_status":"closed","template":"","meta":{"_bbp_topic_count":0,"_bbp_reply_count":0,"_bbp_total_topic_count":0,"_bbp_total_reply_count":0,"_bbp_voice_count":0,"_bbp_anonymous_reply_count":0,"_bbp_topic_count_hidden":0,"_bbp_reply_count_hidden":0,"_bbp_forum_subforum_count":0,"footnotes":""},"class_list":["post-9910","page","type-page","status-publish","hentry"],"post_mailing_queue_ids":[],"_links":{"self":[{"href":"https:\/\/agora-eoi.xtec.cat\/eoivalls\/wp-json\/wp\/v2\/pages\/9910","targetHints":{"allow":["GET"]}}],"collection":[{"href":"https:\/\/agora-eoi.xtec.cat\/eoivalls\/wp-json\/wp\/v2\/pages"}],"about":[{"href":"https:\/\/agora-eoi.xtec.cat\/eoivalls\/wp-json\/wp\/v2\/types\/page"}],"author":[{"embeddable":true,"href":"https:\/\/agora-eoi.xtec.cat\/eoivalls\/wp-json\/wp\/v2\/users\/1"}],"replies":[{"embeddable":true,"href":"https:\/\/agora-eoi.xtec.cat\/eoivalls\/wp-json\/wp\/v2\/comments?post=9910"}],"version-history":[{"count":3,"href":"https:\/\/agora-eoi.xtec.cat\/eoivalls\/wp-json\/wp\/v2\/pages\/9910\/revisions"}],"predecessor-version":[{"id":9916,"href":"https:\/\/agora-eoi.xtec.cat\/eoivalls\/wp-json\/wp\/v2\/pages\/9910\/revisions\/9916"}],"wp:attachment":[{"href":"https:\/\/agora-eoi.xtec.cat\/eoivalls\/wp-json\/wp\/v2\/media?parent=9910"}],"curies":[{"name":"wp","href":"https:\/\/api.w.org\/{rel}","templated":true}]}}