{"id":9889,"date":"2023-02-13T10:17:49","date_gmt":"2023-02-13T09:17:49","guid":{"rendered":"https:\/\/agora-eoi.xtec.cat\/eoivalls\/?page_id=9889"},"modified":"2023-06-05T09:41:22","modified_gmt":"2023-06-05T07:41:22","slug":"cultura-digital","status":"publish","type":"page","link":"https:\/\/agora-eoi.xtec.cat\/eoivalls\/serveis\/edc\/cultura-digital\/","title":{"rendered":"Cultura Digital"},"content":{"rendered":"<p class=\"CDt4Ke zfr3Q\" dir=\"ltr\"><strong>Descripci\u00f3 dels serveis digitals del centre<\/strong><\/p>\n<p>Com a centre din\u00e0mic que vol estar sempre actualitzat i oferir el millor servei a l&#8217;alumnat, adaptant-nos r\u00e0pidament a situacions sobrevingudes, treballem amb diferents plataformes digitals:<\/p>\n<p><strong>Moodle<\/strong>: \u00e9s el nostre entorn virtual d&#8217;aprenentatge (EVA). <a href=\"https:\/\/agora-eoi.xtec.cat\/eoivalls\/moodle\/login\/index.php\" target=\"_blank\" rel=\"noopener\">Enlla\u00e7 acc\u00e8s Moodle.<\/a><\/p>\n<p>Utilitzem tamb\u00e9 diverses plataformes i aplicacions durant les classes: <strong>PADLET, Kahoot<\/strong>, etc.<\/p>\n<p>Per a la matr\u00edcula i consulta de notes i assist\u00e8ncia de l&#8217;alumnat treballem amb l&#8217;aplicaci\u00f3: <strong>Centrosnet<\/strong>.<\/p>\n<p>Fem acompanyament i assessorem el nostre alumnat en l&#8217;\u00fas d&#8217;aquestes plataformes en tot moment.<\/p>\n<p>Per consultes sobre Moodle aneu a: <a href=\"https:\/\/educaciodigital.cat\/moodle\/moodle\" target=\"_blank\" rel=\"noopener\">https:\/\/educaciodigital.cat\/moodle\/moodle<\/a><\/p>\n<p dir=\"ltr\"><strong>Documentaci\u00f3 del Centre<\/strong><\/p>\n<ul class=\"n8H08c UVNKR\">\n<li class=\"TYR86d zfr3Q\" dir=\"ltr\">\n<p class=\"CDt4Ke zfr3Q\" dir=\"ltr\">NOFC, aneu a: <strong><a href=\"https:\/\/agora-eoi.xtec.cat\/eoivalls\/el-servei-educatiu\/normes-i-funcionament\/\" target=\"_blank\" rel=\"noopener\">https:\/\/agora-eoi.xtec.cat\/eoivalls\/el-servei-educatiu\/normes-i-funcionament\/<\/a><\/strong><\/p>\n<\/li>\n<li class=\"TYR86d zfr3Q\" dir=\"ltr\">\n<p class=\"CDt4Ke zfr3Q\" dir=\"ltr\">Projecte Educatiu de Centre, aneu a: <strong><a href=\"https:\/\/agora-eoi.xtec.cat\/eoivalls\/el-servei-educatiu\/projecte-educatiu-de-centre-pec\/\" target=\"_blank\" rel=\"noopener\">https:\/\/agora-eoi.xtec.cat\/eoivalls\/el-servei-educatiu\/projecte-educatiu-de-centre-pec\/<\/a><\/strong><\/p>\n<\/li>\n<li class=\"TYR86d zfr3Q\" dir=\"ltr\">\n<p class=\"CDt4Ke zfr3Q\" dir=\"ltr\">Acord relatius a l&#8217;EDC del Consell Escolar i Claustre, aneu a: <strong><a href=\"https:\/\/agora-eoi.xtec.cat\/eoivalls\/el-servei-educatiu\/organigrama\/consell-escolar\/\" target=\"_blank\" rel=\"noopener\">https:\/\/agora-eoi.xtec.cat\/eoivalls\/el-servei-educatiu\/organigrama\/consell-escolar\/<\/a><\/strong><\/p>\n<\/li>\n<li class=\"TYR86d zfr3Q\" dir=\"ltr\">\n<p class=\"CDt4Ke zfr3Q\" dir=\"ltr\">Protocol d&#8217;\u00fas de dispositius m\u00f2bils: vegeu el punt 12 de la <strong><a href=\"https:\/\/agora-eoi.xtec.cat\/eoivalls\/el-servei-educatiu\/normes-i-funcionament\/\" target=\"_blank\" rel=\"noopener\">normativa d&#8217;alumnat<\/a><\/strong> sobre utilitzaci\u00f3 del m\u00f2bil al centre.<\/p>\n<\/li>\n<li class=\"TYR86d zfr3Q\" dir=\"ltr\"><a href=\"https:\/\/drive.google.com\/file\/d\/1vZBzOxW78KwNwuMFYdf01mxjHfviVqQf\/view?usp=sharing\" target=\"_blank\" rel=\"noopener\"><strong>Pla de comunicaci\u00f3 i difusi\u00f3 (enlla\u00e7)<\/strong><\/a><\/li>\n<li dir=\"ltr\">Manual d&#8217;acollida del personal de nova incorporaci\u00f3 al centre: <strong><a href=\"https:\/\/drive.google.com\/file\/d\/1mgH8P_Qx2EnKRTXrBXd9fCstTPbaWrLM\/view?usp=share_link\" target=\"_blank\" rel=\"noopener\">manual acollida (enlla\u00e7). <\/a><\/strong>Aquest document ja inclou la parta d&#8217;acollida relacionada amb \u00e0mbits digital (codis equips, dispositius digitals, acc\u00e9s a l&#8217;EVA del centre, etc.).<\/li>\n<\/ul>\n","protected":false},"excerpt":{"rendered":"<p>Descripci\u00f3 dels serveis digitals del centre<br \/>\nCom a centre din\u00e0mic que vol estar sempre actualitzat i oferir el millor servei a l&#8217;alumnat, adaptant-nos r\u00e0pidament a situacions sobrevingudes, treballem amb diferents plataformes digitals:<br \/>\nMoodle: \u00e9s el nostre entorn virtual d&#8217;aprenentatge (EVA). <a href=\"https:\/\/agora-eoi.xtec.cat\/eoivalls\/moodle\/login\/index.php\" target=\"_blank\" rel=\"noopener\">Enlla\u00e7 acc\u00e8s Moodle.<\/a><br \/>\nUtilitzem tamb\u00e9&hellip;  <a href=\"https:\/\/agora-eoi.xtec.cat\/eoivalls\/serveis\/edc\/cultura-digital\/\" title=\"Read Cultura Digital\">Llegeix m\u00e9s\u00bb<\/a><\/p>\n","protected":false},"author":1,"featured_media":0,"parent":9540,"menu_order":0,"comment_status":"closed","ping_status":"closed","template":"page-templates\/side-menu.php","meta":{"_bbp_topic_count":0,"_bbp_reply_count":0,"_bbp_total_topic_count":0,"_bbp_total_reply_count":0,"_bbp_voice_count":0,"_bbp_anonymous_reply_count":0,"_bbp_topic_count_hidden":0,"_bbp_reply_count_hidden":0,"_bbp_forum_subforum_count":0,"footnotes":""},"class_list":["post-9889","page","type-page","status-publish","hentry"],"post_mailing_queue_ids":[],"_links":{"self":[{"href":"https:\/\/agora-eoi.xtec.cat\/eoivalls\/wp-json\/wp\/v2\/pages\/9889","targetHints":{"allow":["GET"]}}],"collection":[{"href":"https:\/\/agora-eoi.xtec.cat\/eoivalls\/wp-json\/wp\/v2\/pages"}],"about":[{"href":"https:\/\/agora-eoi.xtec.cat\/eoivalls\/wp-json\/wp\/v2\/types\/page"}],"author":[{"embeddable":true,"href":"https:\/\/agora-eoi.xtec.cat\/eoivalls\/wp-json\/wp\/v2\/users\/1"}],"replies":[{"embeddable":true,"href":"https:\/\/agora-eoi.xtec.cat\/eoivalls\/wp-json\/wp\/v2\/comments?post=9889"}],"version-history":[{"count":3,"href":"https:\/\/agora-eoi.xtec.cat\/eoivalls\/wp-json\/wp\/v2\/pages\/9889\/revisions"}],"predecessor-version":[{"id":9957,"href":"https:\/\/agora-eoi.xtec.cat\/eoivalls\/wp-json\/wp\/v2\/pages\/9889\/revisions\/9957"}],"up":[{"embeddable":true,"href":"https:\/\/agora-eoi.xtec.cat\/eoivalls\/wp-json\/wp\/v2\/pages\/9540"}],"wp:attachment":[{"href":"https:\/\/agora-eoi.xtec.cat\/eoivalls\/wp-json\/wp\/v2\/media?parent=9889"}],"curies":[{"name":"wp","href":"https:\/\/api.w.org\/{rel}","templated":true}]}}