{"id":9723,"date":"2022-07-05T12:20:18","date_gmt":"2022-07-05T10:20:18","guid":{"rendered":"https:\/\/agora-eoi.xtec.cat\/eoivalls\/?page_id=9723"},"modified":"2025-10-01T09:40:24","modified_gmt":"2025-10-01T07:40:24","slug":"retorn-de-taxes","status":"publish","type":"page","link":"https:\/\/agora-eoi.xtec.cat\/eoivalls\/secretaria\/retorn-de-taxes\/","title":{"rendered":"Retorn de taxes\/ preus p\u00fablics"},"content":{"rendered":"<p>Termini de sol\u00b7licitud: <strong>10 d&#8217;octubre, 2025<\/strong><\/p>\n<p><strong>Tr\u00e0mit per sol\u00b7licitar la devoluci\u00f3 d&#8217;un ingr\u00e9s indegut en concepte de taxes o preus p\u00fablics del Departament d&#8217;Educaci\u00f3.<\/strong><\/p>\n<p style=\"font-weight: 400;\">Mitjan\u00e7ant aquest tr\u00e0mit es pot sol\u00b7licitar la devoluci\u00f3 de les seg\u00fcents taxes i preus p\u00fablics:<\/p>\n<p style=\"font-weight: 400;\">&#8211; Taxa de\u00a0<strong>matr\u00edcula<\/strong> en els nivells B1 i B2 de les EOI<\/p>\n<p style=\"font-weight: 400;\">&#8211; Preu p\u00fablic de\u00a0<strong>matr\u00edcula<\/strong> en els nivells A1, A2, C1 i C2 de les EOI<\/p>\n<h6 style=\"font-weight: 400;\"><strong>Els alumnes que desitgin sol\u00b7licitar la devoluci\u00f3<\/strong>\u00a0hauran d\u2019accedir a\u00a0<strong><a href=\"https:\/\/web.gencat.cat\/ca\/tramits\/tramits-temes\/devolucio-ingressos-indeguts\" target=\"_blank\" rel=\"noopener\" data-saferedirecturl=\"https:\/\/www.google.com\/url?q=https:\/\/web.gencat.cat\/ca\/tramits\/tramits-temes\/devolucio-ingressos-indeguts&amp;source=gmail&amp;ust=1657097604642000&amp;usg=AOvVaw1hMCfzJV-8SmIzjkJCmU1J\">https:\/\/web.gencat.cat\/ca\/tramits\/tramits-temes\/devolucio-ingressos-indeguts<\/a><\/strong>des d\u2019on podran omplir el formulari de sol\u00b7licitud i enviar-lo directament al Servei de Gesti\u00f3 Pressupost\u00e0ria per a la seva tramitaci\u00f3.<\/h6>\n<p style=\"font-weight: 400;\"><strong>Nota: <\/strong><strong>\u00a0el canal electr\u00f2nic ser\u00e0 la via preferent per sol\u00b7licitar el retorn de taxes<\/strong>.<\/p>\n<p style=\"font-weight: 400;\">Les persones que no disposen dels mitjans o dels coneixements necessaris per fer el tr\u00e0mit en l\u00ednia, poden fer-lo a trav\u00e9s de les Oficines de Registre dels serveis centrals d\u2019Educaci\u00f3 i dels serveis territorials, utilitzant el\u00a0<strong>servei de \u201ctramitaci\u00f3 atesa\u201d. Aquest servei ofereix assist\u00e8ncia per poder dur a terme el tr\u00e0mit sense dificultats. <\/strong>No obstant aix\u00f2, la modalitat presencial continuar\u00e0 activa a la secretaria de l&#8217;EOI, mitjan\u00e7ant el <a href=\"https:\/\/documents.espai.educacio.gencat.cat\/FormularisModels\/GestioEconomica\/A1404.pdf\"><strong>formulari<\/strong> <\/a>habitual.<\/p>\n<p style=\"font-weight: 400;\"><strong>Ren\u00fancia al curs<\/strong>: s&#8217;ha de tenir en compte que les sol\u00b7licituds de devoluci\u00f3 motivades per la ren\u00fancia dintre del termini previst en les instruccions d\u2019inici de cada curs acad\u00e8mic, han d&#8217;anar acompanyades del corresponent full de ren\u00fancia signat per l\u2019alumne i registrat (amb data i segell) per l\u2019EOI. En cas contrari, seran desestimades.<\/p>\n<p><strong>NOTA: La ren\u00fancia a la matr\u00edcula oficial amb devoluci\u00f3 de taxes suposa l&#8217;anul\u00b7laci\u00f3 de la matr\u00edcula a tots els efectes i l&#8217;exclusi\u00f3 de la matr\u00edcula de l&#8217;expedient acad\u00e8mic de l&#8217;alumne i, per tant, la ren\u00fancia a la pla\u00e7a per part de l&#8217;alumne.<\/strong><\/p>\n","protected":false},"excerpt":{"rendered":"<p>Termini de sol\u00b7licitud: 10 d&#8217;octubre, 2025<br \/>\nTr\u00e0mit per sol\u00b7licitar la devoluci\u00f3 d&#8217;un ingr\u00e9s indegut en concepte de taxes o preus p\u00fablics del Departament d&#8217;Educaci\u00f3.<br \/>\nMitjan\u00e7ant aquest tr\u00e0mit es pot sol\u00b7licitar la devoluci\u00f3 de les seg\u00fcents taxes i preus p\u00fablics:<br \/>\n&#8211; Taxa de\u00a0matr\u00edcula en els nivells B1 i B2&hellip;  <a href=\"https:\/\/agora-eoi.xtec.cat\/eoivalls\/secretaria\/retorn-de-taxes\/\" title=\"Read Retorn de taxes\/ preus p\u00fablics\">Llegeix m\u00e9s\u00bb<\/a><\/p>\n","protected":false},"author":1,"featured_media":0,"parent":8358,"menu_order":0,"comment_status":"closed","ping_status":"closed","template":"page-templates\/side-menu.php","meta":{"_bbp_topic_count":0,"_bbp_reply_count":0,"_bbp_total_topic_count":0,"_bbp_total_reply_count":0,"_bbp_voice_count":0,"_bbp_anonymous_reply_count":0,"_bbp_topic_count_hidden":0,"_bbp_reply_count_hidden":0,"_bbp_forum_subforum_count":0,"footnotes":""},"class_list":["post-9723","page","type-page","status-publish","hentry"],"post_mailing_queue_ids":[],"_links":{"self":[{"href":"https:\/\/agora-eoi.xtec.cat\/eoivalls\/wp-json\/wp\/v2\/pages\/9723","targetHints":{"allow":["GET"]}}],"collection":[{"href":"https:\/\/agora-eoi.xtec.cat\/eoivalls\/wp-json\/wp\/v2\/pages"}],"about":[{"href":"https:\/\/agora-eoi.xtec.cat\/eoivalls\/wp-json\/wp\/v2\/types\/page"}],"author":[{"embeddable":true,"href":"https:\/\/agora-eoi.xtec.cat\/eoivalls\/wp-json\/wp\/v2\/users\/1"}],"replies":[{"embeddable":true,"href":"https:\/\/agora-eoi.xtec.cat\/eoivalls\/wp-json\/wp\/v2\/comments?post=9723"}],"version-history":[{"count":6,"href":"https:\/\/agora-eoi.xtec.cat\/eoivalls\/wp-json\/wp\/v2\/pages\/9723\/revisions"}],"predecessor-version":[{"id":10448,"href":"https:\/\/agora-eoi.xtec.cat\/eoivalls\/wp-json\/wp\/v2\/pages\/9723\/revisions\/10448"}],"up":[{"embeddable":true,"href":"https:\/\/agora-eoi.xtec.cat\/eoivalls\/wp-json\/wp\/v2\/pages\/8358"}],"wp:attachment":[{"href":"https:\/\/agora-eoi.xtec.cat\/eoivalls\/wp-json\/wp\/v2\/media?parent=9723"}],"curies":[{"name":"wp","href":"https:\/\/api.w.org\/{rel}","templated":true}]}}