{"id":9608,"date":"2022-04-06T11:26:13","date_gmt":"2022-04-06T09:26:13","guid":{"rendered":"https:\/\/agora-eoi.xtec.cat\/eoivalls\/?page_id=9608"},"modified":"2025-07-14T10:51:39","modified_gmt":"2025-07-14T08:51:39","slug":"matricula-dactualitzacio-en-cursos-inferiors","status":"publish","type":"page","link":"https:\/\/agora-eoi.xtec.cat\/eoivalls\/secretaria\/matricula-dactualitzacio-en-cursos-inferiors\/","title":{"rendered":"Matr\u00edcula d\u2019actualitzaci\u00f3 en cursos inferiors"},"content":{"rendered":"<p>Les persones que ja hagin cursat i superat amb anterioritat cursos de les escoles oficials d\u2019idiomes, i que vulguin actualitzar-ne els coneixements, poden sol\u00b7licitar matricular-se en l\u2019\u00faltim curs fet o en qualsevol dels cursos inferiors. Tamb\u00e9 poden inscriure\u2019s en un curs d\u2019actualitzaci\u00f3 de coneixements els i les alumnes que hagin cursat i superat amb anterioritat cursos de nivell A1 i A2 als centres de formaci\u00f3 d\u2019adults. Igualment, poden inscriure\u2019s en cursos d\u2019actualitzaci\u00f3 les persones que s\u2019hagin presentat a les proves lliures i hagin obtingut el certificat corresponent en els mateixos termes.<\/p>\n<p>La sol\u00b7licitud per a aquest tipus de matr\u00edcula s\u2019ha de presentar al centre una vegada finalitzat el per\u00edode d&#8217;admissi\u00f3, i nom\u00e9s s\u2019admet si existeixen vacants en el curs i l\u2019idioma sol\u00b7licitat. La sol\u00b7licitud \u00e9s v\u00e0lida \u00fanicament per al curs acad\u00e8mic en qu\u00e8 se sol\u00b7licita i s\u2019ha de tornar a presentar per a cursos acad\u00e8mics posteriors.<\/p>\n<p>Aquest tipus de matr\u00edcula no t\u00e9 efectes acad\u00e8mics ni dona lloc a cap certificat oficial. La qualificaci\u00f3 que es fa constar a l\u2019expedient acad\u00e8mic de l\u2019alumne \u00e9s de \u201cno qualificat\/ada\u201d.<\/p>\n<p>Els alumnes en aquesta situaci\u00f3 acad\u00e8mica\u00a0<strong>no<\/strong>\u00a0tenen dret a sol\u00b7licitar una nova expedici\u00f3 del certificat obtingut anteriorment, per\u00f2 poden sol\u00b7licitar <strong>un certificat d\u2019actualitzaci\u00f3<\/strong> al centre on estiguin matriculats.<\/p>\n<p>Pel que fa al preu del servei, aquests alumnes han de pagar la taxa o el preu p\u00fablic corresponent, <strong>sense penalitzaci\u00f3 per repetici\u00f3.<\/strong><\/p>\n<p>Durant un mateix curs acad\u00e8mic no es pot simultaniejar una matr\u00edcula ordin\u00e0ria als ensenyaments presencials amb una matr\u00edcula d&#8217;actualitzaci\u00f3 del mateix idioma.<\/p>\n","protected":false},"excerpt":{"rendered":"<p>Les persones que ja hagin cursat i superat amb anterioritat cursos de les escoles oficials d\u2019idiomes, i que vulguin actualitzar-ne els coneixements, poden sol\u00b7licitar matricular-se en l\u2019\u00faltim curs fet o en qualsevol dels cursos inferiors. Tamb\u00e9 poden inscriure\u2019s en un curs d\u2019actualitzaci\u00f3 de coneixements els&hellip;  <a href=\"https:\/\/agora-eoi.xtec.cat\/eoivalls\/secretaria\/matricula-dactualitzacio-en-cursos-inferiors\/\" title=\"Read Matr\u00edcula d\u2019actualitzaci\u00f3 en cursos inferiors\">Llegeix m\u00e9s\u00bb<\/a><\/p>\n","protected":false},"author":1,"featured_media":0,"parent":8358,"menu_order":0,"comment_status":"closed","ping_status":"closed","template":"page-templates\/side-menu.php","meta":{"_bbp_topic_count":0,"_bbp_reply_count":0,"_bbp_total_topic_count":0,"_bbp_total_reply_count":0,"_bbp_voice_count":0,"_bbp_anonymous_reply_count":0,"_bbp_topic_count_hidden":0,"_bbp_reply_count_hidden":0,"_bbp_forum_subforum_count":0,"footnotes":""},"class_list":["post-9608","page","type-page","status-publish","hentry"],"post_mailing_queue_ids":[],"_links":{"self":[{"href":"https:\/\/agora-eoi.xtec.cat\/eoivalls\/wp-json\/wp\/v2\/pages\/9608","targetHints":{"allow":["GET"]}}],"collection":[{"href":"https:\/\/agora-eoi.xtec.cat\/eoivalls\/wp-json\/wp\/v2\/pages"}],"about":[{"href":"https:\/\/agora-eoi.xtec.cat\/eoivalls\/wp-json\/wp\/v2\/types\/page"}],"author":[{"embeddable":true,"href":"https:\/\/agora-eoi.xtec.cat\/eoivalls\/wp-json\/wp\/v2\/users\/1"}],"replies":[{"embeddable":true,"href":"https:\/\/agora-eoi.xtec.cat\/eoivalls\/wp-json\/wp\/v2\/comments?post=9608"}],"version-history":[{"count":6,"href":"https:\/\/agora-eoi.xtec.cat\/eoivalls\/wp-json\/wp\/v2\/pages\/9608\/revisions"}],"predecessor-version":[{"id":10407,"href":"https:\/\/agora-eoi.xtec.cat\/eoivalls\/wp-json\/wp\/v2\/pages\/9608\/revisions\/10407"}],"up":[{"embeddable":true,"href":"https:\/\/agora-eoi.xtec.cat\/eoivalls\/wp-json\/wp\/v2\/pages\/8358"}],"wp:attachment":[{"href":"https:\/\/agora-eoi.xtec.cat\/eoivalls\/wp-json\/wp\/v2\/media?parent=9608"}],"curies":[{"name":"wp","href":"https:\/\/api.w.org\/{rel}","templated":true}]}}