{"id":9540,"date":"2022-02-21T12:56:35","date_gmt":"2022-02-21T11:56:35","guid":{"rendered":"https:\/\/agora-eoi.xtec.cat\/eoivalls\/?page_id=9540"},"modified":"2023-02-13T10:49:57","modified_gmt":"2023-02-13T09:49:57","slug":"edc","status":"publish","type":"page","link":"https:\/\/agora-eoi.xtec.cat\/eoivalls\/serveis\/edc\/","title":{"rendered":"Estrat\u00e8gia Digital de Centre"},"content":{"rendered":"<p><strong>Estrat\u00e8gia Digital<\/strong><\/p>\n<p>L&#8217;estrat\u00e8gia digital \u00e9s el proc\u00e9s que ens ha de conduir a avan\u00e7ar i millorar en la utilitzaci\u00f3 de recursos i metodologies digitals en el centre. L&#8217;estrat\u00e8gia digital es divideix, en les fases seg\u00fcents: diagnosi, objectius, avaluaci\u00f3 i activitats.<\/p>\n<p>Per a m\u00e9s informaci\u00f3 aneu a: <a class=\"button normal\" style=\"padding: 1em; font-weight: 400; margin: 0.1em; color: white !important; background-color: #ffa00cbf;\" href=\"https:\/\/agora-eoi.xtec.cat\/eoivalls\/serveis\/edc\/estrategia-digital\/\" rel=\"noopener noreferrer\">Estrat\u00e8gia Digital<\/a><\/p>\n<p><strong>Cultura Digital<\/strong><\/p>\n<p>Entenem per cultura digital el recull de documents i informacions de l&#8217;\u00e0mbit digital i organitzats de forma que siguin \u00fatils per a la comunitat educativa.<\/p>\n<p>Per a m\u00e9s informaci\u00f3 aneu a:\u00a0<b> <a class=\"button normal\" style=\"padding:1em;font-weight: 400;margin:0.1em;color:white !important;background-color:#FFA00CBF\" href=\"https:\/\/agora-eoi.xtec.cat\/eoivalls\/serveis\/edc\/cultura-digital\/\"  rel=\"noopener noreferrer\">Cultura Digital<\/a><br \/>\n                                <\/b><\/p>\n<p>&nbsp;<\/p>\n","protected":false},"excerpt":{"rendered":"<p>Estrat\u00e8gia Digital<br \/>\nL&#8217;estrat\u00e8gia digital \u00e9s el proc\u00e9s que ens ha de conduir a avan\u00e7ar i millorar en la utilitzaci\u00f3 de recursos i metodologies digitals en el centre. L&#8217;estrat\u00e8gia digital es divideix, en les fases seg\u00fcents: diagnosi, objectius, avaluaci\u00f3 i activitats.<br \/>\nPer a m\u00e9s informaci\u00f3 aneu a: <a&hellip;  <a href=\"https:\/\/agora-eoi.xtec.cat\/eoivalls\/serveis\/edc\/\" title=\"Read Estrat\u00e8gia Digital de Centre\">Llegeix m\u00e9s\u00bb<\/a><\/p>\n","protected":false},"author":1,"featured_media":0,"parent":8411,"menu_order":0,"comment_status":"closed","ping_status":"closed","template":"page-templates\/side-menu.php","meta":{"_bbp_topic_count":0,"_bbp_reply_count":0,"_bbp_total_topic_count":0,"_bbp_total_reply_count":0,"_bbp_voice_count":0,"_bbp_anonymous_reply_count":0,"_bbp_topic_count_hidden":0,"_bbp_reply_count_hidden":0,"_bbp_forum_subforum_count":0,"footnotes":""},"class_list":["post-9540","page","type-page","status-publish","hentry"],"post_mailing_queue_ids":[],"_links":{"self":[{"href":"https:\/\/agora-eoi.xtec.cat\/eoivalls\/wp-json\/wp\/v2\/pages\/9540","targetHints":{"allow":["GET"]}}],"collection":[{"href":"https:\/\/agora-eoi.xtec.cat\/eoivalls\/wp-json\/wp\/v2\/pages"}],"about":[{"href":"https:\/\/agora-eoi.xtec.cat\/eoivalls\/wp-json\/wp\/v2\/types\/page"}],"author":[{"embeddable":true,"href":"https:\/\/agora-eoi.xtec.cat\/eoivalls\/wp-json\/wp\/v2\/users\/1"}],"replies":[{"embeddable":true,"href":"https:\/\/agora-eoi.xtec.cat\/eoivalls\/wp-json\/wp\/v2\/comments?post=9540"}],"version-history":[{"count":3,"href":"https:\/\/agora-eoi.xtec.cat\/eoivalls\/wp-json\/wp\/v2\/pages\/9540\/revisions"}],"predecessor-version":[{"id":9898,"href":"https:\/\/agora-eoi.xtec.cat\/eoivalls\/wp-json\/wp\/v2\/pages\/9540\/revisions\/9898"}],"up":[{"embeddable":true,"href":"https:\/\/agora-eoi.xtec.cat\/eoivalls\/wp-json\/wp\/v2\/pages\/8411"}],"wp:attachment":[{"href":"https:\/\/agora-eoi.xtec.cat\/eoivalls\/wp-json\/wp\/v2\/media?parent=9540"}],"curies":[{"name":"wp","href":"https:\/\/api.w.org\/{rel}","templated":true}]}}