{"id":9116,"date":"2020-07-16T11:13:26","date_gmt":"2020-07-16T09:13:26","guid":{"rendered":"https:\/\/agora-eoi.xtec.cat\/eoivalls\/?page_id=9116"},"modified":"2024-06-27T10:02:18","modified_gmt":"2024-06-27T08:02:18","slug":"preus-publics-taxes-de-matricula","status":"publish","type":"page","link":"https:\/\/agora-eoi.xtec.cat\/eoivalls\/secretaria\/preus-publics-taxes-de-matricula\/","title":{"rendered":"Pagament de la matr\u00edcula"},"content":{"rendered":"<p><strong>PAGAMENT DE LA MATRICULA<\/strong><\/p>\n<p>Si us plau, llegiu amb atenci\u00f3 tota la informaci\u00f3 sobre preus p\u00fablics, taxes de matr\u00edcula, instruccions per fer el pagament:<\/p>\n<p><u>TAXES DE MATR\u00cdCULA (cursos intermedi B1 i B2.1 i B2.2)<\/u><\/p>\n<p>Segons Llei 2\/2023, del 16 de mar\u00e7, de pressupostos de la Generalitat de Catalunya per al 2023 (DOGC n\u00fam. 8877, de 17.3.2023), que disposa les taxes per a la prestaci\u00f3 del servei docent a les EOIS:<\/p>\n<p>-l&#8217;alumnat ha de fer dos pagaments obligatoris: 1. la taxa de matr\u00edcula\u00a0 (297,60\u202f\u20ac) i 2. el preu p\u00fablic per acc\u00e9s a la plataforma i materials did\u00e0ctics (30\u202f\u20ac).<\/p>\n<p>Per m\u00e9s informaci\u00f3:<\/p>\n<ul>\n<li><a href=\"https:\/\/educacio.gencat.cat\/ca\/departament\/normativa\/taxes-preus-publics\/taxes\/\">https:\/\/educacio.gencat.cat\/ca\/departament\/normativa\/taxes-preus-publics\/taxes\/<\/a><\/li>\n<li><a href=\"https:\/\/cido.diba.cat\/legislacio\/15322286\/ordre-edu902023-de-21-dabril-per-la-qual-es-dona-publicitat-de-les-taxes-vigents-que-gestiona-el-departament-deducacio-departament-deducacio\" target=\"_blank\" rel=\"noopener\">ORDRE EDU\/90\/2023, de 21 d&#8217;abril, d&#8217;Educaci\u00f3.<\/a><\/li>\n<\/ul>\n<p><u>PREUS P\u00daBLICS DE MATR\u00cdCULA (cursos nivell b\u00e0sic A1 i A2 i avan\u00e7at C1)<\/u><\/p>\n<p>-els alumnes ha de fer dos pagaments obligatoris: 1. el preu p\u00fablic de la matr\u00edcula corresponent (275\u202f\u20ac) i el preu p\u00fablic per acc\u00e9s a la plataforma i materials did\u00e0ctics (30\u202f\u20ac)<\/p>\n<p>Per m\u00e9s informaci\u00f3:<\/p>\n<ul>\n<li><a href=\"https:\/\/educacio.gencat.cat\/ca\/departament\/normativa\/taxes-preus-publics\/preu-public\/\">https:\/\/educacio.gencat.cat\/ca\/departament\/normativa\/taxes-preus-publics\/preu-public\/<\/a><\/li>\n<li><a href=\"https:\/\/educacio.gencat.cat\/ca\/departament\/normativa\/taxes-preus-publics\/preu-public\/\">Matr\u00edcula i serveis en els ensenyaments d&#8217;idiomes a partir del curs 2020-2021, d&#8217;acord amb l&#8217;Ordre EDU\/155\/2020 (modificada per l&#8217;Ordre EDU\/114\/2021)<\/a><\/li>\n<\/ul>\n<p>Sobre aquests preus i taxes s&#8217;apliquen les <strong>bonificacions<\/strong> corresponents, segons escaigui, consulteu: <a href=\"http:\/\/educacio.gencat.cat\/ca\/departament\/normativa\/taxes-preus-publics\/exempcions-bonificacions\/\">http:\/\/educacio.gencat.cat\/ca\/departament\/normativa\/taxes-preus-publics\/exempcions-bonificacions\/<\/a><\/p>\n<p><strong>NOTA IMPORTANT:<\/strong> Els llibres de text que es fan servir a classe no estan inclosos en el pagament de la matr\u00edcula ni del preu p\u00fablic per acc\u00e9s a plataforma i materials did\u00e0ctics. Els alumnes han d&#8217;adquirir els llibres pel seu compte.<\/p>\n<p><strong>Procediment per a efectuar els pagaments<\/strong><\/p>\n<p>El mateix aplicatiu de preinscripci\u00f3 proporcionar\u00e0 un \u201cResguard de matr\u00edcula oficial \u2013 Curs 2023-2024\u201d que s\u2019haur\u00e0 de fer efectiu o b\u00e9 per Caixabank Now (antiga L\u00ednia oberta) o b\u00e9 als caixers autom\u00e0tics de La Caixa, en el termini de 24\u202fh, a partir de la formalitzaci\u00f3 de la matr\u00edcula telem\u00e0tica.<br \/>\nPas a pas: <a href=\"https:\/\/agora-eoi.xtec.cat\/eoivalls\/wp-content\/uploads\/usu2264\/2021\/06\/instruccions-pagament-matri_pdf.pdf\">instruccions pagament matri_pdf<\/a><\/p>\n<p>-En cas d\u2019haver al\u00b7legat una reducci\u00f3 o exempci\u00f3 de la matr\u00edcula, ho heu d&#8217;indicar a l&#8217;aplicatiu en el moment de formalitzar la matr\u00edcula, triant les taxes o preus p\u00fablics, segon escaigui: ordin\u00e0ria\/fam\u00edlia nombrosa de categoria general o monoparental\/exempts. Tamb\u00e9 haureu d&#8217;aportar la documentaci\u00f3 acreditativa.<\/p>\n<p>Un cop fet l\u2019ingr\u00e9s, \u00e9s molt important que us imprimiu el comprovant de pagament i que el guardeu com a resguard de la matr\u00edcula durant tot el curs.<\/p>\n<p><strong>Important<\/strong>: Disposeu de 24h per fer el pagament de la matr\u00edcula. Si no es fa el pagament dins del termini, els codis de barres deixaran de ser efectius i haureu de repetir tot el proc\u00e9s. \u00c9s possible que ja no disposeu de places al grup que hav\u00edeu seleccionat.<\/p>\n<p>Per qualsevol consulta o incid\u00e8ncia feu un correu a<a href=\"mailto:eoivalls@xtec.cat\">\u00a0eoivalls@xtec.cat<\/a><\/p>\n<p>&nbsp;<\/p>\n","protected":false},"excerpt":{"rendered":"<p>PAGAMENT DE LA MATRICULA<br \/>\nSi us plau, llegiu amb atenci\u00f3 tota la informaci\u00f3 sobre preus p\u00fablics, taxes de matr\u00edcula, instruccions per fer el pagament:<br \/>\nTAXES DE MATR\u00cdCULA (cursos intermedi B1 i B2.1 i B2.2)<br \/>\nSegons Llei 2\/2023, del 16 de mar\u00e7, de pressupostos de la Generalitat de Catalunya&hellip;  <a href=\"https:\/\/agora-eoi.xtec.cat\/eoivalls\/secretaria\/preus-publics-taxes-de-matricula\/\" title=\"Read Pagament de la matr\u00edcula\">Llegeix m\u00e9s\u00bb<\/a><\/p>\n","protected":false},"author":1,"featured_media":0,"parent":8358,"menu_order":0,"comment_status":"closed","ping_status":"closed","template":"page-templates\/side-menu.php","meta":{"_bbp_topic_count":0,"_bbp_reply_count":0,"_bbp_total_topic_count":0,"_bbp_total_reply_count":0,"_bbp_voice_count":0,"_bbp_anonymous_reply_count":0,"_bbp_topic_count_hidden":0,"_bbp_reply_count_hidden":0,"_bbp_forum_subforum_count":0,"footnotes":""},"class_list":["post-9116","page","type-page","status-publish","hentry"],"post_mailing_queue_ids":[],"_links":{"self":[{"href":"https:\/\/agora-eoi.xtec.cat\/eoivalls\/wp-json\/wp\/v2\/pages\/9116","targetHints":{"allow":["GET"]}}],"collection":[{"href":"https:\/\/agora-eoi.xtec.cat\/eoivalls\/wp-json\/wp\/v2\/pages"}],"about":[{"href":"https:\/\/agora-eoi.xtec.cat\/eoivalls\/wp-json\/wp\/v2\/types\/page"}],"author":[{"embeddable":true,"href":"https:\/\/agora-eoi.xtec.cat\/eoivalls\/wp-json\/wp\/v2\/users\/1"}],"replies":[{"embeddable":true,"href":"https:\/\/agora-eoi.xtec.cat\/eoivalls\/wp-json\/wp\/v2\/comments?post=9116"}],"version-history":[{"count":5,"href":"https:\/\/agora-eoi.xtec.cat\/eoivalls\/wp-json\/wp\/v2\/pages\/9116\/revisions"}],"predecessor-version":[{"id":10154,"href":"https:\/\/agora-eoi.xtec.cat\/eoivalls\/wp-json\/wp\/v2\/pages\/9116\/revisions\/10154"}],"up":[{"embeddable":true,"href":"https:\/\/agora-eoi.xtec.cat\/eoivalls\/wp-json\/wp\/v2\/pages\/8358"}],"wp:attachment":[{"href":"https:\/\/agora-eoi.xtec.cat\/eoivalls\/wp-json\/wp\/v2\/media?parent=9116"}],"curies":[{"name":"wp","href":"https:\/\/api.w.org\/{rel}","templated":true}]}}