{"id":9007,"date":"2020-03-02T10:17:24","date_gmt":"2020-03-02T09:17:24","guid":{"rendered":"https:\/\/agora-eoi.xtec.cat\/eoivalls\/?page_id=9007"},"modified":"2020-03-02T10:22:21","modified_gmt":"2020-03-02T09:22:21","slug":"projecte-de-convivencia-del-centre","status":"publish","type":"page","link":"https:\/\/agora-eoi.xtec.cat\/eoivalls\/el-servei-educatiu\/projecte-de-convivencia-del-centre\/","title":{"rendered":"Projecte de Conviv\u00e8ncia del centre"},"content":{"rendered":"<p>En aquest enlla\u00e7 trobareu el projecte de conviv\u00e8ncia de l&#8217;EOI de Valls: <a href=\"https:\/\/issuu.com\/xtec103\/docs\/convivencia_eoi_valls\" target=\"_blank\" rel=\"noopener noreferrer\">https:\/\/issuu.com\/xtec103\/docs\/convivencia_eoi_valls<\/a><\/p>\n<p>aprovat el 27 de febrer del 2020.<\/p>\n<p>&nbsp;<\/p>\n","protected":false},"excerpt":{"rendered":"<p>En aquest enlla\u00e7 trobareu el projecte de conviv\u00e8ncia de l&#8217;EOI de Valls: <a href=\"https:\/\/issuu.com\/xtec103\/docs\/convivencia_eoi_valls\" target=\"_blank\" rel=\"noopener noreferrer\">https:\/\/issuu.com\/xtec103\/docs\/convivencia_eoi_valls<\/a><br \/>\naprovat el 27 de febrer del 2020.<br \/>\n&nbsp;<\/p>\n","protected":false},"author":1,"featured_media":0,"parent":806,"menu_order":0,"comment_status":"closed","ping_status":"closed","template":"","meta":{"_bbp_topic_count":0,"_bbp_reply_count":0,"_bbp_total_topic_count":0,"_bbp_total_reply_count":0,"_bbp_voice_count":0,"_bbp_anonymous_reply_count":0,"_bbp_topic_count_hidden":0,"_bbp_reply_count_hidden":0,"_bbp_forum_subforum_count":0,"footnotes":""},"class_list":["post-9007","page","type-page","status-publish","hentry"],"post_mailing_queue_ids":[],"_links":{"self":[{"href":"https:\/\/agora-eoi.xtec.cat\/eoivalls\/wp-json\/wp\/v2\/pages\/9007","targetHints":{"allow":["GET"]}}],"collection":[{"href":"https:\/\/agora-eoi.xtec.cat\/eoivalls\/wp-json\/wp\/v2\/pages"}],"about":[{"href":"https:\/\/agora-eoi.xtec.cat\/eoivalls\/wp-json\/wp\/v2\/types\/page"}],"author":[{"embeddable":true,"href":"https:\/\/agora-eoi.xtec.cat\/eoivalls\/wp-json\/wp\/v2\/users\/1"}],"replies":[{"embeddable":true,"href":"https:\/\/agora-eoi.xtec.cat\/eoivalls\/wp-json\/wp\/v2\/comments?post=9007"}],"version-history":[{"count":2,"href":"https:\/\/agora-eoi.xtec.cat\/eoivalls\/wp-json\/wp\/v2\/pages\/9007\/revisions"}],"predecessor-version":[{"id":9010,"href":"https:\/\/agora-eoi.xtec.cat\/eoivalls\/wp-json\/wp\/v2\/pages\/9007\/revisions\/9010"}],"up":[{"embeddable":true,"href":"https:\/\/agora-eoi.xtec.cat\/eoivalls\/wp-json\/wp\/v2\/pages\/806"}],"wp:attachment":[{"href":"https:\/\/agora-eoi.xtec.cat\/eoivalls\/wp-json\/wp\/v2\/media?parent=9007"}],"curies":[{"name":"wp","href":"https:\/\/api.w.org\/{rel}","templated":true}]}}