{"id":8635,"date":"2016-06-20T11:48:09","date_gmt":"2016-06-20T10:48:09","guid":{"rendered":"http:\/\/agora-eoi.xtec.cat\/eoivalls\/?page_id=8635"},"modified":"2023-06-27T13:44:57","modified_gmt":"2023-06-27T11:44:57","slug":"projecte-educatiu-de-centre-pec","status":"publish","type":"page","link":"https:\/\/agora-eoi.xtec.cat\/eoivalls\/el-servei-educatiu\/projecte-educatiu-de-centre-pec\/","title":{"rendered":"Projecte educatiu de centre (PEC)"},"content":{"rendered":"<p>Accedint als enlla\u00e7os seg\u00fcent podr\u00e0s consultar els documents del centre:<\/p>\n<p><strong>&#8211;<a href=\"https:\/\/issuu.com\/xtec103\/docs\/pec_2023\">Projecte Educatiu de Centre (PEC), aprovat el 22-06-2023\u00a0<\/a><\/strong><\/p>\n<p>Annexos al PEC:<\/p>\n<p><strong><a href=\"https:\/\/issuu.com\/xtec103\/docs\/convivencia_eoi_valls\">-Projecte Ling\u00fc\u00edstic<\/a><\/strong><\/p>\n<p><strong><a href=\"https:\/\/issuu.com\/xtec103\/docs\/convivencia_eoi_valls\">-Projecte de Conviv\u00e8ncia<\/a><\/strong><\/p>\n<p><strong><a href=\"https:\/\/issuu.com\/xtec103\/docs\/estrat_gia_digital_de_centre_2023\">-Estrat\u00e8gia digital de centre (EDC)<\/a><\/strong><\/p>\n","protected":false},"excerpt":{"rendered":"<p>Accedint als enlla\u00e7os seg\u00fcent podr\u00e0s consultar els documents del centre:<br \/>\n&#8211;<a href=\"https:\/\/issuu.com\/xtec103\/docs\/pec_2023\">Projecte Educatiu de Centre (PEC), aprovat el 22-06-2023\u00a0<\/a><br \/>\nAnnexos al PEC:<br \/>\n<a href=\"https:\/\/issuu.com\/xtec103\/docs\/convivencia_eoi_valls\">-Projecte Ling\u00fc\u00edstic<\/a><br \/>\n<a href=\"https:\/\/issuu.com\/xtec103\/docs\/convivencia_eoi_valls\">-Projecte de Conviv\u00e8ncia<\/a><br \/>\n<a href=\"https:\/\/issuu.com\/xtec103\/docs\/estrat_gia_digital_de_centre_2023\">-Estrat\u00e8gia digital de centre (EDC)<\/a><\/p>\n","protected":false},"author":1,"featured_media":0,"parent":806,"menu_order":60,"comment_status":"closed","ping_status":"closed","template":"page-templates\/side-menu.php","meta":{"_bbp_topic_count":0,"_bbp_reply_count":0,"_bbp_total_topic_count":0,"_bbp_total_reply_count":0,"_bbp_voice_count":0,"_bbp_anonymous_reply_count":0,"_bbp_topic_count_hidden":0,"_bbp_reply_count_hidden":0,"_bbp_forum_subforum_count":0,"footnotes":""},"class_list":["post-8635","page","type-page","status-publish","hentry"],"post_mailing_queue_ids":[],"_links":{"self":[{"href":"https:\/\/agora-eoi.xtec.cat\/eoivalls\/wp-json\/wp\/v2\/pages\/8635","targetHints":{"allow":["GET"]}}],"collection":[{"href":"https:\/\/agora-eoi.xtec.cat\/eoivalls\/wp-json\/wp\/v2\/pages"}],"about":[{"href":"https:\/\/agora-eoi.xtec.cat\/eoivalls\/wp-json\/wp\/v2\/types\/page"}],"author":[{"embeddable":true,"href":"https:\/\/agora-eoi.xtec.cat\/eoivalls\/wp-json\/wp\/v2\/users\/1"}],"replies":[{"embeddable":true,"href":"https:\/\/agora-eoi.xtec.cat\/eoivalls\/wp-json\/wp\/v2\/comments?post=8635"}],"version-history":[{"count":3,"href":"https:\/\/agora-eoi.xtec.cat\/eoivalls\/wp-json\/wp\/v2\/pages\/8635\/revisions"}],"predecessor-version":[{"id":9971,"href":"https:\/\/agora-eoi.xtec.cat\/eoivalls\/wp-json\/wp\/v2\/pages\/8635\/revisions\/9971"}],"up":[{"embeddable":true,"href":"https:\/\/agora-eoi.xtec.cat\/eoivalls\/wp-json\/wp\/v2\/pages\/806"}],"wp:attachment":[{"href":"https:\/\/agora-eoi.xtec.cat\/eoivalls\/wp-json\/wp\/v2\/media?parent=8635"}],"curies":[{"name":"wp","href":"https:\/\/api.w.org\/{rel}","templated":true}]}}