{"id":8610,"date":"2016-06-20T11:15:09","date_gmt":"2016-06-20T10:15:09","guid":{"rendered":"http:\/\/agora-eoi.xtec.cat\/eoivalls\/?page_id=8610"},"modified":"2024-06-27T11:01:10","modified_gmt":"2024-06-27T09:01:10","slug":"pla-destudis","status":"publish","type":"page","link":"https:\/\/agora-eoi.xtec.cat\/eoivalls\/cursos\/pla-destudis\/","title":{"rendered":"Pla d&#8217;estudis EOI Valls"},"content":{"rendered":"<p>A l&#8217;EOI de Valls s&#8217;imparteix angl\u00e8s i franc\u00e8s.<\/p>\n<p><strong><a href=\"http:\/\/www.gencat.cat\/ensenyament\/eac\/pdf\/IDI_CA.pdf\" target=\"_blank\" rel=\"noopener\">ennlla\u00e7: http:\/\/www.gencat.cat\/ensenyament\/eac\/pdf\/IDI_CA.pdf<\/a><\/strong><\/p>\n<p><strong>\u00a0<\/strong>Les escoles oficials d&#8217;idiomes (EOI) s\u00f3n centres p\u00fablics, no universitaris, d&#8217;ensenyament d&#8217;idiomes moderns, que imparteixen els ensenyaments especialitzats. Els ensenyaments d&#8217;idiomes que s&#8217;imparteixen a les EOI tenen com a finalitat capacitar l&#8217;alumnat en l&#8217;\u00fas efectiu de l&#8217;idioma com a vehicle de comunicaci\u00f3 general.<\/p>\n<p>El curr\u00edculum impartit \u00e9s el que regula el <a href=\"https:\/\/eur03.safelinks.protection.outlook.com\/?url=https%3A%2F%2Fdogc.gencat.cat%2Fca%2Fdocument-del-dogc%2F%3FdocumentId%3D923138&amp;data=04%7C01%7Cidiomes.educacio%40gencat.cat%7Cc05fbfe69c004880421508da07eab3f9%7C3b9427dcd30e43bc8c06ff7253676fec%7C1%7C0%7C637831001861848614%7CUnknown%7CTWFpbGZsb3d8eyJWIjoiMC4wLjAwMDAiLCJQIjoiV2luMzIiLCJBTiI6Ik1haWwiLCJXVCI6Mn0%3D%7C3000&amp;sdata=XKpRUx3d5wXOHarCFnHofQ7jAs4gBbLPtFSGqnLgjL0%3D&amp;reserved=0\" target=\"_blank\" rel=\"noopener\" data-saferedirecturl=\"https:\/\/www.google.com\/url?q=https:\/\/eur03.safelinks.protection.outlook.com\/?url%3Dhttps%253A%252F%252Fdogc.gencat.cat%252Fca%252Fdocument-del-dogc%252F%253FdocumentId%253D923138%26data%3D04%257C01%257Cidiomes.educacio%2540gencat.cat%257Cc05fbfe69c004880421508da07eab3f9%257C3b9427dcd30e43bc8c06ff7253676fec%257C1%257C0%257C637831001861848614%257CUnknown%257CTWFpbGZsb3d8eyJWIjoiMC4wLjAwMDAiLCJQIjoiV2luMzIiLCJBTiI6Ik1haWwiLCJXVCI6Mn0%253D%257C3000%26sdata%3DXKpRUx3d5wXOHarCFnHofQ7jAs4gBbLPtFSGqnLgjL0%253D%26reserved%3D0&amp;source=gmail&amp;ust=1649322143223000&amp;usg=AOvVaw1-Dz2WFNxcDjEwamst4YxH\">DECRET 45\/2022, de 15 de mar\u00e7, pel qual s&#8217;estableix l&#8217;ordenaci\u00f3 dels ensenyaments d&#8217;<span class=\"il\">idiomes<\/span>\u00a0de r\u00e8gim especial i el curr\u00edculum del <strong>nivell Intermedi<\/strong> de diversos\u00a0<span class=\"il\">idiomes i\u00a0 <\/span><\/a>el <a href=\"https:\/\/dogc.gencat.cat\/ca\/document-del-dogc\/?documentId=940619\" target=\"_blank\" rel=\"noopener\">DECRET 243\/2022, de 18 d&#8217;octubre, pel qual s&#8217;estableixen els curr\u00edculums de <strong>nivell B\u00e0sic<\/strong>\u00a0(A2) i del\u00a0<strong>nivell Avan\u00e7at<\/strong>\u00a0(C1 i C2)<\/a> dels ensenyaments de r\u00e8gim especial de diversos idiomes, i que segueixen les recomanacions del Consell d\u2019Europa tal com es concreten en el Marc Europeu Com\u00fa de Refer\u00e8ncia per a les Lleng\u00fces (MECR).<\/p>\n<p>Les escoles oficials d&#8217;idiomes gestionen les certificacions acad\u00e8miques corresponents a aquests ensenyaments especialitzats. El certificat de nivell intermedi B1, el certificat de nivell intermedi B2 i el certificat de nivell avan\u00e7at C1 es poden obtenir tant en convocat\u00f2ria oficial com en convocat\u00f2ria lliure.<\/p>\n<p>Aquests ensenyaments s&#8217;estructuren en diversos nivells, segons l&#8217;idioma.<\/p>\n<p>Cada curs t\u00e9 una durada m\u00ednima de 130 hores.<\/p>\n<p>Nota: <strong>Els certificats de les EOIs s\u00f3n oficials. Les proves es realitzen al mateix centre en acabar el curs.\u00a0<\/strong><\/p>\n<p>La finalitat dels ensenyaments d&#8217;idiomes \u00e9s capacitar l&#8217;alumnat per utilitzar l&#8217;idioma de manera efectiva com a vehicle de comunicaci\u00f3 general. Per assolir aquesta finalitat cal aconseguir els objectius seg\u00fcents:<\/p>\n<ul>\n<li>adquirir les habilitats b\u00e0siques receptives i productives, tant del llenguatge oral com de l&#8217;escrit;<\/li>\n<li>desenvolupar estrat\u00e8gies comunicatives en diferents \u00e0rees de comunicaci\u00f3;<\/li>\n<li>desenvolupar estrat\u00e8gies per a l&#8217;aprenentatge aut\u00f2nom i continu de lleng\u00fces, que puguin facilitar l&#8217;\u00fas de l&#8217;idioma en l&#8217;exercici d&#8217;activitats professionals i en altres \u00e0mbits de la cultura o d&#8217;inter\u00e8s personal, i<\/li>\n<li>desenvolupar actituds positives envers la diversitat ling\u00fc\u00edstica i el pluralisme cultural del m\u00f3n actual.<\/li>\n<\/ul>\n<p><strong>Acc\u00e9s als estudis<br \/>\n<\/strong>Per accedir als ensenyaments de les Escoles Oficials d&#8217;Idiomes \u00e9s requisit imprescindible tenir 16 anys complerts l&#8217;any en qu\u00e8 es comencin els estudis. Tamb\u00e9 hi poden accedir els m\u00e9s grans de 14 anys, per seguir els ensenyaments d&#8217;un idioma diferent del cursat en l&#8217;ESO.<\/p>\n<p><strong>M\u00e9s informaci\u00f3<\/strong><\/p>\n<p>El pla d&#8217;estudis a les EOI s&#8217;estructura en tres nivells. Poden comparar-se amb els nivells descrits pel Marc Europeu de Refer\u00e8ncia publicat pel Consell d&#8217;Europa.<\/p>\n<ul>\n<li><a href=\"http:\/\/www.coe.int\/en\/web\/portfolio\">European Language Portfolio<\/a><\/li>\n<li><a href=\"http:\/\/www.ecml.at\/mtp2\/fte\/pdf\/C3_Epostl_E.pdf\">Portfolio per als professors d&#8217;idiomes<\/a><\/li>\n<li><a href=\"http:\/\/www.coe.int\/t\/dg4\/linguistic\/Manuel1_EN.asp#TopOfPage\">Manual per a relacionar ex\u00e0mens amb el Marc Com\u00fa de Refer\u00e8ncia<\/a><\/li>\n<\/ul>\n<ul>\n<li><a href=\"http:\/\/queestudiar.gencat.cat\/ca\/estudis\/idiomes\">Idiomes a les EOIs<\/a><\/li>\n<li><a href=\"https:\/\/eur03.safelinks.protection.outlook.com\/?url=https%3A%2F%2Fdogc.gencat.cat%2Fca%2Fdocument-del-dogc%2F%3FdocumentId%3D923138&amp;data=04%7C01%7Cidiomes.educacio%40gencat.cat%7Cc05fbfe69c004880421508da07eab3f9%7C3b9427dcd30e43bc8c06ff7253676fec%7C1%7C0%7C637831001861848614%7CUnknown%7CTWFpbGZsb3d8eyJWIjoiMC4wLjAwMDAiLCJQIjoiV2luMzIiLCJBTiI6Ik1haWwiLCJXVCI6Mn0%3D%7C3000&amp;sdata=XKpRUx3d5wXOHarCFnHofQ7jAs4gBbLPtFSGqnLgjL0%3D&amp;reserved=0\" target=\"_blank\" rel=\"noopener\" data-saferedirecturl=\"https:\/\/www.google.com\/url?q=https:\/\/eur03.safelinks.protection.outlook.com\/?url%3Dhttps%253A%252F%252Fdogc.gencat.cat%252Fca%252Fdocument-del-dogc%252F%253FdocumentId%253D923138%26data%3D04%257C01%257Cidiomes.educacio%2540gencat.cat%257Cc05fbfe69c004880421508da07eab3f9%257C3b9427dcd30e43bc8c06ff7253676fec%257C1%257C0%257C637831001861848614%257CUnknown%257CTWFpbGZsb3d8eyJWIjoiMC4wLjAwMDAiLCJQIjoiV2luMzIiLCJBTiI6Ik1haWwiLCJXVCI6Mn0%253D%257C3000%26sdata%3DXKpRUx3d5wXOHarCFnHofQ7jAs4gBbLPtFSGqnLgjL0%253D%26reserved%3D0&amp;source=gmail&amp;ust=1649322143223000&amp;usg=AOvVaw1-Dz2WFNxcDjEwamst4YxH\">DECRET 45\/2022, de 15 de mar\u00e7, pel qual s&#8217;estableix l&#8217;ordenaci\u00f3 dels ensenyaments d&#8217;<span class=\"il\">idiomes<\/span>\u00a0de r\u00e8gim especial i el curr\u00edculum del nivell Intermedi de diversos\u00a0<span class=\"il\">idiomes<\/span>.<\/a><\/li>\n<li><a href=\"https:\/\/dogc.gencat.cat\/ca\/document-del-dogc\/?documentId=940619\" target=\"_blank\" rel=\"noopener\">DECRET 243\/2022, de 18 d&#8217;octubre, pel qual s&#8217;estableixen els curr\u00edculums de <strong>nivell B\u00e0sic<\/strong>\u00a0(A2) i del\u00a0<strong>nivell Avan\u00e7at<\/strong>\u00a0(C1 i C2)<\/a><\/li>\n<li><a href=\"http:\/\/xtec.gencat.cat\/ca\/curriculum\/idiomes-a-les-eoi\/curriculum\/\">http:\/\/xtec.gencat.cat\/ca\/curriculum\/idiomes-a-les-eoi\/curriculum\/<\/a><\/li>\n<li><a href=\"http:\/\/xtec.gencat.cat\/ca\/curriculum\/idiomes-a-les-eoi\/estructura\/\">http:\/\/xtec.gencat.cat\/ca\/curriculum\/idiomes-a-les-eoi\/estructura\/<\/a><\/li>\n<\/ul>\n<p>Preguntes m\u00e9s freq\u00fcents: <a href=\"https:\/\/triaeducativa.gencat.cat\/ca\/idiomes\/pmf\/\" target=\"_blank\" rel=\"noopener\">https:\/\/triaeducativa.gencat.cat\/ca\/idiomes\/pmf\/<\/a><\/p>\n","protected":false},"excerpt":{"rendered":"<p>A l&#8217;EOI de Valls s&#8217;imparteix angl\u00e8s i franc\u00e8s.<br \/>\n<a href=\"http:\/\/www.gencat.cat\/ensenyament\/eac\/pdf\/IDI_CA.pdf\" target=\"_blank\" rel=\"noopener\">ennlla\u00e7: http:\/\/www.gencat.cat\/ensenyament\/eac\/pdf\/IDI_CA.pdf<\/a><br \/>\n\u00a0Les escoles oficials d&#8217;idiomes (EOI) s\u00f3n centres p\u00fablics, no universitaris, d&#8217;ensenyament d&#8217;idiomes moderns, que imparteixen els ensenyaments especialitzats. Els ensenyaments d&#8217;idiomes que s&#8217;imparteixen a les EOI tenen com a finalitat capacitar l&#8217;alumnat en l&#8217;\u00fas&hellip;  <a href=\"https:\/\/agora-eoi.xtec.cat\/eoivalls\/cursos\/pla-destudis\/\" title=\"Read Pla d&#8217;estudis EOI Valls\">Llegeix m\u00e9s\u00bb<\/a><\/p>\n","protected":false},"author":1,"featured_media":0,"parent":8149,"menu_order":40,"comment_status":"closed","ping_status":"closed","template":"page-templates\/side-menu.php","meta":{"_bbp_topic_count":0,"_bbp_reply_count":0,"_bbp_total_topic_count":0,"_bbp_total_reply_count":0,"_bbp_voice_count":0,"_bbp_anonymous_reply_count":0,"_bbp_topic_count_hidden":0,"_bbp_reply_count_hidden":0,"_bbp_forum_subforum_count":0,"footnotes":""},"class_list":["post-8610","page","type-page","status-publish","hentry"],"post_mailing_queue_ids":[],"_links":{"self":[{"href":"https:\/\/agora-eoi.xtec.cat\/eoivalls\/wp-json\/wp\/v2\/pages\/8610","targetHints":{"allow":["GET"]}}],"collection":[{"href":"https:\/\/agora-eoi.xtec.cat\/eoivalls\/wp-json\/wp\/v2\/pages"}],"about":[{"href":"https:\/\/agora-eoi.xtec.cat\/eoivalls\/wp-json\/wp\/v2\/types\/page"}],"author":[{"embeddable":true,"href":"https:\/\/agora-eoi.xtec.cat\/eoivalls\/wp-json\/wp\/v2\/users\/1"}],"replies":[{"embeddable":true,"href":"https:\/\/agora-eoi.xtec.cat\/eoivalls\/wp-json\/wp\/v2\/comments?post=8610"}],"version-history":[{"count":4,"href":"https:\/\/agora-eoi.xtec.cat\/eoivalls\/wp-json\/wp\/v2\/pages\/8610\/revisions"}],"predecessor-version":[{"id":9827,"href":"https:\/\/agora-eoi.xtec.cat\/eoivalls\/wp-json\/wp\/v2\/pages\/8610\/revisions\/9827"}],"up":[{"embeddable":true,"href":"https:\/\/agora-eoi.xtec.cat\/eoivalls\/wp-json\/wp\/v2\/pages\/8149"}],"wp:attachment":[{"href":"https:\/\/agora-eoi.xtec.cat\/eoivalls\/wp-json\/wp\/v2\/media?parent=8610"}],"curies":[{"name":"wp","href":"https:\/\/api.w.org\/{rel}","templated":true}]}}