{"id":8377,"date":"2016-06-13T13:50:10","date_gmt":"2016-06-13T12:50:10","guid":{"rendered":"http:\/\/agora-eoi.xtec.cat\/eoivalls\/?page_id=8377"},"modified":"2026-02-10T17:32:18","modified_gmt":"2026-02-10T16:32:18","slug":"expedicio-de-titols","status":"publish","type":"page","link":"https:\/\/agora-eoi.xtec.cat\/eoivalls\/secretaria\/expedicio-de-titols\/","title":{"rendered":"Expedici\u00f3 de t\u00edtols"},"content":{"rendered":"<p>-Els t\u00edtols de nivell b\u00e0sic A2 (2n curs) i de nivell intermedi B1 (3r curs) no s&#8217;han de sol\u00b7licitar. Els alumnes (tant lliures com oficials) que hagin superat aquests cursos podran passar per secretaria a recollir-los presentant el seu DNI.<\/p>\n<p>-Els t\u00edtols de nivell intermedi B2.2 (5\u00e8 curs) i d&#8217;avan\u00e7at C1 <strong>s&#8217;han de sol\u00b7licitar<\/strong> i generen el pagament d&#8217;una taxa.<\/p>\n<p><strong>NOVETAT<\/strong>: L\u2019alumnat pot sol\u00b7licitar a trav\u00e9s del\u00a0<strong><a href=\"https:\/\/objenv.gencat.cat\/v4\/public\/estadisticas\/link\/gencat_educacio\/2489\/2\/96248\/f1446500a71d45e825417df39018c50d\/\" target=\"_blank\" rel=\"noopener noreferrer\" data-saferedirecturl=\"https:\/\/www.google.com\/url?q=https:\/\/objenv.gencat.cat\/v4\/public\/estadisticas\/link\/gencat_educacio\/2489\/2\/96248\/f1446500a71d45e825417df39018c50d\/&amp;source=gmail&amp;ust=1770459477385000&amp;usg=AOvVaw0CC7vy8xX_NsjC5J7y1LIY\">tr\u00e0mit en l\u00ednia<\/a><\/strong>\u00a0que s&#8217;expedeixi, es dupliqui o s&#8217;actualitzi el seu t\u00edtol o certificat d&#8217;idiomes.<\/p>\n<p><strong>IMPORTANT<\/strong>:\u00a0<strong>L&#8217;alumne ha d&#8217;avisar el centre un cop envi\u00ef la sol\u00b7licitud del t\u00edtol.<\/strong><\/p>\n<p>Un cop el centre rebi el t\u00edtol <span style=\"font-family: inherit; font-size: 1em;\">per part del Departament d&#8217;Educaci\u00f3, es notificar\u00e0 a l&#8217;alumne que ja el pot venir a recollir.<\/span><\/p>\n<p>Nota: El centre no fa enviaments per correu de t\u00edtols.<\/p>\n","protected":false},"excerpt":{"rendered":"<p>-Els t\u00edtols de nivell b\u00e0sic A2 (2n curs) i de nivell intermedi B1 (3r curs) no s&#8217;han de sol\u00b7licitar. Els alumnes (tant lliures com oficials) que hagin superat aquests cursos podran passar per secretaria a recollir-los presentant el seu DNI.<br \/>\n-Els t\u00edtols de nivell intermedi B2.2&hellip;  <a href=\"https:\/\/agora-eoi.xtec.cat\/eoivalls\/secretaria\/expedicio-de-titols\/\" title=\"Read Expedici\u00f3 de t\u00edtols\">Llegeix m\u00e9s\u00bb<\/a><\/p>\n","protected":false},"author":1,"featured_media":0,"parent":8358,"menu_order":80,"comment_status":"closed","ping_status":"closed","template":"page-templates\/side-menu.php","meta":{"_bbp_topic_count":0,"_bbp_reply_count":0,"_bbp_total_topic_count":0,"_bbp_total_reply_count":0,"_bbp_voice_count":0,"_bbp_anonymous_reply_count":0,"_bbp_topic_count_hidden":0,"_bbp_reply_count_hidden":0,"_bbp_forum_subforum_count":0,"footnotes":""},"class_list":["post-8377","page","type-page","status-publish","hentry"],"post_mailing_queue_ids":[],"_links":{"self":[{"href":"https:\/\/agora-eoi.xtec.cat\/eoivalls\/wp-json\/wp\/v2\/pages\/8377","targetHints":{"allow":["GET"]}}],"collection":[{"href":"https:\/\/agora-eoi.xtec.cat\/eoivalls\/wp-json\/wp\/v2\/pages"}],"about":[{"href":"https:\/\/agora-eoi.xtec.cat\/eoivalls\/wp-json\/wp\/v2\/types\/page"}],"author":[{"embeddable":true,"href":"https:\/\/agora-eoi.xtec.cat\/eoivalls\/wp-json\/wp\/v2\/users\/1"}],"replies":[{"embeddable":true,"href":"https:\/\/agora-eoi.xtec.cat\/eoivalls\/wp-json\/wp\/v2\/comments?post=8377"}],"version-history":[{"count":6,"href":"https:\/\/agora-eoi.xtec.cat\/eoivalls\/wp-json\/wp\/v2\/pages\/8377\/revisions"}],"predecessor-version":[{"id":10471,"href":"https:\/\/agora-eoi.xtec.cat\/eoivalls\/wp-json\/wp\/v2\/pages\/8377\/revisions\/10471"}],"up":[{"embeddable":true,"href":"https:\/\/agora-eoi.xtec.cat\/eoivalls\/wp-json\/wp\/v2\/pages\/8358"}],"wp:attachment":[{"href":"https:\/\/agora-eoi.xtec.cat\/eoivalls\/wp-json\/wp\/v2\/media?parent=8377"}],"curies":[{"name":"wp","href":"https:\/\/api.w.org\/{rel}","templated":true}]}}