{"id":8366,"date":"2016-06-13T13:27:59","date_gmt":"2016-06-13T12:27:59","guid":{"rendered":"http:\/\/agora-eoi.xtec.cat\/eoivalls\/?page_id=8366"},"modified":"2025-09-19T11:36:08","modified_gmt":"2025-09-19T09:36:08","slug":"horari","status":"publish","type":"page","link":"https:\/\/agora-eoi.xtec.cat\/eoivalls\/secretaria\/horari\/","title":{"rendered":"Horari d&#8217;atenci\u00f3 al p\u00fablic"},"content":{"rendered":"<h5><strong>Horari d&#8217;obertura del centre en per\u00edode lectiu<\/strong><\/h5>\n<p>Tots els dies:<\/p>\n<ul>\n<li>Mat\u00ed: de<strong> 9:30<\/strong> a <strong>13:00\u202fh<\/strong><\/li>\n<li>Tarda: de<strong> 15:00<\/strong>\u00a0a <strong>21:00\u202fh <\/strong>(excepte divendres tarda)<strong>.<\/strong><\/li>\n<\/ul>\n<p>Nota: Des de finals de maig fins a finals de juny es fan ex\u00e0mens i proves finals, i els horaris del centre poden variar en funci\u00f3 del calendari d&#8217;ex\u00e0mens.<\/p>\n<h5><strong>Horaris d&#8217;atenci\u00f3<\/strong><\/h5>\n<p><strong>Durant el curs<\/strong><\/p>\n<p><strong>Direcci\u00f3<\/strong>: matins de 10 a 12.00. Preferiblement, demaneu cita pel correu electr\u00f2nic del centre: <a href=\"mailto:eoivalls@xtec.cat\" target=\"_blank\" rel=\"noopener\"><strong>eoivalls@xtec.cat<\/strong><\/a><br \/>\n<strong>Secretaria<\/strong>: matins de 10.00 a 13.00, i tardes: dilluns i dimarts de 15.00 a 17.00,\u00a0 i dijous de 15 a 16.30.\u00a0 Preferiblement, demaneu cita pel correu electr\u00f2nic del centre: <a href=\"mailto:eoivalls@xtec.cat\" target=\"_blank\" rel=\"noopener\"><strong>eoivalls@xtec.cat<\/strong><\/a><br \/>\n<strong>Consergeria<\/strong>: de 13.00 a 21.00 h.<\/p>\n<p>El centre romandr\u00e0 tancat els divendres tarda.<\/p>\n<p><strong>Horari d&#8217;estiu <\/strong><\/p>\n<p>Matins de 9:30 a 13:30\u202fh.<\/p>\n","protected":false},"excerpt":{"rendered":"<p>Horari d&#8217;obertura del centre en per\u00edode lectiu<br \/>\nTots els dies:<\/p>\n<ul>\n<li>Mat\u00ed: de 9:30 a 13:00\u202fh<\/li>\n<li>Tarda: de 15:00\u00a0a 21:00\u202fh (excepte divendres tarda).<\/li>\n<\/ul>\n<p>Nota: Des de finals de maig fins a finals de juny es fan ex\u00e0mens i proves finals, i els horaris del centre poden variar en funci\u00f3 del&hellip;  <a href=\"https:\/\/agora-eoi.xtec.cat\/eoivalls\/secretaria\/horari\/\" title=\"Read Horari d&#8217;atenci\u00f3 al p\u00fablic\">Llegeix m\u00e9s\u00bb<\/a><\/p>\n","protected":false},"author":1,"featured_media":0,"parent":8358,"menu_order":10,"comment_status":"closed","ping_status":"closed","template":"page-templates\/side-menu.php","meta":{"_bbp_topic_count":0,"_bbp_reply_count":0,"_bbp_total_topic_count":0,"_bbp_total_reply_count":0,"_bbp_voice_count":0,"_bbp_anonymous_reply_count":0,"_bbp_topic_count_hidden":0,"_bbp_reply_count_hidden":0,"_bbp_forum_subforum_count":0,"footnotes":""},"class_list":["post-8366","page","type-page","status-publish","hentry"],"post_mailing_queue_ids":[],"_links":{"self":[{"href":"https:\/\/agora-eoi.xtec.cat\/eoivalls\/wp-json\/wp\/v2\/pages\/8366","targetHints":{"allow":["GET"]}}],"collection":[{"href":"https:\/\/agora-eoi.xtec.cat\/eoivalls\/wp-json\/wp\/v2\/pages"}],"about":[{"href":"https:\/\/agora-eoi.xtec.cat\/eoivalls\/wp-json\/wp\/v2\/types\/page"}],"author":[{"embeddable":true,"href":"https:\/\/agora-eoi.xtec.cat\/eoivalls\/wp-json\/wp\/v2\/users\/1"}],"replies":[{"embeddable":true,"href":"https:\/\/agora-eoi.xtec.cat\/eoivalls\/wp-json\/wp\/v2\/comments?post=8366"}],"version-history":[{"count":6,"href":"https:\/\/agora-eoi.xtec.cat\/eoivalls\/wp-json\/wp\/v2\/pages\/8366\/revisions"}],"predecessor-version":[{"id":10439,"href":"https:\/\/agora-eoi.xtec.cat\/eoivalls\/wp-json\/wp\/v2\/pages\/8366\/revisions\/10439"}],"up":[{"embeddable":true,"href":"https:\/\/agora-eoi.xtec.cat\/eoivalls\/wp-json\/wp\/v2\/pages\/8358"}],"wp:attachment":[{"href":"https:\/\/agora-eoi.xtec.cat\/eoivalls\/wp-json\/wp\/v2\/media?parent=8366"}],"curies":[{"name":"wp","href":"https:\/\/api.w.org\/{rel}","templated":true}]}}