{"id":8195,"date":"2016-06-09T14:35:19","date_gmt":"2016-06-09T13:35:19","guid":{"rendered":"http:\/\/agora-eoi.xtec.cat\/eoivalls\/?page_id=8195"},"modified":"2025-10-23T16:57:42","modified_gmt":"2025-10-23T14:57:42","slug":"frances","status":"publish","type":"page","link":"https:\/\/agora-eoi.xtec.cat\/eoivalls\/cursos\/cursos-oficials\/frances\/","title":{"rendered":"Franc\u00e8s"},"content":{"rendered":"<p><a href=\"http:\/\/agora-eoi.xtec.cat\/eoivalls\/wp-content\/uploads\/usu2264\/2016\/06\/Eiffel-Tower-96-1.png\" rel=\"attachment wp-att-8404\"><img loading=\"lazy\" decoding=\"async\" class=\"size-full wp-image-8404 alignleft\" src=\"http:\/\/agora-eoi.xtec.cat\/eoivalls\/wp-content\/uploads\/usu2264\/2016\/06\/Eiffel-Tower-96-1.png\" alt=\"Eiffel Tower-96 (1)\" width=\"96\" height=\"96\" \/><\/a><\/p>\n<p>&nbsp;<\/p>\n<p><strong>HORARIS DE FRANC\u00c8S CURS 25-26<\/strong><\/p>\n<table width=\"591\">\n<tbody>\n<tr>\n<td width=\"106\"><strong>NIVELL<\/strong><\/td>\n<td width=\"121\"><strong>CODI GRUP<\/strong><\/td>\n<td width=\"113\"><strong>HORARI<\/strong><\/td>\n<td width=\"107\"><strong>DIES<\/strong><\/td>\n<td width=\"72\"><strong>PROF.<\/strong><\/td>\n<td width=\"72\"><strong>AULA<\/strong><\/td>\n<\/tr>\n<tr>\n<td width=\"106\">A1<\/td>\n<td width=\"121\">&nbsp;<\/p>\n<p>FR 1-19 B (primer)<\/td>\n<td width=\"113\">18.45-21.00<\/td>\n<td width=\"107\">DM i DJ<\/td>\n<td width=\"72\">Marta Alvarez<\/td>\n<td width=\"72\">202<\/td>\n<\/tr>\n<tr>\n<td width=\"106\">A2<\/td>\n<td width=\"121\">&nbsp;<\/p>\n<p>FR 2-19 A (segon)<\/td>\n<td width=\"113\">18.45-21.00<\/td>\n<td width=\"107\">DL i DC<\/td>\n<td width=\"72\">Marta Alvarez<\/td>\n<td width=\"72\">202<\/td>\n<\/tr>\n<tr>\n<td width=\"106\">B1<\/td>\n<td width=\"121\">FR 3-16 B (tercer)<\/td>\n<td width=\"113\">16.15-18.30<\/td>\n<td width=\"107\">&nbsp;<\/p>\n<p>DM i DJ<\/p>\n<p>&nbsp;<\/td>\n<td width=\"72\">Marta Alvarez<\/td>\n<td width=\"72\">202<\/td>\n<\/tr>\n<\/tbody>\n<\/table>\n<p>Els cursos tenen una durada m\u00ednima de 130 hores.<\/p>\n<p><strong style=\"font-family: inherit; font-size: 1em;\">Llibres i manuals de classe<\/strong><\/p>\n<p>A principi de curs comproveu amb el vostre professor\/a que els llibres s\u00f3n els correctes pel grup i nivell.<\/p>\n<p>Tots els llibres s\u00f3n obligatoris si no s\u2019indica el contrari.<\/p>\n<p><strong>PRIMER CURS (A1)<\/strong><\/p>\n<div><em><strong><span id=\"m_-2397906950111014654gmail-docs-internal-guid-9cc016bb-7fff-5ed6-f416-33d553fc7b1a\">D\u00e9fi actuel 1,\u00a0Maison des langues,\u00a0A.Gloanec, P. Biras, 2025<\/span><\/strong><\/em><\/div>\n<div><\/div>\n<div>\n<ul>\n<li><u>Livre de l&#8217;\u00e9l\u00e8ve:<\/u>\u00a0<span style=\"color: #000000;\">ISBN:\u00a09788411571517<\/span><\/li>\n<li><u>Cahier d&#8217;activit\u00e9s:<\/u>\u00a0<span style=\"color: #000000;\">ISBN:\u00a09788411571524<\/span><\/li>\n<\/ul>\n<\/div>\n<p><strong>Lectures:<\/strong><strong> Els alumnes hauran de llegir obligat\u00f2riament tres llibres, un per trimestre.<\/strong><\/p>\n<p>1r trimestre: <strong><em>Qui \u00eates-vous, monsieur Eiffel?<\/em><\/strong>, Adriana Kritter. Ed. Didier, livre + mp3, 2020, ISBN 9782278096053<\/p>\n<p>2n trimestre: <strong><em>Marie-Antoinette au ch\u00e2teau de Versailles<\/em><\/strong>, Adriana Kritter. Ed. Didier, livre + mp3, 2022, ISBN 9782278102464<\/p>\n<p>3r trimestre: S&#8217;ha d\u2019escollir un sol llibre d\u2019entre el llistat seg\u00fcent:<\/p>\n<ul style=\"list-style-type: square;\">\n<li><strong>Suzanne Lenglen, une \u00e9toile \u00e0 Roland Garros, <\/strong>de Sylvie Agosto, Ed. Didier, livre + mp3, 2024, ISBN 978-2-278-11229-6<\/li>\n<li><strong>Marie Curie, ma grand-m\u00e8re, <\/strong>de J\u00e9r\u00e9mie Dres, Ed. Didier, livre + mp3, 2024, ISBN 978-2-278-09441-7<\/li>\n<li><strong>\u00c0 la rencontre de Saint-Exup\u00e9ry, <\/strong>de Marie-No\u00eblle Cocton, Ed. Didier, livre + mp3, 2024, ISBN 978-2-278-10339-3<\/li>\n<li><strong>Jos\u00e9phine Baker fait son entr\u00e9e au Panth\u00e9on!, <\/strong>de Marie-No\u00eblle Cocton, Ed. Didier, livre + mp3, 2024, ISBN 978-2-278-10866-4<\/li>\n<li><strong><em>Hugo habite chez moi,\u00a0<\/em><\/strong>de Myriam Louviot, Ed. Didier, livre + mp3, 2022, ISBN 978-2-278-08796-9<\/li>\n<li><strong>Premier vol avec les fr\u00e8res Montgolfier,\u00a0<\/strong>de C\u00e9cile Pinson,\u00a0Ed. Didier, livre + mp3, 2025, ISBN\u00a09782278113750<\/li>\n<\/ul>\n<p><strong>SEGON CURS (A2)<\/strong><\/p>\n<p><strong>\u00a0<\/strong><strong><em>Inspire A2<\/em><\/strong>, HACHETTE, <em>Fran\u00e7ais langue \u00e9trang\u00e8re<\/em>, SGEL \u2013 2021<\/p>\n<ul>\n<li><u>Livre de l\u2019\u00e9l\u00e8ve<\/u>\u00a0 \u00a0 \u00a0\u00a0\u00a0\u00a0\u00a0\u00a0\u00a0\u00a0\u00a0\u00a0 ISBN 978-2-01-711458-1<\/li>\n<li><u>Cahier d\u2019activit\u00e9s <\/u>\u00a0\u00a0\u00a0\u00a0\u00a0\u00a0\u00a0\u00a0\u00a0\u00a0 ISBN 978-2-01-711460-4<\/li>\n<\/ul>\n<p><strong>Lectures:<\/strong><strong> Els alumnes hauran de llegir obligat\u00f2riament tres llibres, un per trimestre<\/strong><\/p>\n<p>1r trimestre:\u00a0<strong><em>Pas d\u2019Oscar pour l\u2019assassin<\/em>,\u00a0<\/strong>V. Rem\u00e8de. Ed. Didier, 2012, ISBN 978-2-278-07249-1<\/p>\n<p>2n trimestre:\u00a0<strong><em>Les singes d\u2019une nuit d\u2019\u00e9t\u00e9<\/em><\/strong>,\u00a0<strong>Vincent Rem\u00e8de<\/strong>, \u00c9d. Didier, 2021, ISBN\u00a09782278104437<\/p>\n<p>3r trimestre: \u00c0 vous de choisir\u00a0un seul livre\u00a0parmi un de ces titres:<\/p>\n<ul>\n<li><strong><em>Les mots qu\u2019on ne me dit pas, <\/em><\/strong>V\u00e9ronique Poulain, 2015, Ed. Le livre de poche, ISBN 978-2253017493<\/li>\n<li><strong><em>Les couleurs primaires, <\/em><\/strong>M\u00e9lissa Verreault, 2016, Ed. Didier, ISBN 978- 2-278-08094-6<\/li>\n<li><strong><em>La cravate de Simenon, <\/em><\/strong>Nicolas Ancion, Ed. Didier, 2012, ISBN 978-2- 278-0724804<\/li>\n<li><strong><em>Apr\u00e8s la pluie, le beau temps, <\/em><\/strong>Laure Mi Hyun Croset, Ed. Didier, 2016, ISBN 978-2-278-08099-1<\/li>\n<li><strong><em>Nouvelles du monde<\/em><\/strong>, Noura Bensaad, Am\u00e9lie Charcosset, H\u00e9l\u00e8ne Koscielniak, \u00c9d. Didier, 2015, ISBN 9782278082551<\/li>\n<li><strong><em>Concerto \u00e0 la m\u00e9moire d\u2019un ange,\u00a0<\/em><\/strong>Eric-Emmanuel Schmitt, Le livre de poche, 2010, ISBN 9782253160304 (2 nouvelles)<\/li>\n<\/ul>\n<p><strong>TERCER CURS (B1)<\/strong><\/p>\n<p><strong><em>Inspire B1<\/em><\/strong>, HACHETTE,<em> Fran\u00e7ais langue \u00e9trang\u00e8re<\/em>, SGEL \u2013 2022<\/p>\n<ul>\n<li><u>Livre de l\u2019\u00e9l\u00e8ve\u00a0<\/u>\u00a0\u00a0 ISBN 978-2-01-713351-3<\/li>\n<li><u>Cahier d\u2019activit\u00e9s<\/u> ISBN 978-2-01-713352-0<\/li>\n<\/ul>\n<p>Lectures:<\/p>\n<p><strong>Lectures:<\/strong><strong> Els alumnes hauran de llegir obligat\u00f2riament tres llibres, un per trimestre<\/strong><\/p>\n<p><strong>PRIMER TRIMESTRE\u00a0<\/strong>:\u00a0Premier sang,\u00a0Am\u00e9lie Nothomb,\u00a0Ed. Livre de poche,\u00a0ISBN\u00a09782253937579<\/p>\n<p><strong>SEGON TRIMESTRE:\u00a0<\/strong>\u00e0 vous de choisir un titre de la liste ci-dessous:<\/p>\n<p>*Tant mieux, d\u2019Am\u00e9lie Nothomb, Ed. Albin Michel, ISBN 978-2-226-50439-5<\/p>\n<p>*\u00a0La tresse,\u00a0de La\u00e9tittia Colombani, Le livre de poche, ISBN\u00a09782253906568<\/p>\n<p>*\u00a0Les A\u00e9rostats, Am\u00e9lie Nothomb, Le Livre de Poche, ISBN 9782253936879<\/p>\n<p>*\u00a0Je me suis tue, de Mathieu Menegaux, Le Livre de \u00a0 Poche,\u00a0ISBN\u00a02757860097<\/p>\n<p>*\u00a0Paris- Brian\u00e7on, de Philippe Besson, Pocket, ISBN 2266330314<\/p>\n<p>*\u00a0L\u2019impossible retour, d\u2019Am\u00e9lie Nothomb, Albin Michel, ISBN 9782226495945<\/p>\n<p>*\u00a0Le syndrome du spaguetti, de Marie Vareille, Ed. Pocket Jeunesse, ISBN\u00a09782266339353<\/p>\n<p>*\u00a0Les Extraordinaires, de Julien Sandrel, Ed. Livre de poche, ISBN 9782253248392<\/p>\n<p><strong>TERCER TRIMESTRE:\u00a0<\/strong>\u00e0 vous de choisir un\u00a0autre\u00a0titre de la liste pr\u00e9c\u00e9dente.<\/p>\n<p>&nbsp;<\/p>\n<p><strong>Altres informacions sobre els estudis a les EOIs:<\/strong><\/p>\n<ul>\n<li><strong><a href=\"http:\/\/queestudiar.gencat.cat\/ca\/estudis\/idiomes\/\" target=\"_blank\" rel=\"noopener noreferrer\">Informaci\u00f3 general<\/a><\/strong>\u00a0del Departament d&#8217;Educaci\u00f3 de la Generalitat de Catalunya.<\/li>\n<li>El Departament d&#8217;Educaci\u00f3 ofereix tamb\u00e9 ex\u00e0mens lliures per a l&#8217;obtenci\u00f3 de certificats:<a href=\"http:\/\/ensenyament.gencat.cat\/ca\/serveis-tramits\/proves\/proves-lliures-obtencio-titols\/\" target=\"_blank\" rel=\"noopener noreferrer\">\u00a0Proves idiomes<\/a><\/li>\n<li>Per informaci\u00f3 sobre les proves aneu a:\u00a0<a href=\"http:\/\/ensenyament.gencat.cat\/ca\/serveis-tramits\/proves\/proves-lliures-obtencio-titols\/convocat-ordinaria-idiomes\/descripcio\/\" target=\"_blank\" rel=\"noopener noreferrer\">descripci\u00f3 de les proves<\/a><\/li>\n<\/ul>\n","protected":false},"excerpt":{"rendered":"<p><a href=\"http:\/\/agora-eoi.xtec.cat\/eoivalls\/wp-content\/uploads\/usu2264\/2016\/06\/Eiffel-Tower-96-1.png\" rel=\"attachment wp-att-8404\"><\/a><br \/>\n&nbsp;<br \/>\nHORARIS DE FRANC\u00c8S CURS 25-26<\/p>\n<p>NIVELL<br \/>\nCODI GRUP<br \/>\nHORARI<br \/>\nDIES<br \/>\nPROF.<br \/>\nAULA<\/p>\n<p>A1<br \/>\n&nbsp;<br \/>\nFR 1-19 B (primer)<br \/>\n18.45-21.00<br \/>\nDM i DJ<br \/>\nMarta Alvarez<br \/>\n202<\/p>\n<p>A2<br \/>\n&nbsp;<br \/>\nFR 2-19 A (segon)<br \/>\n18.45-21.00<br \/>\nDL i DC<br \/>\nMarta Alvarez<br \/>\n202<\/p>\n<p>B1<br \/>\nFR 3-16 B (tercer)<br \/>\n16.15-18.30<br \/>\n&nbsp;<br \/>\nDM i DJ<br \/>\n&nbsp;<br \/>\nMarta Alvarez<br \/>\n202<\/p>\n<p>Els cursos tenen una durada m\u00ednima de 130 hores.<br \/>\nLlibres i manuals de classe<br \/>\nA principi de curs comproveu amb el&hellip;  <a href=\"https:\/\/agora-eoi.xtec.cat\/eoivalls\/cursos\/cursos-oficials\/frances\/\" title=\"Read Franc\u00e8s\">Llegeix m\u00e9s\u00bb<\/a><\/p>\n","protected":false},"author":1,"featured_media":0,"parent":8151,"menu_order":0,"comment_status":"closed","ping_status":"closed","template":"page-templates\/side-menu.php","meta":{"_bbp_topic_count":0,"_bbp_reply_count":0,"_bbp_total_topic_count":0,"_bbp_total_reply_count":0,"_bbp_voice_count":0,"_bbp_anonymous_reply_count":0,"_bbp_topic_count_hidden":0,"_bbp_reply_count_hidden":0,"_bbp_forum_subforum_count":0,"footnotes":""},"class_list":["post-8195","page","type-page","status-publish","hentry"],"post_mailing_queue_ids":[],"_links":{"self":[{"href":"https:\/\/agora-eoi.xtec.cat\/eoivalls\/wp-json\/wp\/v2\/pages\/8195","targetHints":{"allow":["GET"]}}],"collection":[{"href":"https:\/\/agora-eoi.xtec.cat\/eoivalls\/wp-json\/wp\/v2\/pages"}],"about":[{"href":"https:\/\/agora-eoi.xtec.cat\/eoivalls\/wp-json\/wp\/v2\/types\/page"}],"author":[{"embeddable":true,"href":"https:\/\/agora-eoi.xtec.cat\/eoivalls\/wp-json\/wp\/v2\/users\/1"}],"replies":[{"embeddable":true,"href":"https:\/\/agora-eoi.xtec.cat\/eoivalls\/wp-json\/wp\/v2\/comments?post=8195"}],"version-history":[{"count":6,"href":"https:\/\/agora-eoi.xtec.cat\/eoivalls\/wp-json\/wp\/v2\/pages\/8195\/revisions"}],"predecessor-version":[{"id":10458,"href":"https:\/\/agora-eoi.xtec.cat\/eoivalls\/wp-json\/wp\/v2\/pages\/8195\/revisions\/10458"}],"up":[{"embeddable":true,"href":"https:\/\/agora-eoi.xtec.cat\/eoivalls\/wp-json\/wp\/v2\/pages\/8151"}],"wp:attachment":[{"href":"https:\/\/agora-eoi.xtec.cat\/eoivalls\/wp-json\/wp\/v2\/media?parent=8195"}],"curies":[{"name":"wp","href":"https:\/\/api.w.org\/{rel}","templated":true}]}}