{"id":8170,"date":"2016-06-08T17:06:12","date_gmt":"2016-06-08T16:06:12","guid":{"rendered":"http:\/\/agora-eoi.xtec.cat\/eoivalls\/?page_id=8170"},"modified":"2024-06-27T10:40:22","modified_gmt":"2024-06-27T08:40:22","slug":"candidats-lliures","status":"publish","type":"page","link":"https:\/\/agora-eoi.xtec.cat\/eoivalls\/cursos\/candidats-lliures\/","title":{"rendered":"Candidats lliures"},"content":{"rendered":"<p>El Departament d&#8217;Educaci\u00f3 organitza la convocat\u00f2ria extraordin\u00e0ria de les proves per obtenir els certificats seg\u00fcents:<\/p>\n<ul>\n<li><strong>Nivell intermedi B1.<\/strong>\u00a0Corresponent al nivell B1 del Marc europeu\u00a0com\u00fa\u00a0de refer\u00e8ncia per a les lleng\u00fces (MECR)<\/li>\n<li><strong>Nivell intermedi B2.<\/strong> Corresponent al nivell B2 del MECR<\/li>\n<li><strong>Nivell C1<\/strong>. Corresponent al nivell C1 del MECR<\/li>\n<\/ul>\n<p>M\u00e9s informaci\u00f3:<\/p>\n<ul>\n<li>Consulteu la normativa: <a href=\"https:\/\/dogc.gencat.cat\/ca\/pdogc_canals_interns\/pdogc_resultats_fitxa\/?action=fitxa&amp;documentId=881017\" target=\"_blank\" rel=\"noopener noreferrer\">https:\/\/dogc.gencat.cat\/ca\/pdogc_canals_interns\/pdogc_resultats_fitxa\/?action=fitxa&amp;documentId=881017<\/a><\/li>\n<\/ul>\n","protected":false},"excerpt":{"rendered":"<p>El Departament d&#8217;Educaci\u00f3 organitza la convocat\u00f2ria extraordin\u00e0ria de les proves per obtenir els certificats seg\u00fcents:<\/p>\n<ul>\n<li>Nivell intermedi B1.\u00a0Corresponent al nivell B1 del Marc europeu\u00a0com\u00fa\u00a0de refer\u00e8ncia per a les lleng\u00fces (MECR)<\/li>\n<li>Nivell intermedi B2. Corresponent al nivell B2 del MECR<\/li>\n<li>Nivell C1. Corresponent al nivell C1 del MECR<\/li>\n<\/ul>\n<p>M\u00e9s informaci\u00f3:<\/p>\n<ul>\n<li>Consulteu&hellip;  <a href=\"https:\/\/agora-eoi.xtec.cat\/eoivalls\/cursos\/candidats-lliures\/\" title=\"Read Candidats lliures\">Llegeix m\u00e9s\u00bb<\/a><br \/>\n","protected":false},"author":1,"featured_media":0,"parent":8149,"menu_order":40,"comment_status":"closed","ping_status":"closed","template":"page-templates\/side-menu.php","meta":{"_bbp_topic_count":0,"_bbp_reply_count":0,"_bbp_total_topic_count":0,"_bbp_total_reply_count":0,"_bbp_voice_count":0,"_bbp_anonymous_reply_count":0,"_bbp_topic_count_hidden":0,"_bbp_reply_count_hidden":0,"_bbp_forum_subforum_count":0,"footnotes":""},"class_list":["post-8170","page","type-page","status-publish","hentry"],"post_mailing_queue_ids":[],"_links":{"self":[{"href":"https:\/\/agora-eoi.xtec.cat\/eoivalls\/wp-json\/wp\/v2\/pages\/8170","targetHints":{"allow":["GET"]}}],"collection":[{"href":"https:\/\/agora-eoi.xtec.cat\/eoivalls\/wp-json\/wp\/v2\/pages"}],"about":[{"href":"https:\/\/agora-eoi.xtec.cat\/eoivalls\/wp-json\/wp\/v2\/types\/page"}],"author":[{"embeddable":true,"href":"https:\/\/agora-eoi.xtec.cat\/eoivalls\/wp-json\/wp\/v2\/users\/1"}],"replies":[{"embeddable":true,"href":"https:\/\/agora-eoi.xtec.cat\/eoivalls\/wp-json\/wp\/v2\/comments?post=8170"}],"version-history":[{"count":4,"href":"https:\/\/agora-eoi.xtec.cat\/eoivalls\/wp-json\/wp\/v2\/pages\/8170\/revisions"}],"predecessor-version":[{"id":10185,"href":"https:\/\/agora-eoi.xtec.cat\/eoivalls\/wp-json\/wp\/v2\/pages\/8170\/revisions\/10185"}],"up":[{"embeddable":true,"href":"https:\/\/agora-eoi.xtec.cat\/eoivalls\/wp-json\/wp\/v2\/pages\/8149"}],"wp:attachment":[{"href":"https:\/\/agora-eoi.xtec.cat\/eoivalls\/wp-json\/wp\/v2\/media?parent=8170"}],"curies":[{"name":"wp","href":"https:\/\/api.w.org\/{rel}","templated":true}]}}