{"id":8168,"date":"2016-06-08T17:05:08","date_gmt":"2016-06-08T16:05:08","guid":{"rendered":"http:\/\/agora-eoi.xtec.cat\/eoivalls\/?page_id=8168"},"modified":"2025-06-18T12:43:37","modified_gmt":"2025-06-18T10:43:37","slug":"pla-dimpuls-de-langles-professorat","status":"publish","type":"page","link":"https:\/\/agora-eoi.xtec.cat\/eoivalls\/cursos\/pla-dimpuls-de-langles-professorat\/","title":{"rendered":"Programa Pia+"},"content":{"rendered":"<p>El Programa Pia+ \u00e9s un pla del Departament d&#8217;Educaci\u00f3 per fomentar el coneixement d&#8217;idiomes entre el professorat de prim\u00e0ria i secund\u00e0ria en actiu.<\/p>\n<div class=\"jsn-article-toolbar\">\n<div class=\"clearfix\">\n<p><span style=\"text-decoration: underline;\"><strong>PIA + CURS 24-25<\/strong><\/span><\/p>\n<p><strong>ATENCI\u00d3<\/strong>: Devoluci\u00f3 d&#8217;ingressos dels docents que han resultat <strong>aptes, i que estan acollits al programa Pia+ pel curs 24-25: la sol\u00b7licitud es far\u00e0 en l\u00ednia pel tramitador gen\u00e8ric.<\/strong><\/p>\n<p style=\"font-weight: 400;\">El per\u00edode<strong>\u00a0<\/strong>per emplenar i enviar les sol\u00b7licituds de retorn de taxes<strong> comen\u00e7a l&#8217;1 de juliol i finalitza el 14 de juliol<\/strong>.<\/p>\n<p style=\"font-weight: 400;\"><strong>IMPORTANT<\/strong>:<\/p>\n<p style=\"font-weight: 400;\">&#8211; Cal que els docents llegeixin cada apartat abans d\u2019emplenar i enviar la sol\u00b7licitud.<\/p>\n<p style=\"font-weight: 400;\">&#8211;\u00a0<strong>La sol\u00b7licitud no estar\u00e0 disponible fins que comenci el termini\u00a0<\/strong>i nom\u00e9s estar\u00e0 disponible dins d&#8217;aquest termini.<\/p>\n<p>Per m\u00e9s informaci\u00f3: consulteu<a href=\"http:\/\/xtec.gencat.cat\/ca\/formacio\/formaciogeneralprofessorat\/llengues\/programa-pia\/\" target=\"_blank\" rel=\"noopener\">\u00a0la p\u00e0gina web de formaci\u00f3 de la Xtec<\/a>.<\/p>\n<\/div>\n<\/div>\n<div><\/div>\n<p>&nbsp;<\/p>\n","protected":false},"excerpt":{"rendered":"<p>El Programa Pia+ \u00e9s un pla del Departament d&#8217;Educaci\u00f3 per fomentar el coneixement d&#8217;idiomes entre el professorat de prim\u00e0ria i secund\u00e0ria en actiu.<\/p>\n<p>PIA + CURS 24-25<br \/>\nATENCI\u00d3: Devoluci\u00f3 d&#8217;ingressos dels docents que han resultat aptes, i que estan acollits al programa Pia+ pel curs 24-25: la&hellip;  <a href=\"https:\/\/agora-eoi.xtec.cat\/eoivalls\/cursos\/pla-dimpuls-de-langles-professorat\/\" title=\"Read Programa Pia+\">Llegeix m\u00e9s\u00bb<\/a><\/p>\n","protected":false},"author":1,"featured_media":0,"parent":8149,"menu_order":30,"comment_status":"closed","ping_status":"closed","template":"page-templates\/side-menu.php","meta":{"_bbp_topic_count":0,"_bbp_reply_count":0,"_bbp_total_topic_count":0,"_bbp_total_reply_count":0,"_bbp_voice_count":0,"_bbp_anonymous_reply_count":0,"_bbp_topic_count_hidden":0,"_bbp_reply_count_hidden":0,"_bbp_forum_subforum_count":0,"footnotes":""},"class_list":["post-8168","page","type-page","status-publish","hentry"],"post_mailing_queue_ids":[],"_links":{"self":[{"href":"https:\/\/agora-eoi.xtec.cat\/eoivalls\/wp-json\/wp\/v2\/pages\/8168","targetHints":{"allow":["GET"]}}],"collection":[{"href":"https:\/\/agora-eoi.xtec.cat\/eoivalls\/wp-json\/wp\/v2\/pages"}],"about":[{"href":"https:\/\/agora-eoi.xtec.cat\/eoivalls\/wp-json\/wp\/v2\/types\/page"}],"author":[{"embeddable":true,"href":"https:\/\/agora-eoi.xtec.cat\/eoivalls\/wp-json\/wp\/v2\/users\/1"}],"replies":[{"embeddable":true,"href":"https:\/\/agora-eoi.xtec.cat\/eoivalls\/wp-json\/wp\/v2\/comments?post=8168"}],"version-history":[{"count":6,"href":"https:\/\/agora-eoi.xtec.cat\/eoivalls\/wp-json\/wp\/v2\/pages\/8168\/revisions"}],"predecessor-version":[{"id":10375,"href":"https:\/\/agora-eoi.xtec.cat\/eoivalls\/wp-json\/wp\/v2\/pages\/8168\/revisions\/10375"}],"up":[{"embeddable":true,"href":"https:\/\/agora-eoi.xtec.cat\/eoivalls\/wp-json\/wp\/v2\/pages\/8149"}],"wp:attachment":[{"href":"https:\/\/agora-eoi.xtec.cat\/eoivalls\/wp-json\/wp\/v2\/media?parent=8168"}],"curies":[{"name":"wp","href":"https:\/\/api.w.org\/{rel}","templated":true}]}}