{"id":8166,"date":"2025-03-30T17:01:17","date_gmt":"2025-03-30T15:01:17","guid":{"rendered":"http:\/\/agora-eoi.xtec.cat\/eoivalls\/?page_id=8166"},"modified":"2026-03-27T13:17:05","modified_gmt":"2026-03-27T12:17:05","slug":"nou-alumnat","status":"publish","type":"page","link":"https:\/\/agora-eoi.xtec.cat\/eoivalls\/secretaria\/nou-alumnat\/","title":{"rendered":"Preinscripci\u00f3 i matr\u00edcula del nou alumnat (curs 2026-2027)"},"content":{"rendered":"<p><strong>&#8211; Presentaci\u00f3 telem\u00e0tica de sol\u00b7licituds: a partir de les 9:00 hores del 31 d&#8217;agost fins a les 15:00 hores del 7 de setembre de 2026.<\/strong><\/p>\n<p>Normativa:<\/p>\n<p><a href=\"https:\/\/dogc.gencat.cat\/ca\/document-del-dogc\/?documentId=1040051\" target=\"_blank\" rel=\"noopener\">Resoluci\u00f3 EDF\/814\/2026, de 19 de mar\u00e7, per la qual es determinen el calendari i les condicions de la preinscripci\u00f3 i matr\u00edcula, per al curs 2026-2027, (&#8230;) als ensenyaments d&#8217;idiomes en escoles oficials d&#8217;idiomes<\/a><\/p>\n<p><strong>M\u00e9s informaci\u00f3<\/strong>:<strong> <a href=\"https:\/\/educacio.gencat.cat\/web\/.content\/home\/departament\/publicacions\/infografies\/eoi-10-eoi.pdf\" target=\"_blank\" rel=\"noopener\">Infografia EOI<\/a><\/strong><\/p>\n","protected":false},"excerpt":{"rendered":"<p>&#8211; Presentaci\u00f3 telem\u00e0tica de sol\u00b7licituds: a partir de les 9:00 hores del 31 d&#8217;agost fins a les 15:00 hores del 7 de setembre de 2026.<br \/>\nNormativa:<br \/>\n<a href=\"https:\/\/dogc.gencat.cat\/ca\/document-del-dogc\/?documentId=1040051\" target=\"_blank\" rel=\"noopener\">Resoluci\u00f3 EDF\/814\/2026, de 19 de mar\u00e7, per la qual es determinen el calendari i les condicions de la&hellip;  <a href=\"https:\/\/agora-eoi.xtec.cat\/eoivalls\/secretaria\/nou-alumnat\/\" title=\"Read Preinscripci\u00f3 i matr\u00edcula del nou alumnat (curs 2026-2027)\">Llegeix m\u00e9s\u00bb<\/a><\/p>\n","protected":false},"author":1,"featured_media":0,"parent":8358,"menu_order":20,"comment_status":"closed","ping_status":"closed","template":"page-templates\/side-menu.php","meta":{"_bbp_topic_count":0,"_bbp_reply_count":0,"_bbp_total_topic_count":0,"_bbp_total_reply_count":0,"_bbp_voice_count":0,"_bbp_anonymous_reply_count":0,"_bbp_topic_count_hidden":0,"_bbp_reply_count_hidden":0,"_bbp_forum_subforum_count":0,"footnotes":""},"class_list":["post-8166","page","type-page","status-publish","hentry"],"post_mailing_queue_ids":[],"_links":{"self":[{"href":"https:\/\/agora-eoi.xtec.cat\/eoivalls\/wp-json\/wp\/v2\/pages\/8166","targetHints":{"allow":["GET"]}}],"collection":[{"href":"https:\/\/agora-eoi.xtec.cat\/eoivalls\/wp-json\/wp\/v2\/pages"}],"about":[{"href":"https:\/\/agora-eoi.xtec.cat\/eoivalls\/wp-json\/wp\/v2\/types\/page"}],"author":[{"embeddable":true,"href":"https:\/\/agora-eoi.xtec.cat\/eoivalls\/wp-json\/wp\/v2\/users\/1"}],"replies":[{"embeddable":true,"href":"https:\/\/agora-eoi.xtec.cat\/eoivalls\/wp-json\/wp\/v2\/comments?post=8166"}],"version-history":[{"count":7,"href":"https:\/\/agora-eoi.xtec.cat\/eoivalls\/wp-json\/wp\/v2\/pages\/8166\/revisions"}],"predecessor-version":[{"id":10489,"href":"https:\/\/agora-eoi.xtec.cat\/eoivalls\/wp-json\/wp\/v2\/pages\/8166\/revisions\/10489"}],"up":[{"embeddable":true,"href":"https:\/\/agora-eoi.xtec.cat\/eoivalls\/wp-json\/wp\/v2\/pages\/8358"}],"wp:attachment":[{"href":"https:\/\/agora-eoi.xtec.cat\/eoivalls\/wp-json\/wp\/v2\/media?parent=8166"}],"curies":[{"name":"wp","href":"https:\/\/api.w.org\/{rel}","templated":true}]}}