{"id":8158,"date":"2016-06-08T16:47:01","date_gmt":"2016-06-08T15:47:01","guid":{"rendered":"http:\/\/agora-eoi.xtec.cat\/eoivalls\/?page_id=8158"},"modified":"2024-06-27T10:43:12","modified_gmt":"2024-06-27T08:43:12","slug":"cursos-especials","status":"publish","type":"page","link":"https:\/\/agora-eoi.xtec.cat\/eoivalls\/cursos\/cursos-especials\/","title":{"rendered":"Cursos especials"},"content":{"rendered":"<p><strong>CURSOS MONOGR\u00c0FICS<\/strong><\/p>\n<p>Es consideren cursos monogr\u00e0fics els cursos de llengua d&#8217;especialitat (negocis, llenguatge jur\u00eddic, m\u00e8dic&#8230;), d&#8217;aprofundiment en el coneixement de la realitat sociocultural dels pa\u00efsos on es parla la llengua objecte d&#8217;estudi (literatura, hist\u00f2ria, civilitzaci\u00f3, costums, institucions&#8230;.), o b\u00e9 de treball d&#8217;actualitzaci\u00f3 ling\u00fc\u00edstica o de treball espec\u00edfic per destreses.<\/p>\n<p>Per a aquest curs no hi ha previst fer cap curs monogr\u00e0fic.<\/p>\n<p><strong>CURSOS DE LLENGUA INSTRUMENTAL<\/strong><\/p>\n<p>Els cursos d&#8217;actualitzaci\u00f3 i perfeccionament de llengua instrumental s\u00f3n cursos intensius o b\u00e9 extensius impartits al llarg de l&#8217;any o b\u00e9 a l&#8217;estiu amb una durada m\u00ednima de 30 hores i m\u00e0xima de 90 hores.<\/p>\n<p>&nbsp;<\/p>\n<p>&nbsp;<\/p>\n","protected":false},"excerpt":{"rendered":"<p>CURSOS MONOGR\u00c0FICS<br \/>\nEs consideren cursos monogr\u00e0fics els cursos de llengua d&#8217;especialitat (negocis, llenguatge jur\u00eddic, m\u00e8dic&#8230;), d&#8217;aprofundiment en el coneixement de la realitat sociocultural dels pa\u00efsos on es parla la llengua objecte d&#8217;estudi (literatura, hist\u00f2ria, civilitzaci\u00f3, costums, institucions&#8230;.), o b\u00e9 de treball d&#8217;actualitzaci\u00f3 ling\u00fc\u00edstica o de treball&hellip;  <a href=\"https:\/\/agora-eoi.xtec.cat\/eoivalls\/cursos\/cursos-especials\/\" title=\"Read Cursos especials\">Llegeix m\u00e9s\u00bb<\/a><\/p>\n","protected":false},"author":1,"featured_media":0,"parent":8149,"menu_order":30,"comment_status":"closed","ping_status":"closed","template":"page-templates\/side-menu.php","meta":{"_bbp_topic_count":0,"_bbp_reply_count":0,"_bbp_total_topic_count":0,"_bbp_total_reply_count":0,"_bbp_voice_count":0,"_bbp_anonymous_reply_count":0,"_bbp_topic_count_hidden":0,"_bbp_reply_count_hidden":0,"_bbp_forum_subforum_count":0,"footnotes":""},"class_list":["post-8158","page","type-page","status-publish","hentry"],"post_mailing_queue_ids":[],"_links":{"self":[{"href":"https:\/\/agora-eoi.xtec.cat\/eoivalls\/wp-json\/wp\/v2\/pages\/8158","targetHints":{"allow":["GET"]}}],"collection":[{"href":"https:\/\/agora-eoi.xtec.cat\/eoivalls\/wp-json\/wp\/v2\/pages"}],"about":[{"href":"https:\/\/agora-eoi.xtec.cat\/eoivalls\/wp-json\/wp\/v2\/types\/page"}],"author":[{"embeddable":true,"href":"https:\/\/agora-eoi.xtec.cat\/eoivalls\/wp-json\/wp\/v2\/users\/1"}],"replies":[{"embeddable":true,"href":"https:\/\/agora-eoi.xtec.cat\/eoivalls\/wp-json\/wp\/v2\/comments?post=8158"}],"version-history":[{"count":7,"href":"https:\/\/agora-eoi.xtec.cat\/eoivalls\/wp-json\/wp\/v2\/pages\/8158\/revisions"}],"predecessor-version":[{"id":10186,"href":"https:\/\/agora-eoi.xtec.cat\/eoivalls\/wp-json\/wp\/v2\/pages\/8158\/revisions\/10186"}],"up":[{"embeddable":true,"href":"https:\/\/agora-eoi.xtec.cat\/eoivalls\/wp-json\/wp\/v2\/pages\/8149"}],"wp:attachment":[{"href":"https:\/\/agora-eoi.xtec.cat\/eoivalls\/wp-json\/wp\/v2\/media?parent=8158"}],"curies":[{"name":"wp","href":"https:\/\/api.w.org\/{rel}","templated":true}]}}