{"id":797,"date":"2015-11-28T21:06:57","date_gmt":"2015-11-28T20:06:57","guid":{"rendered":"http:\/\/agora-eoi.xtec.cat\/eoivalls\/?page_id=797"},"modified":"2025-09-19T11:34:56","modified_gmt":"2025-09-19T09:34:56","slug":"presentacio","status":"publish","type":"page","link":"https:\/\/agora-eoi.xtec.cat\/eoivalls\/el-servei-educatiu\/presentacio\/","title":{"rendered":"Presentaci\u00f3"},"content":{"rendered":"<p><strong>L&#8217;EOI de Valls<\/strong><\/p>\n<p>L&#8217;Escola Oficial d&#8217;Idiomes de Valls va ser inaugurada al febrer del 2006. Es troba a la pla\u00e7a del Blat, a l&#8217;edifici de Ca Sagarra al centre antic de Valls.<\/p>\n<p>A l&#8217;EOI de Valls s&#8217;imparteix angl\u00e8s i franc\u00e8s.<\/p>\n<p>Per accedir als ensenyaments d&#8217;idiomes en les EOI cal tenir\u00a0<strong>16 anys complerts<\/strong>\u00a0l&#8217;any que es comencen els estudis. Tamb\u00e9 hi poden accedir els m\u00e9s grans de 14 anys per seguir els ensenyaments d&#8217;un idioma diferent del cursat en l&#8217;ESO.<\/p>\n<p><strong>Depend\u00e8ncies del centre<\/strong><\/p>\n<ul>\n<li>Planta entresol: Secret\u00e0ria, Consergeria, Direcci\u00f3, Departaments d&#8217;angl\u00e8s i franc\u00e8s<\/li>\n<li>Primera planta: aules 101, 102, 103, 104, 105,<\/li>\n<li>Segona planta: aules 202, 204, 205<\/li>\n<\/ul>\n<p><strong>On som?<\/strong><\/p>\n<p>Escola Oficial d&#8217;Idiomes de Valls &#8211; Pla\u00e7a del Blat 9 &#8211; Valls 43800<\/p>\n<p><a href=\"https:\/\/www.google.com\/maps\/dir\/41.2841514,1.247675\/@41.284151,1.247675,18z?hl=ca\">https:\/\/www.google.com\/maps\/dir\/\/41.2841514,1.247675\/@41.284151,1.247675,18z?hl=ca<\/a><\/p>\n","protected":false},"excerpt":{"rendered":"<p>L&#8217;EOI de Valls<br \/>\nL&#8217;Escola Oficial d&#8217;Idiomes de Valls va ser inaugurada al febrer del 2006. Es troba a la pla\u00e7a del Blat, a l&#8217;edifici de Ca Sagarra al centre antic de Valls.<br \/>\nA l&#8217;EOI de Valls s&#8217;imparteix angl\u00e8s i franc\u00e8s.<br \/>\nPer accedir als ensenyaments d&#8217;idiomes en les EOI&hellip;  <a href=\"https:\/\/agora-eoi.xtec.cat\/eoivalls\/el-servei-educatiu\/presentacio\/\" title=\"Read Presentaci\u00f3\">Llegeix m\u00e9s\u00bb<\/a><\/p>\n","protected":false},"author":1,"featured_media":0,"parent":806,"menu_order":10,"comment_status":"closed","ping_status":"closed","template":"page-templates\/side-menu.php","meta":{"_bbp_topic_count":0,"_bbp_reply_count":0,"_bbp_total_topic_count":0,"_bbp_total_reply_count":0,"_bbp_voice_count":0,"_bbp_anonymous_reply_count":0,"_bbp_topic_count_hidden":0,"_bbp_reply_count_hidden":0,"_bbp_forum_subforum_count":0,"footnotes":""},"class_list":["post-797","page","type-page","status-publish","hentry"],"post_mailing_queue_ids":[],"_links":{"self":[{"href":"https:\/\/agora-eoi.xtec.cat\/eoivalls\/wp-json\/wp\/v2\/pages\/797","targetHints":{"allow":["GET"]}}],"collection":[{"href":"https:\/\/agora-eoi.xtec.cat\/eoivalls\/wp-json\/wp\/v2\/pages"}],"about":[{"href":"https:\/\/agora-eoi.xtec.cat\/eoivalls\/wp-json\/wp\/v2\/types\/page"}],"author":[{"embeddable":true,"href":"https:\/\/agora-eoi.xtec.cat\/eoivalls\/wp-json\/wp\/v2\/users\/1"}],"replies":[{"embeddable":true,"href":"https:\/\/agora-eoi.xtec.cat\/eoivalls\/wp-json\/wp\/v2\/comments?post=797"}],"version-history":[{"count":7,"href":"https:\/\/agora-eoi.xtec.cat\/eoivalls\/wp-json\/wp\/v2\/pages\/797\/revisions"}],"predecessor-version":[{"id":10438,"href":"https:\/\/agora-eoi.xtec.cat\/eoivalls\/wp-json\/wp\/v2\/pages\/797\/revisions\/10438"}],"up":[{"embeddable":true,"href":"https:\/\/agora-eoi.xtec.cat\/eoivalls\/wp-json\/wp\/v2\/pages\/806"}],"wp:attachment":[{"href":"https:\/\/agora-eoi.xtec.cat\/eoivalls\/wp-json\/wp\/v2\/media?parent=797"}],"curies":[{"name":"wp","href":"https:\/\/api.w.org\/{rel}","templated":true}]}}