{"id":10172,"date":"2024-06-27T09:55:22","date_gmt":"2024-06-27T07:55:22","guid":{"rendered":"https:\/\/agora-eoi.xtec.cat\/eoivalls\/?page_id=10172"},"modified":"2025-07-14T10:58:51","modified_gmt":"2025-07-14T08:58:51","slug":"preguntes-mes-frequents-sobre-matricula-faqs","status":"publish","type":"page","link":"https:\/\/agora-eoi.xtec.cat\/eoivalls\/secretaria\/preguntes-mes-frequents-sobre-matricula-faqs\/","title":{"rendered":"Preguntes m\u00e9s freq\u00fcents sobre matr\u00edcula (FAQs)"},"content":{"rendered":"<p><strong>FAQS: Guia r\u00e0pida de resoluci\u00f3 de problemes\/dubtes de matr\u00edcula<\/strong><\/p>\n<p><strong>Si no pots entrar a l\u2019aplicatiu o no pots fer la matr\u00edcula:<\/strong><\/p>\n<ul>\n<li>Assegura\u2019t que est\u00e0s al CentrosNet i no al moodle (vegeu FAQS, punt 2)<\/li>\n<li>Assegura\u2019t que t\u2019est\u00e0s identificant correctament (vegeu FAQS, punt 3 i el punt 5)<\/li>\n<li>Assegura\u2019t que est\u00e0s al CentrosNet de l\u2019EOI de Valls i no d\u2019una altra escola<\/li>\n<li>Assegura\u2019t que la franja a qu\u00e8 pertanys est\u00e0 oberta (vegeu FAQS, punt 1)<\/li>\n<li>Si \u00e9s la segona que repeteixes, no pots fer la matr\u00edcula telem\u00e0ticament el dia assignat als repetidors. Has de fer-ho presencialment els dies 9 i 10 de juliol a l\u2019escola.<\/li>\n<\/ul>\n<p><strong>Si has fet la matr\u00edcula:<\/strong><\/p>\n<ul>\n<li>Assegura\u2019t de fer el pagament dins el termini (vegeu FAQS, punt 7)<\/li>\n<li>Assegura\u2019t de si necessites enviar algun tipus de documentaci\u00f3 (vegeu FAQS punt 6 i punt 8)<\/li>\n<\/ul>\n<p><strong>Si se t\u2019ha passat la matr\u00edcula:<\/strong><\/p>\n<ul>\n<li>Pots venir els dies 9 o 10 de juliol presencialment a l\u2019escola, de 10:00h a 13:00h<\/li>\n<li>Si \u00e9s m\u00e9s tard, haur\u00e0s de fer la preinscripci\u00f3 com a alumne nou el mes de setembre<\/li>\n<\/ul>\n<p><strong>FAQS<\/strong><\/p>\n<p>Aqu\u00ed tens una petita guia de com resoldre els problemes m\u00e9s comuns sobre la matr\u00edcula.<\/p>\n<ol>\n<li><strong> Quin dia haig de fer la matr\u00edcula?<\/strong><\/li>\n<\/ol>\n<p>Dep\u00e8n de la qualificaci\u00f3 obtinguda el curs (veure calendari de matr\u00edcula d&#8217;antics alumnes)<\/p>\n<ol start=\"2\">\n<li><strong> En quin aplicatiu es fa la matr\u00edcula?<\/strong><\/li>\n<\/ol>\n<p>La matr\u00edcula s\u2019ha de realitzar des de l\u2019expedient personal de cada alumne. El link est\u00e0 posat al nostre web. **<strong>Des del Moodle no es pot fer la matr\u00edcula.<\/strong><\/p>\n<ol start=\"3\">\n<li><strong> No puc entrar a fer la matr\u00edcula, em dona error d\u2019identificaci\u00f3.<\/strong><\/li>\n<\/ol>\n<p>\u00c9s un error com\u00fa, donat que s\u2019han d\u2019omplir tots tres camps, seguint les indicacions seg\u00fcents:<\/p>\n<ul>\n<li>Nom d\u2019usuari: la vostra data de naixement, en format dd\/mm\/aaaa (per exemple, 18\/04\/2002)<\/li>\n<li>Contrasenya: el vostre DNI SENSE la lletra final<\/li>\n<li>Contrasenya personal: la que vau configurar. Tots els alumnes la tenen configurada, ja que si no es t\u00e9 configurada no es pot fer la matr\u00edcula. Si l\u2019heu oblidat, podeu fer servir el link\u00a0<em>Recordar contrasenya <\/em>per recuperar-la (a sota dels botons d\u2019idioma, a baix).<\/li>\n<li>Recordeu mirar la carpeta spam. En dies de molta activitat el correu pot trigar unes hores.<\/li>\n<\/ul>\n<ol start=\"4\">\n<li><strong> L\u2019expedient i el Moodle \u00e9s el mateix? Serveixen les credencials de l\u2019un per l\u2019altre?<\/strong><\/li>\n<\/ol>\n<p>NO \u00e9s el mateix. Des del Moodle no es pot fer la matr\u00edcula ni <strong>la contrasenya establerta per al moodle no serveix per fer la matr\u00edcula.<\/strong><\/p>\n<ol start=\"5\">\n<li><strong> Jo no tinc contrasenya personal a l\u2019expedient.<\/strong><\/li>\n<\/ol>\n<p>Si vas fer la matr\u00edcula el curs immediatament anterior, tens contrasenya personal. Si no la tinguessis, no hauries pogut fer la matr\u00edcula. Fes servir el bot\u00f3 <em>Recordar contrasenya<\/em>\u00a0per recuperar-la. Si et vam fer la matr\u00edcula des de Secretaria i no has entrat mai a l\u2019expedient, emplena nom\u00e9s els dos primers camps i en accedir l\u2019aplicatiu et far\u00e0 configurar la contrasenya.<\/p>\n<ol start=\"6\">\n<li><strong> Ja he fet la matr\u00edcula, haig d\u2019enviar els resguards de pagament a l\u2019escola?<\/strong><\/li>\n<li>Guarda\u2019ls. Si els necessitem, te\u2019ls demanarem.<\/li>\n<li><strong>Quant de temps tinc per fer efectiu el pagament de la matr\u00edcula? Qu\u00e8 passa si em passa el termini?<\/strong><\/li>\n<\/ol>\n<p>Et recomanem que paguis instant\u00e0niament, ja que l\u2019aplicatiu permet el pagament amb targeta de cr\u00e8dit. Si no pagues al moment, tens 24 hores per efectuar el pagament en un terminal del ServiCaixa. Si se\u2019t passa el termini, posa\u2019t en contacte amb nosaltres per correu electr\u00f2nic.<\/p>\n<ol start=\"8\">\n<li><strong> Haig d\u2019enviar alguna documentaci\u00f3 a l\u2019escola?<\/strong><\/li>\n<\/ol>\n<p>No, no has de fer arribar res a l\u2019escola. Si necessitem algun document, contactarem amb tu i te\u2019l demanarem. T\u2019aconsellem que guardis el resguard de pagament juntament amb el resguard de matr\u00edcula.<\/p>\n<ol start=\"9\">\n<li><strong>M&#8217;he oblidat de fer la matr\u00edcula. Qu\u00e8 puc fer? Es pot fer m\u00e9s tard?<\/strong><\/li>\n<\/ol>\n<p>Ens pots contactar per correu electr\u00f2nic fins al 10 de juliol. Si \u00e9s m\u00e9s tard, haur\u00e0s perdut la teva prioritat com a antic alumne i haur\u00e0s de fer la preinscripci\u00f3 el mes de setembre com a nou alumnat.<\/p>\n","protected":false},"excerpt":{"rendered":"<p>FAQS: Guia r\u00e0pida de resoluci\u00f3 de problemes\/dubtes de matr\u00edcula<br \/>\nSi no pots entrar a l\u2019aplicatiu o no pots fer la matr\u00edcula:<\/p>\n<ul>\n<li>Assegura\u2019t que est\u00e0s al CentrosNet i no al moodle (vegeu FAQS, punt 2)<\/li>\n<li>Assegura\u2019t que t\u2019est\u00e0s identificant correctament (vegeu FAQS, punt 3 i el punt 5)<\/li>\n<li>Assegura\u2019t que&hellip;  <a href=\"https:\/\/agora-eoi.xtec.cat\/eoivalls\/secretaria\/preguntes-mes-frequents-sobre-matricula-faqs\/\" title=\"Read Preguntes m\u00e9s freq\u00fcents sobre matr\u00edcula (FAQs)\">Llegeix m\u00e9s\u00bb<\/a><br \/>\n","protected":false},"author":1,"featured_media":0,"parent":8358,"menu_order":0,"comment_status":"closed","ping_status":"closed","template":"","meta":{"_bbp_topic_count":0,"_bbp_reply_count":0,"_bbp_total_topic_count":0,"_bbp_total_reply_count":0,"_bbp_voice_count":0,"_bbp_anonymous_reply_count":0,"_bbp_topic_count_hidden":0,"_bbp_reply_count_hidden":0,"_bbp_forum_subforum_count":0,"footnotes":""},"class_list":["post-10172","page","type-page","status-publish","hentry"],"post_mailing_queue_ids":[],"_links":{"self":[{"href":"https:\/\/agora-eoi.xtec.cat\/eoivalls\/wp-json\/wp\/v2\/pages\/10172","targetHints":{"allow":["GET"]}}],"collection":[{"href":"https:\/\/agora-eoi.xtec.cat\/eoivalls\/wp-json\/wp\/v2\/pages"}],"about":[{"href":"https:\/\/agora-eoi.xtec.cat\/eoivalls\/wp-json\/wp\/v2\/types\/page"}],"author":[{"embeddable":true,"href":"https:\/\/agora-eoi.xtec.cat\/eoivalls\/wp-json\/wp\/v2\/users\/1"}],"replies":[{"embeddable":true,"href":"https:\/\/agora-eoi.xtec.cat\/eoivalls\/wp-json\/wp\/v2\/comments?post=10172"}],"version-history":[{"count":4,"href":"https:\/\/agora-eoi.xtec.cat\/eoivalls\/wp-json\/wp\/v2\/pages\/10172\/revisions"}],"predecessor-version":[{"id":10410,"href":"https:\/\/agora-eoi.xtec.cat\/eoivalls\/wp-json\/wp\/v2\/pages\/10172\/revisions\/10410"}],"up":[{"embeddable":true,"href":"https:\/\/agora-eoi.xtec.cat\/eoivalls\/wp-json\/wp\/v2\/pages\/8358"}],"wp:attachment":[{"href":"https:\/\/agora-eoi.xtec.cat\/eoivalls\/wp-json\/wp\/v2\/media?parent=10172"}],"curies":[{"name":"wp","href":"https:\/\/api.w.org\/{rel}","templated":true}]}}