{"id":9204,"date":"2021-12-23T17:12:39","date_gmt":"2021-12-23T16:12:39","guid":{"rendered":"https:\/\/agora-eoi.xtec.cat\/eoivallesoriental\/?page_id=9204"},"modified":"2025-09-23T20:53:48","modified_gmt":"2025-09-23T18:53:48","slug":"curs-alemany-c1plus","status":"publish","type":"page","link":"https:\/\/agora-eoi.xtec.cat\/eoivallesoriental\/cursos-especials\/curs-alemany-c1plus\/","title":{"rendered":"Curs C1 plus d&#8217;alemany. Durant el curs 2025-26 l&#8217;escola no pot oferir aquest curs."},"content":{"rendered":"<p><a href=\"https:\/\/twitter.com\/EOIVallesO\"><span style=\"font-weight: 400;\">\u200b<\/span><\/a><\/p>\n<p><a href=\"https:\/\/twitter.com\/EOIVallesO\"><span style=\"font-weight: 400;\">@EOIVallesO<\/span><\/a> <span style=\"font-weight: 400;\"><br \/>\n<\/span><a href=\"https:\/\/www.instagram.com\/eoi_vallesoriental\/?hl=de\"><span style=\"font-weight: 400;\">@eoi_vallesoriental<\/span><\/a><\/p>\n<p><span style=\"font-weight: 400;\">CURSOS ESPECIALS D\u2019EDUCACI\u00d3\u00a0\u00a0<\/span><\/p>\n<p><span style=\"font-weight: 400;\">PERMANENT I DE PERFECCIONAMENT\u00a0<\/span><\/p>\n<p><b>Alemany C1+\u00a0\u00a0<\/b><\/p>\n<p><b>Professora<\/b><b>: <\/b><span style=\"font-weight: 400;\">\u00a0<\/span><span style=\"font-weight: 400;\">Marianne Schiffels<\/span><\/p>\n<p><b>Destinataris del curs:\u00a0\u00a0<\/b><\/p>\n<p><span style=\"font-weight: 400;\">Cursos de perfeccionament de llengua C1+ adre\u00e7ats a alumnes que ja han assolit el nivell C1 i que vulguin mantenir, actualitzar i ampliar el seu coneixement de l\u2019idioma, especialment pel que fa als aspectes productius, tant orals com escrits.\u00a0\u00a0<\/span><\/p>\n<p><b>Requisits<\/b><\/p>\n<p><span style=\"font-weight: 400;\">Per poder accedir a aquest curs, cal haver obtingut el nivell de llengua de C1 del\u00a0<\/span><i><span style=\"font-weight: 400;\">Marc europeu com\u00fa de refer\u00e8ncia<\/span><\/i><span style=\"font-weight: 400;\">\u00a0en un termini no superior a 4 anys a comptar des de la data de matr\u00edcula (cal adjuntar el document acreditatiu escanejat per formalitzar la matr\u00edcula del curs). En cas contrari, s\u2019haur\u00e0 de fer una prova de nivell<\/span><span style=\"font-weight: 400;\">.<\/span><\/p>\n<p><b>Durada:\u00a0\u00a0<\/b><\/p>\n<p><span style=\"font-weight: 400;\">60 hores presencials (30 sessions de 2 hores), del 09\/10\/24 al 21\/05\/25<\/span><\/p>\n<p><span style=\"font-weight: 400;\">presencials.\u00a0<\/span><\/p>\n<p><b>Horari:\u00a0\u00a0<\/b><\/p>\n<p><span style=\"font-weight: 400;\">Dimecres de 18.30 a 20.30 hores.\u00a0<\/span><\/p>\n<p><b>Objectius del curs:\u00a0\u00a0<\/b><\/p>\n<p><span style=\"font-weight: 400;\">Consolidar i millorar l\u2019expressi\u00f3 tant oral com escrita dels aprenents utilitzant la llengua de manera flexible i eficac\u0327 a l\u2019hora de reformular idees sota formes ling\u00fc\u00edstiques diferents mantenint el control gramatical d\u2019un llenguatge complex.<\/span><\/p>\n<p><span style=\"font-weight: 400;\">Ser\u00e0 important la interacci\u00f3 espont\u00e0nia, la flu\u00efdesa i precisi\u00f3 i l\u2019\u00fas dels senyals no verbals i d\u2019entonaci\u00f3.<\/span><\/p>\n<p><span style=\"font-weight: 400;\">Consolidar i millorar la comprensi\u00f3 de textos orals i escrits de tem\u00e0tica i tipologia diversa.\u00a0\u00a0<\/span><\/p>\n<p><span style=\"font-weight: 400;\">\u00c9s un curs els continguts del qual poden ser adaptats als interessos i necessitats dels alumnes.\u00a0<\/span><\/p>\n<p><b>Programa del curs:<\/b><span style=\"font-weight: 400;\">\u00a0\u00a0<\/span><\/p>\n<p><span style=\"font-weight: 400;\">Es treballaran continguts tem\u00e0tics, l\u00e9xico-sem\u00e0ntics i gramaticals propis del nivell. Es far\u00e0 una introducci\u00f3 en alguns continguts ling\u00fc\u00edstics, socioling\u00fc\u00edstics i discursius descrits en el nivell C2 del Marc Com\u00fa Europeu de Refer\u00e8ncia.\u00a0<\/span><\/p>\n<p>&nbsp;<\/p>\n<p><b>Material:<\/b><\/p>\n<p>&nbsp;<\/p>\n<p><span style=\"font-weight: 400;\">Per repassar i afian\u00e7ar el nivell:<\/span><\/p>\n<p><span style=\"font-weight: 400;\">VIELFALT C1.2 Kursbuch &amp; Arbeitsbuch. Hueber Verlag.\u00a0<\/span><\/p>\n<p><span style=\"font-weight: 400;\">ISBN-13 \u200f : \u200e 978-3193510389 (surt a la venta el 19 de setembre de 2024).<\/span><\/p>\n<p><span style=\"font-weight: 400;\">Per ampliar coneixements m\u00e9s enll\u00e0 del C1:<\/span><\/p>\n<p><span style=\"font-weight: 400;\">Es treballar\u00e0 amb material addicional.\u00a0<\/span><\/p>\n<p>&nbsp;<\/p>\n<ol start=\"3\">\n<li><b> Lectures<\/b><\/li>\n<\/ol>\n<p><span style=\"font-weight: 400;\">Per al desenvolupament de la comprensi\u00f3 lectora es treballar\u00e0 amb textos d\u2019\u00edndole diversa com ara articles de revistes i diaris i textos literaris actuals.\u00a0<\/span><\/p>\n<p>&nbsp;<\/p>\n<p><b>Preu:<\/b><b>\u00a0 <\/b><b>295 euros<\/b><\/p>\n<p>&nbsp;<\/p>\n<p><b>Avaluaci\u00f3: <\/b><b>\u00a0<\/b><\/p>\n<p><span style=\"font-weight: 400;\">A nivell informatiu la professora donar\u00e0 feedback als alumnes sobre el seu proc\u00e9s d\u2019aprenentatge i tamb\u00e9 es portaran a terme tasques de coavaluaci\u00f3 entre alumnes.\u00a0<\/span><\/p>\n<p><span style=\"font-weight: 400;\">Per acreditar el curs caldr\u00e0 haver realitzat i superat les tasques d\u2019avaluaci\u00f3 continua proposades per la professora.<\/span><\/p>\n<p><b>Certificat: <\/b><b>\u00a0<\/b><\/p>\n<p>&nbsp;<\/p>\n<p><span style=\"font-weight: 400;\">En acabar el curs, es donar\u00e0 un certificat acreditatiu. Es requereix una assist\u00e8ncia del 80% per obtenir-lo.\u00a0\u00a0\u00a0\u00a0\u00a0\u00a0\u00a0\u00a0\u00a0\u00a0\u00a0\u00a0\u00a0\u00a0\u00a0\u00a0\u00a0\u00a0\u00a0\u00a0\u00a0\u00a0<\/span><\/p>\n<p><span style=\"font-weight: 400;\">Algunes universitats de Catalunya reconeixen aquest curs com a cr\u00e8dits d&#8217;idiomes de lliure elecci\u00f3. Adreceu-vos a les secretaries de les vostres facultats per confirmar-ne el reconeixement.\u00a0\u00a0\u00a0<\/span><\/p>\n<p><span style=\"font-weight: 400;\">Curs pendent de ser reconegut com a activitat de formaci\u00f3 permanent del Departament\u00a0 d&#8217;Educaci\u00f3 de la Generalitat de Catalunya.\u00a0\u00a0<\/span><\/p>\n<p><b>Prova de nivell:<\/b><\/p>\n<p><span style=\"font-weight: 400;\">Totes aquelles persones que no puguin acreditar el nivell C1 hauran de fer una prova de nivell escrita i oral. Si la prova conclou que heu assolit el nivell C1 podreu formalitzar la matr\u00edcula.\u00a0<\/span><\/p>\n<p><b>Pre-Inscripci\u00f3 i Matr\u00edcula:<\/b><\/p>\n<p><span style=\"font-weight: 400;\">Cal fer preinscripci\u00f3 aqu\u00ed a partir del 21 de juliol. Un cop revisada l\u2019acreditaci\u00f3 de nivell durant el mes de setembre, us farem arribar el full de pagament de matr\u00edcula segons ordre de preinscripci\u00f3.\u00a0<\/span><\/p>\n<p><span style=\"font-weight: 400;\">Per qualsevol problema o incid\u00e8ncia amb la matr\u00edcula, podeu contactar amb <\/span><a href=\"mailto:eoivallesoriental@xtec.cat\"><span style=\"font-weight: 400;\">eoivallesoriental@xtec.cat<\/span><\/a><span style=\"font-weight: 400;\">.\u00a0<\/span><\/p>\n<p>&nbsp;<\/p>\n<p><b>Documentaci\u00f3 imprescindible per a la matr\u00edcula:<\/b><\/p>\n<p><span style=\"font-weight: 400;\">\u00c9s imprescindible adjuntar escanejada, en el moment de fer la preinscripci\u00f3, la documentaci\u00f3 sol\u00b7licitada al formulari (DNI i certificat acreditatiu de nivell C1, en cas de no haver-lo obtingut a l&#8217;EOI).<\/span><\/p>\n<p>&nbsp;<\/p>\n<p><b>Pagament:<\/b><\/p>\n<p><span style=\"font-weight: 400;\">Cal fer el pagament a qualsevol caixer Servicaixa en un termini de 48 hores des del moment de formalitzada la matr\u00edcula.<\/span><\/p>\n<p>&nbsp;<\/p>\n<p><b>Informaci\u00f3 addicional:<\/b><b>\u00a0\u00a0<\/b><\/p>\n<p><span style=\"font-weight: 400;\">L\u2019Escola es reserva el dret d\u2019anul\u00b7lar el curs si no s\u2019arriba al m\u00ednim d\u2019alumnes establert. Nom\u00e9s es retornar\u00e0 l\u2019import de la matr\u00edcula en cas que s\u2019hagi d\u2019anul\u00b7lar un curs.\u00a0<\/span><\/p>\n<p><span style=\"font-weight: 400;\">NOTA: Totes les informacions d\u2019aquest full estan subjectes a possibles canvis.<\/span><span style=\"font-weight: 400;\">\u00a0\u00a0<\/span><\/p>\n<p><span style=\"font-weight: 400;\">\u00a0\u00a0<\/span><\/p>\n<p>&nbsp;<\/p>\n","protected":false},"excerpt":{"rendered":"<p>\u200b @EOIVallesO @eoi_vallesoriental CURSOS ESPECIALS D\u2019EDUCACI\u00d3\u00a0\u00a0 PERMANENT I DE PERFECCIONAMENT\u00a0 Alemany C1+\u00a0\u00a0 Professora: \u00a0Marianne Schiffels Destinataris del curs:\u00a0\u00a0 Cursos de perfeccionament de llengua C1+ adre\u00e7ats a alumnes que ja han assolit el nivell C1 i que vulguin mantenir, actualitzar i ampliar el seu coneixement de l\u2019idioma, especialment pel que fa als aspectes productius, tant orals [&hellip;]<\/p>\n","protected":false},"author":4,"featured_media":0,"parent":8158,"menu_order":7,"comment_status":"closed","ping_status":"closed","template":"page-templates\/side-menu.php","meta":{"_bbp_topic_count":0,"_bbp_reply_count":0,"_bbp_total_topic_count":0,"_bbp_total_reply_count":0,"_bbp_voice_count":0,"_bbp_anonymous_reply_count":0,"_bbp_topic_count_hidden":0,"_bbp_reply_count_hidden":0,"_bbp_forum_subforum_count":0,"site-sidebar-layout":"default","site-content-layout":"","ast-site-content-layout":"","site-content-style":"default","site-sidebar-style":"default","ast-global-header-display":"","ast-banner-title-visibility":"","ast-main-header-display":"","ast-hfb-above-header-display":"","ast-hfb-below-header-display":"","ast-hfb-mobile-header-display":"","site-post-title":"","ast-breadcrumbs-content":"","ast-featured-img":"","footer-sml-layout":"","theme-transparent-header-meta":"","adv-header-id-meta":"","stick-header-meta":"","header-above-stick-meta":"","header-main-stick-meta":"","header-below-stick-meta":"","astra-migrate-meta-layouts":"default","ast-page-background-enabled":"default","ast-page-background-meta":{"desktop":{"background-color":"var(--ast-global-color-4)","background-image":"","background-repeat":"repeat","background-position":"center center","background-size":"auto","background-attachment":"scroll","background-type":"","background-media":"","overlay-type":"","overlay-color":"","overlay-opacity":"","overlay-gradient":""},"tablet":{"background-color":"","background-image":"","background-repeat":"repeat","background-position":"center center","background-size":"auto","background-attachment":"scroll","background-type":"","background-media":"","overlay-type":"","overlay-color":"","overlay-opacity":"","overlay-gradient":""},"mobile":{"background-color":"","background-image":"","background-repeat":"repeat","background-position":"center center","background-size":"auto","background-attachment":"scroll","background-type":"","background-media":"","overlay-type":"","overlay-color":"","overlay-opacity":"","overlay-gradient":""}},"ast-content-background-meta":{"desktop":{"background-color":"var(--ast-global-color-5)","background-image":"","background-repeat":"repeat","background-position":"center center","background-size":"auto","background-attachment":"scroll","background-type":"","background-media":"","overlay-type":"","overlay-color":"","overlay-opacity":"","overlay-gradient":""},"tablet":{"background-color":"var(--ast-global-color-5)","background-image":"","background-repeat":"repeat","background-position":"center center","background-size":"auto","background-attachment":"scroll","background-type":"","background-media":"","overlay-type":"","overlay-color":"","overlay-opacity":"","overlay-gradient":""},"mobile":{"background-color":"var(--ast-global-color-5)","background-image":"","background-repeat":"repeat","background-position":"center center","background-size":"auto","background-attachment":"scroll","background-type":"","background-media":"","overlay-type":"","overlay-color":"","overlay-opacity":"","overlay-gradient":""}},"footnotes":""},"class_list":["post-9204","page","type-page","status-publish","hentry"],"post_mailing_queue_ids":[],"_links":{"self":[{"href":"https:\/\/agora-eoi.xtec.cat\/eoivallesoriental\/wp-json\/wp\/v2\/pages\/9204","targetHints":{"allow":["GET"]}}],"collection":[{"href":"https:\/\/agora-eoi.xtec.cat\/eoivallesoriental\/wp-json\/wp\/v2\/pages"}],"about":[{"href":"https:\/\/agora-eoi.xtec.cat\/eoivallesoriental\/wp-json\/wp\/v2\/types\/page"}],"author":[{"embeddable":true,"href":"https:\/\/agora-eoi.xtec.cat\/eoivallesoriental\/wp-json\/wp\/v2\/users\/4"}],"replies":[{"embeddable":true,"href":"https:\/\/agora-eoi.xtec.cat\/eoivallesoriental\/wp-json\/wp\/v2\/comments?post=9204"}],"version-history":[{"count":6,"href":"https:\/\/agora-eoi.xtec.cat\/eoivallesoriental\/wp-json\/wp\/v2\/pages\/9204\/revisions"}],"predecessor-version":[{"id":11588,"href":"https:\/\/agora-eoi.xtec.cat\/eoivallesoriental\/wp-json\/wp\/v2\/pages\/9204\/revisions\/11588"}],"up":[{"embeddable":true,"href":"https:\/\/agora-eoi.xtec.cat\/eoivallesoriental\/wp-json\/wp\/v2\/pages\/8158"}],"wp:attachment":[{"href":"https:\/\/agora-eoi.xtec.cat\/eoivallesoriental\/wp-json\/wp\/v2\/media?parent=9204"}],"curies":[{"name":"wp","href":"https:\/\/api.w.org\/{rel}","templated":true}]}}