{"id":9191,"date":"2021-12-23T16:25:14","date_gmt":"2021-12-23T15:25:14","guid":{"rendered":"https:\/\/agora-eoi.xtec.cat\/eoivallesoriental\/?page_id=9191"},"modified":"2025-09-23T20:45:48","modified_gmt":"2025-09-23T18:45:48","slug":"preparat-per-al-certificat-b2-dangles","status":"publish","type":"page","link":"https:\/\/agora-eoi.xtec.cat\/eoivallesoriental\/cursos-especials\/preparat-per-al-certificat-b2-dangles\/","title":{"rendered":"Prepara\u2019t per al B2 d\u2019angl\u00e8s. Durant el curs 2025-26 l&#8217;escola no pot oferir aquest curs."},"content":{"rendered":"<p dir=\"ltr\"><a href=\"https:\/\/agora-eoi.xtec.cat\/eoivallesoriental\/wp-content\/uploads\/usu2249\/2022\/04\/EOI_logo_positiu_horitzontal-900px.jpg\"><img loading=\"lazy\" decoding=\"async\" class=\"wp-image-9782 alignright\" src=\"https:\/\/agora-eoi.xtec.cat\/eoivallesoriental\/wp-content\/uploads\/usu2249\/2022\/04\/EOI_logo_positiu_horitzontal-900px.jpg\" alt=\"\" width=\"273\" height=\"72\" srcset=\"https:\/\/agora-eoi.xtec.cat\/eoivallesoriental\/wp-content\/uploads\/usu2249\/2022\/04\/EOI_logo_positiu_horitzontal-900px.jpg 900w, https:\/\/agora-eoi.xtec.cat\/eoivallesoriental\/wp-content\/uploads\/usu2249\/2022\/04\/EOI_logo_positiu_horitzontal-900px-300x79.jpg 300w, https:\/\/agora-eoi.xtec.cat\/eoivallesoriental\/wp-content\/uploads\/usu2249\/2022\/04\/EOI_logo_positiu_horitzontal-900px-768x202.jpg 768w\" sizes=\"auto, (max-width: 273px) 100vw, 273px\" \/><\/a><\/p>\n<p style=\"text-align: left;\">\u00a0<\/p>\n<p style=\"text-align: left;\">del 25 de febrer 2025 al 20 de maig del 2025, per\u00a0 aquest curs les preinscripcions s&#8217;obriran al gener<\/p>\n<p><strong>Preinscripcions <\/strong>: a partir del 10 de gener i fins a exhaurir places<\/p>\n<p dir=\"ltr\" style=\"text-align: left;\"><strong>Professor:<\/strong>\u00a0 Luis Ribes<\/p>\n<p><strong>Destinataris del curs:\u00a0<\/strong><\/p>\n<p>Alumnes que es vulguin presentar per lliure a les proves de Certificat de B2 d\u2019Angl\u00e8s de l\u2019Escola Oficial d\u2019Idiomes i que no son alumnes actuals d\u2019EOI d\u2019angl\u00e8s.<\/p>\n<p><strong>Requisits:<\/strong><\/p>\n<ul>\n<li>El curs \u00e9s per aquelles persones que ja se situen al nivell B2 i necessiten una orientaci\u00f3 i una ajuda per a preparar-se per fer l\u2019examen del certificat.<\/li>\n<li>Podeu fer el seg\u00fcent <a href=\"https:\/\/dialangweb.lancaster.ac.uk\/\" target=\"_blank\" rel=\"noopener\">test de nivell online <\/a>si no sabeu si esteu al nivell B2. El resultat \u00e9s orientatiu.<\/li>\n<li>Edat recomanada: a partir de 16 anys<\/li>\n<li>Durada:\u00a0 30 hores (12 sessions de 2,5 hores), del 25 de febrer 2025 al 20 de maig del 2025<\/li>\n<li>Horari:\u00a0 dimarts 18.30-21.00<\/li>\n<li>Lloc: Aula 1.3\u00a0<\/li>\n<\/ul>\n<p><strong>Objectius del curs<\/strong><strong>:<\/strong><\/p>\n<p>Dotar a l\u2019alumne que es vol presentar per lliure a les proves de Certificat d\u2019Angl\u00e8s d\u2019eines per a poder afrontar amb \u00e8xit el Certificat B2.<\/p>\n<p><strong>Programa del curs<\/strong><strong>:<\/strong><\/p>\n<ul>\n<li>A l\u2019aula es treballen estrat\u00e8gies d\u2019examen en les 5 destreses: Comprensi\u00f3 Escrita, Comprensi\u00f3 Oral, Mediaci\u00f3 Escrita i Oral, Expressi\u00f3 Escrita i Expressi\u00f3 Oral. Tamb\u00e9 es far\u00e0 un simulacre d\u2019examen amb una tutoria individualitzada per detectar els punts febles i forts de cada alumne\/a.<\/li>\n<li>Preu: 175 \u20ac (material no incl\u00f2s)<\/li>\n<li>Avaluaci\u00f3: Es far\u00e0 un simulacre d\u2019examen de Certificat d\u2019Angl\u00e8s B2<\/li>\n<li>Certificat: En acabar el curs, es donar\u00e0 un certificat acreditatiu. Es requereix una assist\u00e8ncia del 80% per obtenir-lo.<\/li>\n<li>Algunes universitats de Catalunya reconeixen aquest curs com a cr\u00e8dits d\u2019idiomes de lliure elecci\u00f3. Adreceu-vos a les secretaries de les vostres facultats per confirmar-ne el reconeixement.<\/li>\n<\/ul>\n<p><strong>PreInscripci\u00f3 i Matr\u00edcula:<\/strong><\/p>\n<ul>\n<li><a href=\"https:\/\/docs.google.com\/forms\/d\/e\/1FAIpQLSdHiYJsxmpSbxqIwoEZRa-1J1SpZQW8fGPj3MWncpqlmNTz8A\/viewform\">Preinscripci\u00f3 oberta aqu\u00ed<\/a> a partir del 10 de gener de 2025 i fins a omplir les places. Un cop rebuda, l\u2019escola us enviar\u00e0 el full de pagament per ordre de realitzaci\u00f3 de la preinscripci\u00f3 .<\/li>\n<li>Tan bon punt es cobreixin les places disponibles, nom\u00e9s us podreu inscriure a la llista d\u2019espera.<\/li>\n<li>Si queden places lliures, la matr\u00edcula restar\u00e0 oberta fins un cop iniciades les classes.<\/li>\n<li>Per a qualsevol problema o incid\u00e8ncia amb la matr\u00edcula, podeu contactar amb <a href=\"mailto:eoivallesoriental@xtec.cat\">eoivallesoriental@xtec.cat<\/a><\/li>\n<\/ul>\n<p><strong>Alumnes menors d\u2019edat:<\/strong><\/p>\n<p>Els pares o tutors hauran d\u2019emplenar el seg\u00fcent full d\u2019autoritzaci\u00f3 de menors.<\/p>\n<p><strong>Documentaci\u00f3 imprescindible per a la matr\u00edcula<\/strong><\/p>\n<p>\u00c9s imprescindible adjuntar escanejada, en el moment de fer la preinscripci\u00f3, la documentaci\u00f3 sol\u00b7licitada al formulari (DNI i full d\u2019autoritzaci\u00f3 de menors, si s\u2019escau).<\/p>\n<p><strong>Pagament<\/strong><\/p>\n<p>Cal fer el pagament a qualsevol caixer Servicaixa en un termini de 48 hores des del moment de formalitzaci\u00f3 de la matr\u00edcula.<\/p>\n<p><strong>Informaci\u00f3 Addicional<\/strong><\/p>\n<p>El curs no dona cap dret a ser adm\u00e8s a la prova de certificat per al que se&#8217;l prepara.<br \/>\nL\u2019escola es reserva el dret d\u2019anul\u00b7lar el curs si no s\u2019arriba al m\u00ednim d\u2019alumnes establert. Nom\u00e9s es retornar\u00e0 l\u2019import de la matr\u00edcula en cas que s\u2019hagi d\u2019anul\u00b7lar un curs.<\/p>\n<p dir=\"ltr\"><a href=\"https:\/\/docs.google.com\/forms\/d\/e\/1FAIpQLSdHiYJsxmpSbxqIwoEZRa-1J1SpZQW8fGPj3MWncpqlmNTz8A\/viewform\">Enlla\u00e7 al q\u00fcestionari de preinscripci\u00f3\u00a0 al curs<\/a><\/p>\n<p dir=\"ltr\"><strong> Atenci\u00f3: <\/strong><\/p>\n<ul>\n<li>Fer aquest curs a l&#8217;escola no dona dret autom\u00e0tic a presentar-se a les proves de certificats. <a href=\"https:\/\/educacio.gencat.cat\/ca\/serveis-tramits\/proves\/proves-lliures-obtencio-titols\/convocat-ordinaria-idiomes\/\" target=\"_blank\" rel=\"noopener\">Consulteu dates inscripci\u00f3 a les proves lliures dels certificats<\/a>.<\/li>\n<\/ul>\n<p>&nbsp;<\/p>\n<p><strong>NOTA<\/strong><strong>:<\/strong> Totes les informacions d\u2019aquest fullet estan subjectes a possibles canvis.<\/p>\n","protected":false},"excerpt":{"rendered":"<p>\u00a0 del 25 de febrer 2025 al 20 de maig del 2025, per\u00a0 aquest curs les preinscripcions s&#8217;obriran al gener Preinscripcions : a partir del 10 de gener i fins a exhaurir places Professor:\u00a0 Luis Ribes Destinataris del curs:\u00a0 Alumnes que es vulguin presentar per lliure a les proves de Certificat de B2 d\u2019Angl\u00e8s de [&hellip;]<\/p>\n","protected":false},"author":4,"featured_media":0,"parent":8158,"menu_order":3,"comment_status":"closed","ping_status":"closed","template":"page-templates\/side-menu.php","meta":{"_bbp_topic_count":0,"_bbp_reply_count":0,"_bbp_total_topic_count":0,"_bbp_total_reply_count":0,"_bbp_voice_count":0,"_bbp_anonymous_reply_count":0,"_bbp_topic_count_hidden":0,"_bbp_reply_count_hidden":0,"_bbp_forum_subforum_count":0,"site-sidebar-layout":"default","site-content-layout":"","ast-site-content-layout":"","site-content-style":"default","site-sidebar-style":"default","ast-global-header-display":"","ast-banner-title-visibility":"","ast-main-header-display":"","ast-hfb-above-header-display":"","ast-hfb-below-header-display":"","ast-hfb-mobile-header-display":"","site-post-title":"","ast-breadcrumbs-content":"","ast-featured-img":"","footer-sml-layout":"","theme-transparent-header-meta":"","adv-header-id-meta":"","stick-header-meta":"","header-above-stick-meta":"","header-main-stick-meta":"","header-below-stick-meta":"","astra-migrate-meta-layouts":"default","ast-page-background-enabled":"default","ast-page-background-meta":{"desktop":{"background-color":"var(--ast-global-color-4)","background-image":"","background-repeat":"repeat","background-position":"center center","background-size":"auto","background-attachment":"scroll","background-type":"","background-media":"","overlay-type":"","overlay-color":"","overlay-opacity":"","overlay-gradient":""},"tablet":{"background-color":"","background-image":"","background-repeat":"repeat","background-position":"center center","background-size":"auto","background-attachment":"scroll","background-type":"","background-media":"","overlay-type":"","overlay-color":"","overlay-opacity":"","overlay-gradient":""},"mobile":{"background-color":"","background-image":"","background-repeat":"repeat","background-position":"center center","background-size":"auto","background-attachment":"scroll","background-type":"","background-media":"","overlay-type":"","overlay-color":"","overlay-opacity":"","overlay-gradient":""}},"ast-content-background-meta":{"desktop":{"background-color":"var(--ast-global-color-5)","background-image":"","background-repeat":"repeat","background-position":"center center","background-size":"auto","background-attachment":"scroll","background-type":"","background-media":"","overlay-type":"","overlay-color":"","overlay-opacity":"","overlay-gradient":""},"tablet":{"background-color":"var(--ast-global-color-5)","background-image":"","background-repeat":"repeat","background-position":"center center","background-size":"auto","background-attachment":"scroll","background-type":"","background-media":"","overlay-type":"","overlay-color":"","overlay-opacity":"","overlay-gradient":""},"mobile":{"background-color":"var(--ast-global-color-5)","background-image":"","background-repeat":"repeat","background-position":"center center","background-size":"auto","background-attachment":"scroll","background-type":"","background-media":"","overlay-type":"","overlay-color":"","overlay-opacity":"","overlay-gradient":""}},"footnotes":""},"class_list":["post-9191","page","type-page","status-publish","hentry"],"post_mailing_queue_ids":[],"_links":{"self":[{"href":"https:\/\/agora-eoi.xtec.cat\/eoivallesoriental\/wp-json\/wp\/v2\/pages\/9191","targetHints":{"allow":["GET"]}}],"collection":[{"href":"https:\/\/agora-eoi.xtec.cat\/eoivallesoriental\/wp-json\/wp\/v2\/pages"}],"about":[{"href":"https:\/\/agora-eoi.xtec.cat\/eoivallesoriental\/wp-json\/wp\/v2\/types\/page"}],"author":[{"embeddable":true,"href":"https:\/\/agora-eoi.xtec.cat\/eoivallesoriental\/wp-json\/wp\/v2\/users\/4"}],"replies":[{"embeddable":true,"href":"https:\/\/agora-eoi.xtec.cat\/eoivallesoriental\/wp-json\/wp\/v2\/comments?post=9191"}],"version-history":[{"count":9,"href":"https:\/\/agora-eoi.xtec.cat\/eoivallesoriental\/wp-json\/wp\/v2\/pages\/9191\/revisions"}],"predecessor-version":[{"id":11586,"href":"https:\/\/agora-eoi.xtec.cat\/eoivallesoriental\/wp-json\/wp\/v2\/pages\/9191\/revisions\/11586"}],"up":[{"embeddable":true,"href":"https:\/\/agora-eoi.xtec.cat\/eoivallesoriental\/wp-json\/wp\/v2\/pages\/8158"}],"wp:attachment":[{"href":"https:\/\/agora-eoi.xtec.cat\/eoivallesoriental\/wp-json\/wp\/v2\/media?parent=9191"}],"curies":[{"name":"wp","href":"https:\/\/api.w.org\/{rel}","templated":true}]}}