{"id":8621,"date":"2016-06-20T11:24:49","date_gmt":"2016-06-20T10:24:49","guid":{"rendered":"http:\/\/agora-eoi.xtec.cat\/eoivallesoriental\/?page_id=8621"},"modified":"2025-07-04T13:50:33","modified_gmt":"2025-07-04T11:50:33","slug":"consell-escolar","status":"publish","type":"page","link":"https:\/\/agora-eoi.xtec.cat\/eoivallesoriental\/el-servei-educatiu\/consell-escolar\/","title":{"rendered":"Consell escolar"},"content":{"rendered":"<p>El Consell Escolar \u00e9s l\u2019\u00f2rgan de participaci\u00f3 de la comunitat educativa que s\u2019encarrega del control i gesti\u00f3 de l\u2019escola, amb funcions de seguiment i avaluaci\u00f3 de la programaci\u00f3 i de les activitats que es duen a terme a L\u2019EOI Vall\u00e8s Oriental. El consell escolar de l\u2019EOI Vall\u00e8s Oriental est\u00e0 format per:<\/p>\n<p><strong>Representants de l\u2019equip directiu<\/strong><\/p>\n<p>Directora: Esther Gonz\u00e1lez<br \/>\nSecret\u00e0ria: Cristina Galbany<br \/>\nCap d&#8217;estudis: Agn\u00e8s Dachs<\/p>\n<p><strong>Representants del professorat<\/strong><\/p>\n<p>Marianne Schiffels, Agn\u00e8s Dachs, Jordi Soldevila<\/p>\n<p><strong>Representants de l&#8217;alumnat<\/strong><\/p>\n<p>Gl\u00f2ria Gim\u00e9nez i Sandra Mar\u00edn<\/p>\n<p><strong>Representant del personal d\u2019administraci\u00f3 i serveis (PAS)<\/strong><\/p>\n<p>Joana Martinez<\/p>\n<p><strong>Representant de l\u2019Ajuntament<\/strong><\/p>\n<p>Pere Gabern<\/p>\n","protected":false},"excerpt":{"rendered":"<p>El Consell Escolar \u00e9s l\u2019\u00f2rgan de participaci\u00f3 de la comunitat educativa que s\u2019encarrega del control i gesti\u00f3 de l\u2019escola, amb funcions de seguiment i avaluaci\u00f3 de la programaci\u00f3 i de les activitats que es duen a terme a L\u2019EOI Vall\u00e8s Oriental. El consell escolar de l\u2019EOI Vall\u00e8s Oriental est\u00e0 format per: Representants de l\u2019equip directiu [&hellip;]<\/p>\n","protected":false},"author":1,"featured_media":0,"parent":806,"menu_order":8,"comment_status":"closed","ping_status":"closed","template":"page-templates\/side-menu.php","meta":{"_bbp_topic_count":0,"_bbp_reply_count":0,"_bbp_total_topic_count":0,"_bbp_total_reply_count":0,"_bbp_voice_count":0,"_bbp_anonymous_reply_count":0,"_bbp_topic_count_hidden":0,"_bbp_reply_count_hidden":0,"_bbp_forum_subforum_count":0,"site-sidebar-layout":"default","site-content-layout":"","ast-site-content-layout":"","site-content-style":"default","site-sidebar-style":"default","ast-global-header-display":"","ast-banner-title-visibility":"","ast-main-header-display":"","ast-hfb-above-header-display":"","ast-hfb-below-header-display":"","ast-hfb-mobile-header-display":"","site-post-title":"","ast-breadcrumbs-content":"","ast-featured-img":"","footer-sml-layout":"","theme-transparent-header-meta":"","adv-header-id-meta":"","stick-header-meta":"","header-above-stick-meta":"","header-main-stick-meta":"","header-below-stick-meta":"","astra-migrate-meta-layouts":"default","ast-page-background-enabled":"default","ast-page-background-meta":{"desktop":{"background-color":"var(--ast-global-color-4)","background-image":"","background-repeat":"repeat","background-position":"center center","background-size":"auto","background-attachment":"scroll","background-type":"","background-media":"","overlay-type":"","overlay-color":"","overlay-opacity":"","overlay-gradient":""},"tablet":{"background-color":"","background-image":"","background-repeat":"repeat","background-position":"center center","background-size":"auto","background-attachment":"scroll","background-type":"","background-media":"","overlay-type":"","overlay-color":"","overlay-opacity":"","overlay-gradient":""},"mobile":{"background-color":"","background-image":"","background-repeat":"repeat","background-position":"center center","background-size":"auto","background-attachment":"scroll","background-type":"","background-media":"","overlay-type":"","overlay-color":"","overlay-opacity":"","overlay-gradient":""}},"ast-content-background-meta":{"desktop":{"background-color":"var(--ast-global-color-5)","background-image":"","background-repeat":"repeat","background-position":"center center","background-size":"auto","background-attachment":"scroll","background-type":"","background-media":"","overlay-type":"","overlay-color":"","overlay-opacity":"","overlay-gradient":""},"tablet":{"background-color":"var(--ast-global-color-5)","background-image":"","background-repeat":"repeat","background-position":"center center","background-size":"auto","background-attachment":"scroll","background-type":"","background-media":"","overlay-type":"","overlay-color":"","overlay-opacity":"","overlay-gradient":""},"mobile":{"background-color":"var(--ast-global-color-5)","background-image":"","background-repeat":"repeat","background-position":"center center","background-size":"auto","background-attachment":"scroll","background-type":"","background-media":"","overlay-type":"","overlay-color":"","overlay-opacity":"","overlay-gradient":""}},"footnotes":""},"class_list":["post-8621","page","type-page","status-publish","hentry"],"post_mailing_queue_ids":[],"_links":{"self":[{"href":"https:\/\/agora-eoi.xtec.cat\/eoivallesoriental\/wp-json\/wp\/v2\/pages\/8621","targetHints":{"allow":["GET"]}}],"collection":[{"href":"https:\/\/agora-eoi.xtec.cat\/eoivallesoriental\/wp-json\/wp\/v2\/pages"}],"about":[{"href":"https:\/\/agora-eoi.xtec.cat\/eoivallesoriental\/wp-json\/wp\/v2\/types\/page"}],"author":[{"embeddable":true,"href":"https:\/\/agora-eoi.xtec.cat\/eoivallesoriental\/wp-json\/wp\/v2\/users\/1"}],"replies":[{"embeddable":true,"href":"https:\/\/agora-eoi.xtec.cat\/eoivallesoriental\/wp-json\/wp\/v2\/comments?post=8621"}],"version-history":[{"count":6,"href":"https:\/\/agora-eoi.xtec.cat\/eoivallesoriental\/wp-json\/wp\/v2\/pages\/8621\/revisions"}],"predecessor-version":[{"id":11395,"href":"https:\/\/agora-eoi.xtec.cat\/eoivallesoriental\/wp-json\/wp\/v2\/pages\/8621\/revisions\/11395"}],"up":[{"embeddable":true,"href":"https:\/\/agora-eoi.xtec.cat\/eoivallesoriental\/wp-json\/wp\/v2\/pages\/806"}],"wp:attachment":[{"href":"https:\/\/agora-eoi.xtec.cat\/eoivallesoriental\/wp-json\/wp\/v2\/media?parent=8621"}],"curies":[{"name":"wp","href":"https:\/\/api.w.org\/{rel}","templated":true}]}}