{"id":8427,"date":"2016-06-14T15:20:45","date_gmt":"2016-06-14T14:20:45","guid":{"rendered":"http:\/\/agora-eoi.xtec.cat\/eoivallesoriental\/?page_id=8427"},"modified":"2025-09-10T17:48:16","modified_gmt":"2025-09-10T15:48:16","slug":"grups-de-conversa","status":"publish","type":"page","link":"https:\/\/agora-eoi.xtec.cat\/eoivallesoriental\/serveis\/grups-de-conversa\/","title":{"rendered":"Grups de conversa"},"content":{"rendered":"<p><a href=\"http:\/\/agora-eoi.xtec.cat\/eoivallesoriental\/wp-content\/uploads\/usu2249\/2016\/06\/Collaboration-96.png\" rel=\"attachment wp-att-8677\"><img loading=\"lazy\" decoding=\"async\" class=\" wp-image-8677 alignleft\" src=\"http:\/\/agora-eoi.xtec.cat\/eoivallesoriental\/wp-content\/uploads\/usu2249\/2016\/06\/Collaboration-96.png\" alt=\"Collaboration-96\" width=\"74\" height=\"74\" \/><\/a><\/p>\n<p style=\"text-align: center;\">\u00a0<\/p>\n<p><strong>Classes de Conversa online d&#8217;Angl\u00e8s (adre\u00e7ades a l&#8217;alumnat de l&#8217;escola)<\/strong><\/p>\n<p><center><\/p>\n<table style=\"border-collapse: collapse; width: 90%; height: 203px;\">\n<tbody>\n<tr style=\"height: 203px;\">\n<td style=\"width: 60%; text-align: center; height: 203px;\" colspan=\"2\">\n<p style=\"text-align: left;\"><strong>Atenci\u00f3<\/strong>: per a poder accedir als seg\u00fcents documents i al formulari de reserva haur\u00e0s de fer-ho des del teu<strong>\u00a0email de l&#8217;escola<\/strong>\u00a0per tal de que se&#8217;t reconegui com alumne\/a.<\/p>\n<ul>\n<li style=\"text-align: left;\"><a href=\"https:\/\/docs.google.com\/document\/d\/1Lf1x9ZWbsLHKtLpxekbQcnw6t6nVrldrnzLUhyj1AgU\/edit?tab=t.0\">Com registrar-se i accedir a les classes de conversa: <\/a>document explicatiu<\/li>\n<li style=\"text-align: left;\"><a href=\"https:\/\/docs.google.com\/forms\/d\/e\/1FAIpQLSdPj3smSGgM4bIwmbL6mBDmu-q-BRAEmWwGseDPj7SpVGyrJA\/closedform\">Formulari de reserva<\/a>: reserva la teva pla\u00e7a durant <strong>la setmana pr\u00e8via a la sessi\u00f3<\/strong>.<\/li>\n<li style=\"text-align: left;\">Consulteu <a href=\"https:\/\/docs.google.com\/spreadsheets\/d\/14_YuFx6LSHqTPzkYn6Ebpvo7NF9plx1h82FvV9nbT3Y\/edit?gid=1482721882#gid=1482721882\">aqu\u00ed<\/a> els <strong>horaris de les classes, l&#8217;enlla\u00e7 per entrar a les sessions i les possibles notificacions<\/strong> pr\u00e8vies a les sessions:\n<p style=\"padding-left: 40px;\">\u00a0\u00a0<a href=\"https:\/\/docs.google.com\/spreadsheets\/d\/14_YuFx6LSHqTPzkYn6Ebpvo7NF9plx1h82FvV9nbT3Y\/edit?gid=1482721882#gid=1482721882\">Angl\u00e8s curs 2025-26<\/a><\/p>\n<\/li>\n<li style=\"text-align: left;\"><a href=\"https:\/\/drive.google.com\/file\/d\/1PlQU27DEfYztX1Yyjg9rlIGhXtfdezHB\/view?usp=share_link\" target=\"_blank\" rel=\"noopener\">Link al v\u00eddeo<\/a> explicatiu de com fer o cancel.lar la teva reserva per a conversa.<\/li>\n<\/ul>\n<p style=\"text-align: left;\">\u00a0<\/p>\n<p><center><\/center><\/td>\n<\/tr>\n<\/tbody>\n<\/table>\n<p>&nbsp;<\/p>\n<div class=\"luto0c\" data-dom-id=\"https:\/\/docs.google.com\/forms\/d\/e\/1FAIpQLSe6Pb0HZfhyoEJKZR9zoRdyJxuZkAeXS7C35c5W7v49aw3WOQ\/viewform-0-2-4-https:\/\/docs.google.com\/forms\/d\/e\/1FAIpQLSe6Pb0HZfhyoEJKZR9zoRdyJxuZkAeXS7C35c5W7v49aw3WOQ\/viewform-Google Forms: Sign-in-$$-false-false-false-false-$-$-https:\/\/docs.google.com\/forms\/d\/e\/1FAIpQLSe6Pb0HZfhyoEJKZR9zoRdyJxuZkAeXS7C35c5W7v49aw3WOQ\/viewform\">\n<div class=\"pOf0gc QRiHXd Aopndd M4LFnf\" data-attachment-id=\"https:\/\/docs.google.com\/forms\/d\/e\/1FAIpQLSe6Pb0HZfhyoEJKZR9zoRdyJxuZkAeXS7C35c5W7v49aw3WOQ\/viewform\">\u00a0<\/div>\n<\/div>\n<div class=\"luto0c\" data-dom-id=\"1uo8k_l-NF5Y2B7sevldZO1AAFAUACDni-1-2-2-Video-editar-cancel-lar reserva conversa.mp4-$2-false-false-false-false-$-$-https:\/\/drive.google.com\/file\/d\/1uo8k_l-NF5Y2B7sevldZO1AAFAUACDni\/view?usp=drive_web&amp;authuser=0\">\n<div class=\"pOf0gc QRiHXd Aopndd M4LFnf\" data-attachment-id=\"1uo8k_l-NF5Y2B7sevldZO1AAFAUACDni\">\n<div class=\"bxp7vf bHOAdb Niache\">\u00a0<\/div>\n<div class=\"MM30Lb\">\n<div class=\"cSyPgb WInaFd QRiHXd\">\n<div class=\"kRYv9b YVvGBb\">\u00a0<\/div>\n<\/div>\n<\/div>\n<\/div>\n<\/div>\n<p><\/center><\/p>\n","protected":false},"excerpt":{"rendered":"<p>\u00a0 Classes de Conversa online d&#8217;Angl\u00e8s (adre\u00e7ades a l&#8217;alumnat de l&#8217;escola) Atenci\u00f3: per a poder accedir als seg\u00fcents documents i al formulari de reserva haur\u00e0s de fer-ho des del teu\u00a0email de l&#8217;escola\u00a0per tal de que se&#8217;t reconegui com alumne\/a. Com registrar-se i accedir a les classes de conversa: document explicatiu Formulari de reserva: reserva la [&hellip;]<\/p>\n","protected":false},"author":1,"featured_media":0,"parent":8411,"menu_order":3,"comment_status":"closed","ping_status":"closed","template":"page-templates\/side-menu.php","meta":{"_bbp_topic_count":0,"_bbp_reply_count":0,"_bbp_total_topic_count":0,"_bbp_total_reply_count":0,"_bbp_voice_count":0,"_bbp_anonymous_reply_count":0,"_bbp_topic_count_hidden":0,"_bbp_reply_count_hidden":0,"_bbp_forum_subforum_count":0,"site-sidebar-layout":"default","site-content-layout":"","ast-site-content-layout":"","site-content-style":"default","site-sidebar-style":"default","ast-global-header-display":"","ast-banner-title-visibility":"","ast-main-header-display":"","ast-hfb-above-header-display":"","ast-hfb-below-header-display":"","ast-hfb-mobile-header-display":"","site-post-title":"","ast-breadcrumbs-content":"","ast-featured-img":"","footer-sml-layout":"","theme-transparent-header-meta":"","adv-header-id-meta":"","stick-header-meta":"","header-above-stick-meta":"","header-main-stick-meta":"","header-below-stick-meta":"","astra-migrate-meta-layouts":"default","ast-page-background-enabled":"default","ast-page-background-meta":{"desktop":{"background-color":"var(--ast-global-color-4)","background-image":"","background-repeat":"repeat","background-position":"center center","background-size":"auto","background-attachment":"scroll","background-type":"","background-media":"","overlay-type":"","overlay-color":"","overlay-opacity":"","overlay-gradient":""},"tablet":{"background-color":"","background-image":"","background-repeat":"repeat","background-position":"center center","background-size":"auto","background-attachment":"scroll","background-type":"","background-media":"","overlay-type":"","overlay-color":"","overlay-opacity":"","overlay-gradient":""},"mobile":{"background-color":"","background-image":"","background-repeat":"repeat","background-position":"center center","background-size":"auto","background-attachment":"scroll","background-type":"","background-media":"","overlay-type":"","overlay-color":"","overlay-opacity":"","overlay-gradient":""}},"ast-content-background-meta":{"desktop":{"background-color":"var(--ast-global-color-5)","background-image":"","background-repeat":"repeat","background-position":"center center","background-size":"auto","background-attachment":"scroll","background-type":"","background-media":"","overlay-type":"","overlay-color":"","overlay-opacity":"","overlay-gradient":""},"tablet":{"background-color":"var(--ast-global-color-5)","background-image":"","background-repeat":"repeat","background-position":"center center","background-size":"auto","background-attachment":"scroll","background-type":"","background-media":"","overlay-type":"","overlay-color":"","overlay-opacity":"","overlay-gradient":""},"mobile":{"background-color":"var(--ast-global-color-5)","background-image":"","background-repeat":"repeat","background-position":"center center","background-size":"auto","background-attachment":"scroll","background-type":"","background-media":"","overlay-type":"","overlay-color":"","overlay-opacity":"","overlay-gradient":""}},"footnotes":""},"class_list":["post-8427","page","type-page","status-publish","hentry"],"post_mailing_queue_ids":[],"_links":{"self":[{"href":"https:\/\/agora-eoi.xtec.cat\/eoivallesoriental\/wp-json\/wp\/v2\/pages\/8427","targetHints":{"allow":["GET"]}}],"collection":[{"href":"https:\/\/agora-eoi.xtec.cat\/eoivallesoriental\/wp-json\/wp\/v2\/pages"}],"about":[{"href":"https:\/\/agora-eoi.xtec.cat\/eoivallesoriental\/wp-json\/wp\/v2\/types\/page"}],"author":[{"embeddable":true,"href":"https:\/\/agora-eoi.xtec.cat\/eoivallesoriental\/wp-json\/wp\/v2\/users\/1"}],"replies":[{"embeddable":true,"href":"https:\/\/agora-eoi.xtec.cat\/eoivallesoriental\/wp-json\/wp\/v2\/comments?post=8427"}],"version-history":[{"count":7,"href":"https:\/\/agora-eoi.xtec.cat\/eoivallesoriental\/wp-json\/wp\/v2\/pages\/8427\/revisions"}],"predecessor-version":[{"id":11546,"href":"https:\/\/agora-eoi.xtec.cat\/eoivallesoriental\/wp-json\/wp\/v2\/pages\/8427\/revisions\/11546"}],"up":[{"embeddable":true,"href":"https:\/\/agora-eoi.xtec.cat\/eoivallesoriental\/wp-json\/wp\/v2\/pages\/8411"}],"wp:attachment":[{"href":"https:\/\/agora-eoi.xtec.cat\/eoivallesoriental\/wp-json\/wp\/v2\/media?parent=8427"}],"curies":[{"name":"wp","href":"https:\/\/api.w.org\/{rel}","templated":true}]}}