{"id":8414,"date":"2016-06-14T14:55:48","date_gmt":"2016-06-14T13:55:48","guid":{"rendered":"http:\/\/agora-eoi.xtec.cat\/eoivallesoriental\/?page_id=8414"},"modified":"2026-02-20T12:05:37","modified_gmt":"2026-02-20T11:05:37","slug":"biblioteca","status":"publish","type":"page","link":"https:\/\/agora-eoi.xtec.cat\/eoivallesoriental\/serveis\/biblioteca\/","title":{"rendered":"Sala d&#8217;estudi \/Sala Oberta (1.7)\/Biblioteca"},"content":{"rendered":"\n<figure class=\"wp-block-table is-style-regular\"><table class=\"has-fixed-layout\"><tbody><tr><td class=\"has-text-align-left\" data-align=\"left\"><strong>Sala d&#8217;estudi<\/strong> <strong>Centre Vall\u00e8s<\/strong><br>(Planta baixa)<\/td><td class=\"has-text-align-left\" data-align=\"left\"><strong>Sala Oberta EOI (Aula 1.7)<\/strong><br>(1a planta)<\/td><td class=\"has-text-align-left\" data-align=\"left\"><strong>Biblioteca EOI<\/strong><br>(2a planta)<\/td><\/tr><tr><td class=\"has-text-align-left\" data-align=\"left\"><a style=\"color: #2795b6; font-size: 16px;\" href=\"https:\/\/agora-eoi.xtec.cat\/eoivallesoriental\/wp-content\/uploads\/usu2249\/2016\/06\/Literature-96.png\"><img loading=\"lazy\" decoding=\"async\" width=\"628\" height=\"470\" class=\"wp-image-11441 alignleft\" src=\"https:\/\/agora-eoi.xtec.cat\/eoivallesoriental\/wp-content\/uploads\/usu2249\/2025\/07\/IMG_7861-1-1024x767.jpg\" alt=\"\" srcset=\"https:\/\/agora-eoi.xtec.cat\/eoivallesoriental\/wp-content\/uploads\/usu2249\/2025\/07\/IMG_7861-1-1024x767.jpg 1024w, https:\/\/agora-eoi.xtec.cat\/eoivallesoriental\/wp-content\/uploads\/usu2249\/2025\/07\/IMG_7861-1-300x225.jpg 300w, https:\/\/agora-eoi.xtec.cat\/eoivallesoriental\/wp-content\/uploads\/usu2249\/2025\/07\/IMG_7861-1-150x112.jpg 150w, https:\/\/agora-eoi.xtec.cat\/eoivallesoriental\/wp-content\/uploads\/usu2249\/2025\/07\/IMG_7861-1-768x576.jpg 768w, https:\/\/agora-eoi.xtec.cat\/eoivallesoriental\/wp-content\/uploads\/usu2249\/2025\/07\/IMG_7861-1-1536x1151.jpg 1536w, https:\/\/agora-eoi.xtec.cat\/eoivallesoriental\/wp-content\/uploads\/usu2249\/2025\/07\/IMG_7861-1-2048x1535.jpg 2048w, https:\/\/agora-eoi.xtec.cat\/eoivallesoriental\/wp-content\/uploads\/usu2249\/2025\/07\/IMG_7861-1-200x150.jpg 200w\" sizes=\"auto, (max-width: 628px) 100vw, 628px\" \/><\/a><\/td><td class=\"has-text-align-left\" data-align=\"left\"><img decoding=\"async\" src=\"https:\/\/agora-eoi.xtec.cat\/eoivallesoriental\/wp-content\/uploads\/usu2249\/2026\/02\/Aula-O-retallada-1-1024x768.jpeg\" alt=\"\"><\/td><td class=\"has-text-align-left\" data-align=\"left\"><img loading=\"lazy\" decoding=\"async\" width=\"637\" height=\"465\" class=\"alignnone  wp-image-11445\" src=\"https:\/\/agora-eoi.xtec.cat\/eoivallesoriental\/wp-content\/uploads\/usu2249\/2025\/07\/1752148690070-1024x748.jpg\" alt=\"\" srcset=\"https:\/\/agora-eoi.xtec.cat\/eoivallesoriental\/wp-content\/uploads\/usu2249\/2025\/07\/1752148690070-1024x748.jpg 1024w, https:\/\/agora-eoi.xtec.cat\/eoivallesoriental\/wp-content\/uploads\/usu2249\/2025\/07\/1752148690070-300x219.jpg 300w, https:\/\/agora-eoi.xtec.cat\/eoivallesoriental\/wp-content\/uploads\/usu2249\/2025\/07\/1752148690070-150x110.jpg 150w, https:\/\/agora-eoi.xtec.cat\/eoivallesoriental\/wp-content\/uploads\/usu2249\/2025\/07\/1752148690070-768x561.jpg 768w, https:\/\/agora-eoi.xtec.cat\/eoivallesoriental\/wp-content\/uploads\/usu2249\/2025\/07\/1752148690070-1536x1121.jpg 1536w, https:\/\/agora-eoi.xtec.cat\/eoivallesoriental\/wp-content\/uploads\/usu2249\/2025\/07\/1752148690070-2048x1495.jpg 2048w\" sizes=\"auto, (max-width: 637px) 100vw, 637px\" \/><\/td><\/tr><tr><td class=\"has-text-align-left\" data-align=\"left\"><strong>Horari<\/strong><br>Durant l&#8217;any escolar: de dilluns a dijous, de 15.30 h a 20.30 h.<br>Juny i juliol: a determinar<br><br><strong>Normativa<\/strong><br>Per tal de respectar la resta d\u2019usuaris i els equipaments i materials de la Sala d&#8217;estudi, els usuaris que hi accedeixin hauran de complir amb les seg\u00fcents obligacions:<br>-Mantenir el silenci<br>-No menjar ni beure<br>-Silenciar els tel\u00e8fons m\u00f2bils i no parlar-hi<br>-No reservar llocs de treball a tercers<br>-Utilitzar amb cura els equipaments del centre<br><br><br><br><br><br><br><br><br><br><br><br><br><br><br><br><br><\/td><td class=\"has-text-align-left\" data-align=\"left\"><strong>Horari<\/strong><br>Durant l&#8217;any escolar: de dilluns a dijous, de 15.00 h a 20.00 h.<br>Juny i juliol: a determinar<br><br>Espai est\u00e0 destinat a l&#8217;alumnat de l&#8217;EOI per fer tasques individuals o en grup.<br><br><br><br><br><br><br><br><br><br><br><br><br><br><br><br><br><br><br><br><br><br><br><br><br><br><br><br><\/td><td class=\"has-text-align-left\" data-align=\"left\"><strong>Horari<\/strong><br>Durant l&#8217;any escolar: de dilluns a dijous, de 15.00 h a 20.00 h.<br>Juny i juliol: a determinar<br><br>Espai de biblioteca situat a la 2a planta, al costat de Secretaria.<br><br>El servei de pr\u00e9stec es fa <a href=\"https:\/\/www.libib.com\/u\/eoigranollers\/\">online<\/a>.<br>&#8211;<a title=\"Biblioteca Online\" href=\"https:\/\/eoigranollers.libib.com\/\" target=\"_blank\" rel=\"noopener noreferrer\">Servei de pr\u00e9stec online<\/a><br>&#8211;<a href=\"https:\/\/drive.google.com\/file\/d\/1cFGkemaLaQO89JbQ74KVDCGzPQ8irAQn\/view?usp=sharing\" target=\"_blank\" rel=\"noopener noreferrer\">Video explicatiu<\/a><br><br><br><br><br><br><br><br><br><br><br><br><br><br><br><br><br><br><br><br><br><br><br><br><\/td><\/tr><\/tbody><\/table><\/figure>\n\n\n\n<p><\/p>\n\n\n\n<p><\/p>\n","protected":false},"excerpt":{"rendered":"<p>Sala d&#8217;estudi Centre Vall\u00e8s(Planta baixa) Sala Oberta EOI (Aula 1.7)(1a planta) Biblioteca EOI(2a planta) HorariDurant l&#8217;any escolar: de dilluns a dijous, de 15.30 h a 20.30 h.Juny i juliol: a determinar NormativaPer tal de respectar la resta d\u2019usuaris i els equipaments i materials de la Sala d&#8217;estudi, els usuaris que hi accedeixin hauran de complir [&hellip;]<\/p>\n","protected":false},"author":1,"featured_media":0,"parent":8411,"menu_order":1,"comment_status":"closed","ping_status":"closed","template":"","meta":{"_bbp_topic_count":0,"_bbp_reply_count":0,"_bbp_total_topic_count":0,"_bbp_total_reply_count":0,"_bbp_voice_count":0,"_bbp_anonymous_reply_count":0,"_bbp_topic_count_hidden":0,"_bbp_reply_count_hidden":0,"_bbp_forum_subforum_count":0,"site-sidebar-layout":"default","site-content-layout":"","ast-site-content-layout":"default","site-content-style":"default","site-sidebar-style":"default","ast-global-header-display":"","ast-banner-title-visibility":"","ast-main-header-display":"","ast-hfb-above-header-display":"","ast-hfb-below-header-display":"","ast-hfb-mobile-header-display":"","site-post-title":"","ast-breadcrumbs-content":"","ast-featured-img":"","footer-sml-layout":"","theme-transparent-header-meta":"","adv-header-id-meta":"","stick-header-meta":"","header-above-stick-meta":"","header-main-stick-meta":"","header-below-stick-meta":"","astra-migrate-meta-layouts":"set","ast-page-background-enabled":"default","ast-page-background-meta":{"desktop":{"background-color":"var(--ast-global-color-4)","background-image":"","background-repeat":"repeat","background-position":"center center","background-size":"auto","background-attachment":"scroll","background-type":"","background-media":"","overlay-type":"","overlay-color":"","overlay-opacity":"","overlay-gradient":""},"tablet":{"background-color":"","background-image":"","background-repeat":"repeat","background-position":"center center","background-size":"auto","background-attachment":"scroll","background-type":"","background-media":"","overlay-type":"","overlay-color":"","overlay-opacity":"","overlay-gradient":""},"mobile":{"background-color":"","background-image":"","background-repeat":"repeat","background-position":"center center","background-size":"auto","background-attachment":"scroll","background-type":"","background-media":"","overlay-type":"","overlay-color":"","overlay-opacity":"","overlay-gradient":""}},"ast-content-background-meta":{"desktop":{"background-color":"var(--ast-global-color-5)","background-image":"","background-repeat":"repeat","background-position":"center center","background-size":"auto","background-attachment":"scroll","background-type":"","background-media":"","overlay-type":"","overlay-color":"","overlay-opacity":"","overlay-gradient":""},"tablet":{"background-color":"var(--ast-global-color-5)","background-image":"","background-repeat":"repeat","background-position":"center center","background-size":"auto","background-attachment":"scroll","background-type":"","background-media":"","overlay-type":"","overlay-color":"","overlay-opacity":"","overlay-gradient":""},"mobile":{"background-color":"var(--ast-global-color-5)","background-image":"","background-repeat":"repeat","background-position":"center center","background-size":"auto","background-attachment":"scroll","background-type":"","background-media":"","overlay-type":"","overlay-color":"","overlay-opacity":"","overlay-gradient":""}},"footnotes":""},"class_list":["post-8414","page","type-page","status-publish","hentry"],"post_mailing_queue_ids":[],"_links":{"self":[{"href":"https:\/\/agora-eoi.xtec.cat\/eoivallesoriental\/wp-json\/wp\/v2\/pages\/8414","targetHints":{"allow":["GET"]}}],"collection":[{"href":"https:\/\/agora-eoi.xtec.cat\/eoivallesoriental\/wp-json\/wp\/v2\/pages"}],"about":[{"href":"https:\/\/agora-eoi.xtec.cat\/eoivallesoriental\/wp-json\/wp\/v2\/types\/page"}],"author":[{"embeddable":true,"href":"https:\/\/agora-eoi.xtec.cat\/eoivallesoriental\/wp-json\/wp\/v2\/users\/1"}],"replies":[{"embeddable":true,"href":"https:\/\/agora-eoi.xtec.cat\/eoivallesoriental\/wp-json\/wp\/v2\/comments?post=8414"}],"version-history":[{"count":7,"href":"https:\/\/agora-eoi.xtec.cat\/eoivallesoriental\/wp-json\/wp\/v2\/pages\/8414\/revisions"}],"predecessor-version":[{"id":11755,"href":"https:\/\/agora-eoi.xtec.cat\/eoivallesoriental\/wp-json\/wp\/v2\/pages\/8414\/revisions\/11755"}],"up":[{"embeddable":true,"href":"https:\/\/agora-eoi.xtec.cat\/eoivallesoriental\/wp-json\/wp\/v2\/pages\/8411"}],"wp:attachment":[{"href":"https:\/\/agora-eoi.xtec.cat\/eoivallesoriental\/wp-json\/wp\/v2\/media?parent=8414"}],"curies":[{"name":"wp","href":"https:\/\/api.w.org\/{rel}","templated":true}]}}