{"id":8366,"date":"2016-06-13T13:27:59","date_gmt":"2016-06-13T12:27:59","guid":{"rendered":"http:\/\/agora-eoi.xtec.cat\/eoivallesoriental\/?page_id=8366"},"modified":"2026-02-10T15:42:01","modified_gmt":"2026-02-10T14:42:01","slug":"horari","status":"publish","type":"page","link":"https:\/\/agora-eoi.xtec.cat\/eoivallesoriental\/secretaria\/horari\/","title":{"rendered":"Horari d&#8217;atenci\u00f3"},"content":{"rendered":"<h4><strong>Administraci\u00f3 i secretaria<\/strong><\/h4>\n<p><strong><br \/>\n<\/strong>Adre\u00e7a electr\u00f2nica: eoivallesoriental@xtec.cat<\/p>\n<p><span style=\"font-family: inherit; font-size: 1em;\">Administrativa: Ana G\u00f3mez<\/span><\/p>\n<p>Conserge: Joana Mart\u00ednez<\/p>\n<ul>\n<li><strong>Durant el curs escolar lectiu (inici de setembre fins mitjans juny): <\/strong>De dilluns a dijous de 16:00 a 20:00 presencialment i els divendres de 10:00 a 14:00 presencialment.<\/li>\n<\/ul>\n<ul>\n<li><strong>Horari d&#8217;estiu a partir del 20 de juny de 2026: <\/strong>De dilluns a divendres de 10.00 a 14.00 hores<\/li>\n<\/ul>\n<ul>\n<li><strong>Horari d&#8217;estiu del 16\/07 al 25\/07<\/strong>: atenci\u00f3 al p\u00fablic via correu electr\u00f2nic<\/li>\n<\/ul>\n<ul>\n<li><strong>Del 26\/07 al 28\/08 (el divendres 29 \u00e9s festiu local)<\/strong>: l&#8217;escola romandr\u00e0 tancada<\/li>\n<\/ul>\n<p>Consulteu el calendari escolar publicat al web per saber quins dies s\u00f3n festius.<\/p>\n","protected":false},"excerpt":{"rendered":"<p>Administraci\u00f3 i secretaria Adre\u00e7a electr\u00f2nica: eoivallesoriental@xtec.cat Administrativa: Ana G\u00f3mez Conserge: Joana Mart\u00ednez Durant el curs escolar lectiu (inici de setembre fins mitjans juny): De dilluns a dijous de 16:00 a 20:00 presencialment i els divendres de 10:00 a 14:00 presencialment. Horari d&#8217;estiu a partir del 20 de juny de 2026: De dilluns a divendres de [&hellip;]<\/p>\n","protected":false},"author":1,"featured_media":0,"parent":8358,"menu_order":1,"comment_status":"closed","ping_status":"closed","template":"","meta":{"_bbp_topic_count":0,"_bbp_reply_count":0,"_bbp_total_topic_count":0,"_bbp_total_reply_count":0,"_bbp_voice_count":0,"_bbp_anonymous_reply_count":0,"_bbp_topic_count_hidden":0,"_bbp_reply_count_hidden":0,"_bbp_forum_subforum_count":0,"site-sidebar-layout":"default","site-content-layout":"","ast-site-content-layout":"default","site-content-style":"default","site-sidebar-style":"default","ast-global-header-display":"","ast-banner-title-visibility":"","ast-main-header-display":"","ast-hfb-above-header-display":"","ast-hfb-below-header-display":"","ast-hfb-mobile-header-display":"","site-post-title":"","ast-breadcrumbs-content":"","ast-featured-img":"","footer-sml-layout":"","theme-transparent-header-meta":"","adv-header-id-meta":"","stick-header-meta":"","header-above-stick-meta":"","header-main-stick-meta":"","header-below-stick-meta":"","astra-migrate-meta-layouts":"set","ast-page-background-enabled":"default","ast-page-background-meta":{"desktop":{"background-color":"var(--ast-global-color-4)","background-image":"","background-repeat":"repeat","background-position":"center center","background-size":"auto","background-attachment":"scroll","background-type":"","background-media":"","overlay-type":"","overlay-color":"","overlay-opacity":"","overlay-gradient":""},"tablet":{"background-color":"","background-image":"","background-repeat":"repeat","background-position":"center center","background-size":"auto","background-attachment":"scroll","background-type":"","background-media":"","overlay-type":"","overlay-color":"","overlay-opacity":"","overlay-gradient":""},"mobile":{"background-color":"","background-image":"","background-repeat":"repeat","background-position":"center center","background-size":"auto","background-attachment":"scroll","background-type":"","background-media":"","overlay-type":"","overlay-color":"","overlay-opacity":"","overlay-gradient":""}},"ast-content-background-meta":{"desktop":{"background-color":"var(--ast-global-color-5)","background-image":"","background-repeat":"repeat","background-position":"center center","background-size":"auto","background-attachment":"scroll","background-type":"","background-media":"","overlay-type":"","overlay-color":"","overlay-opacity":"","overlay-gradient":""},"tablet":{"background-color":"var(--ast-global-color-5)","background-image":"","background-repeat":"repeat","background-position":"center center","background-size":"auto","background-attachment":"scroll","background-type":"","background-media":"","overlay-type":"","overlay-color":"","overlay-opacity":"","overlay-gradient":""},"mobile":{"background-color":"var(--ast-global-color-5)","background-image":"","background-repeat":"repeat","background-position":"center center","background-size":"auto","background-attachment":"scroll","background-type":"","background-media":"","overlay-type":"","overlay-color":"","overlay-opacity":"","overlay-gradient":""}},"footnotes":""},"class_list":["post-8366","page","type-page","status-publish","hentry"],"post_mailing_queue_ids":[],"_links":{"self":[{"href":"https:\/\/agora-eoi.xtec.cat\/eoivallesoriental\/wp-json\/wp\/v2\/pages\/8366","targetHints":{"allow":["GET"]}}],"collection":[{"href":"https:\/\/agora-eoi.xtec.cat\/eoivallesoriental\/wp-json\/wp\/v2\/pages"}],"about":[{"href":"https:\/\/agora-eoi.xtec.cat\/eoivallesoriental\/wp-json\/wp\/v2\/types\/page"}],"author":[{"embeddable":true,"href":"https:\/\/agora-eoi.xtec.cat\/eoivallesoriental\/wp-json\/wp\/v2\/users\/1"}],"replies":[{"embeddable":true,"href":"https:\/\/agora-eoi.xtec.cat\/eoivallesoriental\/wp-json\/wp\/v2\/comments?post=8366"}],"version-history":[{"count":5,"href":"https:\/\/agora-eoi.xtec.cat\/eoivallesoriental\/wp-json\/wp\/v2\/pages\/8366\/revisions"}],"predecessor-version":[{"id":11696,"href":"https:\/\/agora-eoi.xtec.cat\/eoivallesoriental\/wp-json\/wp\/v2\/pages\/8366\/revisions\/11696"}],"up":[{"embeddable":true,"href":"https:\/\/agora-eoi.xtec.cat\/eoivallesoriental\/wp-json\/wp\/v2\/pages\/8358"}],"wp:attachment":[{"href":"https:\/\/agora-eoi.xtec.cat\/eoivallesoriental\/wp-json\/wp\/v2\/media?parent=8366"}],"curies":[{"name":"wp","href":"https:\/\/api.w.org\/{rel}","templated":true}]}}