{"id":8235,"date":"2016-06-13T10:40:00","date_gmt":"2016-06-13T09:40:00","guid":{"rendered":"http:\/\/agora-eoi.xtec.cat\/eoivallesoriental\/?page_id=8235"},"modified":"2025-09-02T16:40:05","modified_gmt":"2025-09-02T14:40:05","slug":"llibres-de-text","status":"publish","type":"page","link":"https:\/\/agora-eoi.xtec.cat\/eoivallesoriental\/angles\/llibres-de-text\/","title":{"rendered":"Llibres de text"},"content":{"rendered":"<p><a href=\"http:\/\/agora-eoi.xtec.cat\/eoivallesoriental\/wp-content\/uploads\/usu2249\/2016\/06\/Literature-96.png\" rel=\"attachment wp-att-8680\"><img loading=\"lazy\" decoding=\"async\" class=\"size-full wp-image-8680 alignleft\" src=\"http:\/\/agora-eoi.xtec.cat\/eoivallesoriental\/wp-content\/uploads\/usu2249\/2016\/06\/Literature-96.png\" alt=\"Literature-96\" width=\"96\" height=\"96\" \/><\/a><\/p>\n<p><center><br \/>\n<span style=\"font-size: 20px;\"><strong>Llibres de text &#8211; Departament d\u2019angl\u00e8s \u2013 Curs 2025-26<\/strong><\/span><\/center><center><\/center><center><\/center><center><\/center><center><\/center><center><\/center><center><\/center><center><\/center><center><\/center><center><\/center><center><strong>Atenci\u00f3: Els llibres de text, lectures i acc\u00e9s a plataformes no estan inclosos en la quota de material que es paga en el moment de formalitzar la matr\u00edcula<\/strong><\/center><\/p>\n<div dir=\"ltr\">\u00a0<\/div>\n<table style=\"width: 74.6345%;\">\n<colgroup>\n<col width=\"59\" \/>\n<col width=\"631\" \/><\/colgroup>\n<tbody>\n<tr>\n<td style=\"width: 8.46485%;\">\n<p dir=\"ltr\">A1<\/p>\n<\/td>\n<td style=\"width: 131.42%;\">\n<p dir=\"ltr\">ENGLISH FILE A1\/A2\u00a0 SBWB W\/KEY PK 5ED<strong> (Atenci\u00f3: nova edici\u00f3)<\/strong><\/p>\n<p dir=\"ltr\">\u00a0(ISBN 9780194148030) Ed. Oxford\u00a0<\/p>\n<\/td>\n<\/tr>\n<tr>\n<td style=\"width: 8.46485%;\">\n<p dir=\"ltr\">A2<\/p>\n<\/td>\n<td style=\"width: 131.42%;\">\n<p dir=\"ltr\">ENGLISH FILE A2\/B1\u00a0 SBWB W\/KEY PK 5ED <strong>(Atenci\u00f3: nova edici\u00f3)<\/strong><\/p>\n<p dir=\"ltr\">(ISBN 9780194145510) Ed. Oxford<\/p>\n<\/td>\n<\/tr>\n<tr>\n<td style=\"width: 8.46485%;\">\n<p dir=\"ltr\">B1<\/p>\n<\/td>\n<td style=\"width: 131.42%;\">\n<p dir=\"ltr\">ENGLISH FILE B1\u00a0 \u00a0SBWB W\/KEY PK 5ED <strong>(Atenci\u00f3: nova edici\u00f3)<\/strong><\/p>\n<p dir=\"ltr\">(ISBN 9780194144025) Ed. Oxford<\/p>\n<\/td>\n<\/tr>\n<tr>\n<td style=\"width: 8.46485%;\">\n<p dir=\"ltr\">B2.1<\/p>\n<\/td>\n<td style=\"width: 131.42%;\">\n<p dir=\"ltr\">ENGLISH FILE B2.1 \u00a0 SBWB W\/KEY PK 4ED<\/p>\n<p dir=\"ltr\">(ISBN 9780194058247) Ed. Oxford<\/p>\n<\/td>\n<\/tr>\n<tr>\n<td style=\"width: 8.46485%;\">\n<p dir=\"ltr\">B2.2<\/p>\n<\/td>\n<td style=\"width: 131.42%;\">\n<p dir=\"ltr\">MACMILLAN ENGLISH HUB B2+, Student&#8217;s Book and Workbook with Video Book + Student&#8217;s App<\/p>\n<p dir=\"ltr\">(ISBN: 978-1-380-05874-4) Ed. Macmillan<\/p>\n<\/td>\n<\/tr>\n<tr>\n<td style=\"width: 8.46485%;\">\n<p dir=\"ltr\">C1<\/p>\n<\/td>\n<td style=\"width: 131.42%;\">\n<p>ENGLISH FILE C1.2 SBWB W\/KEY PK 4ED<\/p>\n<p><span style=\"font-weight: 400;\">(ISBN\u00a0 <\/span><span style=\"font-weight: 400;\">9780194060813<\/span><span style=\"font-weight: 400;\"> ) Ed. Oxford<\/span><\/p>\n<\/td>\n<\/tr>\n<\/tbody>\n<\/table>\n<p>&nbsp;<\/p>\n<p style=\"padding-left: 80px;\">Podeu comprar els llibres online al web de la llibreria La Gralla amb un 5% de descompte\u00a0i amb l&#8217;opci\u00f3 de rebre\u00b4ls a la mateixa escola el primer dia de classe.<\/p>\n<p style=\"padding-left: 80px;\">M\u00e9s informaci\u00f3 a\u00a0<a href=\"http:\/\/www.llibrerialagralla.cat\/\" target=\"_blank\" rel=\"noopener noreferrer\">http:\/\/www.llibrerialagralla.cat\/<\/a><\/p>\n","protected":false},"excerpt":{"rendered":"<p>Llibres de text &#8211; Departament d\u2019angl\u00e8s \u2013 Curs 2025-26Atenci\u00f3: Els llibres de text, lectures i acc\u00e9s a plataformes no estan inclosos en la quota de material que es paga en el moment de formalitzar la matr\u00edcula \u00a0 A1 ENGLISH FILE A1\/A2\u00a0 SBWB W\/KEY PK 5ED (Atenci\u00f3: nova edici\u00f3) \u00a0(ISBN 9780194148030) Ed. Oxford\u00a0 A2 ENGLISH FILE [&hellip;]<\/p>\n","protected":false},"author":1,"featured_media":0,"parent":8189,"menu_order":30,"comment_status":"closed","ping_status":"closed","template":"page-templates\/side-menu.php","meta":{"_bbp_topic_count":0,"_bbp_reply_count":0,"_bbp_total_topic_count":0,"_bbp_total_reply_count":0,"_bbp_voice_count":0,"_bbp_anonymous_reply_count":0,"_bbp_topic_count_hidden":0,"_bbp_reply_count_hidden":0,"_bbp_forum_subforum_count":0,"site-sidebar-layout":"default","site-content-layout":"","ast-site-content-layout":"","site-content-style":"default","site-sidebar-style":"default","ast-global-header-display":"","ast-banner-title-visibility":"","ast-main-header-display":"","ast-hfb-above-header-display":"","ast-hfb-below-header-display":"","ast-hfb-mobile-header-display":"","site-post-title":"","ast-breadcrumbs-content":"","ast-featured-img":"","footer-sml-layout":"","theme-transparent-header-meta":"","adv-header-id-meta":"","stick-header-meta":"","header-above-stick-meta":"","header-main-stick-meta":"","header-below-stick-meta":"","astra-migrate-meta-layouts":"default","ast-page-background-enabled":"default","ast-page-background-meta":{"desktop":{"background-color":"var(--ast-global-color-4)","background-image":"","background-repeat":"repeat","background-position":"center center","background-size":"auto","background-attachment":"scroll","background-type":"","background-media":"","overlay-type":"","overlay-color":"","overlay-opacity":"","overlay-gradient":""},"tablet":{"background-color":"","background-image":"","background-repeat":"repeat","background-position":"center center","background-size":"auto","background-attachment":"scroll","background-type":"","background-media":"","overlay-type":"","overlay-color":"","overlay-opacity":"","overlay-gradient":""},"mobile":{"background-color":"","background-image":"","background-repeat":"repeat","background-position":"center center","background-size":"auto","background-attachment":"scroll","background-type":"","background-media":"","overlay-type":"","overlay-color":"","overlay-opacity":"","overlay-gradient":""}},"ast-content-background-meta":{"desktop":{"background-color":"var(--ast-global-color-5)","background-image":"","background-repeat":"repeat","background-position":"center center","background-size":"auto","background-attachment":"scroll","background-type":"","background-media":"","overlay-type":"","overlay-color":"","overlay-opacity":"","overlay-gradient":""},"tablet":{"background-color":"var(--ast-global-color-5)","background-image":"","background-repeat":"repeat","background-position":"center center","background-size":"auto","background-attachment":"scroll","background-type":"","background-media":"","overlay-type":"","overlay-color":"","overlay-opacity":"","overlay-gradient":""},"mobile":{"background-color":"var(--ast-global-color-5)","background-image":"","background-repeat":"repeat","background-position":"center center","background-size":"auto","background-attachment":"scroll","background-type":"","background-media":"","overlay-type":"","overlay-color":"","overlay-opacity":"","overlay-gradient":""}},"footnotes":""},"class_list":["post-8235","page","type-page","status-publish","hentry"],"post_mailing_queue_ids":[],"_links":{"self":[{"href":"https:\/\/agora-eoi.xtec.cat\/eoivallesoriental\/wp-json\/wp\/v2\/pages\/8235","targetHints":{"allow":["GET"]}}],"collection":[{"href":"https:\/\/agora-eoi.xtec.cat\/eoivallesoriental\/wp-json\/wp\/v2\/pages"}],"about":[{"href":"https:\/\/agora-eoi.xtec.cat\/eoivallesoriental\/wp-json\/wp\/v2\/types\/page"}],"author":[{"embeddable":true,"href":"https:\/\/agora-eoi.xtec.cat\/eoivallesoriental\/wp-json\/wp\/v2\/users\/1"}],"replies":[{"embeddable":true,"href":"https:\/\/agora-eoi.xtec.cat\/eoivallesoriental\/wp-json\/wp\/v2\/comments?post=8235"}],"version-history":[{"count":6,"href":"https:\/\/agora-eoi.xtec.cat\/eoivallesoriental\/wp-json\/wp\/v2\/pages\/8235\/revisions"}],"predecessor-version":[{"id":11530,"href":"https:\/\/agora-eoi.xtec.cat\/eoivallesoriental\/wp-json\/wp\/v2\/pages\/8235\/revisions\/11530"}],"up":[{"embeddable":true,"href":"https:\/\/agora-eoi.xtec.cat\/eoivallesoriental\/wp-json\/wp\/v2\/pages\/8189"}],"wp:attachment":[{"href":"https:\/\/agora-eoi.xtec.cat\/eoivallesoriental\/wp-json\/wp\/v2\/media?parent=8235"}],"curies":[{"name":"wp","href":"https:\/\/api.w.org\/{rel}","templated":true}]}}