{"id":8229,"date":"2016-06-13T10:38:34","date_gmt":"2016-06-13T09:38:34","guid":{"rendered":"http:\/\/agora-eoi.xtec.cat\/eoivallesoriental\/?page_id=8229"},"modified":"2026-02-17T15:41:42","modified_gmt":"2026-02-17T14:41:42","slug":"horaris","status":"publish","type":"page","link":"https:\/\/agora-eoi.xtec.cat\/eoivallesoriental\/angles\/horaris\/","title":{"rendered":"Horaris i professorat"},"content":{"rendered":"\n<h2 class=\"wp-block-heading\">&nbsp;<\/h2>\n\n\n\n<figure class=\"wp-block-table\"><table class=\"has-fixed-layout\"><tbody><tr><td colspan=\"6\"><figure><a href=\"http:\/\/agora-eoi.xtec.cat\/eoivallesoriental\/wp-content\/uploads\/usu2249\/2016\/06\/Clock-96.png\" rel=\"attachment wp-att-8695\"><img loading=\"lazy\" decoding=\"async\" class=\"wp-image-8695 alignleft\" src=\"http:\/\/agora-eoi.xtec.cat\/eoivallesoriental\/wp-content\/uploads\/usu2249\/2016\/06\/Clock-96.png\" alt=\"Clock-96\" width=\"68\" height=\"68\"><\/a><\/figure><a href=\"http:\/\/agora-eoi.xtec.cat\/eoivallesoriental\/wp-content\/uploads\/usu2249\/2016\/06\/Clock-96.png\" rel=\"attachment wp-att-8695\"><br><\/a>\n<h2>HORARIS ANGL\u00c8S CURS 2025-2026 (definitius)<\/h2>\n<\/td><\/tr><tr><td>&nbsp;<\/td><td>dilluns<\/td><td>dimecres<\/td><td>dimarts<\/td><td>dijous<\/td><td>AULA<\/td><\/tr><tr><td>\n<p>1r A (A1)<\/p>\n<p>(<strong>Atenci\u00f3! aquest curs \u00e9s un 1r avan\u00e7at&nbsp;<\/strong><strong>i no comen\u00e7a de zero<\/strong>)<\/p>\n<\/td><td>&nbsp;<\/td><td>&nbsp;<\/td><td>16:00 -18:15<\/td><td>16:00 -18:15<\/td><td>1.3<\/td><\/tr><tr><td>2n A&nbsp; (A2)<\/td><td>16:00 -18:15<\/td><td>16:00 -18:15<\/td><td>&nbsp;<\/td><td>&nbsp;<\/td><td>1.1<\/td><\/tr><tr><td>2n B (A2)<\/td><td>&nbsp;18:30 -20:45<\/td><td>&nbsp;18:30 -20:45<\/td><td>&nbsp;<\/td><td>&nbsp;<\/td><td>1.1<\/td><\/tr><tr><td>3r A (B1)<\/td><td>16:00 &#8211; 18:15<\/td><td>16:00 &#8211; 18:15<\/td><td>&nbsp;<\/td><td>&nbsp;<\/td><td>1.4<\/td><\/tr><tr><td>3r B (B1)<\/td><td>18:30 &#8211; 20:45<\/td><td>18:30 &#8211; 20:45<\/td><td>&nbsp;<\/td><td>&nbsp;<\/td><td>1.4<\/td><\/tr><tr><td>3r C semipresencial * (B1)<\/td><td>18:30 &#8211; 20:45<\/td><td>&nbsp;presencial puntualment<\/td><td>&nbsp;<\/td><td>&nbsp;<\/td><td>1.2<\/td><\/tr><tr><td>4t A (B2.1)<\/td><td>&nbsp;<\/td><td>&nbsp;<\/td><td>16:00 -18:15<\/td><td>16:00 -18:15<\/td><td>1.4<\/td><\/tr><tr><td>4r B (B2.1)<\/td><td>&nbsp;<\/td><td>&nbsp;<\/td><td>18:30 &#8211; 20:45<\/td><td>18:30 &#8211; 20:45<\/td><td>1.4<\/td><\/tr><tr><td>4t C semipresencial * (B 2.1)<\/td><td>presencial puntualment<\/td><td>16:00 -18:15<\/td><td>&nbsp;<\/td><td>&nbsp;<\/td><td>1.3<\/td><\/tr><tr><td>5\u00e8 A (B2.2)<\/td><td>&nbsp;<\/td><td>&nbsp;<\/td><td>16:00 &#8211; 18:15<\/td><td>16:00 &#8211; 18:15<\/td><td>1.2<\/td><\/tr><tr><td>5\u00e8 B&nbsp;(B2.2)<\/td><td>&nbsp;<\/td><td>&nbsp;<\/td><td>18:30 &#8211; 20:45<\/td><td>18:30 &#8211; 20:45<\/td><td>1.2<\/td><\/tr><tr><td>5\u00e8 C Semipresencial*&nbsp;(B2.2)<\/td><td>16:00 -18:15<\/td><td>&nbsp;presencial puntualment<\/td><td>&nbsp;<\/td><td>&nbsp;<\/td><td>1.2<\/td><\/tr><tr><td>C1<\/td><td>&nbsp;<\/td><td>&nbsp;<\/td><td>16:00 &#8211; 18:15<\/td><td>16:00 &#8211; 18:15<\/td><td>1.1<\/td><\/tr><tr><td>C1 Semipresencial *<\/td><td>&nbsp;<\/td><td>&nbsp;<\/td><td>18:30 &#8211; 20:45<\/td><td>presencial&nbsp;puntualment<\/td><td>1.1<\/td><\/tr><\/tbody><\/table><\/figure>\n\n\n\n<p>Els cursos ordinaris de l\u2019EOI del Vall\u00e8s Oriental per al&nbsp;<strong>curs escolar 2025-2026<\/strong> tenen una durada m\u00ednima de 130 hores repartides en sessions presencials, activitats i treball aut\u00f2nom fora de l\u2019aula, activitats telem\u00e0tiques i sortides escolars. Aquests horaris poden estar sotmesos a canvis.<\/p>\n\n\n\n<p>*<span style=\"text-decoration: underline;\">Cursos semipresencials: caracter\u00edstiques<\/span><\/p>\n\n\n\n<p><span style=\"font-weight: 400;\">E<\/span><span style=\"font-weight: 400;\">n els cursos amb <\/span><b>modalitat semipresencial<\/b><span style=\"font-weight: 400;\">, la c\u00e0rrega lectiva del curs es reparteix entre el treball presencial al centre i el treball online asincr\u00f2nic (individual i en grup). Els <\/span><b>requisits <\/b><span style=\"font-weight: 400;\">per poder dur a terme la formaci\u00f3 en aquesta modalitat s\u00f3n els seg\u00fcents:<\/span><\/p>\n\n\n\n<ul class=\"wp-block-list\">\n<li><span style=\"font-weight: 400;\">L\u2019assist\u00e8ncia a <\/span><b>una classe presencial de 2 hores 15 minuts<\/b><span style=\"font-weight: 400;\">\u00a0 setmanals al centre.<\/span><\/li>\n\n\n\n<li><b>Una classe online asincr\u00f2nica <\/b><span style=\"font-weight: 400;\">en un entorn virtual d\u2019aprenentatge equivalent a <\/span><b>2 hores 15 minuts de feina setmanals<\/b><span style=\"font-weight: 400;\"> i que est\u00e0 composta per:<\/span>\n<ul class=\"wp-block-list\">\n<li><b>Tasques individuals <\/b><span style=\"font-weight: 400;\">diverses proposades pel professor\/a (cal disposar d\u2019un ordinador amb una bona connexi\u00f3 a Internet).<\/span><\/li>\n\n\n\n<li><b>Tasques en grup de manera regular i en l\u2019horari que millor convingui<\/b><span style=\"font-weight: 400;\"> als alumnes i que s\u2019hauran de presentar al professor\/a en el termini establert. Aquestes tasques poden ser enregistraments de tasques orals en grup, projectes, escrits col.laboratius,etc<\/span><\/li>\n<\/ul>\n<\/li>\n\n\n\n<li><span style=\"font-weight: 400;\">Una <\/span><b>secci\u00f3 de deures<\/b><span style=\"font-weight: 400;\">, que cal diferenciar de la classe online asincr\u00f2nica en si.<\/span><\/li>\n\n\n\n<li><b>Disponibilitat <\/b><span style=\"font-weight: 400;\">per part de l\u2019alumnat per assistir, <\/span><b>en casos puntuals, a una segona classe setmanal presencial al centre<\/b><span style=\"font-weight: 400;\"> (que substituir\u00e0 les 2 hores 15 minuts setmanals de classe online asincr\u00f2nica), per realitzar proves d\u2019avaluaci\u00f3 cont\u00ednua o tutories individuals.\u00a0<\/span><\/li>\n<\/ul>\n\n\n\n<p><span style=\"font-weight: 400;\">Aix\u00ed mateix, hi haur\u00e0 un breu per\u00edode inicial d\u2019adaptaci\u00f3 a la modalitat semipresencial, a determinar per cada professor, durant el qual caldr\u00e0 venir a l\u2019escola dos dies a la setmana en lloc d\u2019un.&nbsp;<\/span><\/p>\n\n\n\n<p><span style=\"font-weight: 400;\">En qualsevol cas, el vostre professor\/a us proporcionar\u00e0 un calendari dels dies presencials de tot el curs el primer dia de classe.&nbsp;<\/span><\/p>\n\n\n\n<p><span style=\"text-decoration: underline;\"><span style=\"font-weight: 400;\">Notes importants:<\/span><span style=\"font-weight: 400;\">&nbsp;<\/span><\/span><\/p>\n\n\n\n<ul class=\"wp-block-list\">\n<li><span style=\"font-weight: 400;\">La classe online asincr\u00f2nica s\u2019ha d\u2019entendre com si fos una classe presencial i la seva realitzaci\u00f3 dins el termini establert compta com a assist\u00e8ncia.\u00a0<\/span><\/li>\n\n\n\n<li><span style=\"font-weight: 400;\">\u00c9s requisit haver fet la classe online asincr\u00f2nica per ser capa\u00e7 de seguir el ritme de la classe presencial el seg\u00fcent dia.\u00a0<\/span><\/li>\n\n\n\n<li><span style=\"font-weight: 400;\">La classe online asincr\u00f2nica \u00e9s imprescindible per assolir amb garanties els objectius del nivell.\u00a0<\/span><\/li>\n<\/ul>\n\n\n\n<p><span style=\"text-decoration: underline;\"><span style=\"font-weight: 400;\">Altres aspectes:<\/span><\/span><\/p>\n\n\n\n<p><span style=\"font-weight: 400;\">Drets i deures de l\u2019alumnat:<\/span><span style=\"font-weight: 400;\"> s\u00f3n els mateixos que els de qualsevol alumne\/a del centre.<\/span><\/p>\n\n\n\n<p><span style=\"font-weight: 400;\">Continu\u00eftat<\/span><span style=\"font-weight: 400;\">: el car\u00e0cter experimental d\u2019aquests cursos no permet garantir la continu\u00eftat de la modalitat semipresencial en cursos seg\u00fcents.<\/span><\/p>\n\n\n\n<p>&nbsp;<\/p>\n","protected":false},"excerpt":{"rendered":"<p>&nbsp; HORARIS ANGL\u00c8S CURS 2025-2026 (definitius) &nbsp; dilluns dimecres dimarts dijous AULA 1r A (A1) (Atenci\u00f3! aquest curs \u00e9s un 1r avan\u00e7at&nbsp;i no comen\u00e7a de zero) &nbsp; &nbsp; 16:00 -18:15 16:00 -18:15 1.3 2n A&nbsp; (A2) 16:00 -18:15 16:00 -18:15 &nbsp; &nbsp; 1.1 2n B (A2) &nbsp;18:30 -20:45 &nbsp;18:30 -20:45 &nbsp; &nbsp; 1.1 3r A [&hellip;]<\/p>\n","protected":false},"author":1,"featured_media":0,"parent":8189,"menu_order":0,"comment_status":"closed","ping_status":"closed","template":"","meta":{"_bbp_topic_count":0,"_bbp_reply_count":0,"_bbp_total_topic_count":0,"_bbp_total_reply_count":0,"_bbp_voice_count":0,"_bbp_anonymous_reply_count":0,"_bbp_topic_count_hidden":0,"_bbp_reply_count_hidden":0,"_bbp_forum_subforum_count":0,"site-sidebar-layout":"default","site-content-layout":"","ast-site-content-layout":"default","site-content-style":"default","site-sidebar-style":"default","ast-global-header-display":"","ast-banner-title-visibility":"","ast-main-header-display":"","ast-hfb-above-header-display":"","ast-hfb-below-header-display":"","ast-hfb-mobile-header-display":"","site-post-title":"","ast-breadcrumbs-content":"","ast-featured-img":"","footer-sml-layout":"","theme-transparent-header-meta":"","adv-header-id-meta":"","stick-header-meta":"","header-above-stick-meta":"","header-main-stick-meta":"","header-below-stick-meta":"","astra-migrate-meta-layouts":"set","ast-page-background-enabled":"default","ast-page-background-meta":{"desktop":{"background-color":"var(--ast-global-color-4)","background-image":"","background-repeat":"repeat","background-position":"center center","background-size":"auto","background-attachment":"scroll","background-type":"","background-media":"","overlay-type":"","overlay-color":"","overlay-opacity":"","overlay-gradient":""},"tablet":{"background-color":"","background-image":"","background-repeat":"repeat","background-position":"center center","background-size":"auto","background-attachment":"scroll","background-type":"","background-media":"","overlay-type":"","overlay-color":"","overlay-opacity":"","overlay-gradient":""},"mobile":{"background-color":"","background-image":"","background-repeat":"repeat","background-position":"center center","background-size":"auto","background-attachment":"scroll","background-type":"","background-media":"","overlay-type":"","overlay-color":"","overlay-opacity":"","overlay-gradient":""}},"ast-content-background-meta":{"desktop":{"background-color":"var(--ast-global-color-5)","background-image":"","background-repeat":"repeat","background-position":"center center","background-size":"auto","background-attachment":"scroll","background-type":"","background-media":"","overlay-type":"","overlay-color":"","overlay-opacity":"","overlay-gradient":""},"tablet":{"background-color":"var(--ast-global-color-5)","background-image":"","background-repeat":"repeat","background-position":"center center","background-size":"auto","background-attachment":"scroll","background-type":"","background-media":"","overlay-type":"","overlay-color":"","overlay-opacity":"","overlay-gradient":""},"mobile":{"background-color":"var(--ast-global-color-5)","background-image":"","background-repeat":"repeat","background-position":"center center","background-size":"auto","background-attachment":"scroll","background-type":"","background-media":"","overlay-type":"","overlay-color":"","overlay-opacity":"","overlay-gradient":""}},"footnotes":""},"class_list":["post-8229","page","type-page","status-publish","hentry"],"post_mailing_queue_ids":[],"_links":{"self":[{"href":"https:\/\/agora-eoi.xtec.cat\/eoivallesoriental\/wp-json\/wp\/v2\/pages\/8229","targetHints":{"allow":["GET"]}}],"collection":[{"href":"https:\/\/agora-eoi.xtec.cat\/eoivallesoriental\/wp-json\/wp\/v2\/pages"}],"about":[{"href":"https:\/\/agora-eoi.xtec.cat\/eoivallesoriental\/wp-json\/wp\/v2\/types\/page"}],"author":[{"embeddable":true,"href":"https:\/\/agora-eoi.xtec.cat\/eoivallesoriental\/wp-json\/wp\/v2\/users\/1"}],"replies":[{"embeddable":true,"href":"https:\/\/agora-eoi.xtec.cat\/eoivallesoriental\/wp-json\/wp\/v2\/comments?post=8229"}],"version-history":[{"count":5,"href":"https:\/\/agora-eoi.xtec.cat\/eoivallesoriental\/wp-json\/wp\/v2\/pages\/8229\/revisions"}],"predecessor-version":[{"id":11735,"href":"https:\/\/agora-eoi.xtec.cat\/eoivallesoriental\/wp-json\/wp\/v2\/pages\/8229\/revisions\/11735"}],"up":[{"embeddable":true,"href":"https:\/\/agora-eoi.xtec.cat\/eoivallesoriental\/wp-json\/wp\/v2\/pages\/8189"}],"wp:attachment":[{"href":"https:\/\/agora-eoi.xtec.cat\/eoivallesoriental\/wp-json\/wp\/v2\/media?parent=8229"}],"curies":[{"name":"wp","href":"https:\/\/api.w.org\/{rel}","templated":true}]}}