{"id":8210,"date":"2016-06-13T09:05:50","date_gmt":"2016-06-13T08:05:50","guid":{"rendered":"http:\/\/agora-eoi.xtec.cat\/eoivallesoriental\/?page_id=8210"},"modified":"2025-09-01T17:45:42","modified_gmt":"2025-09-01T15:45:42","slug":"llibres-i-lectures","status":"publish","type":"page","link":"https:\/\/agora-eoi.xtec.cat\/eoivallesoriental\/alemany\/llibres-i-lectures\/","title":{"rendered":"Llibres de text"},"content":{"rendered":"<p><a href=\"http:\/\/agora-eoi.xtec.cat\/eoivallesoriental\/wp-content\/uploads\/usu2249\/2016\/06\/Literature-96.png\" rel=\"attachment wp-att-8680\"><img loading=\"lazy\" decoding=\"async\" class=\"size-full wp-image-8680 alignleft\" src=\"http:\/\/agora-eoi.xtec.cat\/eoivallesoriental\/wp-content\/uploads\/usu2249\/2016\/06\/Literature-96.png\" alt=\"Literature-96\" width=\"96\" height=\"96\" \/><\/a><\/p>\n<p dir=\"ltr\"><span style=\"font-size: 24px;\"><strong>Llibres del Departament d\u2019Alemany \u2013 Curs 2025-26<\/strong><\/span><\/p>\n<p dir=\"ltr\">\u00a0<\/p>\n<p><center><\/center><center><strong>Atenci\u00f3: Els llibres no estan inclosos en la quota de material i acc\u00e9s a plataformes que es paga en el moment de formalitzar la matr\u00edcula<\/strong><\/center><\/p>\n<p>&nbsp;<\/p>\n<table style=\"width: 70.1213%; height: 1372px;\">\n<tbody>\n<tr style=\"height: 33px;\">\n<td style=\"height: 33px;\"><strong>A1<\/strong><\/td>\n<\/tr>\n<tr style=\"height: 187px;\">\n<td style=\"height: 187px;\">\n<h1><span style=\"font-size: 14px;\"><b>Unterwegs A1.1 <\/b><span style=\"font-weight: 400;\">\u00a0&#8211; Ed. Cornelsen<\/span><b><br \/>\n<\/b><b>Kurs &#8211; und \u00dcbungsbuch <\/b><span style=\"font-weight: 400;\">ISBN 978-3-06-123240-5<\/span><\/span><\/h1>\n<h1><span style=\"font-size: 14px;\"><b>Unterwegs A1.2 <\/b><span style=\"font-weight: 400;\">\u00a0&#8211; Ed. Cornelsen<\/span><b><br \/>\n<\/b><b>Kurs &#8211; und \u00dcbungsbuch <\/b><span style=\"font-weight: 400;\">ISBN 978-3-06-123241-2<\/span><\/span><\/h1>\n<h1>\u00a0<\/h1>\n<\/td>\n<\/tr>\n<tr style=\"height: 33px;\">\n<td style=\"height: 33px;\"><strong>A2<\/strong><\/td>\n<\/tr>\n<tr style=\"height: 280px;\">\n<td style=\"height: 280px;\">\n<p><strong>Panorama. Deutsch als Fremdsprache \u2013 Ed. Cornelsen<\/strong><\/p>\n<p><strong>Kursbuch A2.\u00a0<\/strong><\/p>\n<p>ISBN 978-3-06-120498-3.<\/p>\n<p><strong>Panorama. Deutsch als Fremdsprache \u2013 Ed. Cornelsen<\/strong><\/p>\n<p><strong>\u00dcbungsbuch A2.\u00a0<\/strong><\/p>\n<p>ISBN 978-3-06-120473-0.<\/p>\n<\/td>\n<\/tr>\n<tr style=\"height: 33px;\">\n<td style=\"height: 33px;\"><strong>B1<\/strong><\/td>\n<\/tr>\n<tr style=\"height: 280px;\">\n<td style=\"height: 280px;\">\n<p><strong>Panorama. Deutsch als Fremdsprache \u2013 Ed. Cornelsen<\/strong><\/p>\n<p><strong>Kursbuch B1.\u00a0<\/strong><\/p>\n<p>ISBN 978-3-06-120523-2.<\/p>\n<p><strong>Panorama. Deutsch als Fremdsprache \u2013 Ed. Cornelsen<\/strong><\/p>\n<p><strong>\u00dcbungsbuch B1.\u00a0<\/strong><\/p>\n<p>ISBN 978-3-06-120479-2.<\/p>\n<\/td>\n<\/tr>\n<tr style=\"height: 33px;\">\n<td style=\"height: 33px;\"><strong>B.2.1<\/strong><\/td>\n<\/tr>\n<tr style=\"height: 97px;\">\n<td style=\"height: 97px;\">\n<p><strong>Vielfalt B1+, Kursbuch und Arbeitsbuch &#8211; Ed. Hueber<\/strong><\/p>\n<p>ISBN: \u200e 978-3190010363<\/p>\n<\/td>\n<\/tr>\n<tr style=\"height: 33px;\">\n<td style=\"height: 33px;\"><strong>B2.2<\/strong><\/td>\n<\/tr>\n<tr style=\"height: 165px;\">\n<td style=\"height: 165px;\">\n<p><strong>Kontext B2\u00a0 Kursbuch, edici\u00f3n h\u00edbrida allango &#8211; Ed. Klett<\/strong><br \/>\n<strong>Kursbuch + Digitallizenz<\/strong><br \/>\nISBN 978-3-12-605314-3<\/p>\n<p><strong>Kontext B2, Arbeitsbuch &#8211; Ed. Klett<\/strong><br \/>\nISBN\u00a0 978-3-12-605343-3<\/p>\n<\/td>\n<\/tr>\n<tr style=\"height: 33px;\">\n<td style=\"height: 33px;\"><b>C1<\/b><\/td>\n<\/tr>\n<tr style=\"height: 165px;\">\n<td style=\"height: 165px;\">\n<p><strong>Kontext C1 Kursbuch, edici\u00f3n h\u00edbrida allango -Ed. Klett<\/strong><br \/>\n<strong>Kursbuch + Digitallizenz<\/strong><br \/>\nISBN 978-3-12-605349-5<\/p>\n<p><strong>Kontext C1, Arbeitsbuch (Libro impreso) &#8211; Ed. Klett<\/strong><br \/>\nISBN\u00a0 978-3-12-605350-1<\/p>\n<\/td>\n<\/tr>\n<\/tbody>\n<\/table>\n<div dir=\"ltr\"><center><br \/>\nPodeu comprar els llibres online al web de la llibreria La Gralla amb un 5% de descompte\u00a0i amb l&#8217;opci\u00f3 de rebre\u00b4ls a la mateixa escola el primer dia de classe.M\u00e9s informaci\u00f3 a\u00a0<a href=\"http:\/\/www.llibrerialagralla.cat\/\" target=\"_blank\" rel=\"noopener noreferrer\">http:\/\/www.llibrerialagralla.cat\/<\/a>\u00a0<\/p>\n<p>&nbsp;<\/p>\n<p>&nbsp;<\/p>\n<p><\/center><\/div>\n","protected":false},"excerpt":{"rendered":"<p>Llibres del Departament d\u2019Alemany \u2013 Curs 2025-26 \u00a0 Atenci\u00f3: Els llibres no estan inclosos en la quota de material i acc\u00e9s a plataformes que es paga en el moment de formalitzar la matr\u00edcula &nbsp; A1 Unterwegs A1.1 \u00a0&#8211; Ed. Cornelsen Kurs &#8211; und \u00dcbungsbuch ISBN 978-3-06-123240-5 Unterwegs A1.2 \u00a0&#8211; Ed. Cornelsen Kurs &#8211; und \u00dcbungsbuch [&hellip;]<\/p>\n","protected":false},"author":1,"featured_media":0,"parent":8185,"menu_order":20,"comment_status":"closed","ping_status":"closed","template":"page-templates\/side-menu.php","meta":{"_bbp_topic_count":0,"_bbp_reply_count":0,"_bbp_total_topic_count":0,"_bbp_total_reply_count":0,"_bbp_voice_count":0,"_bbp_anonymous_reply_count":0,"_bbp_topic_count_hidden":0,"_bbp_reply_count_hidden":0,"_bbp_forum_subforum_count":0,"site-sidebar-layout":"default","site-content-layout":"","ast-site-content-layout":"","site-content-style":"default","site-sidebar-style":"default","ast-global-header-display":"","ast-banner-title-visibility":"","ast-main-header-display":"","ast-hfb-above-header-display":"","ast-hfb-below-header-display":"","ast-hfb-mobile-header-display":"","site-post-title":"","ast-breadcrumbs-content":"","ast-featured-img":"","footer-sml-layout":"","theme-transparent-header-meta":"","adv-header-id-meta":"","stick-header-meta":"","header-above-stick-meta":"","header-main-stick-meta":"","header-below-stick-meta":"","astra-migrate-meta-layouts":"default","ast-page-background-enabled":"default","ast-page-background-meta":{"desktop":{"background-color":"var(--ast-global-color-4)","background-image":"","background-repeat":"repeat","background-position":"center center","background-size":"auto","background-attachment":"scroll","background-type":"","background-media":"","overlay-type":"","overlay-color":"","overlay-opacity":"","overlay-gradient":""},"tablet":{"background-color":"","background-image":"","background-repeat":"repeat","background-position":"center center","background-size":"auto","background-attachment":"scroll","background-type":"","background-media":"","overlay-type":"","overlay-color":"","overlay-opacity":"","overlay-gradient":""},"mobile":{"background-color":"","background-image":"","background-repeat":"repeat","background-position":"center center","background-size":"auto","background-attachment":"scroll","background-type":"","background-media":"","overlay-type":"","overlay-color":"","overlay-opacity":"","overlay-gradient":""}},"ast-content-background-meta":{"desktop":{"background-color":"var(--ast-global-color-5)","background-image":"","background-repeat":"repeat","background-position":"center center","background-size":"auto","background-attachment":"scroll","background-type":"","background-media":"","overlay-type":"","overlay-color":"","overlay-opacity":"","overlay-gradient":""},"tablet":{"background-color":"var(--ast-global-color-5)","background-image":"","background-repeat":"repeat","background-position":"center center","background-size":"auto","background-attachment":"scroll","background-type":"","background-media":"","overlay-type":"","overlay-color":"","overlay-opacity":"","overlay-gradient":""},"mobile":{"background-color":"var(--ast-global-color-5)","background-image":"","background-repeat":"repeat","background-position":"center center","background-size":"auto","background-attachment":"scroll","background-type":"","background-media":"","overlay-type":"","overlay-color":"","overlay-opacity":"","overlay-gradient":""}},"footnotes":""},"class_list":["post-8210","page","type-page","status-publish","hentry"],"post_mailing_queue_ids":[],"_links":{"self":[{"href":"https:\/\/agora-eoi.xtec.cat\/eoivallesoriental\/wp-json\/wp\/v2\/pages\/8210","targetHints":{"allow":["GET"]}}],"collection":[{"href":"https:\/\/agora-eoi.xtec.cat\/eoivallesoriental\/wp-json\/wp\/v2\/pages"}],"about":[{"href":"https:\/\/agora-eoi.xtec.cat\/eoivallesoriental\/wp-json\/wp\/v2\/types\/page"}],"author":[{"embeddable":true,"href":"https:\/\/agora-eoi.xtec.cat\/eoivallesoriental\/wp-json\/wp\/v2\/users\/1"}],"replies":[{"embeddable":true,"href":"https:\/\/agora-eoi.xtec.cat\/eoivallesoriental\/wp-json\/wp\/v2\/comments?post=8210"}],"version-history":[{"count":6,"href":"https:\/\/agora-eoi.xtec.cat\/eoivallesoriental\/wp-json\/wp\/v2\/pages\/8210\/revisions"}],"predecessor-version":[{"id":11517,"href":"https:\/\/agora-eoi.xtec.cat\/eoivallesoriental\/wp-json\/wp\/v2\/pages\/8210\/revisions\/11517"}],"up":[{"embeddable":true,"href":"https:\/\/agora-eoi.xtec.cat\/eoivallesoriental\/wp-json\/wp\/v2\/pages\/8185"}],"wp:attachment":[{"href":"https:\/\/agora-eoi.xtec.cat\/eoivallesoriental\/wp-json\/wp\/v2\/media?parent=8210"}],"curies":[{"name":"wp","href":"https:\/\/api.w.org\/{rel}","templated":true}]}}