{"id":8206,"date":"2016-06-13T09:03:11","date_gmt":"2016-06-13T08:03:11","guid":{"rendered":"http:\/\/agora-eoi.xtec.cat\/eoivallesoriental\/?page_id=8206"},"modified":"2026-02-17T12:25:00","modified_gmt":"2026-02-17T11:25:00","slug":"horaris-professorat","status":"publish","type":"page","link":"https:\/\/agora-eoi.xtec.cat\/eoivallesoriental\/alemany\/horaris-professorat\/","title":{"rendered":"Horaris i professorat"},"content":{"rendered":"\n<figure class=\"wp-block-image alignleft\"><a href=\"http:\/\/agora-eoi.xtec.cat\/eoivallesoriental\/wp-content\/uploads\/usu2249\/2016\/06\/Clock-96.png\" rel=\"attachment wp-att-8695\"><img loading=\"lazy\" decoding=\"async\" width=\"96\" height=\"96\" src=\"http:\/\/agora-eoi.xtec.cat\/eoivallesoriental\/wp-content\/uploads\/usu2249\/2016\/06\/Clock-96.png\" alt=\"Clock-96\" class=\"wp-image-8695\"\/><\/a><\/figure>\n\n\n\n<p><\/p>\n\n\n\n<p><b>HORARIS ALEMANY CURS 2025-26<\/b><\/p>\n\n\n\n<p>&nbsp;<\/p>\n\n\n\n<figure class=\"wp-block-table\"><table class=\"has-fixed-layout\"><tbody><tr><td>&nbsp;<\/td><td><span style=\"font-weight: 400;\">dilluns<\/span><\/td><td><span style=\"font-weight: 400;\">dimecres<\/span><\/td><td><span style=\"font-weight: 400;\">dimarts<\/span><\/td><td><span style=\"font-weight: 400;\">dijous<\/span><\/td><td><span style=\"font-weight: 400;\"> &nbsp; AULA<\/span><\/td><\/tr><tr><td><span style=\"font-weight: 400;\">1er A (A1)<\/span><\/td><td><span style=\"font-weight: 400;\">16:00 \u2013 18:15<\/span><\/td><td><span style=\"font-weight: 400;\">16:00 \u2013 18:15<\/span><\/td><td>&nbsp;<\/td><td>&nbsp;<\/td><td><span style=\"font-weight: 400;\"> 1.6<\/span><\/td><\/tr><tr><td><span style=\"font-weight: 400;\">1er B semipresencial* (A1)<\/span><\/td><td><span style=\"font-weight: 400;\">18:30 \u2013 20:45<\/span><\/td><td>\n<p><span style=\"font-weight: 400;\"> presencial<\/span><\/p>\n<p><span style=\"font-weight: 400;\">puntualment<\/span><\/p>\n<\/td><td>&nbsp;<\/td><td>&nbsp;<\/td><td><span style=\"font-weight: 400;\"> 1.6<\/span><\/td><\/tr><tr><td><span style=\"font-weight: 400;\">2on A (A2)<\/span><\/td><td><span style=\"font-weight: 400;\">16:00 \u2013 18:15<\/span><\/td><td><span style=\"font-weight: 400;\">16:00 \u2013 18:15<\/span><\/td><td>&nbsp;<\/td><td>&nbsp;<\/td><td><span style=\"font-weight: 400;\">1.5<\/span><\/td><\/tr><tr><td><span style=\"font-weight: 400;\">2on B semipresencial* (A2)<\/span><\/td><td><span style=\"font-weight: 400;\">18:30 \u2013 20:45<\/span><\/td><td>\n<p><span style=\"font-weight: 400;\"> presencial<\/span><\/p>\n<p><span style=\"font-weight: 400;\">puntualment<\/span><\/p>\n<\/td><td>&nbsp;<\/td><td>&nbsp;<\/td><td><span style=\"font-weight: 400;\">1.5<\/span><\/td><\/tr><tr><td><span style=\"font-weight: 400;\">3er A (B1)<\/span><\/td><td>&nbsp;<\/td><td>&nbsp;<\/td><td><span style=\"font-weight: 400;\">16:00 \u2013 18:15<\/span><\/td><td><span style=\"font-weight: 400;\">16:00 \u2013 18:15<\/span><\/td><td><span style=\"font-weight: 400;\">1.6<\/span><\/td><\/tr><tr><td><span style=\"font-weight: 400;\">3er B semipresencial* (B1)<\/span><\/td><td>&nbsp;<\/td><td>&nbsp;<\/td><td><span style=\"font-weight: 400;\">18:30 \u2013 20:45<\/span><\/td><td><span style=\"font-weight: 400;\"> presencial puntualment<\/span><\/td><td><span style=\"font-weight: 400;\">1.6<\/span><\/td><\/tr><tr><td><span style=\"font-weight: 400;\">4rt B semipresencial* (B2.1)<\/span><\/td><td>&nbsp;<\/td><td>&nbsp;<\/td><td><span style=\"font-weight: 400;\">18:30 \u2013 20:45<\/span><\/td><td><span style=\"font-weight: 400;\"> presencial puntualment<\/span><\/td><td>1.5<\/td><\/tr><tr><td><span style=\"font-weight: 400;\">5\u00e8 B Semipresencial * (B2.2)<\/span><\/td><td>&nbsp;<\/td><td>&nbsp;<\/td><td><span style=\"font-weight: 400;\">presencial puntualment<\/span><\/td><td><span style=\"font-weight: 400;\"> 18:30 \u2013 20:45<\/span><\/td><td>1.6<\/td><\/tr><tr><td><span style=\"font-weight: 400;\">C1 B Semipresencial*<\/span><\/td><td>&nbsp;<\/td><td>&nbsp;<\/td><td><span style=\"font-weight: 400;\"> presencial puntualment<\/span><\/td><td><span style=\"font-weight: 400;\">18:30 \u2013 20:45<\/span><\/td><td><span style=\"font-weight: 400;\">1.5<\/span><\/td><\/tr><\/tbody><\/table><\/figure>\n\n\n\n<p>Els cursos ordinaris de l\u2019EOI del Vall\u00e8s Oriental per al&nbsp;<strong>curs escolar 2025-2026<\/strong>&nbsp;tenen una durada m\u00ednima de 130 hores repartides en sessions presencials, activitats i treball aut\u00f2nom fora de l\u2019aula, activitats telem\u00e0tiques i sortides escolars. Aquests horaris poden estar sotmesos a canvis.<\/p>\n\n\n\n<p>*<span style=\"text-decoration: underline;\">Cursos semipresencials: caracter\u00edstiques<\/span><\/p>\n\n\n\n<p><span style=\"font-weight: 400;\">E<\/span><span style=\"font-weight: 400;\">n els cursos amb <\/span><b>modalitat semipresencial<\/b><span style=\"font-weight: 400;\">, la c\u00e0rrega lectiva del curs es reparteix entre el treball presencial al centre i el treball online asincr\u00f2nic (individual i en grup). Els <\/span><b>requisits <\/b><span style=\"font-weight: 400;\">per poder dur a terme la formaci\u00f3 en aquesta modalitat s\u00f3n els seg\u00fcents:<\/span><\/p>\n\n\n\n<ul class=\"wp-block-list\">\n<li><span style=\"font-weight: 400;\">L\u2019assist\u00e8ncia a <\/span><b>una classe presencial de 2 hores 15 minuts<\/b><span style=\"font-weight: 400;\">\u00a0 setmanals al centre.<\/span><\/li>\n\n\n\n<li><b>Una classe online asincr\u00f2nica <\/b><span style=\"font-weight: 400;\">en un entorn virtual d\u2019aprenentatge equivalent a <\/span><b>2 hores 15 minuts de feina setmanals<\/b><span style=\"font-weight: 400;\"> i que est\u00e0 composta per:<\/span>\n<ul class=\"wp-block-list\">\n<li><b>Tasques individuals <\/b><span style=\"font-weight: 400;\">diverses proposades pel professor\/a (cal disposar d\u2019un ordinador amb una bona connexi\u00f3 a Internet).<\/span><\/li>\n\n\n\n<li><b>Tasques en grup de manera regular i en l\u2019horari que millor convingui<\/b><span style=\"font-weight: 400;\"> als alumnes i que s\u2019hauran de presentar al professor\/a en el termini establert. Aquestes tasques poden ser enregistraments de tasques orals en grup, projectes, escrits col.laboratius,etc<\/span><\/li>\n<\/ul>\n<\/li>\n\n\n\n<li><span style=\"font-weight: 400;\">Una <\/span><b>secci\u00f3 de deures<\/b><span style=\"font-weight: 400;\">, que cal diferenciar de la classe online asincr\u00f2nica en si.<\/span><\/li>\n\n\n\n<li><b>Disponibilitat <\/b><span style=\"font-weight: 400;\">per part de l\u2019alumnat per assistir, <\/span><b>en casos puntuals, a una segona classe setmanal presencial al centre<\/b><span style=\"font-weight: 400;\"> (que substituir\u00e0 les 2 hores 15 minuts setmanals de classe online asincr\u00f2nica), per realitzar proves d\u2019avaluaci\u00f3 cont\u00ednua o tutories individuals.\u00a0<\/span><\/li>\n<\/ul>\n\n\n\n<p><span style=\"font-weight: 400;\">Aix\u00ed mateix, hi haur\u00e0 un breu per\u00edode inicial d\u2019adaptaci\u00f3 a la modalitat semipresencial, a determinar per cada professor, durant el qual caldr\u00e0 venir a l\u2019escola dos dies a la setmana en lloc d\u2019un.&nbsp;<\/span><\/p>\n\n\n\n<p><span style=\"font-weight: 400;\">En qualsevol cas, el vostre professor\/a us proporcionar\u00e0 un calendari dels dies presencials de tot el curs el primer dia de classe.&nbsp;<\/span><\/p>\n\n\n\n<p><span style=\"text-decoration: underline;\"><span style=\"font-weight: 400;\">Notes importants:<\/span><span style=\"font-weight: 400;\">&nbsp;<\/span><\/span><\/p>\n\n\n\n<ul class=\"wp-block-list\">\n<li><span style=\"font-weight: 400;\">La classe online asincr\u00f2nica s\u2019ha d\u2019entendre com si fos una classe presencial i la seva realitzaci\u00f3 dins el termini establert compta com a assist\u00e8ncia.\u00a0<\/span><\/li>\n\n\n\n<li><span style=\"font-weight: 400;\">\u00c9s requisit haver fet la classe online asincr\u00f2nica per ser capa\u00e7 de seguir el ritme de la classe presencial el seg\u00fcent dia.\u00a0<\/span><\/li>\n\n\n\n<li><span style=\"font-weight: 400;\">La classe online asincr\u00f2nica \u00e9s imprescindible per assolir amb garanties els objectius del nivell.\u00a0<\/span><\/li>\n\n\n\n<li><br><p dir=\"ltr\">\u00a0Al 1r, 2n i 3r alemany semipresencial \/ presencial: s<span style=\"font-family: inherit; font-size: 1em;\">i nom\u00e9s podeu venir presencialment a la primera franja i igualment voleu fer la modalitat semi, tamb\u00e9 \u00e9s possible, venint el dia presencial a la primera franja hor\u00e0ria i fent el segon dia online, en el mateix &#8220;classroom&#8221; que els alumnes de segona franja<\/span><\/p><br><\/li>\n<\/ul>\n\n\n\n<p><span style=\"text-decoration: underline;\"><span style=\"font-weight: 400;\">Altres aspectes:<\/span><\/span><\/p>\n\n\n\n<ul class=\"wp-block-list\">\n<li><span style=\"font-weight: 400;\">Drets i deures de l\u2019alumnat:<\/span><span style=\"font-weight: 400;\"> s\u00f3n els mateixos que els de qualsevol alumne\/a del centre.<\/span><\/li>\n\n\n\n<li><span style=\"font-weight: 400;\">Continu\u00eftat<\/span><span style=\"font-weight: 400;\">: el car\u00e0cter experimental d\u2019aquests cursos no permet garantir la continu\u00eftat de la modalitat semipresencial en cursos seg\u00fcents.<\/span><\/li>\n<\/ul>\n\n\n\n<div>\n<div>&nbsp;<\/div>\n<\/div>\n\n\n\n<p><a href=\"https:\/\/www.informaticacentros.com\/centrosnet\/ultralogin.php?tcentro=EOI&amp;centro=B18\">Enlla\u00e7 per a fer la matr\u00edcula<\/a><\/p>\n","protected":false},"excerpt":{"rendered":"<p>HORARIS ALEMANY CURS 2025-26 &nbsp; &nbsp; dilluns dimecres dimarts dijous &nbsp; AULA 1er A (A1) 16:00 \u2013 18:15 16:00 \u2013 18:15 &nbsp; &nbsp; 1.6 1er B semipresencial* (A1) 18:30 \u2013 20:45 presencial puntualment &nbsp; &nbsp; 1.6 2on A (A2) 16:00 \u2013 18:15 16:00 \u2013 18:15 &nbsp; &nbsp; 1.5 2on B semipresencial* (A2) 18:30 \u2013 20:45 [&hellip;]<\/p>\n","protected":false},"author":1,"featured_media":0,"parent":8185,"menu_order":10,"comment_status":"closed","ping_status":"closed","template":"","meta":{"_bbp_topic_count":0,"_bbp_reply_count":0,"_bbp_total_topic_count":0,"_bbp_total_reply_count":0,"_bbp_voice_count":0,"_bbp_anonymous_reply_count":0,"_bbp_topic_count_hidden":0,"_bbp_reply_count_hidden":0,"_bbp_forum_subforum_count":0,"site-sidebar-layout":"default","site-content-layout":"","ast-site-content-layout":"default","site-content-style":"default","site-sidebar-style":"default","ast-global-header-display":"","ast-banner-title-visibility":"","ast-main-header-display":"","ast-hfb-above-header-display":"","ast-hfb-below-header-display":"","ast-hfb-mobile-header-display":"","site-post-title":"","ast-breadcrumbs-content":"","ast-featured-img":"","footer-sml-layout":"","theme-transparent-header-meta":"","adv-header-id-meta":"","stick-header-meta":"","header-above-stick-meta":"","header-main-stick-meta":"","header-below-stick-meta":"","astra-migrate-meta-layouts":"set","ast-page-background-enabled":"default","ast-page-background-meta":{"desktop":{"background-color":"var(--ast-global-color-4)","background-image":"","background-repeat":"repeat","background-position":"center center","background-size":"auto","background-attachment":"scroll","background-type":"","background-media":"","overlay-type":"","overlay-color":"","overlay-opacity":"","overlay-gradient":""},"tablet":{"background-color":"","background-image":"","background-repeat":"repeat","background-position":"center center","background-size":"auto","background-attachment":"scroll","background-type":"","background-media":"","overlay-type":"","overlay-color":"","overlay-opacity":"","overlay-gradient":""},"mobile":{"background-color":"","background-image":"","background-repeat":"repeat","background-position":"center center","background-size":"auto","background-attachment":"scroll","background-type":"","background-media":"","overlay-type":"","overlay-color":"","overlay-opacity":"","overlay-gradient":""}},"ast-content-background-meta":{"desktop":{"background-color":"var(--ast-global-color-5)","background-image":"","background-repeat":"repeat","background-position":"center center","background-size":"auto","background-attachment":"scroll","background-type":"","background-media":"","overlay-type":"","overlay-color":"","overlay-opacity":"","overlay-gradient":""},"tablet":{"background-color":"var(--ast-global-color-5)","background-image":"","background-repeat":"repeat","background-position":"center center","background-size":"auto","background-attachment":"scroll","background-type":"","background-media":"","overlay-type":"","overlay-color":"","overlay-opacity":"","overlay-gradient":""},"mobile":{"background-color":"var(--ast-global-color-5)","background-image":"","background-repeat":"repeat","background-position":"center center","background-size":"auto","background-attachment":"scroll","background-type":"","background-media":"","overlay-type":"","overlay-color":"","overlay-opacity":"","overlay-gradient":""}},"footnotes":""},"class_list":["post-8206","page","type-page","status-publish","hentry"],"post_mailing_queue_ids":[],"_links":{"self":[{"href":"https:\/\/agora-eoi.xtec.cat\/eoivallesoriental\/wp-json\/wp\/v2\/pages\/8206","targetHints":{"allow":["GET"]}}],"collection":[{"href":"https:\/\/agora-eoi.xtec.cat\/eoivallesoriental\/wp-json\/wp\/v2\/pages"}],"about":[{"href":"https:\/\/agora-eoi.xtec.cat\/eoivallesoriental\/wp-json\/wp\/v2\/types\/page"}],"author":[{"embeddable":true,"href":"https:\/\/agora-eoi.xtec.cat\/eoivallesoriental\/wp-json\/wp\/v2\/users\/1"}],"replies":[{"embeddable":true,"href":"https:\/\/agora-eoi.xtec.cat\/eoivallesoriental\/wp-json\/wp\/v2\/comments?post=8206"}],"version-history":[{"count":5,"href":"https:\/\/agora-eoi.xtec.cat\/eoivallesoriental\/wp-json\/wp\/v2\/pages\/8206\/revisions"}],"predecessor-version":[{"id":11732,"href":"https:\/\/agora-eoi.xtec.cat\/eoivallesoriental\/wp-json\/wp\/v2\/pages\/8206\/revisions\/11732"}],"up":[{"embeddable":true,"href":"https:\/\/agora-eoi.xtec.cat\/eoivallesoriental\/wp-json\/wp\/v2\/pages\/8185"}],"wp:attachment":[{"href":"https:\/\/agora-eoi.xtec.cat\/eoivallesoriental\/wp-json\/wp\/v2\/media?parent=8206"}],"curies":[{"name":"wp","href":"https:\/\/api.w.org\/{rel}","templated":true}]}}