{"id":8189,"date":"2016-06-09T14:31:19","date_gmt":"2016-06-09T13:31:19","guid":{"rendered":"http:\/\/agora-eoi.xtec.cat\/eoivallesoriental\/?page_id=8189"},"modified":"2025-09-03T11:33:00","modified_gmt":"2025-09-03T09:33:00","slug":"angles","status":"publish","type":"page","link":"https:\/\/agora-eoi.xtec.cat\/eoivallesoriental\/angles\/","title":{"rendered":"Angl\u00e8s"},"content":{"rendered":"<table style=\"border-collapse: collapse; width: 99.1303%; height: 360px;\">\n<tbody>\n<tr>\n<td style=\"width: 10.5739%;\"><img loading=\"lazy\" decoding=\"async\" class=\"size-full wp-image-8396 alignleft\" src=\"http:\/\/agora-eoi.xtec.cat\/eoivallesoriental\/wp-content\/uploads\/usu2249\/2014\/09\/Big-Ben-96.png\" alt=\"Big Ben-96\" width=\"96\" height=\"96\" \/><\/td>\n<td style=\"width: 89.4261%;\">\n<ul>\n<li>A l&#8217;Escola Oficial d&#8217;Idiomes del Vall\u00e8s Oriental s&#8217;imparteixen primer, segon, tercer, quart, cinqu\u00e8 i C1 curs de llengua anglesa. Alguns d\u2019aquests cursos s\u2019ofereixen en modalitat semipresencial.<\/li>\n<li>Les classes s\u00f3n de 4 hores i 30 minuts setmanals, dos dies a la setmana (dilluns i dimecres o dimarts i dijous). Consulteu els horaris al men\u00fa de l&#8217;esquerra.<\/li>\n<li>Tamb\u00e9 s&#8217;imparteixen cursos especials de Preparaci\u00f3 per al B1 i Preparaci\u00f3 per al B2, amb una durada de 30 hores.<\/li>\n<li>A m\u00e9s a m\u00e9s, s&#8217;ofereixen cursos de C1+. En aquests cursos, les classes s\u00f3n de dues hores i mitja un dia a la setmana amb una durada de 75 hores tot l&#8217;any.<\/li>\n<\/ul>\n<\/td>\n<\/tr>\n<tr>\n<td style=\"width: 10.5739%;\">\u00a0<\/td>\n<td style=\"width: 89.4261%;\">\n<p>Cap del departament d&#8217;angl\u00e8s: Jordi Soldevila (<a>departament-angles@eoivallesoriental.net)<\/a><\/p>\n<p>Equip docent: Eudald Aymerich, Agn\u00e8s Dachs, Esther Gonz\u00e1lez, Emily Mack, Laura Morales, Jordi Soldevila i Carlos Vidaller.<\/p>\n<\/td>\n<\/tr>\n<\/tbody>\n<\/table>\n<p>&nbsp;<\/p>\n<p>&nbsp;<\/p>\n<p>&nbsp;<\/p>\n","protected":false},"excerpt":{"rendered":"<p>A l&#8217;Escola Oficial d&#8217;Idiomes del Vall\u00e8s Oriental s&#8217;imparteixen primer, segon, tercer, quart, cinqu\u00e8 i C1 curs de llengua anglesa. Alguns d\u2019aquests cursos s\u2019ofereixen en modalitat semipresencial. Les classes s\u00f3n de 4 hores i 30 minuts setmanals, dos dies a la setmana (dilluns i dimecres o dimarts i dijous). Consulteu els horaris al men\u00fa de l&#8217;esquerra. [&hellip;]<\/p>\n","protected":false},"author":1,"featured_media":0,"parent":0,"menu_order":20,"comment_status":"closed","ping_status":"closed","template":"page-templates\/side-menu.php","meta":{"_bbp_topic_count":0,"_bbp_reply_count":0,"_bbp_total_topic_count":0,"_bbp_total_reply_count":0,"_bbp_voice_count":0,"_bbp_anonymous_reply_count":0,"_bbp_topic_count_hidden":0,"_bbp_reply_count_hidden":0,"_bbp_forum_subforum_count":0,"site-sidebar-layout":"default","site-content-layout":"","ast-site-content-layout":"","site-content-style":"default","site-sidebar-style":"default","ast-global-header-display":"","ast-banner-title-visibility":"","ast-main-header-display":"","ast-hfb-above-header-display":"","ast-hfb-below-header-display":"","ast-hfb-mobile-header-display":"","site-post-title":"","ast-breadcrumbs-content":"","ast-featured-img":"","footer-sml-layout":"","theme-transparent-header-meta":"","adv-header-id-meta":"","stick-header-meta":"","header-above-stick-meta":"","header-main-stick-meta":"","header-below-stick-meta":"","astra-migrate-meta-layouts":"default","ast-page-background-enabled":"default","ast-page-background-meta":{"desktop":{"background-color":"var(--ast-global-color-4)","background-image":"","background-repeat":"repeat","background-position":"center center","background-size":"auto","background-attachment":"scroll","background-type":"","background-media":"","overlay-type":"","overlay-color":"","overlay-opacity":"","overlay-gradient":""},"tablet":{"background-color":"","background-image":"","background-repeat":"repeat","background-position":"center center","background-size":"auto","background-attachment":"scroll","background-type":"","background-media":"","overlay-type":"","overlay-color":"","overlay-opacity":"","overlay-gradient":""},"mobile":{"background-color":"","background-image":"","background-repeat":"repeat","background-position":"center center","background-size":"auto","background-attachment":"scroll","background-type":"","background-media":"","overlay-type":"","overlay-color":"","overlay-opacity":"","overlay-gradient":""}},"ast-content-background-meta":{"desktop":{"background-color":"var(--ast-global-color-5)","background-image":"","background-repeat":"repeat","background-position":"center center","background-size":"auto","background-attachment":"scroll","background-type":"","background-media":"","overlay-type":"","overlay-color":"","overlay-opacity":"","overlay-gradient":""},"tablet":{"background-color":"var(--ast-global-color-5)","background-image":"","background-repeat":"repeat","background-position":"center center","background-size":"auto","background-attachment":"scroll","background-type":"","background-media":"","overlay-type":"","overlay-color":"","overlay-opacity":"","overlay-gradient":""},"mobile":{"background-color":"var(--ast-global-color-5)","background-image":"","background-repeat":"repeat","background-position":"center center","background-size":"auto","background-attachment":"scroll","background-type":"","background-media":"","overlay-type":"","overlay-color":"","overlay-opacity":"","overlay-gradient":""}},"footnotes":""},"class_list":["post-8189","page","type-page","status-publish","hentry"],"post_mailing_queue_ids":[],"_links":{"self":[{"href":"https:\/\/agora-eoi.xtec.cat\/eoivallesoriental\/wp-json\/wp\/v2\/pages\/8189","targetHints":{"allow":["GET"]}}],"collection":[{"href":"https:\/\/agora-eoi.xtec.cat\/eoivallesoriental\/wp-json\/wp\/v2\/pages"}],"about":[{"href":"https:\/\/agora-eoi.xtec.cat\/eoivallesoriental\/wp-json\/wp\/v2\/types\/page"}],"author":[{"embeddable":true,"href":"https:\/\/agora-eoi.xtec.cat\/eoivallesoriental\/wp-json\/wp\/v2\/users\/1"}],"replies":[{"embeddable":true,"href":"https:\/\/agora-eoi.xtec.cat\/eoivallesoriental\/wp-json\/wp\/v2\/comments?post=8189"}],"version-history":[{"count":8,"href":"https:\/\/agora-eoi.xtec.cat\/eoivallesoriental\/wp-json\/wp\/v2\/pages\/8189\/revisions"}],"predecessor-version":[{"id":11532,"href":"https:\/\/agora-eoi.xtec.cat\/eoivallesoriental\/wp-json\/wp\/v2\/pages\/8189\/revisions\/11532"}],"wp:attachment":[{"href":"https:\/\/agora-eoi.xtec.cat\/eoivallesoriental\/wp-json\/wp\/v2\/media?parent=8189"}],"curies":[{"name":"wp","href":"https:\/\/api.w.org\/{rel}","templated":true}]}}