{"id":8161,"date":"2016-06-08T16:52:40","date_gmt":"2016-06-08T15:52:40","guid":{"rendered":"http:\/\/agora-eoi.xtec.cat\/eoivallesoriental\/?page_id=8161"},"modified":"2025-07-04T10:52:02","modified_gmt":"2025-07-04T08:52:02","slug":"matricula","status":"publish","type":"page","link":"https:\/\/agora-eoi.xtec.cat\/eoivallesoriental\/secretaria\/matricula\/","title":{"rendered":"Matr\u00edcula i preus"},"content":{"rendered":"<p>La preinscripci\u00f3 i posterior matr\u00edcula als cursos ordinaris s&#8217;organitza de forma centralitzada des del web del Departament d&#8217;Educaci\u00f3. Per la resta dels cursos que l&#8217;escola organitza consulteu aquesta p\u00e0gina.<\/p>\n<p>&nbsp;<\/p>\n<p><strong>Preinscripci\u00f3 i matr\u00edcula als cursos oficials:<\/strong><\/p>\n<ul>\n<li>Matr\u00edcula d&#8217;alumnat que ha cursat angl\u00e8s i\/o alemany al nostre centre durant el curs 2025-2026. (<a href=\"https:\/\/www.informaticacentros.com\/centrosnet\/ultralogin.php?tcentro=EOI&amp;centro=B18\" target=\"_blank\" rel=\"noopener\">Enlla\u00e7<\/a>)<\/li>\n<li>Preinscripci\u00f3 i matr\u00edcula d&#8217;alumnat nou:\n<ul>\n<li><a href=\"https:\/\/triaeducativa.gencat.cat\/ca\/idiomes\/\" target=\"_blank\" rel=\"noopener\">informaci\u00f3 general<\/a><\/li>\n<li><a href=\"https:\/\/preinscripcio.gencat.cat\/ca\/estudis\/idiomes-eoi\/inici\/\">preinscripci\u00f3 i matr\u00edcula<\/a><\/li>\n<li><a href=\"https:\/\/preinscripcio.gencat.cat\/ca\/estudis\/idiomes-eoi\/informat\/calendari\/\">calendari<\/a><\/li>\n<\/ul>\n<\/li>\n<li><a href=\"https:\/\/docs.google.com\/document\/d\/1NgJW1wNvXf-C8T5KJsocK1-XOXgKnytKWcn3eYL0cVw\/edit?usp=sharing\">Taxes preus<\/a><\/li>\n<\/ul>\n<h6>Alumnat que vol convalidar l&#8217;assignatura amb els seus estudis de batxillerat<\/h6>\n<ul>\n<li><a href=\"https:\/\/agora-eoi.xtec.cat\/eoivallesoriental\/secretaria\/matricula\/alumnat-convalida-eoi-per-a-batxillerat\/\">Informaci\u00f3 important<\/a><\/li>\n<\/ul>\n<p><strong>Matr\u00edcula candidats lliures pels certificats<\/strong><\/p>\n<p>El proc\u00e9s de preinscripci\u00f3 i matr\u00edcula dels candidats lliures a les proves de certificats es fa de manera centralitzada al web del Departament d&#8217;Educaci\u00f3.<\/p>\n<p><strong>Matr\u00edcula d&#8217;actualitzaci\u00f3 de coneixements<\/strong><\/p>\n<p>Les persones que ja hagin cursat i superat amb anterioritat cursos de les escoles oficials d&#8217;idiomes, i que vulguin actualitzar-ne els coneixements, poden sol\u00b7licitar<br \/>\nmatricular-se en l&#8217;\u00faltim curs fet o en qualsevol dels cursos inferiors.<\/p>\n<p>Tamb\u00e9 poden inscriure&#8217;s en un curs d&#8217;actualitzaci\u00f3 els i les alumnes que hagin cursat i superat amb anterioritat cursos d&#8217;A1 i A2 als centres de formaci\u00f3 d&#8217;adults. Igualment, poden inscriure&#8217;s en cursos d&#8217;actulaitzaci\u00f3 les persones que s&#8217;hagin presentat a les proves lliures i hagin obtingut el certificat corresponent en els mateixos termes.\u00a0\u00a0<\/p>\n<p>La sol\u00b7licitud per a aquest tipus de matr\u00edcula s&#8217;ha de presentar al centre una vegada finalitzat el per\u00edode d&#8217;admissi\u00f3, i nom\u00e9s s&#8217;admet si hi ha vacants en el curs i l&#8217;idioma<br \/>\nsol\u00b7licitat. La sol\u00b7licitud \u00e9s v\u00e0lida \u00fanicament per al curs acad\u00e8mic en qu\u00e8 se sol\u00b7licita i s&#8217;ha de tornar a presentar per a cursos acad\u00e8mics posteriors, si l&#8217;alumne o alumna vol.<\/p>\n<p>Aquest tipus de matr\u00edcula no t\u00e9 efectes acad\u00e8mics ni dona lloc a cap certificat oficial. La qualificaci\u00f3 que es fa constar a l&#8217;expedient acad\u00e8mic de l&#8217;alumne o alumna \u00e9s de \u201cno<br \/>\nqualificat\/ada\u201d.<\/p>\n<p>En el cas dels cursos que condueixen a l&#8217;obtenci\u00f3 d&#8217;un certificat, els alumnes en aquesta situaci\u00f3 acad\u00e8mica no tenen dret a sol\u00b7licitar una nova expedici\u00f3 del certificat<br \/>\nobtingut anteriorment, per\u00f2 poden sol\u00b7licitar un certificat d&#8217;actualitzaci\u00f3 al centre on estiguin matriculats.<br \/>\nPel que fa al preu del servei, aquests alumnes han de pagar la taxa o el preu p\u00fablic corresponent, sense penalitzaci\u00f3 per repetici\u00f3.<\/p>\n<p>Durant un mateix curs acad\u00e8mic no es pot simultaniejar una matr\u00edcula ordin\u00e0ria als ensenyaments presencials amb una matr\u00edcula d&#8217;actualitzaci\u00f3 del mateix idioma.<\/p>\n","protected":false},"excerpt":{"rendered":"<p>La preinscripci\u00f3 i posterior matr\u00edcula als cursos ordinaris s&#8217;organitza de forma centralitzada des del web del Departament d&#8217;Educaci\u00f3. Per la resta dels cursos que l&#8217;escola organitza consulteu aquesta p\u00e0gina. &nbsp; Preinscripci\u00f3 i matr\u00edcula als cursos oficials: Matr\u00edcula d&#8217;alumnat que ha cursat angl\u00e8s i\/o alemany al nostre centre durant el curs 2025-2026. (Enlla\u00e7) Preinscripci\u00f3 i matr\u00edcula [&hellip;]<\/p>\n","protected":false},"author":1,"featured_media":0,"parent":8358,"menu_order":2,"comment_status":"closed","ping_status":"closed","template":"page-templates\/side-menu.php","meta":{"_bbp_topic_count":0,"_bbp_reply_count":0,"_bbp_total_topic_count":0,"_bbp_total_reply_count":0,"_bbp_voice_count":0,"_bbp_anonymous_reply_count":0,"_bbp_topic_count_hidden":0,"_bbp_reply_count_hidden":0,"_bbp_forum_subforum_count":0,"site-sidebar-layout":"default","site-content-layout":"","ast-site-content-layout":"","site-content-style":"default","site-sidebar-style":"default","ast-global-header-display":"","ast-banner-title-visibility":"","ast-main-header-display":"","ast-hfb-above-header-display":"","ast-hfb-below-header-display":"","ast-hfb-mobile-header-display":"","site-post-title":"","ast-breadcrumbs-content":"","ast-featured-img":"","footer-sml-layout":"","theme-transparent-header-meta":"","adv-header-id-meta":"","stick-header-meta":"","header-above-stick-meta":"","header-main-stick-meta":"","header-below-stick-meta":"","astra-migrate-meta-layouts":"default","ast-page-background-enabled":"default","ast-page-background-meta":{"desktop":{"background-color":"var(--ast-global-color-4)","background-image":"","background-repeat":"repeat","background-position":"center center","background-size":"auto","background-attachment":"scroll","background-type":"","background-media":"","overlay-type":"","overlay-color":"","overlay-opacity":"","overlay-gradient":""},"tablet":{"background-color":"","background-image":"","background-repeat":"repeat","background-position":"center center","background-size":"auto","background-attachment":"scroll","background-type":"","background-media":"","overlay-type":"","overlay-color":"","overlay-opacity":"","overlay-gradient":""},"mobile":{"background-color":"","background-image":"","background-repeat":"repeat","background-position":"center center","background-size":"auto","background-attachment":"scroll","background-type":"","background-media":"","overlay-type":"","overlay-color":"","overlay-opacity":"","overlay-gradient":""}},"ast-content-background-meta":{"desktop":{"background-color":"var(--ast-global-color-5)","background-image":"","background-repeat":"repeat","background-position":"center center","background-size":"auto","background-attachment":"scroll","background-type":"","background-media":"","overlay-type":"","overlay-color":"","overlay-opacity":"","overlay-gradient":""},"tablet":{"background-color":"var(--ast-global-color-5)","background-image":"","background-repeat":"repeat","background-position":"center center","background-size":"auto","background-attachment":"scroll","background-type":"","background-media":"","overlay-type":"","overlay-color":"","overlay-opacity":"","overlay-gradient":""},"mobile":{"background-color":"var(--ast-global-color-5)","background-image":"","background-repeat":"repeat","background-position":"center center","background-size":"auto","background-attachment":"scroll","background-type":"","background-media":"","overlay-type":"","overlay-color":"","overlay-opacity":"","overlay-gradient":""}},"footnotes":""},"class_list":["post-8161","page","type-page","status-publish","hentry"],"post_mailing_queue_ids":[],"_links":{"self":[{"href":"https:\/\/agora-eoi.xtec.cat\/eoivallesoriental\/wp-json\/wp\/v2\/pages\/8161","targetHints":{"allow":["GET"]}}],"collection":[{"href":"https:\/\/agora-eoi.xtec.cat\/eoivallesoriental\/wp-json\/wp\/v2\/pages"}],"about":[{"href":"https:\/\/agora-eoi.xtec.cat\/eoivallesoriental\/wp-json\/wp\/v2\/types\/page"}],"author":[{"embeddable":true,"href":"https:\/\/agora-eoi.xtec.cat\/eoivallesoriental\/wp-json\/wp\/v2\/users\/1"}],"replies":[{"embeddable":true,"href":"https:\/\/agora-eoi.xtec.cat\/eoivallesoriental\/wp-json\/wp\/v2\/comments?post=8161"}],"version-history":[{"count":9,"href":"https:\/\/agora-eoi.xtec.cat\/eoivallesoriental\/wp-json\/wp\/v2\/pages\/8161\/revisions"}],"predecessor-version":[{"id":11375,"href":"https:\/\/agora-eoi.xtec.cat\/eoivallesoriental\/wp-json\/wp\/v2\/pages\/8161\/revisions\/11375"}],"up":[{"embeddable":true,"href":"https:\/\/agora-eoi.xtec.cat\/eoivallesoriental\/wp-json\/wp\/v2\/pages\/8358"}],"wp:attachment":[{"href":"https:\/\/agora-eoi.xtec.cat\/eoivallesoriental\/wp-json\/wp\/v2\/media?parent=8161"}],"curies":[{"name":"wp","href":"https:\/\/api.w.org\/{rel}","templated":true}]}}