{"id":8151,"date":"2016-06-08T16:42:13","date_gmt":"2016-06-08T15:42:13","guid":{"rendered":"http:\/\/agora-eoi.xtec.cat\/eoivallesoriental\/?page_id=8151"},"modified":"2025-07-03T13:46:25","modified_gmt":"2025-07-03T11:46:25","slug":"cursos-oficials","status":"publish","type":"page","link":"https:\/\/agora-eoi.xtec.cat\/eoivallesoriental\/cursos-oficials\/","title":{"rendered":"Cursos Oficials"},"content":{"rendered":"<p><strong>DURADA DEL CURS<\/strong><\/p>\n<p>En aquesta EOI s&#8217;imparteixen cursos extensius presencials i semipresencials (del setembre al maig) en els idiomes d&#8217;<strong>alemany i <\/strong><strong>angl\u00e8s.<\/strong><\/p>\n<p>Les <strong>classes presencials tenen una duraci\u00f3 de 2 hores 15 minuts <\/strong>i s&#8217;imparteixen<strong> en dies alterns (dilluns i dimecres o dimarts i dijous).<\/strong><\/p>\n<p>Les <strong>classes semipresencials<\/strong> consisteixen en:<\/p>\n<ul>\n<li aria-level=\"1\">L\u2019assist\u00e8ncia a\u00a0<b>una classe presencial de 2 hores 15 minuts<\/b>\u00a0 setmanals al centre.<\/li>\n<li aria-level=\"1\"><b>Una classe online asincr\u00f2nica\u00a0<\/b>en un entorn virtual d\u2019aprenentatge equivalent a\u00a0<b>2 hores 15 minuts de feina setmanals<\/b>\u00a0<\/li>\n<\/ul>\n<p><strong style=\"font-family: inherit; font-size: 1em;\"><strong>La matr\u00edcula oficial<\/strong><span style=\"font-weight: normal;\">\u00a0<\/span><span style=\"font-weight: normal;\">d\u00f3na dret a assistir com a m\u00ednim a<\/span><span style=\"font-weight: normal;\">\u00a0<\/span><strong>130 hores de classe<\/strong><span style=\"font-weight: normal;\">\u00a0<\/span><span style=\"font-weight: normal;\">per curs i als ex\u00e0mens corresponents.<\/span><\/strong><\/p>\n<p><strong style=\"font-family: inherit; font-size: 1em;\">HORARI DE CLASSE<\/strong><\/p>\n<p>Totes les classes es fan en horari de tarda-vespre.<br \/>\nLa franja hor\u00e0ria de classe \u00e9s de 16.00 a 20.45 hores. La primera franja hor\u00e0ria \u00e9s de les 16:00\u00a0 a les 18:15 i la segona franja hor\u00e0ria \u00e9s de 18:30 a 20:45 h.<br \/>\nLa tria de l\u2019horari de classe es fa en el moment de formalitzar la matr\u00edcula, segons el torn d\u2019horari establert en el sorteig.<\/p>\n<p><strong>PROGRAMA D&#8217;ESTUDIS<\/strong><\/p>\n<p>La LOE (Llei Org\u00e0nica d\u2019Educaci\u00f3 2\/2006, de 3 de maig) estableix una nova ordenaci\u00f3 del programa d\u2019estudis de les escoles oficials d\u2019idiomes, que queda dividit en tres nivells, que corresponen als nivells definits en el MECR (Marc europeu com\u00fa de refer\u00e8ncia per a les lleng\u00fces).<\/p>\n<p>Els ensenyaments especialitzats d&#8217;idiomes s&#8217;imparteixen en 6 cursos:<\/p>\n<ul>\n<li><strong>Nivell B\u00e0sic:<\/strong> de 2 cursos (1r i 2n nivell)<\/li>\n<li><strong>Nivell Intermedi B1<\/strong><strong>:<\/strong>\u00a0d&#8217;1 curs (3r nivell)<\/li>\n<li><strong>Nivell Intermedi B2<\/strong><strong>:<\/strong>\u00a0de 2 cursos (4t i 5\u00e8 nivell)<\/li>\n<li><strong>Nivell Avan\u00e7at C1:<\/strong> d&#8217;1 curs<\/li>\n<\/ul>\n<table style=\"width: 31.4057%; height: 264px;\" border=\"1\" cellspacing=\"1\" cellpadding=\"1\">\n<tbody>\n<tr style=\"height: 33px;\">\n<td style=\"height: 33px;\"><strong>CURSOS<\/strong><\/td>\n<td style=\"height: 33px;\"><strong>NIVELL<\/strong><\/td>\n<td style=\"height: 33px;\"><strong>EQUIVAL\u00c8NCIA MECR<\/strong><\/td>\n<\/tr>\n<tr style=\"height: 33px;\">\n<td style=\"height: 33px;\">1r<\/td>\n<td style=\"height: 66px;\" rowspan=\"2\">NIVELL B\u00c0SIC<\/td>\n<td style=\"height: 33px;\">A1<\/td>\n<\/tr>\n<tr style=\"height: 33px;\">\n<td style=\"height: 33px;\">2n<\/td>\n<td style=\"height: 33px;\">A2<\/td>\n<\/tr>\n<tr style=\"height: 33px;\">\n<td style=\"height: 33px;\">3r<\/td>\n<td style=\"height: 33px;\">NIVELL INTERMEDI<\/td>\n<td style=\"height: 33px;\">B1<\/td>\n<\/tr>\n<tr style=\"height: 33px;\">\n<td style=\"height: 33px;\">4t<\/td>\n<td style=\"height: 66px;\" rowspan=\"2\">NIVELL INTERMEDI<\/td>\n<td style=\"height: 66px;\" colspan=\"1\" rowspan=\"2\">B2<\/td>\n<\/tr>\n<tr style=\"height: 33px;\">\n<td style=\"height: 33px;\">5\u00e8<\/td>\n<\/tr>\n<tr style=\"height: 33px;\">\n<td style=\"height: 33px;\">C1<\/td>\n<td style=\"height: 33px;\">NIVELL AVAN\u00c7AT<\/td>\n<td style=\"height: 33px;\">C1<\/td>\n<\/tr>\n<tr style=\"height: 33px;\">\n<td style=\"height: 33px;\">\u00a0<\/td>\n<td style=\"height: 33px;\">\u00a0<\/td>\n<td style=\"height: 33px;\">\u00a0<\/td>\n<\/tr>\n<\/tbody>\n<\/table>\n<p>Els nivells dels dos certificats d&#8217;escola oficial d&#8217;idiomes poden comparar-se als nivells descrits en els documents publicats pel Consell d&#8217;Europa, en especial el Marc europeu de refer\u00e8ncia. Al final del nivell intermedi i del nivell avan\u00e7at els alumnes han de superar una prova de certificat, dissenyada des del Centre de Recursos de Lleng\u00fces Estrangeres del Departament d&#8217;Ensenyament de la Generalitat (\u00c0rea de Certificacions), amb uns criteris unificats per a tota Catalunya.<\/p>\n<p>Els alumnes que obtenen el certificat de <strong>nivell intermedi B1 <\/strong>es situen dins la franja B1 del Consell d&#8217;Europa &#8211; usuari independent.<\/p>\n<p>Els alumnes que obtenen el certificat de <strong>nivell intermedi B2 <\/strong>\u00a0es situen dins la part alta de la franja B2 del Consell d&#8217;Europa, usuari independent.<\/p>\n<p><strong>PLA D&#8217;ESTUDIS<\/strong><\/p>\n<p>El pla d&#8217;estudis de les EOI desenvolupa la finalitat dels ensenyaments d&#8217;idiomes que s&#8217;hi imparteixen, que \u00e9s la capacitat de l&#8217;alumnat en l&#8217;\u00fas efectiu de l&#8217;idioma com a vehicle de comunicaci\u00f3 general.<\/p>\n<p>Per assolir aquesta finalitat, a les EOI es treballa per tal que l&#8217;alumnat:<\/p>\n<ul>\n<li>Adquireixi les habilitats b\u00e0siques receptives i productives, tant del llenguatge oral com de l&#8217;escrit;<\/li>\n<li>Desenvolupi estrat\u00e8gies comunicatives en diferents \u00e0rees de comunicaci\u00f3;<\/li>\n<li>Desenvolupi estrat\u00e8gies per a l&#8217;aprenentatge aut\u00f2nom i continu de lleng\u00fces, que puguin facilitar l&#8217;\u00fas de l&#8217;idioma en l&#8217;exercici d&#8217;activitats professionals i en altres \u00e0mbits de la cultura o d&#8217;inter\u00e8s personal;<\/li>\n<li>Desenvolupi actituds positives envers la diversitat ling\u00fc\u00edstica i el pluralisme cultural del m\u00f3n actual.<\/li>\n<\/ul>\n<p><strong>CURSOS I GRUPS PER IDIOMA I NIVELL<\/strong><\/p>\n<p>Cursos i grups per idioma i nivell &#8211; curs 2021-22<\/p>\n<table style=\"width: 40.6841%;\" border=\"1\" cellspacing=\"1\" cellpadding=\"1\">\n<tbody>\n<tr>\n<td style=\"width: 14.7664%;\">\u00a0<\/td>\n<td style=\"width: 20%; text-align: center;\" colspan=\"2\"><strong>NIVELL b\u00e0sic<\/strong><\/td>\n<td style=\"width: 18.3177%; text-align: center;\"><strong>NIVELL intermedi<\/strong><\/td>\n<td style=\"width: 18.5047%; text-align: center;\" colspan=\"2\"><strong>NIVELL intermedi<\/strong><\/td>\n<td style=\"width: 26.3552%; text-align: center;\" colspan=\"2\"><strong>Avan\u00e7at<\/strong><br \/>\n<strong>\u00a0<\/strong><\/td>\n<\/tr>\n<tr>\n<td style=\"width: 14.7664%;\"><strong>CURSOS<\/strong><\/td>\n<td style=\"width: 9.71963%; text-align: center;\"><strong>A1<\/strong><\/td>\n<td style=\"width: 10.2804%; text-align: center;\"><strong>A2<\/strong><\/td>\n<td style=\"width: 18.3177%; text-align: center;\"><strong>B1<\/strong><\/td>\n<td style=\"width: 9.53276%; text-align: center;\"><strong>B2.1<\/strong><\/td>\n<td style=\"width: 8.97198%; text-align: center;\"><strong>B2.2<\/strong><\/td>\n<td style=\"width: 10.8412%; text-align: center;\"><strong>C1<\/strong><\/td>\n<td style=\"width: 15.514%; text-align: center;\"><strong>C2<\/strong><\/td>\n<\/tr>\n<tr>\n<td style=\"width: 14.7664%;\"><strong>Idioma<\/strong><\/td>\n<td style=\"width: 67.6637%; text-align: center;\" colspan=\"6\"><strong>Grups per nivells<\/strong><\/td>\n<td style=\"width: 15.514%; text-align: center;\"><strong>\u00a0<\/strong><\/td>\n<\/tr>\n<tr>\n<td style=\"width: 14.7664%;\">Alemany<\/td>\n<td style=\"width: 9.71963%; text-align: center;\">2<\/td>\n<td style=\"width: 10.2804%; text-align: center;\">2<\/td>\n<td style=\"width: 18.3177%; text-align: center;\">2<\/td>\n<td style=\"width: 9.53276%; text-align: center;\">1<\/td>\n<td style=\"width: 8.97198%; text-align: center;\">1<\/td>\n<td style=\"width: 10.8412%; text-align: center;\">1<\/td>\n<td style=\"width: 15.514%; text-align: center;\"><strong>*<\/strong><\/td>\n<\/tr>\n<tr>\n<td style=\"width: 14.7664%;\">Angl\u00e8s<\/td>\n<td style=\"width: 9.71963%; text-align: center;\">1<\/td>\n<td style=\"width: 10.2804%; text-align: center;\">2<\/td>\n<td style=\"width: 18.3177%; text-align: center;\">3<\/td>\n<td style=\"width: 9.53276%; text-align: center;\">3<\/td>\n<td style=\"width: 8.97198%; text-align: center;\">3<\/td>\n<td style=\"width: 10.8412%; text-align: center;\">2<\/td>\n<td style=\"width: 15.514%; text-align: center;\"><strong>*<\/strong><\/td>\n<\/tr>\n<\/tbody>\n<\/table>\n<p>&nbsp;<\/p>\n<p>*El nivell Avan\u00e7at C2 d\u2019angl\u00e8s est\u00e0 organitzat en dos cursos acad\u00e8mics de 130 hores cadascun i t\u00e9 com a finalitat principal capacitar els alumnes per a l\u2019\u00fas de l\u2019idioma sense cap mena de dificultat, amb un grau de qualitat propi d\u2019un parlant culte; en situacions d\u2019alta complexitat, en els \u00e0mbits personal, p\u00fablic, acad\u00e8mic i professional; tant receptiva com productivament, de forma parlada i escrita, i presencialment o a trav\u00e9s de mitjans t\u00e8cnics.<\/p>\n<p>De moment, l\u2019EOI del Vall\u00e8s Oriental no imparteix aquest nivell.<\/p>\n<p>Poden accedir al primer curs del nivell avan\u00e7at C2 els alumnes que estiguin en possessi\u00f3 del certificat de nivell C1 de les escoles oficials d\u2019idiomes o d\u2019un t\u00edtol o certificaci\u00f3 equivalent al certificat de nivell C1 de les escoles oficials d\u2019idiomes, reconegut en l\u2019\u00e0mbit del Departament d\u2019Educaci\u00f3. La preinscripci\u00f3, unificada per a totes les EOI de Catalunya, es fa mitjan\u00e7ant un formulari per via telem\u00e0tica durant el per\u00edode de preinscripci\u00f3 establert cada any.<\/p>\n","protected":false},"excerpt":{"rendered":"<p>DURADA DEL CURS En aquesta EOI s&#8217;imparteixen cursos extensius presencials i semipresencials (del setembre al maig) en els idiomes d&#8217;alemany i angl\u00e8s. Les classes presencials tenen una duraci\u00f3 de 2 hores 15 minuts i s&#8217;imparteixen en dies alterns (dilluns i dimecres o dimarts i dijous). Les classes semipresencials consisteixen en: L\u2019assist\u00e8ncia a\u00a0una classe presencial de [&hellip;]<\/p>\n","protected":false},"author":1,"featured_media":0,"parent":0,"menu_order":1,"comment_status":"closed","ping_status":"closed","template":"page-templates\/side-menu.php","meta":{"_bbp_topic_count":0,"_bbp_reply_count":0,"_bbp_total_topic_count":0,"_bbp_total_reply_count":0,"_bbp_voice_count":0,"_bbp_anonymous_reply_count":0,"_bbp_topic_count_hidden":0,"_bbp_reply_count_hidden":0,"_bbp_forum_subforum_count":0,"site-sidebar-layout":"default","site-content-layout":"","ast-site-content-layout":"","site-content-style":"default","site-sidebar-style":"default","ast-global-header-display":"","ast-banner-title-visibility":"","ast-main-header-display":"","ast-hfb-above-header-display":"","ast-hfb-below-header-display":"","ast-hfb-mobile-header-display":"","site-post-title":"","ast-breadcrumbs-content":"","ast-featured-img":"","footer-sml-layout":"","theme-transparent-header-meta":"","adv-header-id-meta":"","stick-header-meta":"","header-above-stick-meta":"","header-main-stick-meta":"","header-below-stick-meta":"","astra-migrate-meta-layouts":"default","ast-page-background-enabled":"default","ast-page-background-meta":{"desktop":{"background-color":"var(--ast-global-color-4)","background-image":"","background-repeat":"repeat","background-position":"center center","background-size":"auto","background-attachment":"scroll","background-type":"","background-media":"","overlay-type":"","overlay-color":"","overlay-opacity":"","overlay-gradient":""},"tablet":{"background-color":"","background-image":"","background-repeat":"repeat","background-position":"center center","background-size":"auto","background-attachment":"scroll","background-type":"","background-media":"","overlay-type":"","overlay-color":"","overlay-opacity":"","overlay-gradient":""},"mobile":{"background-color":"","background-image":"","background-repeat":"repeat","background-position":"center center","background-size":"auto","background-attachment":"scroll","background-type":"","background-media":"","overlay-type":"","overlay-color":"","overlay-opacity":"","overlay-gradient":""}},"ast-content-background-meta":{"desktop":{"background-color":"var(--ast-global-color-5)","background-image":"","background-repeat":"repeat","background-position":"center center","background-size":"auto","background-attachment":"scroll","background-type":"","background-media":"","overlay-type":"","overlay-color":"","overlay-opacity":"","overlay-gradient":""},"tablet":{"background-color":"var(--ast-global-color-5)","background-image":"","background-repeat":"repeat","background-position":"center center","background-size":"auto","background-attachment":"scroll","background-type":"","background-media":"","overlay-type":"","overlay-color":"","overlay-opacity":"","overlay-gradient":""},"mobile":{"background-color":"var(--ast-global-color-5)","background-image":"","background-repeat":"repeat","background-position":"center center","background-size":"auto","background-attachment":"scroll","background-type":"","background-media":"","overlay-type":"","overlay-color":"","overlay-opacity":"","overlay-gradient":""}},"footnotes":""},"class_list":["post-8151","page","type-page","status-publish","hentry"],"post_mailing_queue_ids":[],"_links":{"self":[{"href":"https:\/\/agora-eoi.xtec.cat\/eoivallesoriental\/wp-json\/wp\/v2\/pages\/8151","targetHints":{"allow":["GET"]}}],"collection":[{"href":"https:\/\/agora-eoi.xtec.cat\/eoivallesoriental\/wp-json\/wp\/v2\/pages"}],"about":[{"href":"https:\/\/agora-eoi.xtec.cat\/eoivallesoriental\/wp-json\/wp\/v2\/types\/page"}],"author":[{"embeddable":true,"href":"https:\/\/agora-eoi.xtec.cat\/eoivallesoriental\/wp-json\/wp\/v2\/users\/1"}],"replies":[{"embeddable":true,"href":"https:\/\/agora-eoi.xtec.cat\/eoivallesoriental\/wp-json\/wp\/v2\/comments?post=8151"}],"version-history":[{"count":7,"href":"https:\/\/agora-eoi.xtec.cat\/eoivallesoriental\/wp-json\/wp\/v2\/pages\/8151\/revisions"}],"predecessor-version":[{"id":11361,"href":"https:\/\/agora-eoi.xtec.cat\/eoivallesoriental\/wp-json\/wp\/v2\/pages\/8151\/revisions\/11361"}],"wp:attachment":[{"href":"https:\/\/agora-eoi.xtec.cat\/eoivallesoriental\/wp-json\/wp\/v2\/media?parent=8151"}],"curies":[{"name":"wp","href":"https:\/\/api.w.org\/{rel}","templated":true}]}}