{"id":797,"date":"2015-11-28T21:06:57","date_gmt":"2015-11-28T20:06:57","guid":{"rendered":"http:\/\/agora-eoi.xtec.cat\/eoivallesoriental\/?page_id=797"},"modified":"2025-07-14T12:25:44","modified_gmt":"2025-07-14T10:25:44","slug":"presentacio","status":"publish","type":"page","link":"https:\/\/agora-eoi.xtec.cat\/eoivallesoriental\/el-servei-educatiu\/presentacio\/","title":{"rendered":"Presentaci\u00f3"},"content":{"rendered":"<p><a style=\"color: #2795b6;\" href=\"https:\/\/xtec.gencat.cat\/ca\/curriculum\/idiomes-a-les-eoi\/centres\/\"><img loading=\"lazy\" decoding=\"async\" class=\"size-full wp-image-9249 alignleft\" src=\"https:\/\/agora-eoi.xtec.cat\/eoivallesoriental\/wp-content\/uploads\/usu2249\/2021\/12\/2-1.png\" alt=\"\" width=\"720\" height=\"500\" srcset=\"https:\/\/agora-eoi.xtec.cat\/eoivallesoriental\/wp-content\/uploads\/usu2249\/2021\/12\/2-1.png 720w, https:\/\/agora-eoi.xtec.cat\/eoivallesoriental\/wp-content\/uploads\/usu2249\/2021\/12\/2-1-300x208.png 300w\" sizes=\"auto, (max-width: 720px) 100vw, 720px\" \/><\/a><\/p>\n<p>L&#8217;<strong>Escola Oficial d&#8217;Idiomes del Vall\u00e8<\/strong><strong style=\"font-family: inherit; font-size: 1em;\">s Oriental <\/strong><span style=\"font-family: inherit; font-size: 1em;\">es va inaugurar el setembre de 2003 per iniciativa del Departament d&#8217;Ensenyament de la Generalitat de Catalunya. \u00c9s un centre p\u00fablic, no universitari, d&#8217;ensenyament d&#8217;idiomes moderns que imparteix els ensenyaments especialitzats regulats per la Llei org\u00e0nica d&#8217;educaci\u00f3 (LOE).<\/span><\/p>\n<p>A la nostra escola s&#8217;ofereixen cursos d&#8217; Angl\u00e8s i Alemany en modalitat presencial i semi presencial, des dels nivells A1 i fins el C1.<\/p>\n<p>Les escoles oficials d&#8217;idiomes tamb\u00e9 gestionen les certificacions acad\u00e8miques corresponents a aquests ensenyaments especialitzats. <strong>Aquestes certificacions s\u00f3n reconegudes arreu de l&#8217;Estat espanyol<\/strong>\u00a0i es poden obtenir tant en <a href=\"http:\/\/xtec.gencat.cat\/ca\/curriculum\/idiomes-a-les-eoi\/certificats\/\" target=\"_blank\" rel=\"noopener\">convocat\u00f2ria oficial<\/a>, com en <a href=\"http:\/\/xtec.gencat.cat\/ca\/curriculum\/idiomes-a-les-eoi\/certificats\/\" target=\"_blank\" rel=\"noopener\">convocat\u00f2ria lliure<\/a>.<\/p>\n<p><strong>Les EOI de Catalunya<\/strong><\/p>\n<p><a href=\"https:\/\/xtec.gencat.cat\/ca\/curriculum\/idiomes-a-les-eoi\/centres\/\">Aqu\u00ed<\/a> trobareu un llistat de les EOI que hi ha actualment a Catalunya.<\/p>\n<p><strong>Marc europeu com\u00fa<\/strong><\/p>\n<p>El pla d&#8217;estudis a les EOI s&#8217;estructura en tres nivells segons el nou curr\u00edculum dels ensenyaments d&#8217;idiomes establert a la LOE (Llei Org\u00e0nica d\u2019Educaci\u00f3 2\/2006, de 3 de maig). Poden comparar-se amb els nivells descrits pel Marc Europeu de Refer\u00e8ncia publicat pel Consell d&#8217;Europa.<\/p>\n<p><strong>M\u00e9s informaci\u00f3<\/strong><\/p>\n<ul>\n<li>Apartat de les <a href=\"http:\/\/xtec.gencat.cat\/ca\/curriculum\/idiomes-a-les-eoi\/\" target=\"_blank\" rel=\"noopener\">Escoles oficials d&#8217;idiomes a la XTEC<\/a><\/li>\n<li><a href=\"https:\/\/preinscripcio.gencat.cat\/ca\/estudis\/idiomes-eoi\/inici\/\">Preinscripci\u00f3 a les EOI<\/a><\/li>\n<\/ul>\n<p><strong>Marc legal<br \/>\n<\/strong>Els ensenyaments de les EOI a Catalunya s&#8217;inscriuen en el marc legal administratiu establert en els seg\u00fcents documents:<\/p>\n<ul>\n<li>Llei Org\u00e0nica 2\/2006, de 3 de maig, d&#8217;educaci\u00f3 (BOE 106, de 04\/05\/2006)<\/li>\n<li>Reial Decret 1629\/2006, de 29 de desembre, pel qual es fixen els aspectes b\u00e0sics del curr\u00edculum dels ensenyaments d\u2019idiomes de r\u00e8gim especial regulades per la Llei Org\u00e0nica 2\/2006, de 3 de maig.<\/li>\n<li>Decret 4\/2009, de 13 de gener, pel qual s&#8217;estableix l&#8217;ordenaci\u00f3 i el curr\u00edculum dels ensenyaments d&#8217;idiomes de r\u00e8gim especial per a l&#8217;\u00e0mbit de Catalunya <a href=\"https:\/\/portaljuridic.gencat.cat\/ca\/document-del-pjur\/?documentId=498005\" target=\"_blank\" rel=\"noopener\">cliqueu aqu\u00ed per veure<\/a><\/li>\n<\/ul>\n<p>&nbsp;<\/p>\n","protected":false},"excerpt":{"rendered":"<p>L&#8217;Escola Oficial d&#8217;Idiomes del Vall\u00e8s Oriental es va inaugurar el setembre de 2003 per iniciativa del Departament d&#8217;Ensenyament de la Generalitat de Catalunya. \u00c9s un centre p\u00fablic, no universitari, d&#8217;ensenyament d&#8217;idiomes moderns que imparteix els ensenyaments especialitzats regulats per la Llei org\u00e0nica d&#8217;educaci\u00f3 (LOE). A la nostra escola s&#8217;ofereixen cursos d&#8217; Angl\u00e8s i Alemany en [&hellip;]<\/p>\n","protected":false},"author":1,"featured_media":0,"parent":806,"menu_order":1,"comment_status":"closed","ping_status":"closed","template":"page-templates\/side-menu.php","meta":{"_bbp_topic_count":0,"_bbp_reply_count":0,"_bbp_total_topic_count":0,"_bbp_total_reply_count":0,"_bbp_voice_count":0,"_bbp_anonymous_reply_count":0,"_bbp_topic_count_hidden":0,"_bbp_reply_count_hidden":0,"_bbp_forum_subforum_count":0,"site-sidebar-layout":"default","site-content-layout":"","ast-site-content-layout":"","site-content-style":"default","site-sidebar-style":"default","ast-global-header-display":"","ast-banner-title-visibility":"","ast-main-header-display":"","ast-hfb-above-header-display":"","ast-hfb-below-header-display":"","ast-hfb-mobile-header-display":"","site-post-title":"","ast-breadcrumbs-content":"","ast-featured-img":"","footer-sml-layout":"","theme-transparent-header-meta":"","adv-header-id-meta":"","stick-header-meta":"","header-above-stick-meta":"","header-main-stick-meta":"","header-below-stick-meta":"","astra-migrate-meta-layouts":"default","ast-page-background-enabled":"default","ast-page-background-meta":{"desktop":{"background-color":"var(--ast-global-color-4)","background-image":"","background-repeat":"repeat","background-position":"center center","background-size":"auto","background-attachment":"scroll","background-type":"","background-media":"","overlay-type":"","overlay-color":"","overlay-opacity":"","overlay-gradient":""},"tablet":{"background-color":"","background-image":"","background-repeat":"repeat","background-position":"center center","background-size":"auto","background-attachment":"scroll","background-type":"","background-media":"","overlay-type":"","overlay-color":"","overlay-opacity":"","overlay-gradient":""},"mobile":{"background-color":"","background-image":"","background-repeat":"repeat","background-position":"center center","background-size":"auto","background-attachment":"scroll","background-type":"","background-media":"","overlay-type":"","overlay-color":"","overlay-opacity":"","overlay-gradient":""}},"ast-content-background-meta":{"desktop":{"background-color":"var(--ast-global-color-5)","background-image":"","background-repeat":"repeat","background-position":"center center","background-size":"auto","background-attachment":"scroll","background-type":"","background-media":"","overlay-type":"","overlay-color":"","overlay-opacity":"","overlay-gradient":""},"tablet":{"background-color":"var(--ast-global-color-5)","background-image":"","background-repeat":"repeat","background-position":"center center","background-size":"auto","background-attachment":"scroll","background-type":"","background-media":"","overlay-type":"","overlay-color":"","overlay-opacity":"","overlay-gradient":""},"mobile":{"background-color":"var(--ast-global-color-5)","background-image":"","background-repeat":"repeat","background-position":"center center","background-size":"auto","background-attachment":"scroll","background-type":"","background-media":"","overlay-type":"","overlay-color":"","overlay-opacity":"","overlay-gradient":""}},"footnotes":""},"class_list":["post-797","page","type-page","status-publish","hentry"],"post_mailing_queue_ids":[],"_links":{"self":[{"href":"https:\/\/agora-eoi.xtec.cat\/eoivallesoriental\/wp-json\/wp\/v2\/pages\/797","targetHints":{"allow":["GET"]}}],"collection":[{"href":"https:\/\/agora-eoi.xtec.cat\/eoivallesoriental\/wp-json\/wp\/v2\/pages"}],"about":[{"href":"https:\/\/agora-eoi.xtec.cat\/eoivallesoriental\/wp-json\/wp\/v2\/types\/page"}],"author":[{"embeddable":true,"href":"https:\/\/agora-eoi.xtec.cat\/eoivallesoriental\/wp-json\/wp\/v2\/users\/1"}],"replies":[{"embeddable":true,"href":"https:\/\/agora-eoi.xtec.cat\/eoivallesoriental\/wp-json\/wp\/v2\/comments?post=797"}],"version-history":[{"count":5,"href":"https:\/\/agora-eoi.xtec.cat\/eoivallesoriental\/wp-json\/wp\/v2\/pages\/797\/revisions"}],"predecessor-version":[{"id":11497,"href":"https:\/\/agora-eoi.xtec.cat\/eoivallesoriental\/wp-json\/wp\/v2\/pages\/797\/revisions\/11497"}],"up":[{"embeddable":true,"href":"https:\/\/agora-eoi.xtec.cat\/eoivallesoriental\/wp-json\/wp\/v2\/pages\/806"}],"wp:attachment":[{"href":"https:\/\/agora-eoi.xtec.cat\/eoivallesoriental\/wp-json\/wp\/v2\/media?parent=797"}],"curies":[{"name":"wp","href":"https:\/\/api.w.org\/{rel}","templated":true}]}}