{"id":13,"date":"2014-09-12T11:05:02","date_gmt":"2014-09-12T11:05:02","guid":{"rendered":"http:\/\/agora-eoi.xtec.cat\/eoivallesoriental\/?page_id=13"},"modified":"2025-03-04T13:08:04","modified_gmt":"2025-03-04T12:08:04","slug":"cursos","status":"publish","type":"page","link":"https:\/\/agora-eoi.xtec.cat\/eoivallesoriental\/cursos\/","title":{"rendered":"Cursos"},"content":{"rendered":"<p>A l&#8217;escola oferim varies modalitats de cursos:<\/p>\n<ul>\n<li style=\"list-style-type: none;\">\n<ul>\n<li style=\"list-style-type: none;\">\n<ul>\n<li>Cursos Oficials: aquests s\u00f3n els cursos que emanen des del propi departament d&#8217;educaci\u00f3 i tenen una durada de 130 hores anuals<\/li>\n<li>Cursos especials: aquests s\u00f3n els que l&#8217;escola organitza en l&#8217;exercici de la seva autonomia de centre i tenen varies durades<\/li>\n<\/ul>\n<\/li>\n<\/ul>\n<\/li>\n<\/ul>\n<table style=\"border-collapse: collapse; width: 90.1245%; height: 282px;\">\n<tbody>\n<tr>\n<td style=\"width: 20%; text-align: center;\">\n<p>Cursos oficials:<\/p>\n<p>Alemany<\/p>\n<\/td>\n<td style=\"width: 20%; text-align: center;\">\n<p>Cursos oficials:<\/p>\n<p>Angl\u00e8s<\/p>\n<\/td>\n<td style=\"width: 20%; text-align: center;\">\n<p>Cursos especials:<\/p>\n<p>Alemany<\/p>\n<\/td>\n<td style=\"width: 20%; text-align: center;\">\n<p>Cursos especials:<\/p>\n<p>Angl\u00e8s<\/p>\n<\/td>\n<td style=\"width: 20%; text-align: center;\"><a href=\"https:\/\/agora-eoi.xtec.cat\/eoivallesoriental\/cursos__trashed\/cursos-intensius-destiu\/\">Cursos d&#8217;estiu<\/a><\/td>\n<\/tr>\n<tr>\n<td style=\"width: 20%; vertical-align: top;\">\n<ul>\n<li style=\"list-style-type: none;\">\n<ul>\n<li style=\"list-style-type: none;\">\n<ul>\n<li><a href=\"https:\/\/agora-eoi.xtec.cat\/eoivallesoriental\/alemany\/\">A1<\/a><\/li>\n<li><a href=\"https:\/\/agora-eoi.xtec.cat\/eoivallesoriental\/alemany\/\">A2<\/a><\/li>\n<li><a href=\"https:\/\/agora-eoi.xtec.cat\/eoivallesoriental\/alemany\/\">B1<\/a><\/li>\n<li><a href=\"https:\/\/agora-eoi.xtec.cat\/eoivallesoriental\/alemany\/\">B2.1<\/a><\/li>\n<li><a href=\"https:\/\/agora-eoi.xtec.cat\/eoivallesoriental\/alemany\/\">B2.2<\/a><\/li>\n<li><a href=\"https:\/\/agora-eoi.xtec.cat\/eoivallesoriental\/alemany\/\">C1<\/a><\/li>\n<\/ul>\n<\/li>\n<\/ul>\n<\/li>\n<\/ul>\n<\/td>\n<td style=\"width: 20%; vertical-align: top;\">\n<ul>\n<li style=\"list-style-type: none;\">\n<ul>\n<li style=\"list-style-type: none;\">\n<ul>\n<li><a href=\"https:\/\/agora-eoi.xtec.cat\/eoivallesoriental\/angles\/\">A1<\/a><\/li>\n<li><a href=\"https:\/\/agora-eoi.xtec.cat\/eoivallesoriental\/angles\/\">A2<\/a><\/li>\n<li><a href=\"https:\/\/agora-eoi.xtec.cat\/eoivallesoriental\/angles\/\">B1<\/a><\/li>\n<li><a href=\"https:\/\/agora-eoi.xtec.cat\/eoivallesoriental\/angles\/\">B2.1<\/a><\/li>\n<li><a href=\"https:\/\/agora-eoi.xtec.cat\/eoivallesoriental\/angles\/\">B2.2<\/a><\/li>\n<li><a href=\"https:\/\/agora-eoi.xtec.cat\/eoivallesoriental\/angles\/\">C1<\/a><\/li>\n<\/ul>\n<\/li>\n<\/ul>\n<\/li>\n<\/ul>\n<\/td>\n<td style=\"width: 20%; vertical-align: top;\">\n<ul>\n<li style=\"list-style-type: none;\">\n<ul>\n<li style=\"list-style-type: none;\">\n<ul>\n<li><a href=\"https:\/\/agora-eoi.xtec.cat\/eoivallesoriental\/cursos-especials\/curs-alemany-c1plus\/\">C1+<\/a><\/li>\n<\/ul>\n<\/li>\n<\/ul>\n<\/li>\n<\/ul>\n<\/td>\n<td style=\"width: 20%; vertical-align: top;\">\n<ul>\n<li><a href=\"https:\/\/agora-eoi.xtec.cat\/eoivallesoriental\/cursos-especials\/preparat-per-al-certificat-b2-dangles\/\">Prepara&#8217;t pel B2<\/a><\/li>\n<li><a href=\"https:\/\/agora-eoi.xtec.cat\/eoivallesoriental\/cursos-especials\/curs-c1-plus-dangles\/\">C1+<\/a><\/li>\n<li>Ajuntament Granollers: varis nivells<\/li>\n<\/ul>\n<\/td>\n<td style=\"width: 20%;\">\n<p>&nbsp;<\/p>\n<p>&nbsp;<\/p>\n<ul>\n<li>Angl\u00e8s: tots els nivells<\/li>\n<\/ul>\n<p>&nbsp;<\/p>\n<\/td>\n<\/tr>\n<\/tbody>\n<\/table>\n","protected":false},"excerpt":{"rendered":"<p>A l&#8217;escola oferim varies modalitats de cursos: Cursos Oficials: aquests s\u00f3n els cursos que emanen des del propi departament d&#8217;educaci\u00f3 i tenen una durada de 130 hores anuals Cursos especials: aquests s\u00f3n els que l&#8217;escola organitza en l&#8217;exercici de la seva autonomia de centre i tenen varies durades Cursos oficials: Alemany Cursos oficials: Angl\u00e8s Cursos [&hellip;]<\/p>\n","protected":false},"author":1,"featured_media":0,"parent":0,"menu_order":0,"comment_status":"closed","ping_status":"closed","template":"","meta":{"_bbp_topic_count":0,"_bbp_reply_count":0,"_bbp_total_topic_count":0,"_bbp_total_reply_count":0,"_bbp_voice_count":0,"_bbp_anonymous_reply_count":0,"_bbp_topic_count_hidden":0,"_bbp_reply_count_hidden":0,"_bbp_forum_subforum_count":0,"site-sidebar-layout":"default","site-content-layout":"","ast-site-content-layout":"","site-content-style":"default","site-sidebar-style":"default","ast-global-header-display":"","ast-banner-title-visibility":"","ast-main-header-display":"","ast-hfb-above-header-display":"","ast-hfb-below-header-display":"","ast-hfb-mobile-header-display":"","site-post-title":"","ast-breadcrumbs-content":"","ast-featured-img":"","footer-sml-layout":"","theme-transparent-header-meta":"","adv-header-id-meta":"","stick-header-meta":"","header-above-stick-meta":"","header-main-stick-meta":"","header-below-stick-meta":"","astra-migrate-meta-layouts":"default","ast-page-background-enabled":"default","ast-page-background-meta":{"desktop":{"background-color":"var(--ast-global-color-4)","background-image":"","background-repeat":"repeat","background-position":"center center","background-size":"auto","background-attachment":"scroll","background-type":"","background-media":"","overlay-type":"","overlay-color":"","overlay-opacity":"","overlay-gradient":""},"tablet":{"background-color":"","background-image":"","background-repeat":"repeat","background-position":"center center","background-size":"auto","background-attachment":"scroll","background-type":"","background-media":"","overlay-type":"","overlay-color":"","overlay-opacity":"","overlay-gradient":""},"mobile":{"background-color":"","background-image":"","background-repeat":"repeat","background-position":"center center","background-size":"auto","background-attachment":"scroll","background-type":"","background-media":"","overlay-type":"","overlay-color":"","overlay-opacity":"","overlay-gradient":""}},"ast-content-background-meta":{"desktop":{"background-color":"var(--ast-global-color-5)","background-image":"","background-repeat":"repeat","background-position":"center center","background-size":"auto","background-attachment":"scroll","background-type":"","background-media":"","overlay-type":"","overlay-color":"","overlay-opacity":"","overlay-gradient":""},"tablet":{"background-color":"var(--ast-global-color-5)","background-image":"","background-repeat":"repeat","background-position":"center center","background-size":"auto","background-attachment":"scroll","background-type":"","background-media":"","overlay-type":"","overlay-color":"","overlay-opacity":"","overlay-gradient":""},"mobile":{"background-color":"var(--ast-global-color-5)","background-image":"","background-repeat":"repeat","background-position":"center center","background-size":"auto","background-attachment":"scroll","background-type":"","background-media":"","overlay-type":"","overlay-color":"","overlay-opacity":"","overlay-gradient":""}},"footnotes":""},"class_list":["post-13","page","type-page","status-publish","hentry"],"post_mailing_queue_ids":[],"_links":{"self":[{"href":"https:\/\/agora-eoi.xtec.cat\/eoivallesoriental\/wp-json\/wp\/v2\/pages\/13","targetHints":{"allow":["GET"]}}],"collection":[{"href":"https:\/\/agora-eoi.xtec.cat\/eoivallesoriental\/wp-json\/wp\/v2\/pages"}],"about":[{"href":"https:\/\/agora-eoi.xtec.cat\/eoivallesoriental\/wp-json\/wp\/v2\/types\/page"}],"author":[{"embeddable":true,"href":"https:\/\/agora-eoi.xtec.cat\/eoivallesoriental\/wp-json\/wp\/v2\/users\/1"}],"replies":[{"embeddable":true,"href":"https:\/\/agora-eoi.xtec.cat\/eoivallesoriental\/wp-json\/wp\/v2\/comments?post=13"}],"version-history":[{"count":6,"href":"https:\/\/agora-eoi.xtec.cat\/eoivallesoriental\/wp-json\/wp\/v2\/pages\/13\/revisions"}],"predecessor-version":[{"id":11187,"href":"https:\/\/agora-eoi.xtec.cat\/eoivallesoriental\/wp-json\/wp\/v2\/pages\/13\/revisions\/11187"}],"wp:attachment":[{"href":"https:\/\/agora-eoi.xtec.cat\/eoivallesoriental\/wp-json\/wp\/v2\/media?parent=13"}],"curies":[{"name":"wp","href":"https:\/\/api.w.org\/{rel}","templated":true}]}}