{"id":12017,"date":"2026-05-14T12:49:29","date_gmt":"2026-05-14T10:49:29","guid":{"rendered":"https:\/\/agora-eoi.xtec.cat\/eoivallesoriental\/?page_id=12017"},"modified":"2026-05-14T13:18:30","modified_gmt":"2026-05-14T11:18:30","slug":"convalidacions-de-materies-de-leso-i-el-batxillerat-per-a-alumnes-que-cursen-llengues-estrangeres-simultaniament-en-una-eoi","status":"publish","type":"page","link":"https:\/\/agora-eoi.xtec.cat\/eoivallesoriental\/convalidacions-de-materies-de-leso-i-el-batxillerat-per-a-alumnes-que-cursen-llengues-estrangeres-simultaniament-en-una-eoi\/","title":{"rendered":"Convalidacions de mat\u00e8ries de l&#8217;ESO i el Batxillerat per a alumnes que cursen lleng\u00fces estrangeres en una EOI"},"content":{"rendered":"\n<figure class=\"wp-block-image size-large\"><img loading=\"lazy\" decoding=\"async\" width=\"1024\" height=\"128\" src=\"https:\/\/agora-eoi.xtec.cat\/eoivallesoriental\/wp-content\/uploads\/usu2249\/2026\/05\/11.05.2026_17.50.41_REC-1-1024x128.png\" alt=\"\" class=\"wp-image-12002\" srcset=\"https:\/\/agora-eoi.xtec.cat\/eoivallesoriental\/wp-content\/uploads\/usu2249\/2026\/05\/11.05.2026_17.50.41_REC-1-1024x128.png 1024w, https:\/\/agora-eoi.xtec.cat\/eoivallesoriental\/wp-content\/uploads\/usu2249\/2026\/05\/11.05.2026_17.50.41_REC-1-300x38.png 300w, https:\/\/agora-eoi.xtec.cat\/eoivallesoriental\/wp-content\/uploads\/usu2249\/2026\/05\/11.05.2026_17.50.41_REC-1-150x19.png 150w, https:\/\/agora-eoi.xtec.cat\/eoivallesoriental\/wp-content\/uploads\/usu2249\/2026\/05\/11.05.2026_17.50.41_REC-1-768x96.png 768w, https:\/\/agora-eoi.xtec.cat\/eoivallesoriental\/wp-content\/uploads\/usu2249\/2026\/05\/11.05.2026_17.50.41_REC-1-1536x193.png 1536w, https:\/\/agora-eoi.xtec.cat\/eoivallesoriental\/wp-content\/uploads\/usu2249\/2026\/05\/11.05.2026_17.50.41_REC-1.png 1866w\" sizes=\"auto, (max-width: 1024px) 100vw, 1024px\" \/><\/figure>\n\n\n\n<p><strong>Convalidacions de mat\u00e8ries de l&#8217;ESO<\/strong><\/p>\n\n\n\n<p>A l&#8217;educaci\u00f3 secund\u00e0ria, els alumnes que cursin una segona llengua estrangera en una escola oficial d&#8217;idiomes, que no s\u2019ofereixi en el centre educatiu , poden sol\u00b7licitar-ne el reconeixement. En aquests casos, l\u2019alumne o alumna ha d\u2019acreditar que est\u00e0 matriculat en un d\u2019aquests centres i ha de comunicar, si escau, que abandona aquests estudis.<\/p>\n\n\n\n<p>El tr\u00e0mit que han de fer les fam\u00edlies dels alumnes \u00e9s el seg\u00fcent:&nbsp;<\/p>\n\n\n\n<ol class=\"wp-block-list\">\n<li>Sol\u00b7licitar al centre de secund\u00e0ria el reconeixement dels estudis com a mat\u00e8ria optativa de Segona Llengua Estrangera, amb el formulari corresponent. En la sol\u00b7licitud cal adjuntar el comprovant de matr\u00edcula.<\/li>\n\n\n\n<li>Presentar al centre de secund\u00e0ria, a final de curs, el certificat o diploma de superaci\u00f3 dels estudis expedit per l\u2019organitzaci\u00f3 responsable dels estudis (EOI).<\/li>\n<\/ol>\n\n\n\n<p>El reconeixement de la formaci\u00f3 com a segona llengua estrangera s\u2019ha de fer efectiu en<br>finalitzar el curs acad\u00e8mic.<br>Cal fer constar, en l\u2019expedient de l\u2019alumne o alumna i en la columna de segona llengua<br>estrangera, la llengua corresponent i indicar que est\u00e0 convalidada. <\/p>\n\n\n\n<p>Les mat\u00e8ries convalidades no tenen qualificaci\u00f3 ni computen a l\u2019efecte del c\u00e0lcul de la nota mitjana.<br>El reconeixement est\u00e0 condicionat a la valoraci\u00f3 favorable del seguiment de l\u2019alumne.<\/p>\n\n\n\n<p>At\u00e8s que totes aquestes possibilitats es fonamenten en el fet de simultaniejar estudis<br>ordinaris, la sol\u00b7licitud s\u2019ha de renovar cada curs. El reconeixement de la formaci\u00f3 en<br>cursos posteriors queda supeditada a acreditar la superaci\u00f3 del curs previ.<br>Els alumnes poden cursar, dins de l\u2019horari lectiu, una altra optativa que ofereixi el seu<br>centre educatiu.<\/p>\n\n\n\n<p><strong>Convalidacions de mat\u00e8ries al Batxillerat<\/strong><\/p>\n\n\n\n<p>Els i les alumnes que cursen el batxillerat i, al mateix temps, una segona llengua estrangera en una\u200b escola oficial d\u2019idiomes (EOI) poden sol\u00b7licitar la convalidaci\u00f3 de mat\u00e8ries optatives (6 hores setmanals a primer i 4 hores setmanals a segon).<\/p>\n\n\n\n<p>En el cas dels alumnes de primer de batxillerat, la convalidaci\u00f3 de 6 hores de mat\u00e8ries de la franja d\u2019optatives pot ser de qualsevol de les tres franges optatives i tindr\u00e0 car\u00e0cter anual.<\/p>\n\n\n\n<p>Per poder sol\u00b7licitar el reconeixement esmentat cal complir alguna de les condicions seg\u00fcents:<\/p>\n\n\n\n<ul class=\"wp-block-list\">\n<li>\u200bEs cursa a l\u2019EOI amb el nivell B2 o superior una segona llengua estrangera que ofereix el centre.<\/li>\n\n\n\n<li>Es cursa a l\u2019EOI una llengua estrangera que no ofereix el centre.<\/li>\n<\/ul>\n\n\n\n<p><strong>Documentaci\u00f3 que presenta l\u2019alumne o alumna<\/strong><\/p>\n\n\n\n<ul class=\"wp-block-list\">\n<li><a href=\"https:\/\/documents.espai.educacio.gencat.cat\/FormularisModels\/CentresGestioAcademica\/A1298.pdf\">Sol\u00b7licitud de convalidaci\u00f3 de mat\u00e8ries de la franja d\u2019optatives de batxillerat basant-se en estudis cursats a l\u2019EOI (CEO1)<\/a><\/li>\n\n\n\n<li><a href=\"https:\/\/documents.espai.educacio.gencat.cat\/FormularisModels\/CentresGestioAcademica\/A1299.pdf\">Certificat expedit per l\u2019EOI en qu\u00e8 s\u2019acredita el curs de la segona llengua estrangera que&nbsp; cursa&nbsp; l\u2019alumne\/a \u200b(CEO2)<\/a><\/li>\n<\/ul>\n\n\n\n<p><strong>Proc\u00e9s de convalidaci\u00f3<\/strong><\/p>\n\n\n\n<p>Abans del darrer dia lectiu del mes d\u2019octubre, l\u2019alumne o alumna presenta al centre on cursa el batxillerat, la Sol\u00b7licitud i el Certificat.<\/p>\n\n\n\n<p>El director o directora del centre resol la sol\u00b7licitud seguint el model de la <a href=\"https:\/\/documents.espai.educacio.gencat.cat\/FormularisModels\/CentresGestioAcademica\/A1297.pdf\">Resoluci\u00f3 per la qual es concedeix la convalidaci\u00f3 de mat\u00e8ries optatives de batxillerat basant-se en estudis de cursats en l\u2019EOI (CEO3)\u200b<\/a>.&nbsp;<\/p>\n\n\n\n<p>El centre notifica per escrit la resoluci\u00f3 a l\u2019alumne o alumna. En cas de disconformitat, s\u2019hi pot presentar un recurs davant el director o directora dels serveis territorials o, a la ciutat de Barcelona, davant el o la gerent del Consorci d\u2019Educaci\u00f3 en el termini de cinc dies h\u00e0bils a partir de l\u2019endem\u00e0 de la notificaci\u00f3 de la resoluci\u00f3.<\/p>\n\n\n\n<p>Abans de l\u20191 de desembre del curs escolar corresponent, el centre de batxillerat envia, per valisa electr\u00f2nica, un exemplar de la resoluci\u00f3 a l\u2019EOI, per tal que l\u2019EOI tingui coneixement de la situaci\u00f3 de l\u2019alumne o alumna. Si es tracta d\u2019un centre privat, que no disposa d\u2019eValisa, la informaci\u00f3 s\u2019ha d\u2019enviar per petici\u00f3 gen\u00e8rica o com es consideri oport\u00fa.<\/p>\n\n\n\n<p>La convalidaci\u00f3 est\u00e0 condicionada a la valoraci\u00f3 favorable del seguiment de l\u2019alumne o&nbsp; alumna i l\u2019aprofitament del curs a l\u2019EOI, que cal documentar amb el <a href=\"https:\/\/documents.espai.educacio.gencat.cat\/FormularisModels\/CentresGestioAcademica\/A1301.pdf\">Certificat d\u2019aprofitament del nivell assolit expedit per la secretaria de l\u2019EOI (CEO4)<\/a>.<\/p>\n\n\n\n<p>Durant la primera quinzena del mes de maig, l\u2019EOI ha de comunicar el resultat de l\u2019avaluaci\u00f3 al centre on l\u2019alumne o alumna estudia batxillerat, en qu\u00e8 es faci constar la menci\u00f3 \u201ccursat amb aprofitament\u201d o \u201ccursat sense aprofitament\u201d. L\u2019EOI ha d\u2019enviar aquesta informaci\u00f3 per valisa electr\u00f2nica. Si es tracta d\u2019un centre privat, que no disposa d\u2019eValisa, la informaci\u00f3 s\u2019ha d\u2019enviar per petici\u00f3 gen\u00e8rica o com es consideri oport\u00fa.\u200b<\/p>\n\n\n\n<p>La superaci\u00f3 d\u2019aquesta avaluaci\u00f3 no suposa en cap cas l\u2019obtenci\u00f3 del certificat. Si l\u2019alumne o alumna est\u00e0 matriculat en un curs que condueix a l\u2019obtenci\u00f3 del certificat, per obtenir-lo ha de fer igualment la prova ordin\u00e0ria en les dates previstes.<\/p>\n\n\n\n<p>Correspon al centre de secund\u00e0ria on es cursa el batxillerat fer el seguiment del proc\u00e9s de convalidaci\u00f3 de l\u2019alumne o alumna.<\/p>\n\n\n\n<p>Correspon a l\u2019EOI comunicar al centre de secund\u00e0ria i a l\u2019alumne o alumna, o al pare, mare o tutor o tutora legal, en cas que sigui menor d\u2019edat, les faltes d\u2019assist\u00e8ncia continuades de l\u2019alumne o alumna.\u200b<\/p>\n","protected":false},"excerpt":{"rendered":"<p>Convalidacions de mat\u00e8ries de l&#8217;ESO A l&#8217;educaci\u00f3 secund\u00e0ria, els alumnes que cursin una segona llengua estrangera en una escola oficial d&#8217;idiomes, que no s\u2019ofereixi en el centre educatiu , poden sol\u00b7licitar-ne el reconeixement. En aquests casos, l\u2019alumne o alumna ha d\u2019acreditar que est\u00e0 matriculat en un d\u2019aquests centres i ha de comunicar, si escau, que [&hellip;]<\/p>\n","protected":false},"author":6,"featured_media":0,"parent":0,"menu_order":0,"comment_status":"closed","ping_status":"close","template":"","meta":{"_bbp_topic_count":0,"_bbp_reply_count":0,"_bbp_total_topic_count":0,"_bbp_total_reply_count":0,"_bbp_voice_count":0,"_bbp_anonymous_reply_count":0,"_bbp_topic_count_hidden":0,"_bbp_reply_count_hidden":0,"_bbp_forum_subforum_count":0,"site-sidebar-layout":"default","site-content-layout":"","ast-site-content-layout":"default","site-content-style":"default","site-sidebar-style":"default","ast-global-header-display":"","ast-banner-title-visibility":"","ast-main-header-display":"","ast-hfb-above-header-display":"","ast-hfb-below-header-display":"","ast-hfb-mobile-header-display":"","site-post-title":"","ast-breadcrumbs-content":"","ast-featured-img":"","footer-sml-layout":"","theme-transparent-header-meta":"","adv-header-id-meta":"","stick-header-meta":"","header-above-stick-meta":"","header-main-stick-meta":"","header-below-stick-meta":"","astra-migrate-meta-layouts":"set","ast-page-background-enabled":"default","ast-page-background-meta":{"desktop":{"background-color":"var(--ast-global-color-4)","background-image":"","background-repeat":"repeat","background-position":"center center","background-size":"auto","background-attachment":"scroll","background-type":"","background-media":"","overlay-type":"","overlay-color":"","overlay-opacity":"","overlay-gradient":""},"tablet":{"background-color":"","background-image":"","background-repeat":"repeat","background-position":"center center","background-size":"auto","background-attachment":"scroll","background-type":"","background-media":"","overlay-type":"","overlay-color":"","overlay-opacity":"","overlay-gradient":""},"mobile":{"background-color":"","background-image":"","background-repeat":"repeat","background-position":"center center","background-size":"auto","background-attachment":"scroll","background-type":"","background-media":"","overlay-type":"","overlay-color":"","overlay-opacity":"","overlay-gradient":""}},"ast-content-background-meta":{"desktop":{"background-color":"var(--ast-global-color-5)","background-image":"","background-repeat":"repeat","background-position":"center center","background-size":"auto","background-attachment":"scroll","background-type":"","background-media":"","overlay-type":"","overlay-color":"","overlay-opacity":"","overlay-gradient":""},"tablet":{"background-color":"var(--ast-global-color-5)","background-image":"","background-repeat":"repeat","background-position":"center center","background-size":"auto","background-attachment":"scroll","background-type":"","background-media":"","overlay-type":"","overlay-color":"","overlay-opacity":"","overlay-gradient":""},"mobile":{"background-color":"var(--ast-global-color-5)","background-image":"","background-repeat":"repeat","background-position":"center center","background-size":"auto","background-attachment":"scroll","background-type":"","background-media":"","overlay-type":"","overlay-color":"","overlay-opacity":"","overlay-gradient":""}},"footnotes":""},"class_list":["post-12017","page","type-page","status-publish","hentry"],"post_mailing_queue_ids":[],"_links":{"self":[{"href":"https:\/\/agora-eoi.xtec.cat\/eoivallesoriental\/wp-json\/wp\/v2\/pages\/12017","targetHints":{"allow":["GET"]}}],"collection":[{"href":"https:\/\/agora-eoi.xtec.cat\/eoivallesoriental\/wp-json\/wp\/v2\/pages"}],"about":[{"href":"https:\/\/agora-eoi.xtec.cat\/eoivallesoriental\/wp-json\/wp\/v2\/types\/page"}],"author":[{"embeddable":true,"href":"https:\/\/agora-eoi.xtec.cat\/eoivallesoriental\/wp-json\/wp\/v2\/users\/6"}],"replies":[{"embeddable":true,"href":"https:\/\/agora-eoi.xtec.cat\/eoivallesoriental\/wp-json\/wp\/v2\/comments?post=12017"}],"version-history":[{"count":3,"href":"https:\/\/agora-eoi.xtec.cat\/eoivallesoriental\/wp-json\/wp\/v2\/pages\/12017\/revisions"}],"predecessor-version":[{"id":12022,"href":"https:\/\/agora-eoi.xtec.cat\/eoivallesoriental\/wp-json\/wp\/v2\/pages\/12017\/revisions\/12022"}],"wp:attachment":[{"href":"https:\/\/agora-eoi.xtec.cat\/eoivallesoriental\/wp-json\/wp\/v2\/media?parent=12017"}],"curies":[{"name":"wp","href":"https:\/\/api.w.org\/{rel}","templated":true}]}}